{"id":9419,"date":"2023-06-02T07:58:00","date_gmt":"2023-06-02T06:58:00","guid":{"rendered":"https:\/\/www.nebily.com\/?post_type=product&#038;p=9419"},"modified":"2026-04-25T20:46:56","modified_gmt":"2026-04-25T19:46:56","slug":"insekten-klebefalle-3-teilig","status":"publish","type":"product","link":"https:\/\/www.nebily.com\/shop\/ipm-fuer-museen\/insekten-klebefalle-3-teilig\/","title":{"rendered":"Insekten Klebefalle 3-teilig im 10er Pack"},"content":{"rendered":"<h1 data-section-id=\"rarfx7\" data-start=\"144\" data-end=\"218\"><span role=\"text\">3-teilige Klebefalle (Winkelfalle) \u2013 Giftfreies Sch\u00e4dlingsmonitoring<\/span><\/h1>\n<p data-start=\"220\" data-end=\"525\">Die <strong data-start=\"224\" data-end=\"248\">3-teilige Klebefalle<\/strong> ist eine einfache und effektive L\u00f6sung zur <strong data-start=\"292\" data-end=\"331\">\u00dcberwachung von Sch\u00e4dlingsaktivit\u00e4t<\/strong> in sensiblen Bereichen. Ohne Einsatz von Lockstoffen f\u00e4ngt die Winkelfalle Insekten nach dem Zufallsprinzip und eignet sich ideal f\u00fcr den Einsatz im Rahmen von Monitoring- und Hygienekonzepten.<\/p>\n<h2 data-section-id=\"7ag2br\" data-start=\"695\" data-end=\"732\"><span role=\"text\">Ihre Vorteile auf einen Blick:<\/span><\/h2>\n<ul data-start=\"733\" data-end=\"1084\">\n<li data-section-id=\"2g7nqh\" data-start=\"733\" data-end=\"779\"><strong>Giftfrei<\/strong> &amp; ohne biozide Wirkstoffe<\/li>\n<li data-section-id=\"1ykohid\" data-start=\"780\" data-end=\"838\"><strong>Geruchslos<\/strong> \u2013 ideal f\u00fcr sensible Einsatzbereiche<\/li>\n<li data-section-id=\"1pvbfk4\" data-start=\"839\" data-end=\"896\"><strong>Zuverl\u00e4ssige<\/strong> Befallskontrolle durch Monitoring<\/li>\n<li data-section-id=\"19eiq5e\" data-start=\"897\" data-end=\"956\">Kosteneffiziente L\u00f6sung f\u00fcr Betriebe &amp; Haushalte<\/li>\n<li data-section-id=\"9xa4ri\" data-start=\"957\" data-end=\"1010\">3 Fallen pro Einheit \u2013 flexibel einsetzbar<\/li>\n<li data-section-id=\"mm0qcv\" data-start=\"1011\" data-end=\"1084\">Geeignet f\u00fcr Museen &amp; Kulturg\u00fcter (keine chemische Belastung)<\/li>\n<\/ul>\n<h3 data-section-id=\"ap8fyj\" data-start=\"1091\" data-end=\"1113\"><span role=\"text\">Funktionsweise:<\/span><\/h3>\n<p data-start=\"1114\" data-end=\"1338\">Die Falle wird als Winkelfalle aufgebaut und entlang von typischen Laufwegen positioniert. Insekten werden zuf\u00e4llig erfasst und bleiben auf der Klebefl\u00e4che haften, wodurch ein m\u00f6glicher Befall fr\u00fchzeitig erkannt werden kann.<\/p>\n<h3 data-section-id=\"1q2b6xg\" data-start=\"1345\" data-end=\"1362\"><span role=\"text\">Anwendung:<\/span><\/h3>\n<p data-start=\"1363\" data-end=\"1405\">Platzierung an gef\u00e4hrdeten Bereichen, wie:<\/p>\n<ul data-start=\"1406\" data-end=\"1525\">\n<li data-section-id=\"12le6t2\" data-start=\"1406\" data-end=\"1428\">entlang von W\u00e4nden<\/li>\n<li data-section-id=\"1ou17aj\" data-start=\"1429\" data-end=\"1456\">bei T\u00fcren und Eing\u00e4ngen<\/li>\n<li data-section-id=\"ac985r\" data-start=\"1457\" data-end=\"1478\">auf Fensterb\u00e4nken<\/li>\n<li data-section-id=\"1r1tvml\" data-start=\"1479\" data-end=\"1525\">in Lager-, Produktions- oder Wohnbereichen<\/li>\n<\/ul>\n<p data-start=\"1527\" data-end=\"1592\">\ud83d\udc49 F\u00fcr optimale Ergebnisse mehrere Fallen gleichzeitig einsetzen.<\/p>\n<p data-section-id=\"17yh7ph\" data-start=\"1599\" data-end=\"1624\"><span role=\"text\">\ud83d\udce6 <strong data-start=\"1605\" data-end=\"1624\">Produktdetails:<\/strong><\/span><\/p>\n<ul data-start=\"1625\" data-end=\"1771\">\n<li data-section-id=\"1jsvg5i\" data-start=\"1625\" data-end=\"1674\">Abmessungen: <strong data-start=\"1640\" data-end=\"1672\">35 x 200 x 65 mm (H x B x T)<\/strong><\/li>\n<li data-section-id=\"psbwyx\" data-start=\"1675\" data-end=\"1703\">1 Einheit = <strong data-start=\"1689\" data-end=\"1701\">3 Fallen<\/strong><\/li>\n<li data-section-id=\"1752eo2\" data-start=\"1704\" data-end=\"1736\">10 Einheiten = <strong data-start=\"1721\" data-end=\"1734\">30 Fallen<\/strong><\/li>\n<li data-section-id=\"yjhi76\" data-start=\"1737\" data-end=\"1771\">100 Einheiten = <strong data-start=\"1755\" data-end=\"1769\">300 Fallen<\/strong><\/li>\n<\/ul>\n<p data-section-id=\"1sfkrbq\" data-start=\"1778\" data-end=\"1801\"><span role=\"text\"><strong data-start=\"1781\" data-end=\"1801\">Einsatzbereiche:<\/strong><\/span><\/p>\n<ul data-start=\"1802\" data-end=\"1936\">\n<li data-section-id=\"15ws1gt\" data-start=\"1802\" data-end=\"1847\">HACCP-Monitoring in Lebensmittelbetrieben<\/li>\n<li data-section-id=\"1g8lv9t\" data-start=\"1848\" data-end=\"1881\">Lager- und Produktionsfl\u00e4chen<\/li>\n<li data-section-id=\"1nzupw3\" data-start=\"1882\" data-end=\"1895\">Haushalte<\/li>\n<li data-section-id=\"fkap7d\" data-start=\"1896\" data-end=\"1936\">Museen &amp; Archive (kulturgutschonend)<\/li>\n<\/ul>\n<p><span role=\"text\">\u26a0\ufe0f <strong data-start=\"538\" data-end=\"559\">Wichtiger Hinweis:\u00a0<\/strong><\/span><\/p>\n<p>Diese Falle dient ausschlie\u00dflich der <strong data-start=\"597\" data-end=\"625\">\u00dcberwachung (Monitoring)<\/strong> und ist <strong data-start=\"634\" data-end=\"676\">nicht zur aktiven Sch\u00e4dlingsbek\u00e4mpfung<\/strong> vorgesehen.<\/p>\n","protected":false},"excerpt":{"rendered":"<p>3-teilige Klebefalle (Winkelfalle) \u2013 Giftfreies Sch\u00e4dlingsmonitoring Die 3-teilige Klebefalle ist eine einfache und effektive L\u00f6sung zur \u00dcberwachung von Sch\u00e4dlingsaktivit\u00e4t in sensiblen Bereichen. Ohne Einsatz von Lockstoffen f\u00e4ngt die Winkelfalle Insekten nach dem Zufallsprinzip und eignet sich ideal f\u00fcr den Einsatz im Rahmen von Monitoring- und Hygienekonzepten. Ihre Vorteile auf einen Blick: Giftfrei &amp; ohne biozide &hellip; <a href=\"https:\/\/www.nebily.com\/shop\/ipm-fuer-museen\/insekten-klebefalle-3-teilig\/\">Continued<\/a><\/p>\n","protected":false},"featured_media":11619,"comment_status":"closed","ping_status":"closed","template":"","meta":[],"class_list":{"0":"post-9419","1":"product","2":"type-product","3":"status-publish","4":"has-post-thumbnail","6":"product_cat-neuheiten","7":"product_cat-natuerlich-biologisch","8":"product_cat-schaedlingsvorsorge-haccp","9":"product_cat-kriechinsekten","10":"product_cat-ipm-fuer-museen","11":"product_tag-insektenkontrolle","12":"product_tag-kaeferfalle","13":"product_tag-schaedlingskontrolle","14":"product_tag-speckkaefer","16":"first","17":"instock","18":"featured","19":"taxable","20":"shipping-taxable","21":"product-type-variable","22":"has-default-attributes"},"yoast_head":"<!-- This site is optimized with the Yoast SEO plugin v25.1 - https:\/\/yoast.com\/wordpress\/plugins\/seo\/ -->\n<title>Insekten Klebefalle f\u00fcr IPM in Museen | NEBILY Online Shop<\/title>\n<meta name=\"description\" content=\"3-teilige Kle3-teilige Klebefalle (Winkelfalle) zur giftfreien Sch\u00e4dlings\u00fcberwachung. Ideal f\u00fcr HACCP, Betriebe und Museen \u2013 geruchslos &amp; ohne Biozide.\" \/>\n<meta name=\"robots\" content=\"index, follow, max-snippet:-1, max-image-preview:large, max-video-preview:-1\" \/>\n<link rel=\"canonical\" href=\"https:\/\/www.nebily.com\/shop\/ipm-fuer-museen\/insekten-klebefalle-3-teilig\/\" \/>\n<meta property=\"og:locale\" content=\"de_DE\" \/>\n<meta property=\"og:type\" content=\"article\" \/>\n<meta property=\"og:title\" content=\"Insekten Klebefalle f\u00fcr IPM in Museen | NEBILY Online Shop\" \/>\n<meta property=\"og:description\" content=\"3-teilige Kle3-teilige Klebefalle (Winkelfalle) zur giftfreien Sch\u00e4dlings\u00fcberwachung. Ideal f\u00fcr HACCP, Betriebe und Museen \u2013 geruchslos &amp; ohne Biozide.\" \/>\n<meta property=\"og:url\" content=\"https:\/\/www.nebily.com\/shop\/ipm-fuer-museen\/insekten-klebefalle-3-teilig\/\" \/>\n<meta property=\"og:site_name\" content=\"NEBILY Ges.m.b.H.\" \/>\n<meta property=\"article:publisher\" content=\"https:\/\/www.facebook.com\/NebilyGesmbH\/\" \/>\n<meta property=\"article:modified_time\" content=\"2026-04-25T19:46:56+00:00\" \/>\n<meta property=\"og:image\" content=\"https:\/\/www.nebily.com\/shop\/wp-content\/uploads\/if4005_bs_01_Catchmaster-3teilig.webp\" \/>\n\t<meta property=\"og:image:width\" content=\"1500\" \/>\n\t<meta property=\"og:image:height\" content=\"820\" \/>\n\t<meta property=\"og:image:type\" content=\"image\/webp\" \/>\n<meta name=\"twitter:card\" content=\"summary_large_image\" \/>\n<meta name=\"twitter:label1\" content=\"Gesch\u00e4tzte Lesezeit\" \/>\n\t<meta name=\"twitter:data1\" content=\"2\u00a0Minuten\" \/>\n<script type=\"application\/ld+json\" class=\"yoast-schema-graph\">{\"@context\":\"https:\/\/schema.org\",\"@graph\":[{\"@type\":\"WebPage\",\"@id\":\"https:\/\/www.nebily.com\/shop\/ipm-fuer-museen\/insekten-klebefalle-3-teilig\/\",\"url\":\"https:\/\/www.nebily.com\/shop\/ipm-fuer-museen\/insekten-klebefalle-3-teilig\/\",\"name\":\"Insekten Klebefalle f\u00fcr IPM in Museen | NEBILY Online Shop\",\"isPartOf\":{\"@id\":\"https:\/\/www.nebily.com\/shop\/#website\"},\"primaryImageOfPage\":{\"@id\":\"https:\/\/www.nebily.com\/shop\/ipm-fuer-museen\/insekten-klebefalle-3-teilig\/#primaryimage\"},\"image\":{\"@id\":\"https:\/\/www.nebily.com\/shop\/ipm-fuer-museen\/insekten-klebefalle-3-teilig\/#primaryimage\"},\"thumbnailUrl\":\"https:\/\/www.nebily.com\/shop\/wp-content\/uploads\/if4005_bs_01_Catchmaster-3teilig.webp\",\"datePublished\":\"2023-06-02T06:58:00+00:00\",\"dateModified\":\"2026-04-25T19:46:56+00:00\",\"description\":\"3-teilige Kle3-teilige Klebefalle (Winkelfalle) zur giftfreien Sch\u00e4dlings\u00fcberwachung. Ideal f\u00fcr HACCP, Betriebe und Museen \u2013 geruchslos & ohne Biozide.\",\"breadcrumb\":{\"@id\":\"https:\/\/www.nebily.com\/shop\/ipm-fuer-museen\/insekten-klebefalle-3-teilig\/#breadcrumb\"},\"inLanguage\":\"de\",\"potentialAction\":[{\"@type\":\"ReadAction\",\"target\":[\"https:\/\/www.nebily.com\/shop\/ipm-fuer-museen\/insekten-klebefalle-3-teilig\/\"]}]},{\"@type\":\"ImageObject\",\"inLanguage\":\"de\",\"@id\":\"https:\/\/www.nebily.com\/shop\/ipm-fuer-museen\/insekten-klebefalle-3-teilig\/#primaryimage\",\"url\":\"https:\/\/www.nebily.com\/shop\/wp-content\/uploads\/if4005_bs_01_Catchmaster-3teilig.webp\",\"contentUrl\":\"https:\/\/www.nebily.com\/shop\/wp-content\/uploads\/if4005_bs_01_Catchmaster-3teilig.webp\",\"width\":1500,\"height\":820},{\"@type\":\"BreadcrumbList\",\"@id\":\"https:\/\/www.nebily.com\/shop\/ipm-fuer-museen\/insekten-klebefalle-3-teilig\/#breadcrumb\",\"itemListElement\":[{\"@type\":\"ListItem\",\"position\":1,\"name\":\"Home\",\"item\":\"https:\/\/www.nebily.com\/shop\/\"},{\"@type\":\"ListItem\",\"position\":2,\"name\":\"Shop\",\"item\":\"https:\/\/www.nebily.com\/shop\/\"},{\"@type\":\"ListItem\",\"position\":3,\"name\":\"Insekten Klebefalle 3-teilig im 10er Pack\"}]},{\"@type\":\"WebSite\",\"@id\":\"https:\/\/www.nebily.com\/shop\/#website\",\"url\":\"https:\/\/www.nebily.com\/shop\/\",\"name\":\"NEBILY Ges.m.b.H.\",\"description\":\"\",\"potentialAction\":[{\"@type\":\"SearchAction\",\"target\":{\"@type\":\"EntryPoint\",\"urlTemplate\":\"https:\/\/www.nebily.com\/shop\/?s={search_term_string}\"},\"query-input\":{\"@type\":\"PropertyValueSpecification\",\"valueRequired\":true,\"valueName\":\"search_term_string\"}}],\"inLanguage\":\"de\"}]}<\/script>\n<!-- \/ Yoast SEO plugin. -->","yoast_head_json":{"title":"Insekten Klebefalle f\u00fcr IPM in Museen | NEBILY Online Shop","description":"3-teilige Kle3-teilige Klebefalle (Winkelfalle) zur giftfreien Sch\u00e4dlings\u00fcberwachung. Ideal f\u00fcr HACCP, Betriebe und Museen \u2013 geruchslos & ohne Biozide.","robots":{"index":"index","follow":"follow","max-snippet":"max-snippet:-1","max-image-preview":"max-image-preview:large","max-video-preview":"max-video-preview:-1"},"canonical":"https:\/\/www.nebily.com\/shop\/ipm-fuer-museen\/insekten-klebefalle-3-teilig\/","og_locale":"de_DE","og_type":"article","og_title":"Insekten Klebefalle f\u00fcr IPM in Museen | NEBILY Online Shop","og_description":"3-teilige Kle3-teilige Klebefalle (Winkelfalle) zur giftfreien Sch\u00e4dlings\u00fcberwachung. Ideal f\u00fcr HACCP, Betriebe und Museen \u2013 geruchslos & ohne Biozide.","og_url":"https:\/\/www.nebily.com\/shop\/ipm-fuer-museen\/insekten-klebefalle-3-teilig\/","og_site_name":"NEBILY Ges.m.b.H.","article_publisher":"https:\/\/www.facebook.com\/NebilyGesmbH\/","article_modified_time":"2026-04-25T19:46:56+00:00","og_image":[{"width":1500,"height":820,"url":"https:\/\/www.nebily.com\/shop\/wp-content\/uploads\/if4005_bs_01_Catchmaster-3teilig.webp","type":"image\/webp"}],"twitter_card":"summary_large_image","twitter_misc":{"Gesch\u00e4tzte Lesezeit":"2\u00a0Minuten"},"schema":{"@context":"https:\/\/schema.org","@graph":[{"@type":"WebPage","@id":"https:\/\/www.nebily.com\/shop\/ipm-fuer-museen\/insekten-klebefalle-3-teilig\/","url":"https:\/\/www.nebily.com\/shop\/ipm-fuer-museen\/insekten-klebefalle-3-teilig\/","name":"Insekten Klebefalle f\u00fcr IPM in Museen | NEBILY Online Shop","isPartOf":{"@id":"https:\/\/www.nebily.com\/shop\/#website"},"primaryImageOfPage":{"@id":"https:\/\/www.nebily.com\/shop\/ipm-fuer-museen\/insekten-klebefalle-3-teilig\/#primaryimage"},"image":{"@id":"https:\/\/www.nebily.com\/shop\/ipm-fuer-museen\/insekten-klebefalle-3-teilig\/#primaryimage"},"thumbnailUrl":"https:\/\/www.nebily.com\/shop\/wp-content\/uploads\/if4005_bs_01_Catchmaster-3teilig.webp","datePublished":"2023-06-02T06:58:00+00:00","dateModified":"2026-04-25T19:46:56+00:00","description":"3-teilige Kle3-teilige Klebefalle (Winkelfalle) zur giftfreien Sch\u00e4dlings\u00fcberwachung. Ideal f\u00fcr HACCP, Betriebe und Museen \u2013 geruchslos & ohne Biozide.","breadcrumb":{"@id":"https:\/\/www.nebily.com\/shop\/ipm-fuer-museen\/insekten-klebefalle-3-teilig\/#breadcrumb"},"inLanguage":"de","potentialAction":[{"@type":"ReadAction","target":["https:\/\/www.nebily.com\/shop\/ipm-fuer-museen\/insekten-klebefalle-3-teilig\/"]}]},{"@type":"ImageObject","inLanguage":"de","@id":"https:\/\/www.nebily.com\/shop\/ipm-fuer-museen\/insekten-klebefalle-3-teilig\/#primaryimage","url":"https:\/\/www.nebily.com\/shop\/wp-content\/uploads\/if4005_bs_01_Catchmaster-3teilig.webp","contentUrl":"https:\/\/www.nebily.com\/shop\/wp-content\/uploads\/if4005_bs_01_Catchmaster-3teilig.webp","width":1500,"height":820},{"@type":"BreadcrumbList","@id":"https:\/\/www.nebily.com\/shop\/ipm-fuer-museen\/insekten-klebefalle-3-teilig\/#breadcrumb","itemListElement":[{"@type":"ListItem","position":1,"name":"Home","item":"https:\/\/www.nebily.com\/shop\/"},{"@type":"ListItem","position":2,"name":"Shop","item":"https:\/\/www.nebily.com\/shop\/"},{"@type":"ListItem","position":3,"name":"Insekten Klebefalle 3-teilig im 10er Pack"}]},{"@type":"WebSite","@id":"https:\/\/www.nebily.com\/shop\/#website","url":"https:\/\/www.nebily.com\/shop\/","name":"NEBILY Ges.m.b.H.","description":"","potentialAction":[{"@type":"SearchAction","target":{"@type":"EntryPoint","urlTemplate":"https:\/\/www.nebily.com\/shop\/?s={search_term_string}"},"query-input":{"@type":"PropertyValueSpecification","valueRequired":true,"valueName":"search_term_string"}}],"inLanguage":"de"}]}},"_links":{"self":[{"href":"https:\/\/www.nebily.com\/shop\/wp-json\/wp\/v2\/product\/9419","targetHints":{"allow":["GET"]}}],"collection":[{"href":"https:\/\/www.nebily.com\/shop\/wp-json\/wp\/v2\/product"}],"about":[{"href":"https:\/\/www.nebily.com\/shop\/wp-json\/wp\/v2\/types\/product"}],"replies":[{"embeddable":true,"href":"https:\/\/www.nebily.com\/shop\/wp-json\/wp\/v2\/comments?post=9419"}],"wp:featuredmedia":[{"embeddable":true,"href":"https:\/\/www.nebily.com\/shop\/wp-json\/wp\/v2\/media\/11619"}],"wp:attachment":[{"href":"https:\/\/www.nebily.com\/shop\/wp-json\/wp\/v2\/media?parent=9419"}],"curies":[{"name":"wp","href":"https:\/\/api.w.org\/{rel}","templated":true}]}}