{"id":926,"date":"2015-09-15T17:35:59","date_gmt":"2015-09-15T15:35:59","guid":{"rendered":"http:\/\/nebily.com.w013807b.kasserver.com\/shop\/unkategorisiert\/textil-motten-falle\/"},"modified":"2026-04-25T14:57:42","modified_gmt":"2026-04-25T13:57:42","slug":"textil-motten-falle","status":"publish","type":"product","link":"https:\/\/www.nebily.com\/shop\/natuerlich-biologisch\/textil-motten-falle\/","title":{"rendered":"Textilmotten-Fallen, 4er-Pack"},"content":{"rendered":"<h1 data-section-id=\"131tfpk\" data-start=\"0\" data-end=\"57\">Kleidermottenfalle \u2013 Effektiver Schutz vor Textilmotten<\/h1>\n<p data-start=\"59\" data-end=\"362\">Die Kleidermottenfalle bietet einen zuverl\u00e4ssigen Schutz gegen Kleidermotten im Innenbereich. Durch einen integrierten Pheromonlockstoff werden m\u00e4nnliche Motten gezielt angelockt und auf der Klebefl\u00e4che festgehalten. Dadurch wird die Fortpflanzung unterbrochen und einer weiteren Ausbreitung vorgebeugt.<\/p>\n<h2 data-section-id=\"16d7haf\" data-start=\"364\" data-end=\"397\">Ihre Vorteile auf einen Blick:<\/h2>\n<ul data-start=\"398\" data-end=\"651\">\n<li data-section-id=\"1aeogad\" data-start=\"398\" data-end=\"449\">Effektive Reduktion der Kleidermottenpopulation<\/li>\n<li data-section-id=\"1pykycx\" data-start=\"450\" data-end=\"497\">Fr\u00fchzeitige Erkennung eines Befalls m\u00f6glich<\/li>\n<li data-section-id=\"1fpt2r0\" data-start=\"498\" data-end=\"548\">Einfache und diskrete Anwendung im Wohnbereich<\/li>\n<li data-section-id=\"1st8gx5\" data-start=\"549\" data-end=\"606\">Pheromonbasierte Lockwirkung ohne zus\u00e4tzliche Zus\u00e4tze<\/li>\n<li data-section-id=\"1813ijx\" data-start=\"607\" data-end=\"651\">Auch zur vorbeugenden Anwendung geeignet<\/li>\n<\/ul>\n<h3 data-section-id=\"jn7m65\" data-start=\"653\" data-end=\"673\"><span role=\"text\"><strong data-start=\"657\" data-end=\"673\">Wirkprinzip:<\/strong><\/span><\/h3>\n<p data-start=\"675\" data-end=\"904\">Der integrierte Pheromonlockstoff zieht m\u00e4nnliche Kleidermotten (<em data-start=\"740\" data-end=\"762\">Tineola bisselliella<\/em>) an. Diese bleiben auf der Klebefl\u00e4che haften, wodurch die Fortpflanzung unterbrochen und die Entwicklung neuer Populationen verhindert wird.<\/p>\n<h3 data-section-id=\"ogejnb\" data-start=\"906\" data-end=\"924\"><span role=\"text\"><strong data-start=\"910\" data-end=\"924\">Anwendung:<\/strong><\/span><\/h3>\n<p data-start=\"926\" data-end=\"1113\">Die Falle wird in Schr\u00e4nken, Regalen oder in der N\u00e4he von Textilien platziert. \u00dcber den r\u00fcckseitigen Klebestreifen kann sie zus\u00e4tzlich an M\u00f6belr\u00fcckw\u00e4nden oder Regalb\u00f6den befestigt werden.<\/p>\n<p data-start=\"1115\" data-end=\"1226\"><strong>Aufwandmenge: <\/strong>eine Falle pro Schrank oder je nach Raumgr\u00f6\u00dfe mehrere Fallen zur optimalen \u00dcberwachung empfohlen<\/p>\n<p data-start=\"1228\" data-end=\"1454\">\ud83d\udce6 <strong data-start=\"1231\" data-end=\"1250\">Produktdetails:<\/strong><\/p>\n<ul>\n<li data-start=\"1228\" data-end=\"1454\">Klebefalle mit integriertem Pheromonlockstoff<\/li>\n<li data-start=\"1228\" data-end=\"1454\">Wirksam gegen <em data-start=\"1315\" data-end=\"1337\">Tineola bisselliella<\/em> (Textilmotten)<\/li>\n<li data-start=\"1228\" data-end=\"1454\">F\u00fcr Fr\u00fcherkennung und Bek\u00e4mpfung geeignet<\/li>\n<li data-start=\"1228\" data-end=\"1454\">Einfache Befestigung durch r\u00fcckseitigen Klebestreifen<\/li>\n<\/ul>\n<p data-start=\"1456\" data-end=\"1581\">\u26a0\ufe0f <strong data-start=\"1459\" data-end=\"1480\">Wichtige Hinweise<\/strong><br data-start=\"1480\" data-end=\"1483\" \/>Fallen regelm\u00e4\u00dfig kontrollieren und bei Bedarf austauschen. Von Kindern und Haustieren fernhalten.<\/p>\n<p>&nbsp;<\/p>\n<hr \/>\n<p>Sicherheitsdatenblatt:<\/p>\n\n<!-- Generated using Document Gallery. Get yours here: http:\/\/wordpress.org\/extend\/plugins\/document-gallery -->\n<div id=\"document-gallery-1\" class=\"document-gallery\" data-shortcode='{\"id\":926,\"include\":\"4944\",\"exclude\":\"\",\"columns\":4,\"descriptions\":true,\"fancy\":true,\"order\":\"ASC\",\"orderby\":\"post__in\",\"relation\":\"AND\",\"limit\":-1,\"mime_types\":\"application,video,text,audio,image\",\"new_window\":true,\"post_status\":\"any\",\"post_type\":\"attachment\",\"attachment_pg\":false,\"paginate\":true,\"skip\":0}'>\n<div class='document-icon-row descriptions'>\n   <div class=\"document-icon\">\n      <a href=\"https:\/\/www.nebily.com\/shop\/wp-content\/uploads\/SDB_KA100_Mottex_Kleidermottenfalle_2018.pdf\" target=\"_blank\">\n         <img decoding=\"async\" src=\"https:\/\/www.nebily.com\/shop\/wp-content\/uploads\/SDB_KA100_Mottex_Kleidermottenfalle_2018-thumb.png\" title=\"SDB_KA100_Mottex_Kleidermottenfalle_2018\" alt=\"SDB_KA100_Mottex_Kleidermottenfalle_2018\" data-ext=\"pdf\"\/>\n         <span class=\"title\">SDB_KA100_Mottex_Kleidermottenfalle_2018<\/span>\n      <\/a>\n   <\/div>\n   <p><\/p>\n<\/div>\n<\/div>\n","protected":false},"excerpt":{"rendered":"<p>Kleidermottenfalle \u2013 Effektiver Schutz vor Textilmotten Die Kleidermottenfalle bietet einen zuverl\u00e4ssigen Schutz gegen Kleidermotten im Innenbereich. Durch einen integrierten Pheromonlockstoff werden m\u00e4nnliche Motten gezielt angelockt und auf der Klebefl\u00e4che festgehalten. Dadurch wird die Fortpflanzung unterbrochen und einer weiteren Ausbreitung vorgebeugt. Ihre Vorteile auf einen Blick: Effektive Reduktion der Kleidermottenpopulation Fr\u00fchzeitige Erkennung eines Befalls m\u00f6glich Einfache &hellip; <a href=\"https:\/\/www.nebily.com\/shop\/natuerlich-biologisch\/textil-motten-falle\/\">Continued<\/a><\/p>\n","protected":false},"featured_media":1182,"comment_status":"closed","ping_status":"closed","template":"","meta":[],"class_list":{"0":"post-926","1":"product","2":"type-product","3":"status-publish","4":"has-post-thumbnail","6":"product_cat-natuerlich-biologisch","7":"product_cat-fluginsekten","8":"product_tag-kleidermotten","9":"product_tag-kleidermotten-bekaempfen","10":"product_tag-mottenfalle","11":"product_tag-pheromonfallen","13":"first","14":"instock","15":"sale","16":"taxable","17":"shipping-taxable","18":"product-type-simple"},"yoast_head":"<!-- This site is optimized with the Yoast SEO plugin v25.1 - https:\/\/yoast.com\/wordpress\/plugins\/seo\/ -->\n<title>Textilmotten-Fallen, 4er-Pack | NEBILY Online Shop<\/title>\n<meta name=\"description\" content=\"Kleidermottenfalle mit Pheromonlockstoff zur effektiven Bek\u00e4mpfung von Textilmotten. Ideal auch zur Fr\u00fcherkennung und Pr\u00e4vention im Haushalt.\" \/>\n<meta name=\"robots\" content=\"index, follow, max-snippet:-1, max-image-preview:large, max-video-preview:-1\" \/>\n<link rel=\"canonical\" href=\"https:\/\/www.nebily.com\/shop\/natuerlich-biologisch\/textil-motten-falle\/\" \/>\n<meta property=\"og:locale\" content=\"de_DE\" \/>\n<meta property=\"og:type\" content=\"article\" \/>\n<meta property=\"og:title\" content=\"Textilmotten-Fallen, 4er-Pack | NEBILY Online Shop\" \/>\n<meta property=\"og:description\" content=\"Kleidermottenfalle mit Pheromonlockstoff zur effektiven Bek\u00e4mpfung von Textilmotten. Ideal auch zur Fr\u00fcherkennung und Pr\u00e4vention im Haushalt.\" \/>\n<meta property=\"og:url\" content=\"https:\/\/www.nebily.com\/shop\/natuerlich-biologisch\/textil-motten-falle\/\" \/>\n<meta property=\"og:site_name\" content=\"NEBILY Ges.m.b.H.\" \/>\n<meta property=\"article:publisher\" content=\"https:\/\/www.facebook.com\/NebilyGesmbH\/\" \/>\n<meta property=\"article:modified_time\" content=\"2026-04-25T13:57:42+00:00\" \/>\n<meta property=\"og:image\" content=\"https:\/\/www.nebily.com\/shop\/wp-content\/uploads\/2015\/09\/Produkt_KA100_Kleidermottenfalle_Motte.jpg\" \/>\n\t<meta property=\"og:image:width\" content=\"800\" \/>\n\t<meta property=\"og:image:height\" content=\"600\" \/>\n\t<meta property=\"og:image:type\" content=\"image\/jpeg\" \/>\n<meta name=\"twitter:card\" content=\"summary_large_image\" \/>\n<meta name=\"twitter:label1\" content=\"Gesch\u00e4tzte Lesezeit\" \/>\n\t<meta name=\"twitter:data1\" content=\"2\u00a0Minuten\" \/>\n<script type=\"application\/ld+json\" class=\"yoast-schema-graph\">{\"@context\":\"https:\/\/schema.org\",\"@graph\":[{\"@type\":\"WebPage\",\"@id\":\"https:\/\/www.nebily.com\/shop\/natuerlich-biologisch\/textil-motten-falle\/\",\"url\":\"https:\/\/www.nebily.com\/shop\/natuerlich-biologisch\/textil-motten-falle\/\",\"name\":\"Textilmotten-Fallen, 4er-Pack | NEBILY Online Shop\",\"isPartOf\":{\"@id\":\"https:\/\/www.nebily.com\/shop\/#website\"},\"primaryImageOfPage\":{\"@id\":\"https:\/\/www.nebily.com\/shop\/natuerlich-biologisch\/textil-motten-falle\/#primaryimage\"},\"image\":{\"@id\":\"https:\/\/www.nebily.com\/shop\/natuerlich-biologisch\/textil-motten-falle\/#primaryimage\"},\"thumbnailUrl\":\"https:\/\/www.nebily.com\/shop\/wp-content\/uploads\/2015\/09\/Produkt_KA100_Kleidermottenfalle_Motte.jpg\",\"datePublished\":\"2015-09-15T15:35:59+00:00\",\"dateModified\":\"2026-04-25T13:57:42+00:00\",\"description\":\"Kleidermottenfalle mit Pheromonlockstoff zur effektiven Bek\u00e4mpfung von Textilmotten. Ideal auch zur Fr\u00fcherkennung und Pr\u00e4vention im Haushalt.\",\"breadcrumb\":{\"@id\":\"https:\/\/www.nebily.com\/shop\/natuerlich-biologisch\/textil-motten-falle\/#breadcrumb\"},\"inLanguage\":\"de\",\"potentialAction\":[{\"@type\":\"ReadAction\",\"target\":[\"https:\/\/www.nebily.com\/shop\/natuerlich-biologisch\/textil-motten-falle\/\"]}]},{\"@type\":\"ImageObject\",\"inLanguage\":\"de\",\"@id\":\"https:\/\/www.nebily.com\/shop\/natuerlich-biologisch\/textil-motten-falle\/#primaryimage\",\"url\":\"https:\/\/www.nebily.com\/shop\/wp-content\/uploads\/2015\/09\/Produkt_KA100_Kleidermottenfalle_Motte.jpg\",\"contentUrl\":\"https:\/\/www.nebily.com\/shop\/wp-content\/uploads\/2015\/09\/Produkt_KA100_Kleidermottenfalle_Motte.jpg\",\"width\":800,\"height\":600},{\"@type\":\"BreadcrumbList\",\"@id\":\"https:\/\/www.nebily.com\/shop\/natuerlich-biologisch\/textil-motten-falle\/#breadcrumb\",\"itemListElement\":[{\"@type\":\"ListItem\",\"position\":1,\"name\":\"Home\",\"item\":\"https:\/\/www.nebily.com\/shop\/\"},{\"@type\":\"ListItem\",\"position\":2,\"name\":\"Shop\",\"item\":\"https:\/\/www.nebily.com\/shop\/\"},{\"@type\":\"ListItem\",\"position\":3,\"name\":\"Textilmotten-Fallen, 4er-Pack\"}]},{\"@type\":\"WebSite\",\"@id\":\"https:\/\/www.nebily.com\/shop\/#website\",\"url\":\"https:\/\/www.nebily.com\/shop\/\",\"name\":\"NEBILY Ges.m.b.H.\",\"description\":\"\",\"potentialAction\":[{\"@type\":\"SearchAction\",\"target\":{\"@type\":\"EntryPoint\",\"urlTemplate\":\"https:\/\/www.nebily.com\/shop\/?s={search_term_string}\"},\"query-input\":{\"@type\":\"PropertyValueSpecification\",\"valueRequired\":true,\"valueName\":\"search_term_string\"}}],\"inLanguage\":\"de\"}]}<\/script>\n<!-- \/ Yoast SEO plugin. -->","yoast_head_json":{"title":"Textilmotten-Fallen, 4er-Pack | NEBILY Online Shop","description":"Kleidermottenfalle mit Pheromonlockstoff zur effektiven Bek\u00e4mpfung von Textilmotten. Ideal auch zur Fr\u00fcherkennung und Pr\u00e4vention im Haushalt.","robots":{"index":"index","follow":"follow","max-snippet":"max-snippet:-1","max-image-preview":"max-image-preview:large","max-video-preview":"max-video-preview:-1"},"canonical":"https:\/\/www.nebily.com\/shop\/natuerlich-biologisch\/textil-motten-falle\/","og_locale":"de_DE","og_type":"article","og_title":"Textilmotten-Fallen, 4er-Pack | NEBILY Online Shop","og_description":"Kleidermottenfalle mit Pheromonlockstoff zur effektiven Bek\u00e4mpfung von Textilmotten. Ideal auch zur Fr\u00fcherkennung und Pr\u00e4vention im Haushalt.","og_url":"https:\/\/www.nebily.com\/shop\/natuerlich-biologisch\/textil-motten-falle\/","og_site_name":"NEBILY Ges.m.b.H.","article_publisher":"https:\/\/www.facebook.com\/NebilyGesmbH\/","article_modified_time":"2026-04-25T13:57:42+00:00","og_image":[{"width":800,"height":600,"url":"https:\/\/www.nebily.com\/shop\/wp-content\/uploads\/2015\/09\/Produkt_KA100_Kleidermottenfalle_Motte.jpg","type":"image\/jpeg"}],"twitter_card":"summary_large_image","twitter_misc":{"Gesch\u00e4tzte Lesezeit":"2\u00a0Minuten"},"schema":{"@context":"https:\/\/schema.org","@graph":[{"@type":"WebPage","@id":"https:\/\/www.nebily.com\/shop\/natuerlich-biologisch\/textil-motten-falle\/","url":"https:\/\/www.nebily.com\/shop\/natuerlich-biologisch\/textil-motten-falle\/","name":"Textilmotten-Fallen, 4er-Pack | NEBILY Online Shop","isPartOf":{"@id":"https:\/\/www.nebily.com\/shop\/#website"},"primaryImageOfPage":{"@id":"https:\/\/www.nebily.com\/shop\/natuerlich-biologisch\/textil-motten-falle\/#primaryimage"},"image":{"@id":"https:\/\/www.nebily.com\/shop\/natuerlich-biologisch\/textil-motten-falle\/#primaryimage"},"thumbnailUrl":"https:\/\/www.nebily.com\/shop\/wp-content\/uploads\/2015\/09\/Produkt_KA100_Kleidermottenfalle_Motte.jpg","datePublished":"2015-09-15T15:35:59+00:00","dateModified":"2026-04-25T13:57:42+00:00","description":"Kleidermottenfalle mit Pheromonlockstoff zur effektiven Bek\u00e4mpfung von Textilmotten. Ideal auch zur Fr\u00fcherkennung und Pr\u00e4vention im Haushalt.","breadcrumb":{"@id":"https:\/\/www.nebily.com\/shop\/natuerlich-biologisch\/textil-motten-falle\/#breadcrumb"},"inLanguage":"de","potentialAction":[{"@type":"ReadAction","target":["https:\/\/www.nebily.com\/shop\/natuerlich-biologisch\/textil-motten-falle\/"]}]},{"@type":"ImageObject","inLanguage":"de","@id":"https:\/\/www.nebily.com\/shop\/natuerlich-biologisch\/textil-motten-falle\/#primaryimage","url":"https:\/\/www.nebily.com\/shop\/wp-content\/uploads\/2015\/09\/Produkt_KA100_Kleidermottenfalle_Motte.jpg","contentUrl":"https:\/\/www.nebily.com\/shop\/wp-content\/uploads\/2015\/09\/Produkt_KA100_Kleidermottenfalle_Motte.jpg","width":800,"height":600},{"@type":"BreadcrumbList","@id":"https:\/\/www.nebily.com\/shop\/natuerlich-biologisch\/textil-motten-falle\/#breadcrumb","itemListElement":[{"@type":"ListItem","position":1,"name":"Home","item":"https:\/\/www.nebily.com\/shop\/"},{"@type":"ListItem","position":2,"name":"Shop","item":"https:\/\/www.nebily.com\/shop\/"},{"@type":"ListItem","position":3,"name":"Textilmotten-Fallen, 4er-Pack"}]},{"@type":"WebSite","@id":"https:\/\/www.nebily.com\/shop\/#website","url":"https:\/\/www.nebily.com\/shop\/","name":"NEBILY Ges.m.b.H.","description":"","potentialAction":[{"@type":"SearchAction","target":{"@type":"EntryPoint","urlTemplate":"https:\/\/www.nebily.com\/shop\/?s={search_term_string}"},"query-input":{"@type":"PropertyValueSpecification","valueRequired":true,"valueName":"search_term_string"}}],"inLanguage":"de"}]}},"_links":{"self":[{"href":"https:\/\/www.nebily.com\/shop\/wp-json\/wp\/v2\/product\/926","targetHints":{"allow":["GET"]}}],"collection":[{"href":"https:\/\/www.nebily.com\/shop\/wp-json\/wp\/v2\/product"}],"about":[{"href":"https:\/\/www.nebily.com\/shop\/wp-json\/wp\/v2\/types\/product"}],"replies":[{"embeddable":true,"href":"https:\/\/www.nebily.com\/shop\/wp-json\/wp\/v2\/comments?post=926"}],"wp:featuredmedia":[{"embeddable":true,"href":"https:\/\/www.nebily.com\/shop\/wp-json\/wp\/v2\/media\/1182"}],"wp:attachment":[{"href":"https:\/\/www.nebily.com\/shop\/wp-json\/wp\/v2\/media?parent=926"}],"curies":[{"name":"wp","href":"https:\/\/api.w.org\/{rel}","templated":true}]}}