{"id":925,"date":"2015-09-15T17:35:58","date_gmt":"2015-09-15T16:35:58","guid":{"rendered":"http:\/\/nebily.com.w013807b.kasserver.com\/shop\/unkategorisiert\/swirr-nebelautomat\/"},"modified":"2026-04-26T18:43:59","modified_gmt":"2026-04-26T17:43:59","slug":"kwizda-nebily-nebelautomat-20g","status":"publish","type":"product","link":"https:\/\/www.nebily.com\/shop\/kriechinsekten\/kwizda-nebily-nebelautomat-20g\/","title":{"rendered":"Kwizda \/ SWIRR \/ NEBILY Nebelautomat 20g"},"content":{"rendered":"<h1 data-section-id=\"zuwiq7\" data-start=\"0\" data-end=\"64\">Nebelautomat f\u00fcr Sch\u00e4dlingsbek\u00e4mpfung \u2013 KWIZDA \/ SWIRR \/ DOBOL<\/h1>\n<p data-start=\"66\" data-end=\"298\">Der Nebelautomat ist eine hochwirksame Methode zur Bek\u00e4mpfung von Insektenbefall in Innenr\u00e4umen. Er wirkt zuverl\u00e4ssig gegen Schaben, Kakerlaken, K\u00e4fer, Asseln, Motten und weitere Schad-Insekten in Wohn-, Gewerbe- und Lagerbereichen.<\/p>\n<h2 data-section-id=\"16d7haf\" data-start=\"300\" data-end=\"333\">Ihre Vorteile auf einen Blick:<\/h2>\n<ul data-start=\"334\" data-end=\"576\">\n<li data-section-id=\"1vse1o4\" data-start=\"334\" data-end=\"368\">Einfache und sichere Anwendung<\/li>\n<li data-section-id=\"1t53mpl\" data-start=\"369\" data-end=\"423\"><strong>Breites Wirkungsspektrum<\/strong> gegen viele Insektenarten<\/li>\n<li data-section-id=\"1hcrouy\" data-start=\"424\" data-end=\"478\">Effektiv in Gastronomie-, Wohn- und Lagerbereichen<\/li>\n<li data-section-id=\"k6k5is\" data-start=\"479\" data-end=\"524\"><strong>Schnelle Raumbehandlung<\/strong> durch Vernebelung<\/li>\n<li data-section-id=\"1lfa8cb\" data-start=\"525\" data-end=\"576\"><strong>Wirksam<\/strong> gegen fliegende und kriechende Insekten<\/li>\n<\/ul>\n<h3 data-section-id=\"jn7m65\" data-start=\"578\" data-end=\"598\"><span role=\"text\"><strong data-start=\"582\" data-end=\"598\">Wirkprinzip:<\/strong><\/span><\/h3>\n<p data-start=\"600\" data-end=\"766\">Der Nebelautomat erzeugt nach Aktivierung einen feinen Wirkstoffnebel, der sich im gesamten Raum verteilt und auch schwer erreichbare Verstecke von Insekten erreicht.<\/p>\n<h3 data-section-id=\"ogejnb\" data-start=\"768\" data-end=\"786\"><span role=\"text\"><strong data-start=\"772\" data-end=\"786\">Anwendung gem\u00e4\u00df beiligender Anleitung:<\/strong><\/span><\/h3>\n<ol data-start=\"788\" data-end=\"1267\">\n<li data-section-id=\"1gsoyp5\" data-start=\"788\" data-end=\"847\">Fenster und T\u00fcren schlie\u00dfen, Schr\u00e4nke und Laden \u00f6ffnen<\/li>\n<li data-section-id=\"1gsoyp5\" data-start=\"788\" data-end=\"847\">Lebensmittel und Geschirr oder Geg\u00e4nst\u00e4nde die mit Lebensmittel in Kontakt kommen entfernen<\/li>\n<li data-section-id=\"tft3xf\" data-start=\"848\" data-end=\"921\">Dose \u00f6ffnen und mitgelieferte Innendose aktivieren (gem\u00e4\u00df beiligender Anleitung)<\/li>\n<li data-section-id=\"vcvfi5\" data-start=\"922\" data-end=\"1003\">Plastikdose bis zur Markierung mit ca. 1 cm Wasser f\u00fcllen (nicht \u00fcberf\u00fcllen)<\/li>\n<li data-section-id=\"rtsvvy\" data-start=\"1004\" data-end=\"1067\">Metalldose mit Deckel nach oben in die Plastikdose stellen (gem\u00e4\u00df beiligender Anleitung<\/li>\n<li data-section-id=\"1mzpbbp\" data-start=\"1068\" data-end=\"1119\">In der Raummitte platzieren und Raum verlassen<\/li>\n<li data-section-id=\"h3obfm\" data-start=\"1120\" data-end=\"1224\">Wirkung startet nach 1\u20132 Minuten, Raum mindestens 3 Stunden geschlossen halten (optimal \u00fcber Nacht)<\/li>\n<li data-section-id=\"327kou\" data-start=\"1225\" data-end=\"1267\">Danach gut 2 Stunden gr\u00fcndlich l\u00fcften<\/li>\n<\/ol>\n<p><strong>Gegen fliegende Insekten (Fliegen, Motten, usw.):<\/strong><br \/>\n1 Dose (20 g) f\u00fcr 200 \u2013 250 m\u00b3, Rauminhalt (ca. 80 \u2013 120 m\u00b2)<\/p>\n<p><strong>Gegen kriechende Insekten (Schaben, K\u00e4fer, Asseln):<\/strong><br \/>\n1 Dose (20 g) f\u00fcr 100 \u2013 125 m\u00b3, Rauminhalt (ca. 40 \u2013 60 m\u00b2)<\/p>\n<p data-start=\"1269\" data-end=\"1470\">\ud83d\udce6 <strong data-start=\"1272\" data-end=\"1291\">Produktdetails:<\/strong><\/p>\n<ul>\n<li data-start=\"1269\" data-end=\"1470\">Insektizider Nebelautomat zur Raumvernebelung<\/li>\n<li data-start=\"1269\" data-end=\"1470\">Wirksam gegen fliegende und kriechende Insekten<\/li>\n<li data-start=\"1269\" data-end=\"1470\">F\u00fcr Wohn-, Gewerbe-, Gastronomie- und Lagerbereiche<\/li>\n<li data-start=\"1269\" data-end=\"1470\">auch im <strong>Vorteilspack zu 6 St\u00fcck<\/strong> erh\u00e4ltlich<\/li>\n<\/ul>\n<p>\u26a0\ufe0f <strong data-start=\"1475\" data-end=\"1496\">Wichtige Hinweise: <\/strong><\/p>\n<ul>\n<li>Nur in geschlossenen R\u00e4umen anwenden.<\/li>\n<li>R\u00e4ume w\u00e4hrend der Anwendung verlassen.<\/li>\n<li>Biozidprodukte vorsichtig verwenden. Vor Gebrauch stets Etikett und Produktinformation lesen!<\/li>\n<\/ul>\n<p><a href=\"https:\/\/www.youtube.com\/watch?v=L35-ys_ngUI\" target=\"_blank\" rel=\"noopener\">Demonstrations- und Anwendungsvideo<\/a><\/p>\n<p>&nbsp;<\/p>\n<hr \/>\n<div class=\"row\">\r\n                    <div class=\"col-6 col-md-2 mb-3 text-center text-md-left\">\r\n            <div class=\"card border-0 text-center\">\r\n                <div class=\"card-body p-0\">\r\n                    <a href=\"https:\/\/www.nebily.com\/shop\/wp-content\/uploads\/Produktblatt_NEBILY_Nebelautomat_2020.pdf\" target=\"_blank\">\r\n                        <img decoding=\"async\" src=\"https:\/\/www.nebily.com\/shop\/wp-content\/uploads\/Produktblatt_NEBILY_Nebelautomat_2020-pdf-724x1024.jpg\" alt=\"\" class=\"img-fluid img-thumbnail\">\r\n                    <\/a>\r\n                    <p class=\"text-muted\">Anwendungsbeschreibung_NEBILY_Nebelautomat<\/p>\r\n                <\/div>\r\n            <\/div>\r\n        <\/div>\r\n                    <div class=\"col-6 col-md-2 mb-3 text-center text-md-left\">\r\n            <div class=\"card border-0 text-center\">\r\n                <div class=\"card-body p-0\">\r\n                    <a href=\"https:\/\/www.nebily.com\/shop\/wp-content\/uploads\/K006_NEBILY_Nebelautomat_DE_06-2019.pdf\" target=\"_blank\">\r\n                        <img decoding=\"async\" src=\"https:\/\/www.nebily.com\/shop\/wp-content\/uploads\/K006_NEBILY_Nebelautomat_DE_06-2019-pdf-724x1024.jpg\" alt=\"\" class=\"img-fluid img-thumbnail\">\r\n                    <\/a>\r\n                    <p class=\"text-muted\">Sicherheitsdaten_DE<\/p>\r\n                <\/div>\r\n            <\/div>\r\n        <\/div>\r\n                    <div class=\"col-6 col-md-2 mb-3 text-center text-md-left\">\r\n            <div class=\"card border-0 text-center\">\r\n                <div class=\"card-body p-0\">\r\n                    <a href=\"https:\/\/www.nebily.com\/shop\/wp-content\/uploads\/NEBILY_Nebelautomat_AT_06-2019.pdf\" target=\"_blank\">\r\n                        <img decoding=\"async\" src=\"https:\/\/www.nebily.com\/shop\/wp-content\/uploads\/NEBILY_Nebelautomat_AT_06-2019-pdf-724x1024.jpg\" alt=\"\" class=\"img-fluid img-thumbnail\">\r\n                    <\/a>\r\n                    <p class=\"text-muted\">Sicherheitsdaten_AT<\/p>\r\n                <\/div>\r\n            <\/div>\r\n        <\/div>\r\n    <\/div>\n","protected":false},"excerpt":{"rendered":"<p>Nebelautomat f\u00fcr Sch\u00e4dlingsbek\u00e4mpfung \u2013 KWIZDA \/ SWIRR \/ DOBOL Der Nebelautomat ist eine hochwirksame Methode zur Bek\u00e4mpfung von Insektenbefall in Innenr\u00e4umen. Er wirkt zuverl\u00e4ssig gegen Schaben, Kakerlaken, K\u00e4fer, Asseln, Motten und weitere Schad-Insekten in Wohn-, Gewerbe- und Lagerbereichen. Ihre Vorteile auf einen Blick: Einfache und sichere Anwendung Breites Wirkungsspektrum gegen viele Insektenarten Effektiv in Gastronomie-, &hellip; <a href=\"https:\/\/www.nebily.com\/shop\/kriechinsekten\/kwizda-nebily-nebelautomat-20g\/\">Continued<\/a><\/p>\n","protected":false},"featured_media":6167,"comment_status":"closed","ping_status":"closed","template":"","meta":[],"class_list":{"0":"post-925","1":"product","2":"type-product","3":"status-publish","4":"has-post-thumbnail","6":"product_cat-fluginsekten","7":"product_cat-kriechinsekten","8":"product_tag-fluginsekten-bekaempfen","9":"product_tag-insektenbekaempfung","10":"product_tag-mottenbekaempfung","11":"product_tag-schabenbekaempfung","13":"first","14":"instock","15":"sale","16":"featured","17":"taxable","18":"shipping-taxable","19":"product-type-variable","20":"has-default-attributes"},"yoast_head":"<!-- This site is optimized with the Yoast SEO plugin v25.1 - https:\/\/yoast.com\/wordpress\/plugins\/seo\/ -->\n<title>NEBILY Nebelautomat 20g | NEBILY Online Shop<\/title>\n<meta name=\"description\" content=\"Hochwirksame, einfache und sichere Anwendung. Gegen jegliche Art von Insekten im Gastronomie, Haus- und Lagerbereich. Spar-Packung zu 6 St\u00fcck \u00e1 20g (je bis zu 250 m\u00b3)\" \/>\n<meta name=\"robots\" content=\"index, follow, max-snippet:-1, max-image-preview:large, max-video-preview:-1\" \/>\n<link rel=\"canonical\" href=\"https:\/\/www.nebily.com\/shop\/kriechinsekten\/kwizda-nebily-nebelautomat-20g\/\" \/>\n<meta property=\"og:locale\" content=\"de_DE\" \/>\n<meta property=\"og:type\" content=\"article\" \/>\n<meta property=\"og:title\" content=\"NEBILY Nebelautomat 20g | NEBILY Online Shop\" \/>\n<meta property=\"og:description\" content=\"Hochwirksame, einfache und sichere Anwendung. Gegen jegliche Art von Insekten im Gastronomie, Haus- und Lagerbereich. Spar-Packung zu 6 St\u00fcck \u00e1 20g (je bis zu 250 m\u00b3)\" \/>\n<meta property=\"og:url\" content=\"https:\/\/www.nebily.com\/shop\/kriechinsekten\/kwizda-nebily-nebelautomat-20g\/\" \/>\n<meta property=\"og:site_name\" content=\"NEBILY Ges.m.b.H.\" \/>\n<meta property=\"article:publisher\" content=\"https:\/\/www.facebook.com\/NebilyGesmbH\/\" \/>\n<meta property=\"article:modified_time\" content=\"2026-04-26T17:43:59+00:00\" \/>\n<meta property=\"og:image\" content=\"https:\/\/www.nebily.com\/shop\/wp-content\/uploads\/K006_NEBILY_nebelautomat_nah_WEB_2020-1.jpg\" \/>\n\t<meta property=\"og:image:width\" content=\"800\" \/>\n\t<meta property=\"og:image:height\" content=\"600\" \/>\n\t<meta property=\"og:image:type\" content=\"image\/jpeg\" \/>\n<meta name=\"twitter:card\" content=\"summary_large_image\" \/>\n<meta name=\"twitter:label1\" content=\"Gesch\u00e4tzte Lesezeit\" \/>\n\t<meta name=\"twitter:data1\" content=\"2\u00a0Minuten\" \/>\n<script type=\"application\/ld+json\" class=\"yoast-schema-graph\">{\"@context\":\"https:\/\/schema.org\",\"@graph\":[{\"@type\":\"WebPage\",\"@id\":\"https:\/\/www.nebily.com\/shop\/kriechinsekten\/kwizda-nebily-nebelautomat-20g\/\",\"url\":\"https:\/\/www.nebily.com\/shop\/kriechinsekten\/kwizda-nebily-nebelautomat-20g\/\",\"name\":\"NEBILY Nebelautomat 20g | NEBILY Online Shop\",\"isPartOf\":{\"@id\":\"https:\/\/www.nebily.com\/shop\/#website\"},\"primaryImageOfPage\":{\"@id\":\"https:\/\/www.nebily.com\/shop\/kriechinsekten\/kwizda-nebily-nebelautomat-20g\/#primaryimage\"},\"image\":{\"@id\":\"https:\/\/www.nebily.com\/shop\/kriechinsekten\/kwizda-nebily-nebelautomat-20g\/#primaryimage\"},\"thumbnailUrl\":\"https:\/\/www.nebily.com\/shop\/wp-content\/uploads\/K006_NEBILY_nebelautomat_nah_WEB_2020-1.jpg\",\"datePublished\":\"2015-09-15T16:35:58+00:00\",\"dateModified\":\"2026-04-26T17:43:59+00:00\",\"description\":\"Hochwirksame, einfache und sichere Anwendung. Gegen jegliche Art von Insekten im Gastronomie, Haus- und Lagerbereich. Spar-Packung zu 6 St\u00fcck \u00e1 20g (je bis zu 250 m\u00b3)\",\"breadcrumb\":{\"@id\":\"https:\/\/www.nebily.com\/shop\/kriechinsekten\/kwizda-nebily-nebelautomat-20g\/#breadcrumb\"},\"inLanguage\":\"de\",\"potentialAction\":[{\"@type\":\"ReadAction\",\"target\":[\"https:\/\/www.nebily.com\/shop\/kriechinsekten\/kwizda-nebily-nebelautomat-20g\/\"]}]},{\"@type\":\"ImageObject\",\"inLanguage\":\"de\",\"@id\":\"https:\/\/www.nebily.com\/shop\/kriechinsekten\/kwizda-nebily-nebelautomat-20g\/#primaryimage\",\"url\":\"https:\/\/www.nebily.com\/shop\/wp-content\/uploads\/K006_NEBILY_nebelautomat_nah_WEB_2020-1.jpg\",\"contentUrl\":\"https:\/\/www.nebily.com\/shop\/wp-content\/uploads\/K006_NEBILY_nebelautomat_nah_WEB_2020-1.jpg\",\"width\":800,\"height\":600},{\"@type\":\"BreadcrumbList\",\"@id\":\"https:\/\/www.nebily.com\/shop\/kriechinsekten\/kwizda-nebily-nebelautomat-20g\/#breadcrumb\",\"itemListElement\":[{\"@type\":\"ListItem\",\"position\":1,\"name\":\"Home\",\"item\":\"https:\/\/www.nebily.com\/shop\/\"},{\"@type\":\"ListItem\",\"position\":2,\"name\":\"Shop\",\"item\":\"https:\/\/www.nebily.com\/shop\/\"},{\"@type\":\"ListItem\",\"position\":3,\"name\":\"Kwizda \/ SWIRR \/ NEBILY Nebelautomat 20g\"}]},{\"@type\":\"WebSite\",\"@id\":\"https:\/\/www.nebily.com\/shop\/#website\",\"url\":\"https:\/\/www.nebily.com\/shop\/\",\"name\":\"NEBILY Ges.m.b.H.\",\"description\":\"\",\"potentialAction\":[{\"@type\":\"SearchAction\",\"target\":{\"@type\":\"EntryPoint\",\"urlTemplate\":\"https:\/\/www.nebily.com\/shop\/?s={search_term_string}\"},\"query-input\":{\"@type\":\"PropertyValueSpecification\",\"valueRequired\":true,\"valueName\":\"search_term_string\"}}],\"inLanguage\":\"de\"}]}<\/script>\n<!-- \/ Yoast SEO plugin. -->","yoast_head_json":{"title":"NEBILY Nebelautomat 20g | NEBILY Online Shop","description":"Hochwirksame, einfache und sichere Anwendung. Gegen jegliche Art von Insekten im Gastronomie, Haus- und Lagerbereich. Spar-Packung zu 6 St\u00fcck \u00e1 20g (je bis zu 250 m\u00b3)","robots":{"index":"index","follow":"follow","max-snippet":"max-snippet:-1","max-image-preview":"max-image-preview:large","max-video-preview":"max-video-preview:-1"},"canonical":"https:\/\/www.nebily.com\/shop\/kriechinsekten\/kwizda-nebily-nebelautomat-20g\/","og_locale":"de_DE","og_type":"article","og_title":"NEBILY Nebelautomat 20g | NEBILY Online Shop","og_description":"Hochwirksame, einfache und sichere Anwendung. Gegen jegliche Art von Insekten im Gastronomie, Haus- und Lagerbereich. Spar-Packung zu 6 St\u00fcck \u00e1 20g (je bis zu 250 m\u00b3)","og_url":"https:\/\/www.nebily.com\/shop\/kriechinsekten\/kwizda-nebily-nebelautomat-20g\/","og_site_name":"NEBILY Ges.m.b.H.","article_publisher":"https:\/\/www.facebook.com\/NebilyGesmbH\/","article_modified_time":"2026-04-26T17:43:59+00:00","og_image":[{"width":800,"height":600,"url":"https:\/\/www.nebily.com\/shop\/wp-content\/uploads\/K006_NEBILY_nebelautomat_nah_WEB_2020-1.jpg","type":"image\/jpeg"}],"twitter_card":"summary_large_image","twitter_misc":{"Gesch\u00e4tzte Lesezeit":"2\u00a0Minuten"},"schema":{"@context":"https:\/\/schema.org","@graph":[{"@type":"WebPage","@id":"https:\/\/www.nebily.com\/shop\/kriechinsekten\/kwizda-nebily-nebelautomat-20g\/","url":"https:\/\/www.nebily.com\/shop\/kriechinsekten\/kwizda-nebily-nebelautomat-20g\/","name":"NEBILY Nebelautomat 20g | NEBILY Online Shop","isPartOf":{"@id":"https:\/\/www.nebily.com\/shop\/#website"},"primaryImageOfPage":{"@id":"https:\/\/www.nebily.com\/shop\/kriechinsekten\/kwizda-nebily-nebelautomat-20g\/#primaryimage"},"image":{"@id":"https:\/\/www.nebily.com\/shop\/kriechinsekten\/kwizda-nebily-nebelautomat-20g\/#primaryimage"},"thumbnailUrl":"https:\/\/www.nebily.com\/shop\/wp-content\/uploads\/K006_NEBILY_nebelautomat_nah_WEB_2020-1.jpg","datePublished":"2015-09-15T16:35:58+00:00","dateModified":"2026-04-26T17:43:59+00:00","description":"Hochwirksame, einfache und sichere Anwendung. Gegen jegliche Art von Insekten im Gastronomie, Haus- und Lagerbereich. Spar-Packung zu 6 St\u00fcck \u00e1 20g (je bis zu 250 m\u00b3)","breadcrumb":{"@id":"https:\/\/www.nebily.com\/shop\/kriechinsekten\/kwizda-nebily-nebelautomat-20g\/#breadcrumb"},"inLanguage":"de","potentialAction":[{"@type":"ReadAction","target":["https:\/\/www.nebily.com\/shop\/kriechinsekten\/kwizda-nebily-nebelautomat-20g\/"]}]},{"@type":"ImageObject","inLanguage":"de","@id":"https:\/\/www.nebily.com\/shop\/kriechinsekten\/kwizda-nebily-nebelautomat-20g\/#primaryimage","url":"https:\/\/www.nebily.com\/shop\/wp-content\/uploads\/K006_NEBILY_nebelautomat_nah_WEB_2020-1.jpg","contentUrl":"https:\/\/www.nebily.com\/shop\/wp-content\/uploads\/K006_NEBILY_nebelautomat_nah_WEB_2020-1.jpg","width":800,"height":600},{"@type":"BreadcrumbList","@id":"https:\/\/www.nebily.com\/shop\/kriechinsekten\/kwizda-nebily-nebelautomat-20g\/#breadcrumb","itemListElement":[{"@type":"ListItem","position":1,"name":"Home","item":"https:\/\/www.nebily.com\/shop\/"},{"@type":"ListItem","position":2,"name":"Shop","item":"https:\/\/www.nebily.com\/shop\/"},{"@type":"ListItem","position":3,"name":"Kwizda \/ SWIRR \/ NEBILY Nebelautomat 20g"}]},{"@type":"WebSite","@id":"https:\/\/www.nebily.com\/shop\/#website","url":"https:\/\/www.nebily.com\/shop\/","name":"NEBILY Ges.m.b.H.","description":"","potentialAction":[{"@type":"SearchAction","target":{"@type":"EntryPoint","urlTemplate":"https:\/\/www.nebily.com\/shop\/?s={search_term_string}"},"query-input":{"@type":"PropertyValueSpecification","valueRequired":true,"valueName":"search_term_string"}}],"inLanguage":"de"}]}},"_links":{"self":[{"href":"https:\/\/www.nebily.com\/shop\/wp-json\/wp\/v2\/product\/925","targetHints":{"allow":["GET"]}}],"collection":[{"href":"https:\/\/www.nebily.com\/shop\/wp-json\/wp\/v2\/product"}],"about":[{"href":"https:\/\/www.nebily.com\/shop\/wp-json\/wp\/v2\/types\/product"}],"replies":[{"embeddable":true,"href":"https:\/\/www.nebily.com\/shop\/wp-json\/wp\/v2\/comments?post=925"}],"wp:featuredmedia":[{"embeddable":true,"href":"https:\/\/www.nebily.com\/shop\/wp-json\/wp\/v2\/media\/6167"}],"wp:attachment":[{"href":"https:\/\/www.nebily.com\/shop\/wp-json\/wp\/v2\/media?parent=925"}],"curies":[{"name":"wp","href":"https:\/\/api.w.org\/{rel}","templated":true}]}}