{"id":924,"date":"2015-09-15T17:35:57","date_gmt":"2015-09-15T15:35:57","guid":{"rendered":"http:\/\/nebily.com.w013807b.kasserver.com\/shop\/unkategorisiert\/provoke-duftkoeder\/"},"modified":"2025-09-04T13:06:34","modified_gmt":"2025-09-04T12:06:34","slug":"provoke-duftkoeder","status":"publish","type":"product","link":"https:\/\/www.nebily.com\/shop\/nagetiere\/provoke-duftkoeder\/","title":{"rendered":"Provoke &#8211; Duftk\u00f6der"},"content":{"rendered":"<p>&nbsp;<\/p>\n<p>Giftfreie K\u00f6derpaste speziell zur Anlockung von M\u00e4usen.<\/p>\n<p>Der Duftstoff des Gels ist auf die bevorzugte Nahrung von M\u00e4usen abgestimmt. Es reicht ein Tropfen Duftk\u00f6der je <a href=\"https:\/\/www.nebily.com\/shop\/nagetiere\/mechanische-mausefalle\/\" target=\"_blank\" rel=\"noopener noreferrer\">Schlagfalle<\/a>.<\/p>\n<ul>\n<li>tropffreie Applikation<\/li>\n<li>giftfrei<\/li>\n<li>haltbar bis -5\u00b0C<\/li>\n<li>wasserl\u00f6slich und hinterl\u00e4sst keine Flecken<\/li>\n<\/ul>\n<p>&nbsp;<\/p>\n<hr \/>\n<p>Sicherheitsdatenblatt:<\/p>\n\n<!-- Generated using Document Gallery. Get yours here: http:\/\/wordpress.org\/extend\/plugins\/document-gallery -->\n<div id=\"document-gallery-1\" class=\"document-gallery\" data-shortcode='{\"id\":924,\"include\":\"4946\",\"exclude\":\"\",\"columns\":4,\"descriptions\":true,\"fancy\":true,\"order\":\"ASC\",\"orderby\":\"post__in\",\"relation\":\"AND\",\"limit\":-1,\"mime_types\":\"application,video,text,audio,image\",\"new_window\":true,\"post_status\":\"any\",\"post_type\":\"attachment\",\"attachment_pg\":false,\"paginate\":true,\"skip\":0}'>\n<div class='document-icon-row descriptions'>\n   <div class=\"document-icon\">\n      <a href=\"https:\/\/www.nebily.com\/shop\/wp-content\/uploads\/SDB_NBVS029_Provoke_M\u00e4uselockstoff_2015.pdf\" target=\"_blank\">\n         <img decoding=\"async\" src=\"https:\/\/www.nebily.com\/shop\/wp-content\/uploads\/SDB_NBVS029_Provoke_M\u00e4uselockstoff_2015-thumb.png\" title=\"Sicherheitsdatenblatt\" alt=\"Sicherheitsdatenblatt\" data-ext=\"pdf\"\/>\n         <span class=\"title\">Sicherheitsdatenblatt<\/span>\n      <\/a>\n   <\/div>\n   <p><\/p>\n<\/div>\n<\/div>\n","protected":false},"excerpt":{"rendered":"<p>&nbsp; Giftfreie K\u00f6derpaste speziell zur Anlockung von M\u00e4usen. Der Duftstoff des Gels ist auf die bevorzugte Nahrung von M\u00e4usen abgestimmt. Es reicht ein Tropfen Duftk\u00f6der je Schlagfalle. tropffreie Applikation giftfrei haltbar bis -5\u00b0C wasserl\u00f6slich und hinterl\u00e4sst keine Flecken &nbsp; Sicherheitsdatenblatt:<\/p>\n","protected":false},"featured_media":1225,"comment_status":"closed","ping_status":"closed","template":"","meta":[],"class_list":{"0":"post-924","1":"product","2":"type-product","3":"status-publish","4":"has-post-thumbnail","6":"product_cat-nagetiere","7":"product_cat-zubehoer","9":"first","10":"instock","11":"taxable","12":"shipping-taxable","13":"product-type-simple"},"yoast_head":"<!-- This site is optimized with the Yoast SEO plugin v25.1 - https:\/\/yoast.com\/wordpress\/plugins\/seo\/ -->\n<title>Provoke - Duftk\u00f6der | NEBILY Online Shop<\/title>\n<meta name=\"robots\" content=\"index, follow, max-snippet:-1, max-image-preview:large, max-video-preview:-1\" \/>\n<link rel=\"canonical\" href=\"https:\/\/www.nebily.com\/shop\/nagetiere\/provoke-duftkoeder\/\" \/>\n<meta property=\"og:locale\" content=\"de_DE\" \/>\n<meta property=\"og:type\" content=\"article\" \/>\n<meta property=\"og:title\" content=\"Provoke - Duftk\u00f6der | NEBILY Online Shop\" \/>\n<meta property=\"og:description\" content=\"&nbsp; Giftfreie K\u00f6derpaste speziell zur Anlockung von M\u00e4usen. Der Duftstoff des Gels ist auf die bevorzugte Nahrung von M\u00e4usen abgestimmt. Es reicht ein Tropfen Duftk\u00f6der je Schlagfalle. tropffreie Applikation giftfrei haltbar bis -5\u00b0C wasserl\u00f6slich und hinterl\u00e4sst keine Flecken &nbsp; Sicherheitsdatenblatt:\" \/>\n<meta property=\"og:url\" content=\"https:\/\/www.nebily.com\/shop\/nagetiere\/provoke-duftkoeder\/\" \/>\n<meta property=\"og:site_name\" content=\"NEBILY Ges.m.b.H.\" \/>\n<meta property=\"article:publisher\" content=\"https:\/\/www.facebook.com\/NebilyGesmbH\/\" \/>\n<meta property=\"article:modified_time\" content=\"2025-09-04T12:06:34+00:00\" \/>\n<meta property=\"og:image\" content=\"https:\/\/www.nebily.com\/shop\/wp-content\/uploads\/2015\/09\/Produkt_NBVS0029_Provoke_Kartusche.jpg\" \/>\n\t<meta property=\"og:image:width\" content=\"800\" \/>\n\t<meta property=\"og:image:height\" content=\"600\" \/>\n\t<meta property=\"og:image:type\" content=\"image\/jpeg\" \/>\n<meta name=\"twitter:card\" content=\"summary_large_image\" \/>\n<meta name=\"twitter:label1\" content=\"Gesch\u00e4tzte Lesezeit\" \/>\n\t<meta name=\"twitter:data1\" content=\"1\u00a0Minute\" \/>\n<script type=\"application\/ld+json\" class=\"yoast-schema-graph\">{\"@context\":\"https:\/\/schema.org\",\"@graph\":[{\"@type\":\"WebPage\",\"@id\":\"https:\/\/www.nebily.com\/shop\/nagetiere\/provoke-duftkoeder\/\",\"url\":\"https:\/\/www.nebily.com\/shop\/nagetiere\/provoke-duftkoeder\/\",\"name\":\"Provoke - Duftk\u00f6der | NEBILY Online Shop\",\"isPartOf\":{\"@id\":\"https:\/\/www.nebily.com\/shop\/#website\"},\"primaryImageOfPage\":{\"@id\":\"https:\/\/www.nebily.com\/shop\/nagetiere\/provoke-duftkoeder\/#primaryimage\"},\"image\":{\"@id\":\"https:\/\/www.nebily.com\/shop\/nagetiere\/provoke-duftkoeder\/#primaryimage\"},\"thumbnailUrl\":\"https:\/\/www.nebily.com\/shop\/wp-content\/uploads\/2015\/09\/Produkt_NBVS0029_Provoke_Kartusche.jpg\",\"datePublished\":\"2015-09-15T15:35:57+00:00\",\"dateModified\":\"2025-09-04T12:06:34+00:00\",\"breadcrumb\":{\"@id\":\"https:\/\/www.nebily.com\/shop\/nagetiere\/provoke-duftkoeder\/#breadcrumb\"},\"inLanguage\":\"de\",\"potentialAction\":[{\"@type\":\"ReadAction\",\"target\":[\"https:\/\/www.nebily.com\/shop\/nagetiere\/provoke-duftkoeder\/\"]}]},{\"@type\":\"ImageObject\",\"inLanguage\":\"de\",\"@id\":\"https:\/\/www.nebily.com\/shop\/nagetiere\/provoke-duftkoeder\/#primaryimage\",\"url\":\"https:\/\/www.nebily.com\/shop\/wp-content\/uploads\/2015\/09\/Produkt_NBVS0029_Provoke_Kartusche.jpg\",\"contentUrl\":\"https:\/\/www.nebily.com\/shop\/wp-content\/uploads\/2015\/09\/Produkt_NBVS0029_Provoke_Kartusche.jpg\",\"width\":800,\"height\":600},{\"@type\":\"BreadcrumbList\",\"@id\":\"https:\/\/www.nebily.com\/shop\/nagetiere\/provoke-duftkoeder\/#breadcrumb\",\"itemListElement\":[{\"@type\":\"ListItem\",\"position\":1,\"name\":\"Home\",\"item\":\"https:\/\/www.nebily.com\/shop\/\"},{\"@type\":\"ListItem\",\"position\":2,\"name\":\"Shop\",\"item\":\"https:\/\/www.nebily.com\/shop\/\"},{\"@type\":\"ListItem\",\"position\":3,\"name\":\"Provoke &#8211; Duftk\u00f6der\"}]},{\"@type\":\"WebSite\",\"@id\":\"https:\/\/www.nebily.com\/shop\/#website\",\"url\":\"https:\/\/www.nebily.com\/shop\/\",\"name\":\"NEBILY Ges.m.b.H.\",\"description\":\"\",\"potentialAction\":[{\"@type\":\"SearchAction\",\"target\":{\"@type\":\"EntryPoint\",\"urlTemplate\":\"https:\/\/www.nebily.com\/shop\/?s={search_term_string}\"},\"query-input\":{\"@type\":\"PropertyValueSpecification\",\"valueRequired\":true,\"valueName\":\"search_term_string\"}}],\"inLanguage\":\"de\"}]}<\/script>\n<!-- \/ Yoast SEO plugin. -->","yoast_head_json":{"title":"Provoke - Duftk\u00f6der | NEBILY Online Shop","robots":{"index":"index","follow":"follow","max-snippet":"max-snippet:-1","max-image-preview":"max-image-preview:large","max-video-preview":"max-video-preview:-1"},"canonical":"https:\/\/www.nebily.com\/shop\/nagetiere\/provoke-duftkoeder\/","og_locale":"de_DE","og_type":"article","og_title":"Provoke - Duftk\u00f6der | NEBILY Online Shop","og_description":"&nbsp; Giftfreie K\u00f6derpaste speziell zur Anlockung von M\u00e4usen. Der Duftstoff des Gels ist auf die bevorzugte Nahrung von M\u00e4usen abgestimmt. Es reicht ein Tropfen Duftk\u00f6der je Schlagfalle. tropffreie Applikation giftfrei haltbar bis -5\u00b0C wasserl\u00f6slich und hinterl\u00e4sst keine Flecken &nbsp; Sicherheitsdatenblatt:","og_url":"https:\/\/www.nebily.com\/shop\/nagetiere\/provoke-duftkoeder\/","og_site_name":"NEBILY Ges.m.b.H.","article_publisher":"https:\/\/www.facebook.com\/NebilyGesmbH\/","article_modified_time":"2025-09-04T12:06:34+00:00","og_image":[{"width":800,"height":600,"url":"https:\/\/www.nebily.com\/shop\/wp-content\/uploads\/2015\/09\/Produkt_NBVS0029_Provoke_Kartusche.jpg","type":"image\/jpeg"}],"twitter_card":"summary_large_image","twitter_misc":{"Gesch\u00e4tzte Lesezeit":"1\u00a0Minute"},"schema":{"@context":"https:\/\/schema.org","@graph":[{"@type":"WebPage","@id":"https:\/\/www.nebily.com\/shop\/nagetiere\/provoke-duftkoeder\/","url":"https:\/\/www.nebily.com\/shop\/nagetiere\/provoke-duftkoeder\/","name":"Provoke - Duftk\u00f6der | NEBILY Online Shop","isPartOf":{"@id":"https:\/\/www.nebily.com\/shop\/#website"},"primaryImageOfPage":{"@id":"https:\/\/www.nebily.com\/shop\/nagetiere\/provoke-duftkoeder\/#primaryimage"},"image":{"@id":"https:\/\/www.nebily.com\/shop\/nagetiere\/provoke-duftkoeder\/#primaryimage"},"thumbnailUrl":"https:\/\/www.nebily.com\/shop\/wp-content\/uploads\/2015\/09\/Produkt_NBVS0029_Provoke_Kartusche.jpg","datePublished":"2015-09-15T15:35:57+00:00","dateModified":"2025-09-04T12:06:34+00:00","breadcrumb":{"@id":"https:\/\/www.nebily.com\/shop\/nagetiere\/provoke-duftkoeder\/#breadcrumb"},"inLanguage":"de","potentialAction":[{"@type":"ReadAction","target":["https:\/\/www.nebily.com\/shop\/nagetiere\/provoke-duftkoeder\/"]}]},{"@type":"ImageObject","inLanguage":"de","@id":"https:\/\/www.nebily.com\/shop\/nagetiere\/provoke-duftkoeder\/#primaryimage","url":"https:\/\/www.nebily.com\/shop\/wp-content\/uploads\/2015\/09\/Produkt_NBVS0029_Provoke_Kartusche.jpg","contentUrl":"https:\/\/www.nebily.com\/shop\/wp-content\/uploads\/2015\/09\/Produkt_NBVS0029_Provoke_Kartusche.jpg","width":800,"height":600},{"@type":"BreadcrumbList","@id":"https:\/\/www.nebily.com\/shop\/nagetiere\/provoke-duftkoeder\/#breadcrumb","itemListElement":[{"@type":"ListItem","position":1,"name":"Home","item":"https:\/\/www.nebily.com\/shop\/"},{"@type":"ListItem","position":2,"name":"Shop","item":"https:\/\/www.nebily.com\/shop\/"},{"@type":"ListItem","position":3,"name":"Provoke &#8211; Duftk\u00f6der"}]},{"@type":"WebSite","@id":"https:\/\/www.nebily.com\/shop\/#website","url":"https:\/\/www.nebily.com\/shop\/","name":"NEBILY Ges.m.b.H.","description":"","potentialAction":[{"@type":"SearchAction","target":{"@type":"EntryPoint","urlTemplate":"https:\/\/www.nebily.com\/shop\/?s={search_term_string}"},"query-input":{"@type":"PropertyValueSpecification","valueRequired":true,"valueName":"search_term_string"}}],"inLanguage":"de"}]}},"_links":{"self":[{"href":"https:\/\/www.nebily.com\/shop\/wp-json\/wp\/v2\/product\/924","targetHints":{"allow":["GET"]}}],"collection":[{"href":"https:\/\/www.nebily.com\/shop\/wp-json\/wp\/v2\/product"}],"about":[{"href":"https:\/\/www.nebily.com\/shop\/wp-json\/wp\/v2\/types\/product"}],"replies":[{"embeddable":true,"href":"https:\/\/www.nebily.com\/shop\/wp-json\/wp\/v2\/comments?post=924"}],"wp:featuredmedia":[{"embeddable":true,"href":"https:\/\/www.nebily.com\/shop\/wp-json\/wp\/v2\/media\/1225"}],"wp:attachment":[{"href":"https:\/\/www.nebily.com\/shop\/wp-json\/wp\/v2\/media?parent=924"}],"curies":[{"name":"wp","href":"https:\/\/api.w.org\/{rel}","templated":true}]}}