{"id":916,"date":"2015-09-15T17:35:49","date_gmt":"2015-09-15T16:35:49","guid":{"rendered":"http:\/\/nebily.com.w013807b.kasserver.com\/shop\/unkategorisiert\/klebeflaechen-fuer-uv-lichtfalle-3er-set\/"},"modified":"2026-04-26T18:56:22","modified_gmt":"2026-04-26T17:56:22","slug":"klebeflaechen-fuer-uv-lichtfalle-2","status":"publish","type":"product","link":"https:\/\/www.nebily.com\/shop\/zubehoer\/klebeflaechen-fuer-uv-lichtfalle-2\/","title":{"rendered":"Klebefl\u00e4chen 3er Pack f\u00fcr UV-Insektenfalle Sunburst und Naturale"},"content":{"rendered":"<h1 data-section-id=\"1or6i7c\" data-start=\"0\" data-end=\"69\">UV-Klebefl\u00e4chen f\u00fcr Insektenfallen \u2013 zuverl\u00e4ssige Monitoring-L\u00f6sung<\/h1>\n<p data-start=\"71\" data-end=\"274\">Diese Klebefl\u00e4chen sind f\u00fcr den Einsatz in Kombination mit <a href=\"https:\/\/www.nebily.com\/shop\/uv-insektenfallen\/sunburst-design-uv-falle-led\/\" target=\"_blank\" rel=\"noopener\">UV-Insektenfallen<\/a> konzipiert und erm\u00f6glichen eine effektive Erfassung fliegender Insekten im Rahmen eines professionellen Sch\u00e4dlingsmonitorings.<\/p>\n<h2 data-section-id=\"16d7haf\" data-start=\"276\" data-end=\"309\">Ihre Vorteile auf einen Blick:<\/h2>\n<ul data-start=\"310\" data-end=\"545\">\n<li data-section-id=\"14vtl1a\" data-start=\"310\" data-end=\"355\">Effektive Erg\u00e4nzung f\u00fcr <a href=\"https:\/\/www.nebily.com\/shop\/uv-insektenfallen\/sunburst-design-uv-falle-led\/\" target=\"_blank\" rel=\"noopener\">Design UV-Insektenfallen Sunburst<\/a><\/li>\n<li data-section-id=\"3d0q1h\" data-start=\"356\" data-end=\"402\">Zuverl\u00e4ssige Erfassung fliegender Insekten<\/li>\n<li data-section-id=\"1u9yyf2\" data-start=\"403\" data-end=\"439\">Einfache und schnelle Handhabung<\/li>\n<li data-section-id=\"1scgsb0\" data-start=\"440\" data-end=\"494\">Hygienische L\u00f6sung f\u00fcr den professionellen Einsatz<\/li>\n<li data-section-id=\"23fwpv\" data-start=\"495\" data-end=\"545\">Geeignet f\u00fcr Monitoring in sensiblen Bereichen<\/li>\n<\/ul>\n<h3 data-section-id=\"jn7m65\" data-start=\"547\" data-end=\"567\"><span role=\"text\"><strong data-start=\"551\" data-end=\"567\">Wirkprinzip:<\/strong><\/span><\/h3>\n<p data-start=\"569\" data-end=\"755\">Die Klebefl\u00e4chen werden in UV-Insektenfallen eingesetzt. Durch das UV-Licht angelockte Insekten bleiben auf der Klebefl\u00e4che haften und werden so zuverl\u00e4ssig erfasst und sichtbar gemacht.<\/p>\n<h3 data-section-id=\"ogejnb\" data-start=\"757\" data-end=\"775\"><span role=\"text\"><strong data-start=\"761\" data-end=\"775\">Anwendung:<\/strong><\/span><\/h3>\n<p data-start=\"777\" data-end=\"937\">Die Klebefl\u00e4chen werden in kompatible UV-Ger\u00e4te eingesetzt und regelm\u00e4\u00dfig kontrolliert. Je nach Befallsst\u00e4rke ist ein fr\u00fcherer Austausch m\u00f6glich bzw. empfohlen.<\/p>\n<p data-start=\"939\" data-end=\"1054\"><strong>Aufwandmenge: <\/strong>Wechsel der Klebefl\u00e4chen sp\u00e4testens nach 3 Monaten empfohlen, bei starkem Befall entsprechend fr\u00fcher<\/p>\n<p data-start=\"1056\" data-end=\"1228\">\ud83d\udce6 <strong data-start=\"1059\" data-end=\"1078\">Produktdetails:<\/strong><\/p>\n<ul>\n<li>Inhalt: 3 St\u00fcck Klebefl\u00e4chen<\/li>\n<li>F\u00fcr UV-Insektenfallen geeignet<\/li>\n<li>Kompatibel mit <a href=\"https:\/\/www.nebily.com\/shop\/uv-insektenfallen\/sunburst-design-uv-falle-led\/\"><strong>Sunburst UV-Lichtfallen<\/strong><\/a><\/li>\n<li>F\u00fcr professionelles Sch\u00e4dlingsmonitoring<\/li>\n<\/ul>\n<p data-start=\"1230\" data-end=\"1381\">\u26a0\ufe0f <strong data-start=\"1233\" data-end=\"1254\">Wichtige Hinweise: <\/strong><\/p>\n<ul>\n<li data-start=\"1230\" data-end=\"1381\">Klebefl\u00e4chen regelm\u00e4\u00dfig kontrollieren und austauschen, um eine gleichbleibend hohe Fangleistung sicherzustellen.<\/li>\n<li data-start=\"1230\" data-end=\"1381\">Bei starkem Befall Ursache analysieren und Hygiene pr\u00fcfen!<\/li>\n<\/ul>\n","protected":false},"excerpt":{"rendered":"<p>UV-Klebefl\u00e4chen f\u00fcr Insektenfallen \u2013 zuverl\u00e4ssige Monitoring-L\u00f6sung Diese Klebefl\u00e4chen sind f\u00fcr den Einsatz in Kombination mit UV-Insektenfallen konzipiert und erm\u00f6glichen eine effektive Erfassung fliegender Insekten im Rahmen eines professionellen Sch\u00e4dlingsmonitorings. Ihre Vorteile auf einen Blick: Effektive Erg\u00e4nzung f\u00fcr Design UV-Insektenfallen Sunburst Zuverl\u00e4ssige Erfassung fliegender Insekten Einfache und schnelle Handhabung Hygienische L\u00f6sung f\u00fcr den professionellen Einsatz Geeignet &hellip; <a href=\"https:\/\/www.nebily.com\/shop\/zubehoer\/klebeflaechen-fuer-uv-lichtfalle-2\/\">Continued<\/a><\/p>\n","protected":false},"featured_media":1175,"comment_status":"closed","ping_status":"closed","template":"","meta":[],"class_list":{"0":"post-916","1":"product","2":"type-product","3":"status-publish","4":"has-post-thumbnail","6":"product_cat-uv-insektenfallen","7":"product_cat-zubehoer","9":"first","10":"instock","11":"sale","12":"taxable","13":"shipping-taxable","14":"product-type-simple"},"yoast_head":"<!-- This site is optimized with the Yoast SEO plugin v25.1 - https:\/\/yoast.com\/wordpress\/plugins\/seo\/ -->\n<title>Klebefl\u00e4chen UV-Lichtfallen Sunburst | NEBILY Online Shop<\/title>\n<meta name=\"description\" content=\"UV-Klebefl\u00e4chen f\u00fcr Insektenfallen zur professionellen Sch\u00e4dlings\u00fcberwachung. Passend f\u00fcr Sunburst UV-Ger\u00e4te, ideal f\u00fcr Gastronomie und Betriebe.\" \/>\n<meta name=\"robots\" content=\"index, follow, max-snippet:-1, max-image-preview:large, max-video-preview:-1\" \/>\n<link rel=\"canonical\" href=\"https:\/\/www.nebily.com\/shop\/zubehoer\/klebeflaechen-fuer-uv-lichtfalle-2\/\" \/>\n<meta property=\"og:locale\" content=\"de_DE\" \/>\n<meta property=\"og:type\" content=\"article\" \/>\n<meta property=\"og:title\" content=\"Klebefl\u00e4chen UV-Lichtfallen Sunburst | NEBILY Online Shop\" \/>\n<meta property=\"og:description\" content=\"UV-Klebefl\u00e4chen f\u00fcr Insektenfallen zur professionellen Sch\u00e4dlings\u00fcberwachung. Passend f\u00fcr Sunburst UV-Ger\u00e4te, ideal f\u00fcr Gastronomie und Betriebe.\" \/>\n<meta property=\"og:url\" content=\"https:\/\/www.nebily.com\/shop\/zubehoer\/klebeflaechen-fuer-uv-lichtfalle-2\/\" \/>\n<meta property=\"og:site_name\" content=\"NEBILY Ges.m.b.H.\" \/>\n<meta property=\"article:publisher\" content=\"https:\/\/www.facebook.com\/NebilyGesmbH\/\" \/>\n<meta property=\"article:modified_time\" content=\"2026-04-26T17:56:22+00:00\" \/>\n<meta property=\"og:image\" content=\"https:\/\/www.nebily.com\/shop\/wp-content\/uploads\/2015\/09\/Produkt_JOZ15262A_UVKlebeflaechen.jpg\" \/>\n\t<meta property=\"og:image:width\" content=\"800\" \/>\n\t<meta property=\"og:image:height\" content=\"600\" \/>\n\t<meta property=\"og:image:type\" content=\"image\/jpeg\" \/>\n<meta name=\"twitter:card\" content=\"summary_large_image\" \/>\n<meta name=\"twitter:label1\" content=\"Gesch\u00e4tzte Lesezeit\" \/>\n\t<meta name=\"twitter:data1\" content=\"2\u00a0Minuten\" \/>\n<script type=\"application\/ld+json\" class=\"yoast-schema-graph\">{\"@context\":\"https:\/\/schema.org\",\"@graph\":[{\"@type\":\"WebPage\",\"@id\":\"https:\/\/www.nebily.com\/shop\/zubehoer\/klebeflaechen-fuer-uv-lichtfalle-2\/\",\"url\":\"https:\/\/www.nebily.com\/shop\/zubehoer\/klebeflaechen-fuer-uv-lichtfalle-2\/\",\"name\":\"Klebefl\u00e4chen UV-Lichtfallen Sunburst | NEBILY Online Shop\",\"isPartOf\":{\"@id\":\"https:\/\/www.nebily.com\/shop\/#website\"},\"primaryImageOfPage\":{\"@id\":\"https:\/\/www.nebily.com\/shop\/zubehoer\/klebeflaechen-fuer-uv-lichtfalle-2\/#primaryimage\"},\"image\":{\"@id\":\"https:\/\/www.nebily.com\/shop\/zubehoer\/klebeflaechen-fuer-uv-lichtfalle-2\/#primaryimage\"},\"thumbnailUrl\":\"https:\/\/www.nebily.com\/shop\/wp-content\/uploads\/2015\/09\/Produkt_JOZ15262A_UVKlebeflaechen.jpg\",\"datePublished\":\"2015-09-15T16:35:49+00:00\",\"dateModified\":\"2026-04-26T17:56:22+00:00\",\"description\":\"UV-Klebefl\u00e4chen f\u00fcr Insektenfallen zur professionellen Sch\u00e4dlings\u00fcberwachung. Passend f\u00fcr Sunburst UV-Ger\u00e4te, ideal f\u00fcr Gastronomie und Betriebe.\",\"breadcrumb\":{\"@id\":\"https:\/\/www.nebily.com\/shop\/zubehoer\/klebeflaechen-fuer-uv-lichtfalle-2\/#breadcrumb\"},\"inLanguage\":\"de\",\"potentialAction\":[{\"@type\":\"ReadAction\",\"target\":[\"https:\/\/www.nebily.com\/shop\/zubehoer\/klebeflaechen-fuer-uv-lichtfalle-2\/\"]}]},{\"@type\":\"ImageObject\",\"inLanguage\":\"de\",\"@id\":\"https:\/\/www.nebily.com\/shop\/zubehoer\/klebeflaechen-fuer-uv-lichtfalle-2\/#primaryimage\",\"url\":\"https:\/\/www.nebily.com\/shop\/wp-content\/uploads\/2015\/09\/Produkt_JOZ15262A_UVKlebeflaechen.jpg\",\"contentUrl\":\"https:\/\/www.nebily.com\/shop\/wp-content\/uploads\/2015\/09\/Produkt_JOZ15262A_UVKlebeflaechen.jpg\",\"width\":800,\"height\":600},{\"@type\":\"BreadcrumbList\",\"@id\":\"https:\/\/www.nebily.com\/shop\/zubehoer\/klebeflaechen-fuer-uv-lichtfalle-2\/#breadcrumb\",\"itemListElement\":[{\"@type\":\"ListItem\",\"position\":1,\"name\":\"Home\",\"item\":\"https:\/\/www.nebily.com\/shop\/\"},{\"@type\":\"ListItem\",\"position\":2,\"name\":\"Shop\",\"item\":\"https:\/\/www.nebily.com\/shop\/\"},{\"@type\":\"ListItem\",\"position\":3,\"name\":\"Klebefl\u00e4chen 3er Pack f\u00fcr UV-Insektenfalle Sunburst und Naturale\"}]},{\"@type\":\"WebSite\",\"@id\":\"https:\/\/www.nebily.com\/shop\/#website\",\"url\":\"https:\/\/www.nebily.com\/shop\/\",\"name\":\"NEBILY Ges.m.b.H.\",\"description\":\"\",\"potentialAction\":[{\"@type\":\"SearchAction\",\"target\":{\"@type\":\"EntryPoint\",\"urlTemplate\":\"https:\/\/www.nebily.com\/shop\/?s={search_term_string}\"},\"query-input\":{\"@type\":\"PropertyValueSpecification\",\"valueRequired\":true,\"valueName\":\"search_term_string\"}}],\"inLanguage\":\"de\"}]}<\/script>\n<!-- \/ Yoast SEO plugin. -->","yoast_head_json":{"title":"Klebefl\u00e4chen UV-Lichtfallen Sunburst | NEBILY Online Shop","description":"UV-Klebefl\u00e4chen f\u00fcr Insektenfallen zur professionellen Sch\u00e4dlings\u00fcberwachung. Passend f\u00fcr Sunburst UV-Ger\u00e4te, ideal f\u00fcr Gastronomie und Betriebe.","robots":{"index":"index","follow":"follow","max-snippet":"max-snippet:-1","max-image-preview":"max-image-preview:large","max-video-preview":"max-video-preview:-1"},"canonical":"https:\/\/www.nebily.com\/shop\/zubehoer\/klebeflaechen-fuer-uv-lichtfalle-2\/","og_locale":"de_DE","og_type":"article","og_title":"Klebefl\u00e4chen UV-Lichtfallen Sunburst | NEBILY Online Shop","og_description":"UV-Klebefl\u00e4chen f\u00fcr Insektenfallen zur professionellen Sch\u00e4dlings\u00fcberwachung. Passend f\u00fcr Sunburst UV-Ger\u00e4te, ideal f\u00fcr Gastronomie und Betriebe.","og_url":"https:\/\/www.nebily.com\/shop\/zubehoer\/klebeflaechen-fuer-uv-lichtfalle-2\/","og_site_name":"NEBILY Ges.m.b.H.","article_publisher":"https:\/\/www.facebook.com\/NebilyGesmbH\/","article_modified_time":"2026-04-26T17:56:22+00:00","og_image":[{"width":800,"height":600,"url":"https:\/\/www.nebily.com\/shop\/wp-content\/uploads\/2015\/09\/Produkt_JOZ15262A_UVKlebeflaechen.jpg","type":"image\/jpeg"}],"twitter_card":"summary_large_image","twitter_misc":{"Gesch\u00e4tzte Lesezeit":"2\u00a0Minuten"},"schema":{"@context":"https:\/\/schema.org","@graph":[{"@type":"WebPage","@id":"https:\/\/www.nebily.com\/shop\/zubehoer\/klebeflaechen-fuer-uv-lichtfalle-2\/","url":"https:\/\/www.nebily.com\/shop\/zubehoer\/klebeflaechen-fuer-uv-lichtfalle-2\/","name":"Klebefl\u00e4chen UV-Lichtfallen Sunburst | NEBILY Online Shop","isPartOf":{"@id":"https:\/\/www.nebily.com\/shop\/#website"},"primaryImageOfPage":{"@id":"https:\/\/www.nebily.com\/shop\/zubehoer\/klebeflaechen-fuer-uv-lichtfalle-2\/#primaryimage"},"image":{"@id":"https:\/\/www.nebily.com\/shop\/zubehoer\/klebeflaechen-fuer-uv-lichtfalle-2\/#primaryimage"},"thumbnailUrl":"https:\/\/www.nebily.com\/shop\/wp-content\/uploads\/2015\/09\/Produkt_JOZ15262A_UVKlebeflaechen.jpg","datePublished":"2015-09-15T16:35:49+00:00","dateModified":"2026-04-26T17:56:22+00:00","description":"UV-Klebefl\u00e4chen f\u00fcr Insektenfallen zur professionellen Sch\u00e4dlings\u00fcberwachung. Passend f\u00fcr Sunburst UV-Ger\u00e4te, ideal f\u00fcr Gastronomie und Betriebe.","breadcrumb":{"@id":"https:\/\/www.nebily.com\/shop\/zubehoer\/klebeflaechen-fuer-uv-lichtfalle-2\/#breadcrumb"},"inLanguage":"de","potentialAction":[{"@type":"ReadAction","target":["https:\/\/www.nebily.com\/shop\/zubehoer\/klebeflaechen-fuer-uv-lichtfalle-2\/"]}]},{"@type":"ImageObject","inLanguage":"de","@id":"https:\/\/www.nebily.com\/shop\/zubehoer\/klebeflaechen-fuer-uv-lichtfalle-2\/#primaryimage","url":"https:\/\/www.nebily.com\/shop\/wp-content\/uploads\/2015\/09\/Produkt_JOZ15262A_UVKlebeflaechen.jpg","contentUrl":"https:\/\/www.nebily.com\/shop\/wp-content\/uploads\/2015\/09\/Produkt_JOZ15262A_UVKlebeflaechen.jpg","width":800,"height":600},{"@type":"BreadcrumbList","@id":"https:\/\/www.nebily.com\/shop\/zubehoer\/klebeflaechen-fuer-uv-lichtfalle-2\/#breadcrumb","itemListElement":[{"@type":"ListItem","position":1,"name":"Home","item":"https:\/\/www.nebily.com\/shop\/"},{"@type":"ListItem","position":2,"name":"Shop","item":"https:\/\/www.nebily.com\/shop\/"},{"@type":"ListItem","position":3,"name":"Klebefl\u00e4chen 3er Pack f\u00fcr UV-Insektenfalle Sunburst und Naturale"}]},{"@type":"WebSite","@id":"https:\/\/www.nebily.com\/shop\/#website","url":"https:\/\/www.nebily.com\/shop\/","name":"NEBILY Ges.m.b.H.","description":"","potentialAction":[{"@type":"SearchAction","target":{"@type":"EntryPoint","urlTemplate":"https:\/\/www.nebily.com\/shop\/?s={search_term_string}"},"query-input":{"@type":"PropertyValueSpecification","valueRequired":true,"valueName":"search_term_string"}}],"inLanguage":"de"}]}},"_links":{"self":[{"href":"https:\/\/www.nebily.com\/shop\/wp-json\/wp\/v2\/product\/916","targetHints":{"allow":["GET"]}}],"collection":[{"href":"https:\/\/www.nebily.com\/shop\/wp-json\/wp\/v2\/product"}],"about":[{"href":"https:\/\/www.nebily.com\/shop\/wp-json\/wp\/v2\/types\/product"}],"replies":[{"embeddable":true,"href":"https:\/\/www.nebily.com\/shop\/wp-json\/wp\/v2\/comments?post=916"}],"wp:featuredmedia":[{"embeddable":true,"href":"https:\/\/www.nebily.com\/shop\/wp-json\/wp\/v2\/media\/1175"}],"wp:attachment":[{"href":"https:\/\/www.nebily.com\/shop\/wp-json\/wp\/v2\/media?parent=916"}],"curies":[{"name":"wp","href":"https:\/\/api.w.org\/{rel}","templated":true}]}}