{"id":914,"date":"2015-09-15T17:35:47","date_gmt":"2015-09-15T15:35:47","guid":{"rendered":"http:\/\/nebily.com.w013807b.kasserver.com\/shop\/unkategorisiert\/imker-jacke-delux\/"},"modified":"2025-05-12T19:23:09","modified_gmt":"2025-05-12T18:23:09","slug":"imker-jacke-delux","status":"publish","type":"product","link":"https:\/\/www.nebily.com\/shop\/feuerwehr-produkte\/imker-jacke-delux\/","title":{"rendered":"Imkerjacke Deluxe"},"content":{"rendered":"<p>Die Imkerjacke Deluxe ist an die Bed\u00fcrfnisse professioneller Anwender angepasst.<\/p>\n<p>Sie bietet guten Stichschutz bei gelegentlichen Wespen- oder Insektenbek\u00e4mpfungen durch Sch\u00e4dlingsbek\u00e4mpfer oder Feuwerwehren. Perfekt geeignet ist sie au\u00dferdem f\u00fcr die Arbeit von Imkern um vor Bienenstichen zu sch\u00fctzen.<\/p>\n<div class=\"product--description\">\n<ul>\n<li>Sch\u00fctzt vor Bienen- und Insektenstichen<\/li>\n<li>Imkerjacke mit Rei\u00dfverschluss<\/li>\n<li>Imkerhut l\u00e4sst sich durch Rei\u00dfverschluss\u00a0entfernen<\/li>\n<li>bessere Sicht durch schwarzen Sichtschleier auf Augenh\u00f6he<\/li>\n<li>Elastische \u00c4rmelb\u00fcndchen sowie\u00a0Daumenschlaufen, die das Verrutschen\u00a0der Jacke verhindern<\/li>\n<li>zwei aufgesetzte Seitentaschen und eine Brusttasche mit Klettverschluss<\/li>\n<li>Unisex-Design<\/li>\n<li>Farbe: wei\u00df<\/li>\n<li>100% Baumwolle<\/li>\n<\/ul>\n<\/div>\n","protected":false},"excerpt":{"rendered":"<p>Die Imkerjacke Deluxe ist an die Bed\u00fcrfnisse professioneller Anwender angepasst. Sie bietet guten Stichschutz bei gelegentlichen Wespen- oder Insektenbek\u00e4mpfungen durch Sch\u00e4dlingsbek\u00e4mpfer oder Feuwerwehren. Perfekt geeignet ist sie au\u00dferdem f\u00fcr die Arbeit von Imkern um vor Bienenstichen zu sch\u00fctzen. Sch\u00fctzt vor Bienen- und Insektenstichen Imkerjacke mit Rei\u00dfverschluss Imkerhut l\u00e4sst sich durch Rei\u00dfverschluss\u00a0entfernen bessere Sicht durch schwarzen &hellip; <a href=\"https:\/\/www.nebily.com\/shop\/feuerwehr-produkte\/imker-jacke-delux\/\">Continued<\/a><\/p>\n","protected":false},"featured_media":1360,"comment_status":"closed","ping_status":"closed","template":"","meta":[],"class_list":{"0":"post-914","1":"product","2":"type-product","3":"status-publish","4":"has-post-thumbnail","6":"product_cat-feuerwehr-produkte","8":"first","9":"instock","10":"sale","11":"taxable","12":"shipping-taxable","13":"product-type-simple"},"yoast_head":"<!-- This site is optimized with the Yoast SEO plugin v25.1 - https:\/\/yoast.com\/wordpress\/plugins\/seo\/ -->\n<title>Imkerjacke Deluxe | NEBILY Ges.m.b.H.<\/title>\n<meta name=\"description\" content=\"Die Imkerjacke Deluxe bietet guten Stichschutz bei gelegentlichen Wespen- oder Insektenbek\u00e4mpfungen durch Sch\u00e4dlingsbek\u00e4mpfer und Feuwerwehren.\" \/>\n<meta name=\"robots\" content=\"index, follow, max-snippet:-1, max-image-preview:large, max-video-preview:-1\" \/>\n<link rel=\"canonical\" href=\"https:\/\/www.nebily.com\/shop\/feuerwehr-produkte\/imker-jacke-delux\/\" \/>\n<meta property=\"og:locale\" content=\"de_DE\" \/>\n<meta property=\"og:type\" content=\"article\" \/>\n<meta property=\"og:title\" content=\"Imkerjacke Deluxe | NEBILY Ges.m.b.H.\" \/>\n<meta property=\"og:description\" content=\"Die Imkerjacke Deluxe bietet guten Stichschutz bei gelegentlichen Wespen- oder Insektenbek\u00e4mpfungen durch Sch\u00e4dlingsbek\u00e4mpfer und Feuwerwehren.\" \/>\n<meta property=\"og:url\" content=\"https:\/\/www.nebily.com\/shop\/feuerwehr-produkte\/imker-jacke-delux\/\" \/>\n<meta property=\"og:site_name\" content=\"NEBILY Ges.m.b.H.\" \/>\n<meta property=\"article:publisher\" content=\"https:\/\/www.facebook.com\/NebilyGesmbH\/\" \/>\n<meta property=\"article:modified_time\" content=\"2025-05-12T18:23:09+00:00\" \/>\n<meta property=\"og:image\" content=\"https:\/\/www.nebily.com\/shop\/wp-content\/uploads\/2015\/09\/Produkt_KGIM001_ImkerJackeDelux1.jpg\" \/>\n\t<meta property=\"og:image:width\" content=\"800\" \/>\n\t<meta property=\"og:image:height\" content=\"600\" \/>\n\t<meta property=\"og:image:type\" content=\"image\/jpeg\" \/>\n<meta name=\"twitter:card\" content=\"summary_large_image\" \/>\n<meta name=\"twitter:label1\" content=\"Gesch\u00e4tzte Lesezeit\" \/>\n\t<meta name=\"twitter:data1\" content=\"1\u00a0Minute\" \/>\n<script type=\"application\/ld+json\" class=\"yoast-schema-graph\">{\"@context\":\"https:\/\/schema.org\",\"@graph\":[{\"@type\":\"WebPage\",\"@id\":\"https:\/\/www.nebily.com\/shop\/feuerwehr-produkte\/imker-jacke-delux\/\",\"url\":\"https:\/\/www.nebily.com\/shop\/feuerwehr-produkte\/imker-jacke-delux\/\",\"name\":\"Imkerjacke Deluxe | NEBILY Ges.m.b.H.\",\"isPartOf\":{\"@id\":\"https:\/\/www.nebily.com\/shop\/#website\"},\"primaryImageOfPage\":{\"@id\":\"https:\/\/www.nebily.com\/shop\/feuerwehr-produkte\/imker-jacke-delux\/#primaryimage\"},\"image\":{\"@id\":\"https:\/\/www.nebily.com\/shop\/feuerwehr-produkte\/imker-jacke-delux\/#primaryimage\"},\"thumbnailUrl\":\"https:\/\/www.nebily.com\/shop\/wp-content\/uploads\/2015\/09\/Produkt_KGIM001_ImkerJackeDelux1.jpg\",\"datePublished\":\"2015-09-15T15:35:47+00:00\",\"dateModified\":\"2025-05-12T18:23:09+00:00\",\"description\":\"Die Imkerjacke Deluxe bietet guten Stichschutz bei gelegentlichen Wespen- oder Insektenbek\u00e4mpfungen durch Sch\u00e4dlingsbek\u00e4mpfer und Feuwerwehren.\",\"breadcrumb\":{\"@id\":\"https:\/\/www.nebily.com\/shop\/feuerwehr-produkte\/imker-jacke-delux\/#breadcrumb\"},\"inLanguage\":\"de\",\"potentialAction\":[{\"@type\":\"ReadAction\",\"target\":[\"https:\/\/www.nebily.com\/shop\/feuerwehr-produkte\/imker-jacke-delux\/\"]}]},{\"@type\":\"ImageObject\",\"inLanguage\":\"de\",\"@id\":\"https:\/\/www.nebily.com\/shop\/feuerwehr-produkte\/imker-jacke-delux\/#primaryimage\",\"url\":\"https:\/\/www.nebily.com\/shop\/wp-content\/uploads\/2015\/09\/Produkt_KGIM001_ImkerJackeDelux1.jpg\",\"contentUrl\":\"https:\/\/www.nebily.com\/shop\/wp-content\/uploads\/2015\/09\/Produkt_KGIM001_ImkerJackeDelux1.jpg\",\"width\":800,\"height\":600},{\"@type\":\"BreadcrumbList\",\"@id\":\"https:\/\/www.nebily.com\/shop\/feuerwehr-produkte\/imker-jacke-delux\/#breadcrumb\",\"itemListElement\":[{\"@type\":\"ListItem\",\"position\":1,\"name\":\"Home\",\"item\":\"https:\/\/www.nebily.com\/shop\/\"},{\"@type\":\"ListItem\",\"position\":2,\"name\":\"Shop\",\"item\":\"https:\/\/www.nebily.com\/shop\/\"},{\"@type\":\"ListItem\",\"position\":3,\"name\":\"Imkerjacke Deluxe\"}]},{\"@type\":\"WebSite\",\"@id\":\"https:\/\/www.nebily.com\/shop\/#website\",\"url\":\"https:\/\/www.nebily.com\/shop\/\",\"name\":\"NEBILY Ges.m.b.H.\",\"description\":\"\",\"potentialAction\":[{\"@type\":\"SearchAction\",\"target\":{\"@type\":\"EntryPoint\",\"urlTemplate\":\"https:\/\/www.nebily.com\/shop\/?s={search_term_string}\"},\"query-input\":{\"@type\":\"PropertyValueSpecification\",\"valueRequired\":true,\"valueName\":\"search_term_string\"}}],\"inLanguage\":\"de\"}]}<\/script>\n<!-- \/ Yoast SEO plugin. -->","yoast_head_json":{"title":"Imkerjacke Deluxe | NEBILY Ges.m.b.H.","description":"Die Imkerjacke Deluxe bietet guten Stichschutz bei gelegentlichen Wespen- oder Insektenbek\u00e4mpfungen durch Sch\u00e4dlingsbek\u00e4mpfer und Feuwerwehren.","robots":{"index":"index","follow":"follow","max-snippet":"max-snippet:-1","max-image-preview":"max-image-preview:large","max-video-preview":"max-video-preview:-1"},"canonical":"https:\/\/www.nebily.com\/shop\/feuerwehr-produkte\/imker-jacke-delux\/","og_locale":"de_DE","og_type":"article","og_title":"Imkerjacke Deluxe | NEBILY Ges.m.b.H.","og_description":"Die Imkerjacke Deluxe bietet guten Stichschutz bei gelegentlichen Wespen- oder Insektenbek\u00e4mpfungen durch Sch\u00e4dlingsbek\u00e4mpfer und Feuwerwehren.","og_url":"https:\/\/www.nebily.com\/shop\/feuerwehr-produkte\/imker-jacke-delux\/","og_site_name":"NEBILY Ges.m.b.H.","article_publisher":"https:\/\/www.facebook.com\/NebilyGesmbH\/","article_modified_time":"2025-05-12T18:23:09+00:00","og_image":[{"width":800,"height":600,"url":"https:\/\/www.nebily.com\/shop\/wp-content\/uploads\/2015\/09\/Produkt_KGIM001_ImkerJackeDelux1.jpg","type":"image\/jpeg"}],"twitter_card":"summary_large_image","twitter_misc":{"Gesch\u00e4tzte Lesezeit":"1\u00a0Minute"},"schema":{"@context":"https:\/\/schema.org","@graph":[{"@type":"WebPage","@id":"https:\/\/www.nebily.com\/shop\/feuerwehr-produkte\/imker-jacke-delux\/","url":"https:\/\/www.nebily.com\/shop\/feuerwehr-produkte\/imker-jacke-delux\/","name":"Imkerjacke Deluxe | NEBILY Ges.m.b.H.","isPartOf":{"@id":"https:\/\/www.nebily.com\/shop\/#website"},"primaryImageOfPage":{"@id":"https:\/\/www.nebily.com\/shop\/feuerwehr-produkte\/imker-jacke-delux\/#primaryimage"},"image":{"@id":"https:\/\/www.nebily.com\/shop\/feuerwehr-produkte\/imker-jacke-delux\/#primaryimage"},"thumbnailUrl":"https:\/\/www.nebily.com\/shop\/wp-content\/uploads\/2015\/09\/Produkt_KGIM001_ImkerJackeDelux1.jpg","datePublished":"2015-09-15T15:35:47+00:00","dateModified":"2025-05-12T18:23:09+00:00","description":"Die Imkerjacke Deluxe bietet guten Stichschutz bei gelegentlichen Wespen- oder Insektenbek\u00e4mpfungen durch Sch\u00e4dlingsbek\u00e4mpfer und Feuwerwehren.","breadcrumb":{"@id":"https:\/\/www.nebily.com\/shop\/feuerwehr-produkte\/imker-jacke-delux\/#breadcrumb"},"inLanguage":"de","potentialAction":[{"@type":"ReadAction","target":["https:\/\/www.nebily.com\/shop\/feuerwehr-produkte\/imker-jacke-delux\/"]}]},{"@type":"ImageObject","inLanguage":"de","@id":"https:\/\/www.nebily.com\/shop\/feuerwehr-produkte\/imker-jacke-delux\/#primaryimage","url":"https:\/\/www.nebily.com\/shop\/wp-content\/uploads\/2015\/09\/Produkt_KGIM001_ImkerJackeDelux1.jpg","contentUrl":"https:\/\/www.nebily.com\/shop\/wp-content\/uploads\/2015\/09\/Produkt_KGIM001_ImkerJackeDelux1.jpg","width":800,"height":600},{"@type":"BreadcrumbList","@id":"https:\/\/www.nebily.com\/shop\/feuerwehr-produkte\/imker-jacke-delux\/#breadcrumb","itemListElement":[{"@type":"ListItem","position":1,"name":"Home","item":"https:\/\/www.nebily.com\/shop\/"},{"@type":"ListItem","position":2,"name":"Shop","item":"https:\/\/www.nebily.com\/shop\/"},{"@type":"ListItem","position":3,"name":"Imkerjacke Deluxe"}]},{"@type":"WebSite","@id":"https:\/\/www.nebily.com\/shop\/#website","url":"https:\/\/www.nebily.com\/shop\/","name":"NEBILY Ges.m.b.H.","description":"","potentialAction":[{"@type":"SearchAction","target":{"@type":"EntryPoint","urlTemplate":"https:\/\/www.nebily.com\/shop\/?s={search_term_string}"},"query-input":{"@type":"PropertyValueSpecification","valueRequired":true,"valueName":"search_term_string"}}],"inLanguage":"de"}]}},"_links":{"self":[{"href":"https:\/\/www.nebily.com\/shop\/wp-json\/wp\/v2\/product\/914","targetHints":{"allow":["GET"]}}],"collection":[{"href":"https:\/\/www.nebily.com\/shop\/wp-json\/wp\/v2\/product"}],"about":[{"href":"https:\/\/www.nebily.com\/shop\/wp-json\/wp\/v2\/types\/product"}],"replies":[{"embeddable":true,"href":"https:\/\/www.nebily.com\/shop\/wp-json\/wp\/v2\/comments?post=914"}],"wp:featuredmedia":[{"embeddable":true,"href":"https:\/\/www.nebily.com\/shop\/wp-json\/wp\/v2\/media\/1360"}],"wp:attachment":[{"href":"https:\/\/www.nebily.com\/shop\/wp-json\/wp\/v2\/media?parent=914"}],"curies":[{"name":"wp","href":"https:\/\/api.w.org\/{rel}","templated":true}]}}