{"id":913,"date":"2015-09-15T17:35:46","date_gmt":"2015-09-15T16:35:46","guid":{"rendered":"http:\/\/nebily.com.w013807b.kasserver.com\/shop\/unkategorisiert\/hand-staeubepumpe-neu-inkl-30cm-verlaengerungsrohr\/"},"modified":"2026-04-26T19:06:49","modified_gmt":"2026-04-26T18:06:49","slug":"hand-staeubepumpe-neu-inkl-30cm-verlaengerungsrohr","status":"publish","type":"product","link":"https:\/\/www.nebily.com\/shop\/feuerwehr-produkte\/hand-staeubepumpe-neu-inkl-30cm-verlaengerungsrohr\/","title":{"rendered":"Hand-St\u00e4ubepumpe"},"content":{"rendered":"<h1 data-section-id=\"12b089f\" data-start=\"141\" data-end=\"202\"><span role=\"text\">Handst\u00e4ubepumpe \u2013 Pr\u00e4zises Ausbringen von St\u00e4ubemitteln<\/span><\/h1>\n<p data-start=\"204\" data-end=\"474\">Die <strong data-start=\"208\" data-end=\"227\">Handst\u00e4ubepumpe<\/strong> ist das ideale Werkzeug f\u00fcr die gezielte und saubere Anwendung von St\u00e4ubepulvern in der WESPEN- und Sch\u00e4dlingsbek\u00e4mpfung. Dank durchdachtem Design erm\u00f6glicht sie eine pr\u00e4zise Ausbringung auch in schwer zug\u00e4nglichen Bereichen wie Fugen, Ritzen und Hohlr\u00e4umen.<\/p>\n<h2 data-section-id=\"7ag2br\" data-start=\"481\" data-end=\"518\"><span role=\"text\">Ihre Vorteile auf einen Blick:<\/span><\/h2>\n<ul data-start=\"519\" data-end=\"825\">\n<li data-section-id=\"yi8unw\" data-start=\"519\" data-end=\"566\"><strong>Gezielte Anwendung<\/strong> von St\u00e4ubemitteln<\/li>\n<li data-section-id=\"7mtzls\" data-start=\"567\" data-end=\"636\"><strong>Leichtes &amp; handliches Design<\/strong> (ca. 400 ml Fassungsverm\u00f6gen)<\/li>\n<li data-section-id=\"1ehqkm7\" data-start=\"637\" data-end=\"691\">Flexible Einsatzm\u00f6glichkeiten durch Zubeh\u00f6r<\/li>\n<li data-section-id=\"7bjxh9\" data-start=\"692\" data-end=\"762\">Ideal f\u00fcr Fugen, Ritzen &amp; schwer erreichbare Zwischenr\u00e4ume<\/li>\n<li data-section-id=\"4la7iv\" data-start=\"763\" data-end=\"825\">Perfekt f\u00fcr den Einsatz in der Wespenbek\u00e4mpfung<\/li>\n<\/ul>\n<h3 data-section-id=\"1f4o7qb\" data-start=\"832\" data-end=\"880\"><span role=\"text\"><strong data-start=\"835\" data-end=\"880\">Flexibles Zubeh\u00f6r f\u00fcr maximale Pr\u00e4zision:<\/strong><\/span><\/h3>\n<ul data-start=\"881\" data-end=\"1085\">\n<li data-section-id=\"ip2780\" data-start=\"881\" data-end=\"938\">Abnehmbare, gebogene Spitze f\u00fcr punktgenaue Anwendung<\/li>\n<li data-section-id=\"ffay4a\" data-start=\"939\" data-end=\"1085\"><strong data-start=\"941\" data-end=\"968\">30 cm Verl\u00e4ngerungsrohr<\/strong> f\u00fcr tieferliegende oder schwer erreichbare Bereiche<br data-start=\"1020\" data-end=\"1023\" \/>\ud83d\udc49 So l\u00e4sst sich die Pumpe optimal an jede Anwendung anpassen.<\/li>\n<\/ul>\n<h3 data-section-id=\"1sfkrbq\" data-start=\"1092\" data-end=\"1115\"><span role=\"text\"><strong data-start=\"1095\" data-end=\"1115\">Einsatzbereiche:<\/strong><\/span><\/h3>\n<ul data-start=\"1116\" data-end=\"1381\">\n<li data-section-id=\"15j5wl5\" data-start=\"1116\" data-end=\"1175\">Ausbringen von St\u00e4ubepulver (z. B. <a href=\"https:\/\/www.nebily.com\/shop\/feuerwehr-produkte\/nebily-wespenstaub-4kg-insekt-staeubepulver\/\" target=\"_blank\" rel=\"noopener\">NEBILY Wespenstaub<\/a> oder <a href=\"https:\/\/www.nebily.com\/shop\/natuerlich-biologisch\/natur-aktivstaub-biologisch\/\" target=\"_blank\" rel=\"noopener\">Naturid Aktivstaub<\/a>)<\/li>\n<li data-section-id=\"mrx4c0\" data-start=\"1176\" data-end=\"1239\">Anwendung von St\u00e4ubepulvern in Ritzen, Fugen und Hohlr\u00e4umen<\/li>\n<li data-section-id=\"159zc5b\" data-start=\"1240\" data-end=\"1318\">Unterst\u00fctzung bei der Wespenbek\u00e4mpfung (z. B. mit geeignetem St\u00e4ubepulver)<\/li>\n<li data-section-id=\"bh9b8v\" data-start=\"1319\" data-end=\"1381\">Allgemeine Sch\u00e4dlingsbek\u00e4mpfung im Innenbereich<\/li>\n<\/ul>\n<p data-section-id=\"wc534z\" data-start=\"1388\" data-end=\"1411\"><span role=\"text\">\ud83d\udce6 <strong data-start=\"1394\" data-end=\"1411\">Lieferumfang:<\/strong><\/span><\/p>\n<ul>\n<li>Handst\u00e4ubepumpe (ca. 400 ml)<\/li>\n<li>Abnehmbare, gebogene Spitze<\/li>\n<li>30 cm Verl\u00e4ngerungsrohr<\/li>\n<\/ul>\n<p data-section-id=\"6gi5g5\" data-start=\"1511\" data-end=\"1538\"><span role=\"text\">\u26a0\ufe0f <strong data-start=\"1517\" data-end=\"1538\">Wichtige Hinweise: <\/strong><\/span><\/p>\n<ul>\n<li data-section-id=\"6gi5g5\" data-start=\"1511\" data-end=\"1538\">Nur in Kombination mit geeigneten St\u00e4ubemitteln verwenden.<\/li>\n<li data-section-id=\"6gi5g5\" data-start=\"1511\" data-end=\"1538\">Anwendung gem\u00e4\u00df den jeweiligen Produktanweisungen durchf\u00fchren.<\/li>\n<\/ul>\n","protected":false},"excerpt":{"rendered":"<p>Handst\u00e4ubepumpe \u2013 Pr\u00e4zises Ausbringen von St\u00e4ubemitteln Die Handst\u00e4ubepumpe ist das ideale Werkzeug f\u00fcr die gezielte und saubere Anwendung von St\u00e4ubepulvern in der WESPEN- und Sch\u00e4dlingsbek\u00e4mpfung. Dank durchdachtem Design erm\u00f6glicht sie eine pr\u00e4zise Ausbringung auch in schwer zug\u00e4nglichen Bereichen wie Fugen, Ritzen und Hohlr\u00e4umen. Ihre Vorteile auf einen Blick: Gezielte Anwendung von St\u00e4ubemitteln Leichtes &amp; handliches &hellip; <a href=\"https:\/\/www.nebily.com\/shop\/feuerwehr-produkte\/hand-staeubepumpe-neu-inkl-30cm-verlaengerungsrohr\/\">Continued<\/a><\/p>\n","protected":false},"featured_media":6158,"comment_status":"closed","ping_status":"closed","template":"","meta":[],"class_list":{"0":"post-913","1":"product","2":"type-product","3":"status-publish","4":"has-post-thumbnail","6":"product_cat-feuerwehr-produkte","7":"product_tag-geraet-fuer-staeube","8":"product_tag-geraet-fuer-staeubepulver","9":"product_tag-insekten-bekaempfen","10":"product_tag-staubepuder","11":"product_tag-wespen-bekaempfen","13":"first","14":"instock","15":"featured","16":"taxable","17":"shipping-taxable","18":"product-type-simple"},"yoast_head":"<!-- This site is optimized with the Yoast SEO plugin v25.1 - https:\/\/yoast.com\/wordpress\/plugins\/seo\/ -->\n<title>Handst\u00e4ubepumpe | NEBILY Online Shop<\/title>\n<meta name=\"description\" content=\"Handst\u00e4ubepumpe f\u00fcr pr\u00e4zises Ausbringen von St\u00e4ubemitteln. Ideal f\u00fcr Fugen, Ritzen zur WESPEN- &amp; Sch\u00e4dlingsbek\u00e4mpfung \u2013 inkl. 30 cm Verl\u00e4ngerungsrohr.\" \/>\n<meta name=\"robots\" content=\"index, follow, max-snippet:-1, max-image-preview:large, max-video-preview:-1\" \/>\n<link rel=\"canonical\" href=\"https:\/\/www.nebily.com\/shop\/feuerwehr-produkte\/hand-staeubepumpe-neu-inkl-30cm-verlaengerungsrohr\/\" \/>\n<meta property=\"og:locale\" content=\"de_DE\" \/>\n<meta property=\"og:type\" content=\"article\" \/>\n<meta property=\"og:title\" content=\"Handst\u00e4ubepumpe | NEBILY Online Shop\" \/>\n<meta property=\"og:description\" content=\"Handst\u00e4ubepumpe f\u00fcr pr\u00e4zises Ausbringen von St\u00e4ubemitteln. Ideal f\u00fcr Fugen, Ritzen zur WESPEN- &amp; Sch\u00e4dlingsbek\u00e4mpfung \u2013 inkl. 30 cm Verl\u00e4ngerungsrohr.\" \/>\n<meta property=\"og:url\" content=\"https:\/\/www.nebily.com\/shop\/feuerwehr-produkte\/hand-staeubepumpe-neu-inkl-30cm-verlaengerungsrohr\/\" \/>\n<meta property=\"og:site_name\" content=\"NEBILY Ges.m.b.H.\" \/>\n<meta property=\"article:publisher\" content=\"https:\/\/www.facebook.com\/NebilyGesmbH\/\" \/>\n<meta property=\"article:modified_time\" content=\"2026-04-26T18:06:49+00:00\" \/>\n<meta property=\"og:image\" content=\"https:\/\/www.nebily.com\/shop\/wp-content\/uploads\/NBVS0010_Handst\u00e4ubepumpe_gebogeneSpitze_2020.jpg\" \/>\n\t<meta property=\"og:image:width\" content=\"800\" \/>\n\t<meta property=\"og:image:height\" content=\"600\" \/>\n\t<meta property=\"og:image:type\" content=\"image\/jpeg\" \/>\n<meta name=\"twitter:card\" content=\"summary_large_image\" \/>\n<meta name=\"twitter:label1\" content=\"Gesch\u00e4tzte Lesezeit\" \/>\n\t<meta name=\"twitter:data1\" content=\"2\u00a0Minuten\" \/>\n<script type=\"application\/ld+json\" class=\"yoast-schema-graph\">{\"@context\":\"https:\/\/schema.org\",\"@graph\":[{\"@type\":\"WebPage\",\"@id\":\"https:\/\/www.nebily.com\/shop\/feuerwehr-produkte\/hand-staeubepumpe-neu-inkl-30cm-verlaengerungsrohr\/\",\"url\":\"https:\/\/www.nebily.com\/shop\/feuerwehr-produkte\/hand-staeubepumpe-neu-inkl-30cm-verlaengerungsrohr\/\",\"name\":\"Handst\u00e4ubepumpe | NEBILY Online Shop\",\"isPartOf\":{\"@id\":\"https:\/\/www.nebily.com\/shop\/#website\"},\"primaryImageOfPage\":{\"@id\":\"https:\/\/www.nebily.com\/shop\/feuerwehr-produkte\/hand-staeubepumpe-neu-inkl-30cm-verlaengerungsrohr\/#primaryimage\"},\"image\":{\"@id\":\"https:\/\/www.nebily.com\/shop\/feuerwehr-produkte\/hand-staeubepumpe-neu-inkl-30cm-verlaengerungsrohr\/#primaryimage\"},\"thumbnailUrl\":\"https:\/\/www.nebily.com\/shop\/wp-content\/uploads\/NBVS0010_Handst\u00e4ubepumpe_gebogeneSpitze_2020.jpg\",\"datePublished\":\"2015-09-15T16:35:46+00:00\",\"dateModified\":\"2026-04-26T18:06:49+00:00\",\"description\":\"Handst\u00e4ubepumpe f\u00fcr pr\u00e4zises Ausbringen von St\u00e4ubemitteln. Ideal f\u00fcr Fugen, Ritzen zur WESPEN- & Sch\u00e4dlingsbek\u00e4mpfung \u2013 inkl. 30 cm Verl\u00e4ngerungsrohr.\",\"breadcrumb\":{\"@id\":\"https:\/\/www.nebily.com\/shop\/feuerwehr-produkte\/hand-staeubepumpe-neu-inkl-30cm-verlaengerungsrohr\/#breadcrumb\"},\"inLanguage\":\"de\",\"potentialAction\":[{\"@type\":\"ReadAction\",\"target\":[\"https:\/\/www.nebily.com\/shop\/feuerwehr-produkte\/hand-staeubepumpe-neu-inkl-30cm-verlaengerungsrohr\/\"]}]},{\"@type\":\"ImageObject\",\"inLanguage\":\"de\",\"@id\":\"https:\/\/www.nebily.com\/shop\/feuerwehr-produkte\/hand-staeubepumpe-neu-inkl-30cm-verlaengerungsrohr\/#primaryimage\",\"url\":\"https:\/\/www.nebily.com\/shop\/wp-content\/uploads\/NBVS0010_Handst\u00e4ubepumpe_gebogeneSpitze_2020.jpg\",\"contentUrl\":\"https:\/\/www.nebily.com\/shop\/wp-content\/uploads\/NBVS0010_Handst\u00e4ubepumpe_gebogeneSpitze_2020.jpg\",\"width\":800,\"height\":600},{\"@type\":\"BreadcrumbList\",\"@id\":\"https:\/\/www.nebily.com\/shop\/feuerwehr-produkte\/hand-staeubepumpe-neu-inkl-30cm-verlaengerungsrohr\/#breadcrumb\",\"itemListElement\":[{\"@type\":\"ListItem\",\"position\":1,\"name\":\"Home\",\"item\":\"https:\/\/www.nebily.com\/shop\/\"},{\"@type\":\"ListItem\",\"position\":2,\"name\":\"Shop\",\"item\":\"https:\/\/www.nebily.com\/shop\/\"},{\"@type\":\"ListItem\",\"position\":3,\"name\":\"Hand-St\u00e4ubepumpe\"}]},{\"@type\":\"WebSite\",\"@id\":\"https:\/\/www.nebily.com\/shop\/#website\",\"url\":\"https:\/\/www.nebily.com\/shop\/\",\"name\":\"NEBILY Ges.m.b.H.\",\"description\":\"\",\"potentialAction\":[{\"@type\":\"SearchAction\",\"target\":{\"@type\":\"EntryPoint\",\"urlTemplate\":\"https:\/\/www.nebily.com\/shop\/?s={search_term_string}\"},\"query-input\":{\"@type\":\"PropertyValueSpecification\",\"valueRequired\":true,\"valueName\":\"search_term_string\"}}],\"inLanguage\":\"de\"}]}<\/script>\n<!-- \/ Yoast SEO plugin. -->","yoast_head_json":{"title":"Handst\u00e4ubepumpe | NEBILY Online Shop","description":"Handst\u00e4ubepumpe f\u00fcr pr\u00e4zises Ausbringen von St\u00e4ubemitteln. Ideal f\u00fcr Fugen, Ritzen zur WESPEN- & Sch\u00e4dlingsbek\u00e4mpfung \u2013 inkl. 30 cm Verl\u00e4ngerungsrohr.","robots":{"index":"index","follow":"follow","max-snippet":"max-snippet:-1","max-image-preview":"max-image-preview:large","max-video-preview":"max-video-preview:-1"},"canonical":"https:\/\/www.nebily.com\/shop\/feuerwehr-produkte\/hand-staeubepumpe-neu-inkl-30cm-verlaengerungsrohr\/","og_locale":"de_DE","og_type":"article","og_title":"Handst\u00e4ubepumpe | NEBILY Online Shop","og_description":"Handst\u00e4ubepumpe f\u00fcr pr\u00e4zises Ausbringen von St\u00e4ubemitteln. Ideal f\u00fcr Fugen, Ritzen zur WESPEN- & Sch\u00e4dlingsbek\u00e4mpfung \u2013 inkl. 30 cm Verl\u00e4ngerungsrohr.","og_url":"https:\/\/www.nebily.com\/shop\/feuerwehr-produkte\/hand-staeubepumpe-neu-inkl-30cm-verlaengerungsrohr\/","og_site_name":"NEBILY Ges.m.b.H.","article_publisher":"https:\/\/www.facebook.com\/NebilyGesmbH\/","article_modified_time":"2026-04-26T18:06:49+00:00","og_image":[{"width":800,"height":600,"url":"https:\/\/www.nebily.com\/shop\/wp-content\/uploads\/NBVS0010_Handst\u00e4ubepumpe_gebogeneSpitze_2020.jpg","type":"image\/jpeg"}],"twitter_card":"summary_large_image","twitter_misc":{"Gesch\u00e4tzte Lesezeit":"2\u00a0Minuten"},"schema":{"@context":"https:\/\/schema.org","@graph":[{"@type":"WebPage","@id":"https:\/\/www.nebily.com\/shop\/feuerwehr-produkte\/hand-staeubepumpe-neu-inkl-30cm-verlaengerungsrohr\/","url":"https:\/\/www.nebily.com\/shop\/feuerwehr-produkte\/hand-staeubepumpe-neu-inkl-30cm-verlaengerungsrohr\/","name":"Handst\u00e4ubepumpe | NEBILY Online Shop","isPartOf":{"@id":"https:\/\/www.nebily.com\/shop\/#website"},"primaryImageOfPage":{"@id":"https:\/\/www.nebily.com\/shop\/feuerwehr-produkte\/hand-staeubepumpe-neu-inkl-30cm-verlaengerungsrohr\/#primaryimage"},"image":{"@id":"https:\/\/www.nebily.com\/shop\/feuerwehr-produkte\/hand-staeubepumpe-neu-inkl-30cm-verlaengerungsrohr\/#primaryimage"},"thumbnailUrl":"https:\/\/www.nebily.com\/shop\/wp-content\/uploads\/NBVS0010_Handst\u00e4ubepumpe_gebogeneSpitze_2020.jpg","datePublished":"2015-09-15T16:35:46+00:00","dateModified":"2026-04-26T18:06:49+00:00","description":"Handst\u00e4ubepumpe f\u00fcr pr\u00e4zises Ausbringen von St\u00e4ubemitteln. Ideal f\u00fcr Fugen, Ritzen zur WESPEN- & Sch\u00e4dlingsbek\u00e4mpfung \u2013 inkl. 30 cm Verl\u00e4ngerungsrohr.","breadcrumb":{"@id":"https:\/\/www.nebily.com\/shop\/feuerwehr-produkte\/hand-staeubepumpe-neu-inkl-30cm-verlaengerungsrohr\/#breadcrumb"},"inLanguage":"de","potentialAction":[{"@type":"ReadAction","target":["https:\/\/www.nebily.com\/shop\/feuerwehr-produkte\/hand-staeubepumpe-neu-inkl-30cm-verlaengerungsrohr\/"]}]},{"@type":"ImageObject","inLanguage":"de","@id":"https:\/\/www.nebily.com\/shop\/feuerwehr-produkte\/hand-staeubepumpe-neu-inkl-30cm-verlaengerungsrohr\/#primaryimage","url":"https:\/\/www.nebily.com\/shop\/wp-content\/uploads\/NBVS0010_Handst\u00e4ubepumpe_gebogeneSpitze_2020.jpg","contentUrl":"https:\/\/www.nebily.com\/shop\/wp-content\/uploads\/NBVS0010_Handst\u00e4ubepumpe_gebogeneSpitze_2020.jpg","width":800,"height":600},{"@type":"BreadcrumbList","@id":"https:\/\/www.nebily.com\/shop\/feuerwehr-produkte\/hand-staeubepumpe-neu-inkl-30cm-verlaengerungsrohr\/#breadcrumb","itemListElement":[{"@type":"ListItem","position":1,"name":"Home","item":"https:\/\/www.nebily.com\/shop\/"},{"@type":"ListItem","position":2,"name":"Shop","item":"https:\/\/www.nebily.com\/shop\/"},{"@type":"ListItem","position":3,"name":"Hand-St\u00e4ubepumpe"}]},{"@type":"WebSite","@id":"https:\/\/www.nebily.com\/shop\/#website","url":"https:\/\/www.nebily.com\/shop\/","name":"NEBILY Ges.m.b.H.","description":"","potentialAction":[{"@type":"SearchAction","target":{"@type":"EntryPoint","urlTemplate":"https:\/\/www.nebily.com\/shop\/?s={search_term_string}"},"query-input":{"@type":"PropertyValueSpecification","valueRequired":true,"valueName":"search_term_string"}}],"inLanguage":"de"}]}},"_links":{"self":[{"href":"https:\/\/www.nebily.com\/shop\/wp-json\/wp\/v2\/product\/913","targetHints":{"allow":["GET"]}}],"collection":[{"href":"https:\/\/www.nebily.com\/shop\/wp-json\/wp\/v2\/product"}],"about":[{"href":"https:\/\/www.nebily.com\/shop\/wp-json\/wp\/v2\/types\/product"}],"replies":[{"embeddable":true,"href":"https:\/\/www.nebily.com\/shop\/wp-json\/wp\/v2\/comments?post=913"}],"wp:featuredmedia":[{"embeddable":true,"href":"https:\/\/www.nebily.com\/shop\/wp-json\/wp\/v2\/media\/6158"}],"wp:attachment":[{"href":"https:\/\/www.nebily.com\/shop\/wp-json\/wp\/v2\/media?parent=913"}],"curies":[{"name":"wp","href":"https:\/\/api.w.org\/{rel}","templated":true}]}}