{"id":902,"date":"2015-09-15T11:33:13","date_gmt":"2015-09-15T10:33:13","guid":{"rendered":"http:\/\/nebily.com.w013807b.kasserver.com\/shop\/unkategorisiert\/ameisen-granulat\/"},"modified":"2026-04-26T19:25:53","modified_gmt":"2026-04-26T18:25:53","slug":"ameisengranulat-natria-ameisen-streu-und-giessmittel","status":"publish","type":"product","link":"https:\/\/www.nebily.com\/shop\/kriechinsekten\/ameisengranulat-natria-ameisen-streu-und-giessmittel\/","title":{"rendered":"Ameisengranulat &#8211; Natria Ameisen Streu- und Gie\u00dfmittel (250g)"},"content":{"rendered":"<h1 data-section-id=\"hwiu8t\" data-start=\"0\" data-end=\"71\">Ameisengranulat \u2013 schnell und langanhaltend gegen kriechende Insekten<\/h1>\n<p data-start=\"73\" data-end=\"386\">Das Ameisengranulat wirkt zuverl\u00e4ssig gegen Ameisen sowie zahlreiche weitere kriechende Insekten wie Ameisen, Asseln, Spinnen, Tausendf\u00fc\u00dfler, Kakerlaken, Fl\u00f6he und Zecken. Es eignet sich ideal f\u00fcr den Einsatz in Au\u00dfenbereichen wie Terrassen, Wegen und Pl\u00e4tzen und \u00fcberzeugt durch seine schnelle und langanhaltende Wirkung.<\/p>\n<h2 data-section-id=\"16d7haf\" data-start=\"388\" data-end=\"421\">Ihre Vorteile auf einen Blick:<\/h2>\n<ul data-start=\"422\" data-end=\"690\">\n<li data-section-id=\"kpeq51\" data-start=\"422\" data-end=\"487\"><strong>Schnelle und langanhaltende Wirkung<\/strong> gegen kriechende Insekten<\/li>\n<li data-section-id=\"1c3a3q\" data-start=\"488\" data-end=\"529\"><strong>Vielseitig einsetzbar<\/strong> im Au\u00dfenbereich<\/li>\n<li data-section-id=\"shf4uz\" data-start=\"530\" data-end=\"593\">Wirksam gegen Ameisen, Asseln, Spinnen, Kakerlaken und mehr<\/li>\n<li data-section-id=\"jwdrp0\" data-start=\"594\" data-end=\"631\">Geruchsarm und anwenderfreundlich<\/li>\n<li data-section-id=\"zkhfe4\" data-start=\"632\" data-end=\"690\">Einfache Anwendung als Streu-, Gie\u00df- oder Spritzmittel<\/li>\n<\/ul>\n<h3 data-section-id=\"jn7m65\" data-start=\"692\" data-end=\"712\"><span role=\"text\">Wirkprinzip:<\/span><\/h3>\n<p data-start=\"714\" data-end=\"959\">Die enthaltenen Wirkstoffe wirken auf die betroffenen Insekten nach Kontaktaufnahme. Dadurch werden die Tiere effektiv bek\u00e4mpft und die Ausbreitung reduziert. Die Wirkung setzt innerhalb kurzer Zeit ein und entfaltet eine nachhaltige Bek\u00e4mpfung.<\/p>\n<h3 data-section-id=\"ogejnb\" data-start=\"961\" data-end=\"979\"><span role=\"text\">Anwendung:<\/span><\/h3>\n<p data-start=\"981\" data-end=\"1201\">Das Granulat kann je nach Bedarf als Streu-, Gie\u00df- oder Spritzmittel eingesetzt werden. Es wird auf Laufwege oder direkt in betroffene Bereiche ausgebracht. Bei starkem Befall ist eine wiederholte Anwendung erforderlich.<\/p>\n<p data-start=\"1203\" data-end=\"1355\"><strong>Aufwandmenge:<\/strong><br data-start=\"1215\" data-end=\"1218\" \/>Streumittel: ca. 20 g\/m\u00b2<br data-start=\"1242\" data-end=\"1245\" \/>Gie\u00dfmittel: 20 g in 1 Liter Wasser, 1 Liter pro m\u00b2<br data-start=\"1295\" data-end=\"1298\" \/>Spritzmittel: 100 g in 1 Liter Wasser, 1 Liter pro 5 m\u00b2<\/p>\n<p data-start=\"1357\" data-end=\"1585\">\ud83d\udce6 <strong data-start=\"1360\" data-end=\"1379\">Produktdetails:<\/strong><\/p>\n<ul>\n<li data-start=\"1357\" data-end=\"1585\">Ameisengranulat mit Insektizidwirkung<\/li>\n<li data-start=\"1357\" data-end=\"1585\">Wirkstoffe: Pyrethrum 0,25 g\/kg, Piperonylbutoxid 1,25 g\/kg<\/li>\n<li data-start=\"1357\" data-end=\"1585\">F\u00fcr Au\u00dfenbereiche geeignet (Terrassen, Wege, Pl\u00e4tze)<\/li>\n<li data-start=\"1357\" data-end=\"1585\">Wirksam gegen zahlreiche kriechende Insekten<\/li>\n<\/ul>\n<p data-start=\"1587\" data-end=\"1919\">\u26a0\ufe0f <strong data-start=\"1590\" data-end=\"1611\">Wichtige Hinweise: <\/strong><\/p>\n<ul>\n<li data-start=\"1587\" data-end=\"1919\">Bei Regen oder Reinigung behandelte Fl\u00e4chen erneut behandeln, um die Wirkung sicherzustellen. B<\/li>\n<li data-start=\"1587\" data-end=\"1919\">ei starkem Befall ist eine Wiederholung nach 2\u20133 Wochen empfehlenswert.<\/li>\n<li data-start=\"1587\" data-end=\"1919\">Direkten Kontakt vermeiden und Schutzhandschuhe tragen.<\/li>\n<\/ul>\n<p data-start=\"1587\" data-end=\"1919\"><strong>Wichtig: Haustiere und Kinder w\u00e4hrend der Anwendung, von behandelten Fl\u00e4chen und dem Produkt fernhalten. Direkten Kontakt vermeiden und Schutzhandschuhe tragen.<\/strong><\/p>\n<hr \/>\n<p>Sicherheitsdatenblatt:<\/p>\n\n<!-- Generated using Document Gallery. Get yours here: http:\/\/wordpress.org\/extend\/plugins\/document-gallery -->\n<div id=\"document-gallery-1\" class=\"document-gallery\" data-shortcode='{\"id\":902,\"include\":\"7051\",\"exclude\":\"\",\"columns\":4,\"descriptions\":false,\"fancy\":true,\"order\":\"ASC\",\"orderby\":\"post__in\",\"relation\":\"AND\",\"limit\":-1,\"mime_types\":\"application,video,text,audio,image\",\"new_window\":true,\"post_status\":\"any\",\"post_type\":\"attachment\",\"attachment_pg\":false,\"paginate\":true,\"skip\":0}' data-icon-width='24'>\n<div class='document-icon-row'>\n   <div class=\"document-icon\">\n      <a href=\"https:\/\/www.nebily.com\/shop\/wp-content\/uploads\/SDB_Natria_Ameisengranulat_JOZF00022_11-2020.pdf\" target=\"_blank\">\n         <img decoding=\"async\" src=\"https:\/\/www.nebily.com\/shop\/wp-content\/uploads\/SDB_Natria_Ameisengranulat_JOZF00022_11-2020-thumb.png\" title=\"SDB_Natria_Ameisengranulat_JOZF00022_11-2020\" alt=\"SDB_Natria_Ameisengranulat_JOZF00022_11-2020\" data-ext=\"pdf\"\/>\n         <span class=\"title\">SDB_Natria_Ameisengranulat_JOZF00022_11-2020<\/span>\n      <\/a>\n   <\/div>\n\n<\/div>\n<\/div>\n","protected":false},"excerpt":{"rendered":"<p>Ameisengranulat \u2013 schnell und langanhaltend gegen kriechende Insekten Das Ameisengranulat wirkt zuverl\u00e4ssig gegen Ameisen sowie zahlreiche weitere kriechende Insekten wie Ameisen, Asseln, Spinnen, Tausendf\u00fc\u00dfler, Kakerlaken, Fl\u00f6he und Zecken. Es eignet sich ideal f\u00fcr den Einsatz in Au\u00dfenbereichen wie Terrassen, Wegen und Pl\u00e4tzen und \u00fcberzeugt durch seine schnelle und langanhaltende Wirkung. Ihre Vorteile auf einen Blick: &hellip; <a href=\"https:\/\/www.nebily.com\/shop\/kriechinsekten\/ameisengranulat-natria-ameisen-streu-und-giessmittel\/\">Continued<\/a><\/p>\n","protected":false},"featured_media":6461,"comment_status":"closed","ping_status":"closed","template":"","meta":[],"class_list":{"0":"post-902","1":"product","2":"type-product","3":"status-publish","4":"has-post-thumbnail","6":"product_cat-kriechinsekten","7":"product_tag-ameisen-bekaempfen","8":"product_tag-ameisen-im-garten","9":"product_tag-asseln-bekaempfen","10":"product_tag-asseln-im-keller","11":"product_tag-ohrenschluepfer-im-garten","12":"product_tag-streumittel-gegen-ameisen","14":"first","15":"instock","16":"sale","17":"taxable","18":"shipping-taxable","19":"product-type-simple"},"yoast_head":"<!-- This site is optimized with the Yoast SEO plugin v25.1 - https:\/\/yoast.com\/wordpress\/plugins\/seo\/ -->\n<title>Natria Ameisengranulat - sicher, effektiv | NEBILY Online Shop<\/title>\n<meta name=\"description\" content=\"Ameisengranulat wirkt schnell, geruchlos und lang anhaltend gegen kriechende Insekten wie Ameisen, Asseln, Spinnen, Tausendf\u00fc\u00dfler im gesamten Au\u00dfenbereich.\" \/>\n<meta name=\"robots\" content=\"index, follow, max-snippet:-1, max-image-preview:large, max-video-preview:-1\" \/>\n<link rel=\"canonical\" href=\"https:\/\/www.nebily.com\/shop\/kriechinsekten\/ameisengranulat-natria-ameisen-streu-und-giessmittel\/\" \/>\n<meta property=\"og:locale\" content=\"de_DE\" \/>\n<meta property=\"og:type\" content=\"article\" \/>\n<meta property=\"og:title\" content=\"Natria Ameisengranulat - sicher, effektiv | NEBILY Online Shop\" \/>\n<meta property=\"og:description\" content=\"Ameisengranulat wirkt schnell, geruchlos und lang anhaltend gegen kriechende Insekten wie Ameisen, Asseln, Spinnen, Tausendf\u00fc\u00dfler im gesamten Au\u00dfenbereich.\" \/>\n<meta property=\"og:url\" content=\"https:\/\/www.nebily.com\/shop\/kriechinsekten\/ameisengranulat-natria-ameisen-streu-und-giessmittel\/\" \/>\n<meta property=\"og:site_name\" content=\"NEBILY Ges.m.b.H.\" \/>\n<meta property=\"article:publisher\" content=\"https:\/\/www.facebook.com\/NebilyGesmbH\/\" \/>\n<meta property=\"article:modified_time\" content=\"2026-04-26T18:25:53+00:00\" \/>\n<meta property=\"og:image\" content=\"https:\/\/www.nebily.com\/shop\/wp-content\/uploads\/Produkt_JOZF00022_Natria_Ameisengranulat_2020.jpg\" \/>\n\t<meta property=\"og:image:width\" content=\"800\" \/>\n\t<meta property=\"og:image:height\" content=\"600\" \/>\n\t<meta property=\"og:image:type\" content=\"image\/jpeg\" \/>\n<meta name=\"twitter:card\" content=\"summary_large_image\" \/>\n<meta name=\"twitter:label1\" content=\"Gesch\u00e4tzte Lesezeit\" \/>\n\t<meta name=\"twitter:data1\" content=\"2\u00a0Minuten\" \/>\n<script type=\"application\/ld+json\" class=\"yoast-schema-graph\">{\"@context\":\"https:\/\/schema.org\",\"@graph\":[{\"@type\":\"WebPage\",\"@id\":\"https:\/\/www.nebily.com\/shop\/kriechinsekten\/ameisengranulat-natria-ameisen-streu-und-giessmittel\/\",\"url\":\"https:\/\/www.nebily.com\/shop\/kriechinsekten\/ameisengranulat-natria-ameisen-streu-und-giessmittel\/\",\"name\":\"Natria Ameisengranulat - sicher, effektiv | NEBILY Online Shop\",\"isPartOf\":{\"@id\":\"https:\/\/www.nebily.com\/shop\/#website\"},\"primaryImageOfPage\":{\"@id\":\"https:\/\/www.nebily.com\/shop\/kriechinsekten\/ameisengranulat-natria-ameisen-streu-und-giessmittel\/#primaryimage\"},\"image\":{\"@id\":\"https:\/\/www.nebily.com\/shop\/kriechinsekten\/ameisengranulat-natria-ameisen-streu-und-giessmittel\/#primaryimage\"},\"thumbnailUrl\":\"https:\/\/www.nebily.com\/shop\/wp-content\/uploads\/Produkt_JOZF00022_Natria_Ameisengranulat_2020.jpg\",\"datePublished\":\"2015-09-15T10:33:13+00:00\",\"dateModified\":\"2026-04-26T18:25:53+00:00\",\"description\":\"Ameisengranulat wirkt schnell, geruchlos und lang anhaltend gegen kriechende Insekten wie Ameisen, Asseln, Spinnen, Tausendf\u00fc\u00dfler im gesamten Au\u00dfenbereich.\",\"breadcrumb\":{\"@id\":\"https:\/\/www.nebily.com\/shop\/kriechinsekten\/ameisengranulat-natria-ameisen-streu-und-giessmittel\/#breadcrumb\"},\"inLanguage\":\"de\",\"potentialAction\":[{\"@type\":\"ReadAction\",\"target\":[\"https:\/\/www.nebily.com\/shop\/kriechinsekten\/ameisengranulat-natria-ameisen-streu-und-giessmittel\/\"]}]},{\"@type\":\"ImageObject\",\"inLanguage\":\"de\",\"@id\":\"https:\/\/www.nebily.com\/shop\/kriechinsekten\/ameisengranulat-natria-ameisen-streu-und-giessmittel\/#primaryimage\",\"url\":\"https:\/\/www.nebily.com\/shop\/wp-content\/uploads\/Produkt_JOZF00022_Natria_Ameisengranulat_2020.jpg\",\"contentUrl\":\"https:\/\/www.nebily.com\/shop\/wp-content\/uploads\/Produkt_JOZF00022_Natria_Ameisengranulat_2020.jpg\",\"width\":800,\"height\":600},{\"@type\":\"BreadcrumbList\",\"@id\":\"https:\/\/www.nebily.com\/shop\/kriechinsekten\/ameisengranulat-natria-ameisen-streu-und-giessmittel\/#breadcrumb\",\"itemListElement\":[{\"@type\":\"ListItem\",\"position\":1,\"name\":\"Home\",\"item\":\"https:\/\/www.nebily.com\/shop\/\"},{\"@type\":\"ListItem\",\"position\":2,\"name\":\"Shop\",\"item\":\"https:\/\/www.nebily.com\/shop\/\"},{\"@type\":\"ListItem\",\"position\":3,\"name\":\"Ameisengranulat &#8211; Natria Ameisen Streu- und Gie\u00dfmittel (250g)\"}]},{\"@type\":\"WebSite\",\"@id\":\"https:\/\/www.nebily.com\/shop\/#website\",\"url\":\"https:\/\/www.nebily.com\/shop\/\",\"name\":\"NEBILY Ges.m.b.H.\",\"description\":\"\",\"potentialAction\":[{\"@type\":\"SearchAction\",\"target\":{\"@type\":\"EntryPoint\",\"urlTemplate\":\"https:\/\/www.nebily.com\/shop\/?s={search_term_string}\"},\"query-input\":{\"@type\":\"PropertyValueSpecification\",\"valueRequired\":true,\"valueName\":\"search_term_string\"}}],\"inLanguage\":\"de\"}]}<\/script>\n<!-- \/ Yoast SEO plugin. -->","yoast_head_json":{"title":"Natria Ameisengranulat - sicher, effektiv | NEBILY Online Shop","description":"Ameisengranulat wirkt schnell, geruchlos und lang anhaltend gegen kriechende Insekten wie Ameisen, Asseln, Spinnen, Tausendf\u00fc\u00dfler im gesamten Au\u00dfenbereich.","robots":{"index":"index","follow":"follow","max-snippet":"max-snippet:-1","max-image-preview":"max-image-preview:large","max-video-preview":"max-video-preview:-1"},"canonical":"https:\/\/www.nebily.com\/shop\/kriechinsekten\/ameisengranulat-natria-ameisen-streu-und-giessmittel\/","og_locale":"de_DE","og_type":"article","og_title":"Natria Ameisengranulat - sicher, effektiv | NEBILY Online Shop","og_description":"Ameisengranulat wirkt schnell, geruchlos und lang anhaltend gegen kriechende Insekten wie Ameisen, Asseln, Spinnen, Tausendf\u00fc\u00dfler im gesamten Au\u00dfenbereich.","og_url":"https:\/\/www.nebily.com\/shop\/kriechinsekten\/ameisengranulat-natria-ameisen-streu-und-giessmittel\/","og_site_name":"NEBILY Ges.m.b.H.","article_publisher":"https:\/\/www.facebook.com\/NebilyGesmbH\/","article_modified_time":"2026-04-26T18:25:53+00:00","og_image":[{"width":800,"height":600,"url":"https:\/\/www.nebily.com\/shop\/wp-content\/uploads\/Produkt_JOZF00022_Natria_Ameisengranulat_2020.jpg","type":"image\/jpeg"}],"twitter_card":"summary_large_image","twitter_misc":{"Gesch\u00e4tzte Lesezeit":"2\u00a0Minuten"},"schema":{"@context":"https:\/\/schema.org","@graph":[{"@type":"WebPage","@id":"https:\/\/www.nebily.com\/shop\/kriechinsekten\/ameisengranulat-natria-ameisen-streu-und-giessmittel\/","url":"https:\/\/www.nebily.com\/shop\/kriechinsekten\/ameisengranulat-natria-ameisen-streu-und-giessmittel\/","name":"Natria Ameisengranulat - sicher, effektiv | NEBILY Online Shop","isPartOf":{"@id":"https:\/\/www.nebily.com\/shop\/#website"},"primaryImageOfPage":{"@id":"https:\/\/www.nebily.com\/shop\/kriechinsekten\/ameisengranulat-natria-ameisen-streu-und-giessmittel\/#primaryimage"},"image":{"@id":"https:\/\/www.nebily.com\/shop\/kriechinsekten\/ameisengranulat-natria-ameisen-streu-und-giessmittel\/#primaryimage"},"thumbnailUrl":"https:\/\/www.nebily.com\/shop\/wp-content\/uploads\/Produkt_JOZF00022_Natria_Ameisengranulat_2020.jpg","datePublished":"2015-09-15T10:33:13+00:00","dateModified":"2026-04-26T18:25:53+00:00","description":"Ameisengranulat wirkt schnell, geruchlos und lang anhaltend gegen kriechende Insekten wie Ameisen, Asseln, Spinnen, Tausendf\u00fc\u00dfler im gesamten Au\u00dfenbereich.","breadcrumb":{"@id":"https:\/\/www.nebily.com\/shop\/kriechinsekten\/ameisengranulat-natria-ameisen-streu-und-giessmittel\/#breadcrumb"},"inLanguage":"de","potentialAction":[{"@type":"ReadAction","target":["https:\/\/www.nebily.com\/shop\/kriechinsekten\/ameisengranulat-natria-ameisen-streu-und-giessmittel\/"]}]},{"@type":"ImageObject","inLanguage":"de","@id":"https:\/\/www.nebily.com\/shop\/kriechinsekten\/ameisengranulat-natria-ameisen-streu-und-giessmittel\/#primaryimage","url":"https:\/\/www.nebily.com\/shop\/wp-content\/uploads\/Produkt_JOZF00022_Natria_Ameisengranulat_2020.jpg","contentUrl":"https:\/\/www.nebily.com\/shop\/wp-content\/uploads\/Produkt_JOZF00022_Natria_Ameisengranulat_2020.jpg","width":800,"height":600},{"@type":"BreadcrumbList","@id":"https:\/\/www.nebily.com\/shop\/kriechinsekten\/ameisengranulat-natria-ameisen-streu-und-giessmittel\/#breadcrumb","itemListElement":[{"@type":"ListItem","position":1,"name":"Home","item":"https:\/\/www.nebily.com\/shop\/"},{"@type":"ListItem","position":2,"name":"Shop","item":"https:\/\/www.nebily.com\/shop\/"},{"@type":"ListItem","position":3,"name":"Ameisengranulat &#8211; Natria Ameisen Streu- und Gie\u00dfmittel (250g)"}]},{"@type":"WebSite","@id":"https:\/\/www.nebily.com\/shop\/#website","url":"https:\/\/www.nebily.com\/shop\/","name":"NEBILY Ges.m.b.H.","description":"","potentialAction":[{"@type":"SearchAction","target":{"@type":"EntryPoint","urlTemplate":"https:\/\/www.nebily.com\/shop\/?s={search_term_string}"},"query-input":{"@type":"PropertyValueSpecification","valueRequired":true,"valueName":"search_term_string"}}],"inLanguage":"de"}]}},"_links":{"self":[{"href":"https:\/\/www.nebily.com\/shop\/wp-json\/wp\/v2\/product\/902","targetHints":{"allow":["GET"]}}],"collection":[{"href":"https:\/\/www.nebily.com\/shop\/wp-json\/wp\/v2\/product"}],"about":[{"href":"https:\/\/www.nebily.com\/shop\/wp-json\/wp\/v2\/types\/product"}],"replies":[{"embeddable":true,"href":"https:\/\/www.nebily.com\/shop\/wp-json\/wp\/v2\/comments?post=902"}],"wp:featuredmedia":[{"embeddable":true,"href":"https:\/\/www.nebily.com\/shop\/wp-json\/wp\/v2\/media\/6461"}],"wp:attachment":[{"href":"https:\/\/www.nebily.com\/shop\/wp-json\/wp\/v2\/media?parent=902"}],"curies":[{"name":"wp","href":"https:\/\/api.w.org\/{rel}","templated":true}]}}