{"id":873,"date":"2015-09-14T15:18:32","date_gmt":"2015-09-14T14:18:32","guid":{"rendered":"http:\/\/nebily.com.w013807b.kasserver.com\/?post_type=product&#038;p=873"},"modified":"2025-11-17T14:25:04","modified_gmt":"2025-11-17T13:25:04","slug":"visierbox-mit-mausefalle","status":"publish","type":"product","link":"https:\/\/www.nebily.com\/shop\/nagetiere\/visierbox-mit-mausefalle\/","title":{"rendered":"Visierbox mit Mausefalle &#8211; Schlagfalle in der Sichtbox"},"content":{"rendered":"<p>Die praktische M\u00e4usebox zum Aufstellen mit Schlagfalle.<\/p>\n<p>Diese Visier-Sichtbox wird bereits mit Schlagfalle ausgeliefert. Sie l\u00e4sst sich versperren und ist so vor unbefugtem Zugriff gesch\u00fctzt. So kann sie einfach und sicher zur Anwendung gebracht werden. Dank dem transpareten Material ist eine Kontrolle jederzeit m\u00f6glich ohne die Box zu \u00f6ffnen.<\/p>\n<p>Ideal f\u00fcr Endanwender, oder wenn nicht mit Fra\u00dfk\u00f6dern gearbeitet werden kann.<\/p>\n<p>Folgende K\u00f6der k\u00f6nnen als Lockstoff f\u00fcr die Schlagfalle verwendet werden:<\/p>\n<ul>\n<li><a href=\"https:\/\/www.nebily.com\/shop\/neuheiten\/duftkoeder-snapem-fuer-schlagfalle\/\">Duftk\u00f6der Tabs SnapEm<\/a><\/li>\n<li><a href=\"https:\/\/www.nebily.com\/shop\/zubehoer\/provoke-duftkoeder\/\">Provoke-Duftgel<\/a><\/li>\n<\/ul>\n","protected":false},"excerpt":{"rendered":"<p>Die praktische M\u00e4usebox zum Aufstellen mit Schlagfalle. Diese Visier-Sichtbox wird bereits mit Schlagfalle ausgeliefert. Sie l\u00e4sst sich versperren und ist so vor unbefugtem Zugriff gesch\u00fctzt. So kann sie einfach und sicher zur Anwendung gebracht werden. Dank dem transpareten Material ist eine Kontrolle jederzeit m\u00f6glich ohne die Box zu \u00f6ffnen. Ideal f\u00fcr Endanwender, oder wenn nicht &hellip; <a href=\"https:\/\/www.nebily.com\/shop\/nagetiere\/visierbox-mit-mausefalle\/\">Continued<\/a><\/p>\n","protected":false},"featured_media":7438,"comment_status":"closed","ping_status":"closed","template":"","meta":[],"class_list":{"0":"post-873","1":"product","2":"type-product","3":"status-publish","4":"has-post-thumbnail","6":"product_cat-schaedlingsvorsorge-haccp","7":"product_cat-nagetiere","9":"first","10":"instock","11":"sale","12":"taxable","13":"shipping-taxable","14":"product-type-variable"},"yoast_head":"<!-- This site is optimized with the Yoast SEO plugin v25.1 - https:\/\/yoast.com\/wordpress\/plugins\/seo\/ -->\n<title>Visierbox mit Mausefalle | NEBILY Online Shop<\/title>\n<meta name=\"description\" content=\"Die M\u00e4usebox mit Schlagfalle. Versperrbar, einfach und sicher in der Anwendung. Kann durch das transparete Material jederzeit kontrolliert werden.\" \/>\n<meta name=\"robots\" content=\"index, follow, max-snippet:-1, max-image-preview:large, max-video-preview:-1\" \/>\n<link rel=\"canonical\" href=\"https:\/\/www.nebily.com\/shop\/nagetiere\/visierbox-mit-mausefalle\/\" \/>\n<meta property=\"og:locale\" content=\"de_DE\" \/>\n<meta property=\"og:type\" content=\"article\" \/>\n<meta property=\"og:title\" content=\"Visierbox mit Mausefalle | NEBILY Online Shop\" \/>\n<meta property=\"og:description\" content=\"Die M\u00e4usebox mit Schlagfalle. Versperrbar, einfach und sicher in der Anwendung. Kann durch das transparete Material jederzeit kontrolliert werden.\" \/>\n<meta property=\"og:url\" content=\"https:\/\/www.nebily.com\/shop\/nagetiere\/visierbox-mit-mausefalle\/\" \/>\n<meta property=\"og:site_name\" content=\"NEBILY Ges.m.b.H.\" \/>\n<meta property=\"article:publisher\" content=\"https:\/\/www.facebook.com\/NebilyGesmbH\/\" \/>\n<meta property=\"article:modified_time\" content=\"2025-11-17T13:25:04+00:00\" \/>\n<meta property=\"og:image\" content=\"https:\/\/www.nebily.com\/shop\/wp-content\/uploads\/Produkt_NBVS030_Visirbox_mit-Schlagfalle_Katalog-2021.jpg\" \/>\n\t<meta property=\"og:image:width\" content=\"800\" \/>\n\t<meta property=\"og:image:height\" content=\"600\" \/>\n\t<meta property=\"og:image:type\" content=\"image\/jpeg\" \/>\n<meta name=\"twitter:card\" content=\"summary_large_image\" \/>\n<meta name=\"twitter:label1\" content=\"Gesch\u00e4tzte Lesezeit\" \/>\n\t<meta name=\"twitter:data1\" content=\"1\u00a0Minute\" \/>\n<script type=\"application\/ld+json\" class=\"yoast-schema-graph\">{\"@context\":\"https:\/\/schema.org\",\"@graph\":[{\"@type\":\"WebPage\",\"@id\":\"https:\/\/www.nebily.com\/shop\/nagetiere\/visierbox-mit-mausefalle\/\",\"url\":\"https:\/\/www.nebily.com\/shop\/nagetiere\/visierbox-mit-mausefalle\/\",\"name\":\"Visierbox mit Mausefalle | NEBILY Online Shop\",\"isPartOf\":{\"@id\":\"https:\/\/www.nebily.com\/shop\/#website\"},\"primaryImageOfPage\":{\"@id\":\"https:\/\/www.nebily.com\/shop\/nagetiere\/visierbox-mit-mausefalle\/#primaryimage\"},\"image\":{\"@id\":\"https:\/\/www.nebily.com\/shop\/nagetiere\/visierbox-mit-mausefalle\/#primaryimage\"},\"thumbnailUrl\":\"https:\/\/www.nebily.com\/shop\/wp-content\/uploads\/Produkt_NBVS030_Visirbox_mit-Schlagfalle_Katalog-2021.jpg\",\"datePublished\":\"2015-09-14T14:18:32+00:00\",\"dateModified\":\"2025-11-17T13:25:04+00:00\",\"description\":\"Die M\u00e4usebox mit Schlagfalle. Versperrbar, einfach und sicher in der Anwendung. Kann durch das transparete Material jederzeit kontrolliert werden.\",\"breadcrumb\":{\"@id\":\"https:\/\/www.nebily.com\/shop\/nagetiere\/visierbox-mit-mausefalle\/#breadcrumb\"},\"inLanguage\":\"de\",\"potentialAction\":[{\"@type\":\"ReadAction\",\"target\":[\"https:\/\/www.nebily.com\/shop\/nagetiere\/visierbox-mit-mausefalle\/\"]}]},{\"@type\":\"ImageObject\",\"inLanguage\":\"de\",\"@id\":\"https:\/\/www.nebily.com\/shop\/nagetiere\/visierbox-mit-mausefalle\/#primaryimage\",\"url\":\"https:\/\/www.nebily.com\/shop\/wp-content\/uploads\/Produkt_NBVS030_Visirbox_mit-Schlagfalle_Katalog-2021.jpg\",\"contentUrl\":\"https:\/\/www.nebily.com\/shop\/wp-content\/uploads\/Produkt_NBVS030_Visirbox_mit-Schlagfalle_Katalog-2021.jpg\",\"width\":800,\"height\":600},{\"@type\":\"BreadcrumbList\",\"@id\":\"https:\/\/www.nebily.com\/shop\/nagetiere\/visierbox-mit-mausefalle\/#breadcrumb\",\"itemListElement\":[{\"@type\":\"ListItem\",\"position\":1,\"name\":\"Home\",\"item\":\"https:\/\/www.nebily.com\/shop\/\"},{\"@type\":\"ListItem\",\"position\":2,\"name\":\"Shop\",\"item\":\"https:\/\/www.nebily.com\/shop\/\"},{\"@type\":\"ListItem\",\"position\":3,\"name\":\"Visierbox mit Mausefalle &#8211; Schlagfalle in der Sichtbox\"}]},{\"@type\":\"WebSite\",\"@id\":\"https:\/\/www.nebily.com\/shop\/#website\",\"url\":\"https:\/\/www.nebily.com\/shop\/\",\"name\":\"NEBILY Ges.m.b.H.\",\"description\":\"\",\"potentialAction\":[{\"@type\":\"SearchAction\",\"target\":{\"@type\":\"EntryPoint\",\"urlTemplate\":\"https:\/\/www.nebily.com\/shop\/?s={search_term_string}\"},\"query-input\":{\"@type\":\"PropertyValueSpecification\",\"valueRequired\":true,\"valueName\":\"search_term_string\"}}],\"inLanguage\":\"de\"}]}<\/script>\n<!-- \/ Yoast SEO plugin. -->","yoast_head_json":{"title":"Visierbox mit Mausefalle | NEBILY Online Shop","description":"Die M\u00e4usebox mit Schlagfalle. Versperrbar, einfach und sicher in der Anwendung. Kann durch das transparete Material jederzeit kontrolliert werden.","robots":{"index":"index","follow":"follow","max-snippet":"max-snippet:-1","max-image-preview":"max-image-preview:large","max-video-preview":"max-video-preview:-1"},"canonical":"https:\/\/www.nebily.com\/shop\/nagetiere\/visierbox-mit-mausefalle\/","og_locale":"de_DE","og_type":"article","og_title":"Visierbox mit Mausefalle | NEBILY Online Shop","og_description":"Die M\u00e4usebox mit Schlagfalle. Versperrbar, einfach und sicher in der Anwendung. Kann durch das transparete Material jederzeit kontrolliert werden.","og_url":"https:\/\/www.nebily.com\/shop\/nagetiere\/visierbox-mit-mausefalle\/","og_site_name":"NEBILY Ges.m.b.H.","article_publisher":"https:\/\/www.facebook.com\/NebilyGesmbH\/","article_modified_time":"2025-11-17T13:25:04+00:00","og_image":[{"width":800,"height":600,"url":"https:\/\/www.nebily.com\/shop\/wp-content\/uploads\/Produkt_NBVS030_Visirbox_mit-Schlagfalle_Katalog-2021.jpg","type":"image\/jpeg"}],"twitter_card":"summary_large_image","twitter_misc":{"Gesch\u00e4tzte Lesezeit":"1\u00a0Minute"},"schema":{"@context":"https:\/\/schema.org","@graph":[{"@type":"WebPage","@id":"https:\/\/www.nebily.com\/shop\/nagetiere\/visierbox-mit-mausefalle\/","url":"https:\/\/www.nebily.com\/shop\/nagetiere\/visierbox-mit-mausefalle\/","name":"Visierbox mit Mausefalle | NEBILY Online Shop","isPartOf":{"@id":"https:\/\/www.nebily.com\/shop\/#website"},"primaryImageOfPage":{"@id":"https:\/\/www.nebily.com\/shop\/nagetiere\/visierbox-mit-mausefalle\/#primaryimage"},"image":{"@id":"https:\/\/www.nebily.com\/shop\/nagetiere\/visierbox-mit-mausefalle\/#primaryimage"},"thumbnailUrl":"https:\/\/www.nebily.com\/shop\/wp-content\/uploads\/Produkt_NBVS030_Visirbox_mit-Schlagfalle_Katalog-2021.jpg","datePublished":"2015-09-14T14:18:32+00:00","dateModified":"2025-11-17T13:25:04+00:00","description":"Die M\u00e4usebox mit Schlagfalle. Versperrbar, einfach und sicher in der Anwendung. Kann durch das transparete Material jederzeit kontrolliert werden.","breadcrumb":{"@id":"https:\/\/www.nebily.com\/shop\/nagetiere\/visierbox-mit-mausefalle\/#breadcrumb"},"inLanguage":"de","potentialAction":[{"@type":"ReadAction","target":["https:\/\/www.nebily.com\/shop\/nagetiere\/visierbox-mit-mausefalle\/"]}]},{"@type":"ImageObject","inLanguage":"de","@id":"https:\/\/www.nebily.com\/shop\/nagetiere\/visierbox-mit-mausefalle\/#primaryimage","url":"https:\/\/www.nebily.com\/shop\/wp-content\/uploads\/Produkt_NBVS030_Visirbox_mit-Schlagfalle_Katalog-2021.jpg","contentUrl":"https:\/\/www.nebily.com\/shop\/wp-content\/uploads\/Produkt_NBVS030_Visirbox_mit-Schlagfalle_Katalog-2021.jpg","width":800,"height":600},{"@type":"BreadcrumbList","@id":"https:\/\/www.nebily.com\/shop\/nagetiere\/visierbox-mit-mausefalle\/#breadcrumb","itemListElement":[{"@type":"ListItem","position":1,"name":"Home","item":"https:\/\/www.nebily.com\/shop\/"},{"@type":"ListItem","position":2,"name":"Shop","item":"https:\/\/www.nebily.com\/shop\/"},{"@type":"ListItem","position":3,"name":"Visierbox mit Mausefalle &#8211; Schlagfalle in der Sichtbox"}]},{"@type":"WebSite","@id":"https:\/\/www.nebily.com\/shop\/#website","url":"https:\/\/www.nebily.com\/shop\/","name":"NEBILY Ges.m.b.H.","description":"","potentialAction":[{"@type":"SearchAction","target":{"@type":"EntryPoint","urlTemplate":"https:\/\/www.nebily.com\/shop\/?s={search_term_string}"},"query-input":{"@type":"PropertyValueSpecification","valueRequired":true,"valueName":"search_term_string"}}],"inLanguage":"de"}]}},"_links":{"self":[{"href":"https:\/\/www.nebily.com\/shop\/wp-json\/wp\/v2\/product\/873","targetHints":{"allow":["GET"]}}],"collection":[{"href":"https:\/\/www.nebily.com\/shop\/wp-json\/wp\/v2\/product"}],"about":[{"href":"https:\/\/www.nebily.com\/shop\/wp-json\/wp\/v2\/types\/product"}],"replies":[{"embeddable":true,"href":"https:\/\/www.nebily.com\/shop\/wp-json\/wp\/v2\/comments?post=873"}],"wp:featuredmedia":[{"embeddable":true,"href":"https:\/\/www.nebily.com\/shop\/wp-json\/wp\/v2\/media\/7438"}],"wp:attachment":[{"href":"https:\/\/www.nebily.com\/shop\/wp-json\/wp\/v2\/media?parent=873"}],"curies":[{"name":"wp","href":"https:\/\/api.w.org\/{rel}","templated":true}]}}