{"id":7839,"date":"2021-09-10T09:28:24","date_gmt":"2021-09-10T08:28:24","guid":{"rendered":"https:\/\/www.nebily.com\/?post_type=product&#038;p=7839"},"modified":"2025-05-12T16:59:45","modified_gmt":"2025-05-12T15:59:45","slug":"wespen-lockstoff","status":"publish","type":"product","link":"https:\/\/www.nebily.com\/shop\/fluginsekten\/wespen-lockstoff\/","title":{"rendered":"Nachf\u00fcllung Lockstoff f\u00fcr Wespenfalle \/ Fliegenfalle Profi"},"content":{"rendered":"<p>Die original Nachf\u00fcllung f\u00fcr die <a href=\"https:\/\/www.nebily.com\/shop\/natuerlich-biologisch\/wespenfalle-profi\/\" target=\"_blank\" rel=\"noopener noreferrer\">Wespen- und Fliegenfalle Profi\u00a0<\/a>, lockt Fliegen und Wespen in den Fangbeh\u00e4lter der Profi-Falle.<\/p>\n<p>Der Lockstoff basiert auf Nahrungsmittelaromen und ist daher biologisch abbaubar. Ausgezeichnet geeignet um alle Arten von Wespen und auch Fliegen, wie Essigfliegen, Fruchtfliegen, Fleischfliegen, Schmei\u00dffliege, etc. anzuziehen.<\/p>\n<p>Au\u00dferdem ist der Lockstoff absolut sicher f\u00fcr Bienen &#8211; auf diese hat er keine Wirkung!<\/p>\n<p>Den Beutelinhalt f\u00fcllt man in die Wespen- und Fliegenfalle und ein Austausch ist nach 3-4 Wochen, oder wenn die Falle voll ist, notwendig.<br \/>\nDie Wirksamkeit des Fangbeh\u00e4lters wird dadurch gew\u00e4hrleistet und das besondere Design erm\u00f6glicht einen sicheren und einfachen Einsatz.<\/p>\n<p>Erh\u00e4ltliche in den Verpackungseinheiten:<\/p>\n<ul>\n<li>400 ml<\/li>\n<li>1000 ml<\/li>\n<\/ul>\n<hr \/>\n<p>Sicherheitsdatenblatt:<\/p>\n\n<!-- Generated using Document Gallery. Get yours here: http:\/\/wordpress.org\/extend\/plugins\/document-gallery -->\n<div id=\"document-gallery-1\" class=\"document-gallery\" data-shortcode='{\"id\":7839,\"include\":\"7046\",\"exclude\":\"\",\"columns\":4,\"descriptions\":false,\"fancy\":true,\"order\":\"ASC\",\"orderby\":\"post__in\",\"relation\":\"AND\",\"limit\":-1,\"mime_types\":\"application,video,text,audio,image\",\"new_window\":true,\"post_status\":\"any\",\"post_type\":\"attachment\",\"attachment_pg\":false,\"paginate\":true,\"skip\":0}' data-icon-width='24'>\n<div class='document-icon-row'>\n   <div class=\"document-icon\">\n      <a href=\"https:\/\/www.nebily.com\/shop\/wp-content\/uploads\/SDB_Fruchtfliegenfalle_Profi_sowie_Nachf\u00fcllungen_01-2019.pdf\" target=\"_blank\">\n         <img decoding=\"async\" src=\"https:\/\/www.nebily.com\/shop\/wp-content\/uploads\/SDB_Fruchtfliegenfalle_Profi_sowie_Nachf\u00fcllungen_01-2019-thumb.png\" title=\"SDB_Fruchtfliegenfalle_Profi_sowie_Nachf\u00fcllungen_01-2019\" alt=\"SDB_Fruchtfliegenfalle_Profi_sowie_Nachf\u00fcllungen_01-2019\" data-ext=\"pdf\"\/>\n         <span class=\"title\">SDB_Fruchtfliegenfalle_Profi_sowie_Nachf\u00fcllungen_01-2019<\/span>\n      <\/a>\n   <\/div>\n\n<\/div>\n<\/div>\n","protected":false},"excerpt":{"rendered":"<p>Die original Nachf\u00fcllung f\u00fcr die Wespen- und Fliegenfalle Profi\u00a0, lockt Fliegen und Wespen in den Fangbeh\u00e4lter der Profi-Falle. Der Lockstoff basiert auf Nahrungsmittelaromen und ist daher biologisch abbaubar. Ausgezeichnet geeignet um alle Arten von Wespen und auch Fliegen, wie Essigfliegen, Fruchtfliegen, Fleischfliegen, Schmei\u00dffliege, etc. anzuziehen. Au\u00dferdem ist der Lockstoff absolut sicher f\u00fcr Bienen &#8211; auf &hellip; <a href=\"https:\/\/www.nebily.com\/shop\/fluginsekten\/wespen-lockstoff\/\">Continued<\/a><\/p>\n","protected":false},"featured_media":9378,"comment_status":"closed","ping_status":"closed","template":"","meta":[],"class_list":{"0":"post-7839","1":"product","2":"type-product","3":"status-publish","4":"has-post-thumbnail","6":"product_cat-natuerlich-biologisch","7":"product_cat-schaedlingsvorsorge-haccp","8":"product_cat-fluginsekten","9":"product_cat-zubehoer","10":"product_tag-lockmittel","11":"product_tag-lockstoff","12":"product_tag-nachfuellung","13":"product_tag-wespe","14":"product_tag-wespen","15":"product_tag-wespenfalle","17":"first","18":"instock","19":"sale","20":"taxable","21":"shipping-taxable","22":"product-type-variable","23":"has-default-attributes"},"yoast_head":"<!-- This site is optimized with the Yoast SEO plugin v25.1 - https:\/\/yoast.com\/wordpress\/plugins\/seo\/ -->\n<title>Lockstoff f\u00fcr Wespenfalle Profi \/ Fliegenfalle | NEBILY Online Shop<\/title>\n<meta name=\"description\" content=\"Lockt Wespen und andere Fliegen in den Fangbeh\u00e4lter der Wespenfalle-Profi. Auf Basis von Nahrungsmittelaromen und daher biologisch abbaubar.\" \/>\n<meta name=\"robots\" content=\"index, follow, max-snippet:-1, max-image-preview:large, max-video-preview:-1\" \/>\n<link rel=\"canonical\" href=\"https:\/\/www.nebily.com\/shop\/fluginsekten\/wespen-lockstoff\/\" \/>\n<meta property=\"og:locale\" content=\"de_DE\" \/>\n<meta property=\"og:type\" content=\"article\" \/>\n<meta property=\"og:title\" content=\"Lockstoff f\u00fcr Wespenfalle Profi \/ Fliegenfalle | NEBILY Online Shop\" \/>\n<meta property=\"og:description\" content=\"Lockt Wespen und andere Fliegen in den Fangbeh\u00e4lter der Wespenfalle-Profi. Auf Basis von Nahrungsmittelaromen und daher biologisch abbaubar.\" \/>\n<meta property=\"og:url\" content=\"https:\/\/www.nebily.com\/shop\/fluginsekten\/wespen-lockstoff\/\" \/>\n<meta property=\"og:site_name\" content=\"NEBILY Ges.m.b.H.\" \/>\n<meta property=\"article:publisher\" content=\"https:\/\/www.facebook.com\/NebilyGesmbH\/\" \/>\n<meta property=\"article:modified_time\" content=\"2025-05-12T15:59:45+00:00\" \/>\n<meta property=\"og:image\" content=\"https:\/\/www.nebily.com\/shop\/wp-content\/uploads\/Wespenlockstoff_800-x-600.jpg\" \/>\n\t<meta property=\"og:image:width\" content=\"800\" \/>\n\t<meta property=\"og:image:height\" content=\"600\" \/>\n\t<meta property=\"og:image:type\" content=\"image\/jpeg\" \/>\n<meta name=\"twitter:card\" content=\"summary_large_image\" \/>\n<meta name=\"twitter:label1\" content=\"Gesch\u00e4tzte Lesezeit\" \/>\n\t<meta name=\"twitter:data1\" content=\"1\u00a0Minute\" \/>\n<script type=\"application\/ld+json\" class=\"yoast-schema-graph\">{\"@context\":\"https:\/\/schema.org\",\"@graph\":[{\"@type\":\"WebPage\",\"@id\":\"https:\/\/www.nebily.com\/shop\/fluginsekten\/wespen-lockstoff\/\",\"url\":\"https:\/\/www.nebily.com\/shop\/fluginsekten\/wespen-lockstoff\/\",\"name\":\"Lockstoff f\u00fcr Wespenfalle Profi \/ Fliegenfalle | NEBILY Online Shop\",\"isPartOf\":{\"@id\":\"https:\/\/www.nebily.com\/shop\/#website\"},\"primaryImageOfPage\":{\"@id\":\"https:\/\/www.nebily.com\/shop\/fluginsekten\/wespen-lockstoff\/#primaryimage\"},\"image\":{\"@id\":\"https:\/\/www.nebily.com\/shop\/fluginsekten\/wespen-lockstoff\/#primaryimage\"},\"thumbnailUrl\":\"https:\/\/www.nebily.com\/shop\/wp-content\/uploads\/Wespenlockstoff_800-x-600.jpg\",\"datePublished\":\"2021-09-10T08:28:24+00:00\",\"dateModified\":\"2025-05-12T15:59:45+00:00\",\"description\":\"Lockt Wespen und andere Fliegen in den Fangbeh\u00e4lter der Wespenfalle-Profi. Auf Basis von Nahrungsmittelaromen und daher biologisch abbaubar.\",\"breadcrumb\":{\"@id\":\"https:\/\/www.nebily.com\/shop\/fluginsekten\/wespen-lockstoff\/#breadcrumb\"},\"inLanguage\":\"de\",\"potentialAction\":[{\"@type\":\"ReadAction\",\"target\":[\"https:\/\/www.nebily.com\/shop\/fluginsekten\/wespen-lockstoff\/\"]}]},{\"@type\":\"ImageObject\",\"inLanguage\":\"de\",\"@id\":\"https:\/\/www.nebily.com\/shop\/fluginsekten\/wespen-lockstoff\/#primaryimage\",\"url\":\"https:\/\/www.nebily.com\/shop\/wp-content\/uploads\/Wespenlockstoff_800-x-600.jpg\",\"contentUrl\":\"https:\/\/www.nebily.com\/shop\/wp-content\/uploads\/Wespenlockstoff_800-x-600.jpg\",\"width\":800,\"height\":600},{\"@type\":\"BreadcrumbList\",\"@id\":\"https:\/\/www.nebily.com\/shop\/fluginsekten\/wespen-lockstoff\/#breadcrumb\",\"itemListElement\":[{\"@type\":\"ListItem\",\"position\":1,\"name\":\"Home\",\"item\":\"https:\/\/www.nebily.com\/shop\/\"},{\"@type\":\"ListItem\",\"position\":2,\"name\":\"Shop\",\"item\":\"https:\/\/www.nebily.com\/shop\/\"},{\"@type\":\"ListItem\",\"position\":3,\"name\":\"Nachf\u00fcllung Lockstoff f\u00fcr Wespenfalle \/ Fliegenfalle Profi\"}]},{\"@type\":\"WebSite\",\"@id\":\"https:\/\/www.nebily.com\/shop\/#website\",\"url\":\"https:\/\/www.nebily.com\/shop\/\",\"name\":\"NEBILY Ges.m.b.H.\",\"description\":\"\",\"potentialAction\":[{\"@type\":\"SearchAction\",\"target\":{\"@type\":\"EntryPoint\",\"urlTemplate\":\"https:\/\/www.nebily.com\/shop\/?s={search_term_string}\"},\"query-input\":{\"@type\":\"PropertyValueSpecification\",\"valueRequired\":true,\"valueName\":\"search_term_string\"}}],\"inLanguage\":\"de\"}]}<\/script>\n<!-- \/ Yoast SEO plugin. -->","yoast_head_json":{"title":"Lockstoff f\u00fcr Wespenfalle Profi \/ Fliegenfalle | NEBILY Online Shop","description":"Lockt Wespen und andere Fliegen in den Fangbeh\u00e4lter der Wespenfalle-Profi. Auf Basis von Nahrungsmittelaromen und daher biologisch abbaubar.","robots":{"index":"index","follow":"follow","max-snippet":"max-snippet:-1","max-image-preview":"max-image-preview:large","max-video-preview":"max-video-preview:-1"},"canonical":"https:\/\/www.nebily.com\/shop\/fluginsekten\/wespen-lockstoff\/","og_locale":"de_DE","og_type":"article","og_title":"Lockstoff f\u00fcr Wespenfalle Profi \/ Fliegenfalle | NEBILY Online Shop","og_description":"Lockt Wespen und andere Fliegen in den Fangbeh\u00e4lter der Wespenfalle-Profi. Auf Basis von Nahrungsmittelaromen und daher biologisch abbaubar.","og_url":"https:\/\/www.nebily.com\/shop\/fluginsekten\/wespen-lockstoff\/","og_site_name":"NEBILY Ges.m.b.H.","article_publisher":"https:\/\/www.facebook.com\/NebilyGesmbH\/","article_modified_time":"2025-05-12T15:59:45+00:00","og_image":[{"width":800,"height":600,"url":"https:\/\/www.nebily.com\/shop\/wp-content\/uploads\/Wespenlockstoff_800-x-600.jpg","type":"image\/jpeg"}],"twitter_card":"summary_large_image","twitter_misc":{"Gesch\u00e4tzte Lesezeit":"1\u00a0Minute"},"schema":{"@context":"https:\/\/schema.org","@graph":[{"@type":"WebPage","@id":"https:\/\/www.nebily.com\/shop\/fluginsekten\/wespen-lockstoff\/","url":"https:\/\/www.nebily.com\/shop\/fluginsekten\/wespen-lockstoff\/","name":"Lockstoff f\u00fcr Wespenfalle Profi \/ Fliegenfalle | NEBILY Online Shop","isPartOf":{"@id":"https:\/\/www.nebily.com\/shop\/#website"},"primaryImageOfPage":{"@id":"https:\/\/www.nebily.com\/shop\/fluginsekten\/wespen-lockstoff\/#primaryimage"},"image":{"@id":"https:\/\/www.nebily.com\/shop\/fluginsekten\/wespen-lockstoff\/#primaryimage"},"thumbnailUrl":"https:\/\/www.nebily.com\/shop\/wp-content\/uploads\/Wespenlockstoff_800-x-600.jpg","datePublished":"2021-09-10T08:28:24+00:00","dateModified":"2025-05-12T15:59:45+00:00","description":"Lockt Wespen und andere Fliegen in den Fangbeh\u00e4lter der Wespenfalle-Profi. Auf Basis von Nahrungsmittelaromen und daher biologisch abbaubar.","breadcrumb":{"@id":"https:\/\/www.nebily.com\/shop\/fluginsekten\/wespen-lockstoff\/#breadcrumb"},"inLanguage":"de","potentialAction":[{"@type":"ReadAction","target":["https:\/\/www.nebily.com\/shop\/fluginsekten\/wespen-lockstoff\/"]}]},{"@type":"ImageObject","inLanguage":"de","@id":"https:\/\/www.nebily.com\/shop\/fluginsekten\/wespen-lockstoff\/#primaryimage","url":"https:\/\/www.nebily.com\/shop\/wp-content\/uploads\/Wespenlockstoff_800-x-600.jpg","contentUrl":"https:\/\/www.nebily.com\/shop\/wp-content\/uploads\/Wespenlockstoff_800-x-600.jpg","width":800,"height":600},{"@type":"BreadcrumbList","@id":"https:\/\/www.nebily.com\/shop\/fluginsekten\/wespen-lockstoff\/#breadcrumb","itemListElement":[{"@type":"ListItem","position":1,"name":"Home","item":"https:\/\/www.nebily.com\/shop\/"},{"@type":"ListItem","position":2,"name":"Shop","item":"https:\/\/www.nebily.com\/shop\/"},{"@type":"ListItem","position":3,"name":"Nachf\u00fcllung Lockstoff f\u00fcr Wespenfalle \/ Fliegenfalle Profi"}]},{"@type":"WebSite","@id":"https:\/\/www.nebily.com\/shop\/#website","url":"https:\/\/www.nebily.com\/shop\/","name":"NEBILY Ges.m.b.H.","description":"","potentialAction":[{"@type":"SearchAction","target":{"@type":"EntryPoint","urlTemplate":"https:\/\/www.nebily.com\/shop\/?s={search_term_string}"},"query-input":{"@type":"PropertyValueSpecification","valueRequired":true,"valueName":"search_term_string"}}],"inLanguage":"de"}]}},"_links":{"self":[{"href":"https:\/\/www.nebily.com\/shop\/wp-json\/wp\/v2\/product\/7839","targetHints":{"allow":["GET"]}}],"collection":[{"href":"https:\/\/www.nebily.com\/shop\/wp-json\/wp\/v2\/product"}],"about":[{"href":"https:\/\/www.nebily.com\/shop\/wp-json\/wp\/v2\/types\/product"}],"replies":[{"embeddable":true,"href":"https:\/\/www.nebily.com\/shop\/wp-json\/wp\/v2\/comments?post=7839"}],"wp:featuredmedia":[{"embeddable":true,"href":"https:\/\/www.nebily.com\/shop\/wp-json\/wp\/v2\/media\/9378"}],"wp:attachment":[{"href":"https:\/\/www.nebily.com\/shop\/wp-json\/wp\/v2\/media?parent=7839"}],"curies":[{"name":"wp","href":"https:\/\/api.w.org\/{rel}","templated":true}]}}