{"id":752,"date":"2015-09-02T22:31:38","date_gmt":"2015-09-02T22:31:38","guid":{"rendered":"http:\/\/nebily.com.w013807b.kasserver.com\/?post_type=product&#038;p=752"},"modified":"2025-05-12T19:35:00","modified_gmt":"2025-05-12T18:35:00","slug":"fruchtfliegen-falle","status":"publish","type":"product","link":"https:\/\/www.nebily.com\/shop\/fluginsekten\/fruchtfliegen-falle\/","title":{"rendered":"Fruchtfliegenfalle mini"},"content":{"rendered":"<p>Die Fruchtfliegenfalle ist sehr dezent und formsch\u00f6n und ist einem Apfel nachempfunden. Der speziell entwickelte Duftlockstoff dient zum Fang der l\u00e4stigen Fruchtfliege (Drosophila melanogaster). \u00a0Die gefangenen Fruchtfliegen k\u00f6nnen keine Eier mehr ablegen und sich dadurch nicht mehr vermehren.<\/p>\n<ul>\n<li>anwendungsfertig\u00a0und\u00a0einfach<\/li>\n<li>sicher und sauber<\/li>\n<li>hochwirksam\u00a0und ungiftig<\/li>\n<\/ul>\n<p>Die Falle dient zum Einsatz in Wohnh\u00e4usern, v.a. K\u00fcchen und gewerblichen oder industriellen Geb\u00e4uden wie z.B. B\u00e4ckereien, Konditoreien, Restaurants und \u00e4hnlichen Orten.<\/p>\n<p>Im Lieferumfang enthalten ist die Falle selbst und ein Fl\u00e4schen mit dem Fl\u00fcssiglockstoff.<\/p>\n<hr \/>\n<p>Sicherheitsdatenblatt:<\/p>\n\n<!-- Generated using Document Gallery. Get yours here: http:\/\/wordpress.org\/extend\/plugins\/document-gallery -->\n<div id=\"document-gallery-1\" class=\"document-gallery\" data-shortcode='{\"id\":752,\"include\":\"7072\",\"exclude\":\"\",\"columns\":4,\"descriptions\":false,\"fancy\":true,\"order\":\"ASC\",\"orderby\":\"post__in\",\"relation\":\"AND\",\"limit\":-1,\"mime_types\":\"application,video,text,audio,image\",\"new_window\":true,\"post_status\":\"any\",\"post_type\":\"attachment\",\"attachment_pg\":false,\"paginate\":true,\"skip\":0}' data-icon-width='24'>\n<div class='document-icon-row'>\n   <div class=\"document-icon\">\n      <a href=\"https:\/\/www.nebily.com\/shop\/wp-content\/uploads\/SDB_Fruchtfliegenfalle-mini_09-2019.pdf\" target=\"_blank\">\n         <img decoding=\"async\" src=\"https:\/\/www.nebily.com\/shop\/wp-content\/uploads\/SDB_Fruchtfliegenfalle-mini_09-2019-thumb.png\" title=\"SDB_Fruchtfliegenfalle mini_09-2019\" alt=\"SDB_Fruchtfliegenfalle mini_09-2019\" data-ext=\"pdf\"\/>\n         <span class=\"title\">SDB_Fruchtfliegenfalle mini_09-2019<\/span>\n      <\/a>\n   <\/div>\n\n<\/div>\n<\/div>\n","protected":false},"excerpt":{"rendered":"<p>Die Fruchtfliegenfalle ist sehr dezent und formsch\u00f6n und ist einem Apfel nachempfunden. Der speziell entwickelte Duftlockstoff dient zum Fang der l\u00e4stigen Fruchtfliege (Drosophila melanogaster). \u00a0Die gefangenen Fruchtfliegen k\u00f6nnen keine Eier mehr ablegen und sich dadurch nicht mehr vermehren. anwendungsfertig\u00a0und\u00a0einfach sicher und sauber hochwirksam\u00a0und ungiftig Die Falle dient zum Einsatz in Wohnh\u00e4usern, v.a. K\u00fcchen und gewerblichen &hellip; <a href=\"https:\/\/www.nebily.com\/shop\/fluginsekten\/fruchtfliegen-falle\/\">Continued<\/a><\/p>\n","protected":false},"featured_media":1185,"comment_status":"closed","ping_status":"closed","template":"","meta":[],"class_list":{"0":"post-752","1":"product","2":"type-product","3":"status-publish","4":"has-post-thumbnail","6":"product_cat-schaedlingsvorsorge-haccp","7":"product_cat-fluginsekten","9":"first","10":"instock","11":"sale","12":"featured","13":"taxable","14":"shipping-taxable","15":"product-type-variable","16":"has-default-attributes"},"yoast_head":"<!-- This site is optimized with the Yoast SEO plugin v25.1 - https:\/\/yoast.com\/wordpress\/plugins\/seo\/ -->\n<title>Fruchtfliegenfalle mini | NEBILY Online Shop<\/title>\n<meta name=\"description\" content=\"Fruchtfliegenfalle in ansprechendem Design. Einfach, hochwirksam, ungiftig und gebrauchsfertig. Unverzichtbar f\u00fcr Gastronomie, Hotellerie und Lebensmittelhandel.\" \/>\n<meta name=\"robots\" content=\"index, follow, max-snippet:-1, max-image-preview:large, max-video-preview:-1\" \/>\n<link rel=\"canonical\" href=\"https:\/\/www.nebily.com\/shop\/fluginsekten\/fruchtfliegen-falle\/\" \/>\n<meta property=\"og:locale\" content=\"de_DE\" \/>\n<meta property=\"og:type\" content=\"article\" \/>\n<meta property=\"og:title\" content=\"Fruchtfliegenfalle mini | NEBILY Online Shop\" \/>\n<meta property=\"og:description\" content=\"Fruchtfliegenfalle in ansprechendem Design. Einfach, hochwirksam, ungiftig und gebrauchsfertig. Unverzichtbar f\u00fcr Gastronomie, Hotellerie und Lebensmittelhandel.\" \/>\n<meta property=\"og:url\" content=\"https:\/\/www.nebily.com\/shop\/fluginsekten\/fruchtfliegen-falle\/\" \/>\n<meta property=\"og:site_name\" content=\"NEBILY Ges.m.b.H.\" \/>\n<meta property=\"article:publisher\" content=\"https:\/\/www.facebook.com\/NebilyGesmbH\/\" \/>\n<meta property=\"article:modified_time\" content=\"2025-05-12T18:35:00+00:00\" \/>\n<meta property=\"og:image\" content=\"https:\/\/www.nebily.com\/shop\/wp-content\/uploads\/2015\/09\/Produkt_KGFF001_Fruchtliegenfalle_ohneHintergrund.jpg\" \/>\n\t<meta property=\"og:image:width\" content=\"800\" \/>\n\t<meta property=\"og:image:height\" content=\"600\" \/>\n\t<meta property=\"og:image:type\" content=\"image\/jpeg\" \/>\n<meta name=\"twitter:card\" content=\"summary_large_image\" \/>\n<meta name=\"twitter:label1\" content=\"Gesch\u00e4tzte Lesezeit\" \/>\n\t<meta name=\"twitter:data1\" content=\"1\u00a0Minute\" \/>\n<script type=\"application\/ld+json\" class=\"yoast-schema-graph\">{\"@context\":\"https:\/\/schema.org\",\"@graph\":[{\"@type\":\"WebPage\",\"@id\":\"https:\/\/www.nebily.com\/shop\/fluginsekten\/fruchtfliegen-falle\/\",\"url\":\"https:\/\/www.nebily.com\/shop\/fluginsekten\/fruchtfliegen-falle\/\",\"name\":\"Fruchtfliegenfalle mini | NEBILY Online Shop\",\"isPartOf\":{\"@id\":\"https:\/\/www.nebily.com\/shop\/#website\"},\"primaryImageOfPage\":{\"@id\":\"https:\/\/www.nebily.com\/shop\/fluginsekten\/fruchtfliegen-falle\/#primaryimage\"},\"image\":{\"@id\":\"https:\/\/www.nebily.com\/shop\/fluginsekten\/fruchtfliegen-falle\/#primaryimage\"},\"thumbnailUrl\":\"https:\/\/www.nebily.com\/shop\/wp-content\/uploads\/2015\/09\/Produkt_KGFF001_Fruchtliegenfalle_ohneHintergrund.jpg\",\"datePublished\":\"2015-09-02T22:31:38+00:00\",\"dateModified\":\"2025-05-12T18:35:00+00:00\",\"description\":\"Fruchtfliegenfalle in ansprechendem Design. Einfach, hochwirksam, ungiftig und gebrauchsfertig. Unverzichtbar f\u00fcr Gastronomie, Hotellerie und Lebensmittelhandel.\",\"breadcrumb\":{\"@id\":\"https:\/\/www.nebily.com\/shop\/fluginsekten\/fruchtfliegen-falle\/#breadcrumb\"},\"inLanguage\":\"de\",\"potentialAction\":[{\"@type\":\"ReadAction\",\"target\":[\"https:\/\/www.nebily.com\/shop\/fluginsekten\/fruchtfliegen-falle\/\"]}]},{\"@type\":\"ImageObject\",\"inLanguage\":\"de\",\"@id\":\"https:\/\/www.nebily.com\/shop\/fluginsekten\/fruchtfliegen-falle\/#primaryimage\",\"url\":\"https:\/\/www.nebily.com\/shop\/wp-content\/uploads\/2015\/09\/Produkt_KGFF001_Fruchtliegenfalle_ohneHintergrund.jpg\",\"contentUrl\":\"https:\/\/www.nebily.com\/shop\/wp-content\/uploads\/2015\/09\/Produkt_KGFF001_Fruchtliegenfalle_ohneHintergrund.jpg\",\"width\":800,\"height\":600},{\"@type\":\"BreadcrumbList\",\"@id\":\"https:\/\/www.nebily.com\/shop\/fluginsekten\/fruchtfliegen-falle\/#breadcrumb\",\"itemListElement\":[{\"@type\":\"ListItem\",\"position\":1,\"name\":\"Home\",\"item\":\"https:\/\/www.nebily.com\/shop\/\"},{\"@type\":\"ListItem\",\"position\":2,\"name\":\"Shop\",\"item\":\"https:\/\/www.nebily.com\/shop\/\"},{\"@type\":\"ListItem\",\"position\":3,\"name\":\"Fruchtfliegenfalle mini\"}]},{\"@type\":\"WebSite\",\"@id\":\"https:\/\/www.nebily.com\/shop\/#website\",\"url\":\"https:\/\/www.nebily.com\/shop\/\",\"name\":\"NEBILY Ges.m.b.H.\",\"description\":\"\",\"potentialAction\":[{\"@type\":\"SearchAction\",\"target\":{\"@type\":\"EntryPoint\",\"urlTemplate\":\"https:\/\/www.nebily.com\/shop\/?s={search_term_string}\"},\"query-input\":{\"@type\":\"PropertyValueSpecification\",\"valueRequired\":true,\"valueName\":\"search_term_string\"}}],\"inLanguage\":\"de\"}]}<\/script>\n<!-- \/ Yoast SEO plugin. -->","yoast_head_json":{"title":"Fruchtfliegenfalle mini | NEBILY Online Shop","description":"Fruchtfliegenfalle in ansprechendem Design. Einfach, hochwirksam, ungiftig und gebrauchsfertig. Unverzichtbar f\u00fcr Gastronomie, Hotellerie und Lebensmittelhandel.","robots":{"index":"index","follow":"follow","max-snippet":"max-snippet:-1","max-image-preview":"max-image-preview:large","max-video-preview":"max-video-preview:-1"},"canonical":"https:\/\/www.nebily.com\/shop\/fluginsekten\/fruchtfliegen-falle\/","og_locale":"de_DE","og_type":"article","og_title":"Fruchtfliegenfalle mini | NEBILY Online Shop","og_description":"Fruchtfliegenfalle in ansprechendem Design. Einfach, hochwirksam, ungiftig und gebrauchsfertig. Unverzichtbar f\u00fcr Gastronomie, Hotellerie und Lebensmittelhandel.","og_url":"https:\/\/www.nebily.com\/shop\/fluginsekten\/fruchtfliegen-falle\/","og_site_name":"NEBILY Ges.m.b.H.","article_publisher":"https:\/\/www.facebook.com\/NebilyGesmbH\/","article_modified_time":"2025-05-12T18:35:00+00:00","og_image":[{"width":800,"height":600,"url":"https:\/\/www.nebily.com\/shop\/wp-content\/uploads\/2015\/09\/Produkt_KGFF001_Fruchtliegenfalle_ohneHintergrund.jpg","type":"image\/jpeg"}],"twitter_card":"summary_large_image","twitter_misc":{"Gesch\u00e4tzte Lesezeit":"1\u00a0Minute"},"schema":{"@context":"https:\/\/schema.org","@graph":[{"@type":"WebPage","@id":"https:\/\/www.nebily.com\/shop\/fluginsekten\/fruchtfliegen-falle\/","url":"https:\/\/www.nebily.com\/shop\/fluginsekten\/fruchtfliegen-falle\/","name":"Fruchtfliegenfalle mini | NEBILY Online Shop","isPartOf":{"@id":"https:\/\/www.nebily.com\/shop\/#website"},"primaryImageOfPage":{"@id":"https:\/\/www.nebily.com\/shop\/fluginsekten\/fruchtfliegen-falle\/#primaryimage"},"image":{"@id":"https:\/\/www.nebily.com\/shop\/fluginsekten\/fruchtfliegen-falle\/#primaryimage"},"thumbnailUrl":"https:\/\/www.nebily.com\/shop\/wp-content\/uploads\/2015\/09\/Produkt_KGFF001_Fruchtliegenfalle_ohneHintergrund.jpg","datePublished":"2015-09-02T22:31:38+00:00","dateModified":"2025-05-12T18:35:00+00:00","description":"Fruchtfliegenfalle in ansprechendem Design. Einfach, hochwirksam, ungiftig und gebrauchsfertig. Unverzichtbar f\u00fcr Gastronomie, Hotellerie und Lebensmittelhandel.","breadcrumb":{"@id":"https:\/\/www.nebily.com\/shop\/fluginsekten\/fruchtfliegen-falle\/#breadcrumb"},"inLanguage":"de","potentialAction":[{"@type":"ReadAction","target":["https:\/\/www.nebily.com\/shop\/fluginsekten\/fruchtfliegen-falle\/"]}]},{"@type":"ImageObject","inLanguage":"de","@id":"https:\/\/www.nebily.com\/shop\/fluginsekten\/fruchtfliegen-falle\/#primaryimage","url":"https:\/\/www.nebily.com\/shop\/wp-content\/uploads\/2015\/09\/Produkt_KGFF001_Fruchtliegenfalle_ohneHintergrund.jpg","contentUrl":"https:\/\/www.nebily.com\/shop\/wp-content\/uploads\/2015\/09\/Produkt_KGFF001_Fruchtliegenfalle_ohneHintergrund.jpg","width":800,"height":600},{"@type":"BreadcrumbList","@id":"https:\/\/www.nebily.com\/shop\/fluginsekten\/fruchtfliegen-falle\/#breadcrumb","itemListElement":[{"@type":"ListItem","position":1,"name":"Home","item":"https:\/\/www.nebily.com\/shop\/"},{"@type":"ListItem","position":2,"name":"Shop","item":"https:\/\/www.nebily.com\/shop\/"},{"@type":"ListItem","position":3,"name":"Fruchtfliegenfalle mini"}]},{"@type":"WebSite","@id":"https:\/\/www.nebily.com\/shop\/#website","url":"https:\/\/www.nebily.com\/shop\/","name":"NEBILY Ges.m.b.H.","description":"","potentialAction":[{"@type":"SearchAction","target":{"@type":"EntryPoint","urlTemplate":"https:\/\/www.nebily.com\/shop\/?s={search_term_string}"},"query-input":{"@type":"PropertyValueSpecification","valueRequired":true,"valueName":"search_term_string"}}],"inLanguage":"de"}]}},"_links":{"self":[{"href":"https:\/\/www.nebily.com\/shop\/wp-json\/wp\/v2\/product\/752","targetHints":{"allow":["GET"]}}],"collection":[{"href":"https:\/\/www.nebily.com\/shop\/wp-json\/wp\/v2\/product"}],"about":[{"href":"https:\/\/www.nebily.com\/shop\/wp-json\/wp\/v2\/types\/product"}],"replies":[{"embeddable":true,"href":"https:\/\/www.nebily.com\/shop\/wp-json\/wp\/v2\/comments?post=752"}],"wp:featuredmedia":[{"embeddable":true,"href":"https:\/\/www.nebily.com\/shop\/wp-json\/wp\/v2\/media\/1185"}],"wp:attachment":[{"href":"https:\/\/www.nebily.com\/shop\/wp-json\/wp\/v2\/media?parent=752"}],"curies":[{"name":"wp","href":"https:\/\/api.w.org\/{rel}","templated":true}]}}