{"id":7442,"date":"2021-06-21T12:20:05","date_gmt":"2021-06-21T11:20:05","guid":{"rendered":"https:\/\/www.nebily.com\/?post_type=product&#038;p=7442"},"modified":"2026-03-09T14:49:29","modified_gmt":"2026-03-09T13:49:29","slug":"wartungs-kit-chameleon-1x2","status":"publish","type":"product","link":"https:\/\/www.nebily.com\/shop\/zubehoer\/wartungs-kit-chameleon-1x2\/","title":{"rendered":"Wartungs-Kit &#8211; Chameleon 1&#215;2"},"content":{"rendered":"<p align=\"LEFT\">Unsere absoluten Profi ger\u00e4te bew\u00e4hren sich Tag f\u00fcr Tag in unz\u00e4hligen Gewerbebetrieben. L\u00e4stige Fluginsekten werden durch spezielles UV-Licht angelockt.<\/p>\n<p align=\"LEFT\">Regelm\u00e4\u00dfige Wartung\u00a0 wie tauschen der Klebefl\u00e4chen, R\u00f6hren und Starter ist unbedingt n\u00f6tig um die Wirkung der Chameleon UV-Fallen voll nutzen zu k\u00f6nnen. Je nach Insektenaktivit\u00e4t in Ihrem Betrieb m\u00fcssen die Klebefl\u00e4chen etwa alle 4 &#8211; 12 Wochen getauscht werden. Die UV-R\u00f6hren sind bruchgesch\u00fctzt und haben im Durchschnitt eine Wirkungsdauer von maximal 12 Monaten. Das typisch blaue Leuchten der R\u00f6hre ist keine Garantie f\u00fcr die UV-Funktionalit\u00e4t.<\/p>\n<p><strong>Das Ersatz-Set &#8211; Wartungs Kit &#8211; Chameleon 1&#215;2 reicht f\u00fcr etwa 1 Jahr<br \/>\n<\/strong><\/p>\n<ul>\n<li><a href=\"https:\/\/www.nebily.com\/shop\/zubehoer\/ersatzroehre-15-watt-quantum-fuer-uv-fallen-chameleon-1x2-2x2-und-blackmagic-450-mm-splittergeschuetzt\/\" target=\"_blank\" rel=\"noopener noreferrer\">\u00a02 St\u00fcck Ersatzr\u00f6hren bruchgesch\u00fctzt<\/a><\/li>\n<li>\u00a02 St\u00fcck Starter f\u00fcr UV-R\u00f6hren<\/li>\n<li><a href=\"https:\/\/www.nebily.com\/shop\/zubehoer\/klebeflaechen-fuer-uv-lichtfalle\/\">12 St\u00fcck Klebeboards f\u00fcr Chameleon<\/a><\/li>\n<\/ul>\n","protected":false},"excerpt":{"rendered":"<p><strong>Das Ersatz Set beinhaltet:<\/strong><\/p>\n<ul>\n<li>\u00a02 St\u00fcck Ersatzr\u00f6hren bruchgesch\u00fctzt<\/li>\n<li>\u00a02 St\u00fcck Starter f\u00fcr UV-R\u00f6hren<\/li>\n<li>12 St\u00fcck Klebeboards<\/li>\n<\/ul>\n","protected":false},"featured_media":7443,"comment_status":"closed","ping_status":"closed","template":"","meta":[],"class_list":{"0":"post-7442","1":"product","2":"type-product","3":"status-publish","4":"has-post-thumbnail","6":"product_cat-neuheiten","7":"product_cat-schaedlingsvorsorge-haccp","8":"product_cat-fluginsekten","9":"product_cat-zubehoer","11":"first","12":"outofstock","13":"sale","14":"featured","15":"taxable","16":"shipping-taxable","17":"product-type-simple"},"yoast_head":"<!-- This site is optimized with the Yoast SEO plugin v25.1 - https:\/\/yoast.com\/wordpress\/plugins\/seo\/ -->\n<title>Chameleon 1x2 Wartungs-Kit | NEBILY Online Shop<\/title>\n<meta name=\"description\" content=\"Wartungs-Kit f\u00fcr unsere Profi UV-Fluginsekten Fallen der Serie Chameleon. Das Ersatz-Set f\u00fcr 1 Jahr zum Sparpreis.\" \/>\n<meta name=\"robots\" content=\"index, follow, max-snippet:-1, max-image-preview:large, max-video-preview:-1\" \/>\n<link rel=\"canonical\" href=\"https:\/\/www.nebily.com\/shop\/zubehoer\/wartungs-kit-chameleon-1x2\/\" \/>\n<meta property=\"og:locale\" content=\"de_DE\" \/>\n<meta property=\"og:type\" content=\"article\" \/>\n<meta property=\"og:title\" content=\"Chameleon 1x2 Wartungs-Kit | NEBILY Online Shop\" \/>\n<meta property=\"og:description\" content=\"Wartungs-Kit f\u00fcr unsere Profi UV-Fluginsekten Fallen der Serie Chameleon. Das Ersatz-Set f\u00fcr 1 Jahr zum Sparpreis.\" \/>\n<meta property=\"og:url\" content=\"https:\/\/www.nebily.com\/shop\/zubehoer\/wartungs-kit-chameleon-1x2\/\" \/>\n<meta property=\"og:site_name\" content=\"NEBILY Ges.m.b.H.\" \/>\n<meta property=\"article:publisher\" content=\"https:\/\/www.facebook.com\/NebilyGesmbH\/\" \/>\n<meta property=\"article:modified_time\" content=\"2026-03-09T13:49:29+00:00\" \/>\n<meta property=\"og:image\" content=\"https:\/\/www.nebily.com\/shop\/wp-content\/uploads\/SET005_Wartungskit.jpg\" \/>\n\t<meta property=\"og:image:width\" content=\"800\" \/>\n\t<meta property=\"og:image:height\" content=\"600\" \/>\n\t<meta property=\"og:image:type\" content=\"image\/jpeg\" \/>\n<meta name=\"twitter:card\" content=\"summary_large_image\" \/>\n<meta name=\"twitter:label1\" content=\"Gesch\u00e4tzte Lesezeit\" \/>\n\t<meta name=\"twitter:data1\" content=\"1\u00a0Minute\" \/>\n<script type=\"application\/ld+json\" class=\"yoast-schema-graph\">{\"@context\":\"https:\/\/schema.org\",\"@graph\":[{\"@type\":\"WebPage\",\"@id\":\"https:\/\/www.nebily.com\/shop\/zubehoer\/wartungs-kit-chameleon-1x2\/\",\"url\":\"https:\/\/www.nebily.com\/shop\/zubehoer\/wartungs-kit-chameleon-1x2\/\",\"name\":\"Chameleon 1x2 Wartungs-Kit | NEBILY Online Shop\",\"isPartOf\":{\"@id\":\"https:\/\/www.nebily.com\/shop\/#website\"},\"primaryImageOfPage\":{\"@id\":\"https:\/\/www.nebily.com\/shop\/zubehoer\/wartungs-kit-chameleon-1x2\/#primaryimage\"},\"image\":{\"@id\":\"https:\/\/www.nebily.com\/shop\/zubehoer\/wartungs-kit-chameleon-1x2\/#primaryimage\"},\"thumbnailUrl\":\"https:\/\/www.nebily.com\/shop\/wp-content\/uploads\/SET005_Wartungskit.jpg\",\"datePublished\":\"2021-06-21T11:20:05+00:00\",\"dateModified\":\"2026-03-09T13:49:29+00:00\",\"description\":\"Wartungs-Kit f\u00fcr unsere Profi UV-Fluginsekten Fallen der Serie Chameleon. Das Ersatz-Set f\u00fcr 1 Jahr zum Sparpreis.\",\"breadcrumb\":{\"@id\":\"https:\/\/www.nebily.com\/shop\/zubehoer\/wartungs-kit-chameleon-1x2\/#breadcrumb\"},\"inLanguage\":\"de\",\"potentialAction\":[{\"@type\":\"ReadAction\",\"target\":[\"https:\/\/www.nebily.com\/shop\/zubehoer\/wartungs-kit-chameleon-1x2\/\"]}]},{\"@type\":\"ImageObject\",\"inLanguage\":\"de\",\"@id\":\"https:\/\/www.nebily.com\/shop\/zubehoer\/wartungs-kit-chameleon-1x2\/#primaryimage\",\"url\":\"https:\/\/www.nebily.com\/shop\/wp-content\/uploads\/SET005_Wartungskit.jpg\",\"contentUrl\":\"https:\/\/www.nebily.com\/shop\/wp-content\/uploads\/SET005_Wartungskit.jpg\",\"width\":800,\"height\":600},{\"@type\":\"BreadcrumbList\",\"@id\":\"https:\/\/www.nebily.com\/shop\/zubehoer\/wartungs-kit-chameleon-1x2\/#breadcrumb\",\"itemListElement\":[{\"@type\":\"ListItem\",\"position\":1,\"name\":\"Home\",\"item\":\"https:\/\/www.nebily.com\/shop\/\"},{\"@type\":\"ListItem\",\"position\":2,\"name\":\"Shop\",\"item\":\"https:\/\/www.nebily.com\/shop\/\"},{\"@type\":\"ListItem\",\"position\":3,\"name\":\"Wartungs-Kit &#8211; Chameleon 1&#215;2\"}]},{\"@type\":\"WebSite\",\"@id\":\"https:\/\/www.nebily.com\/shop\/#website\",\"url\":\"https:\/\/www.nebily.com\/shop\/\",\"name\":\"NEBILY Ges.m.b.H.\",\"description\":\"\",\"potentialAction\":[{\"@type\":\"SearchAction\",\"target\":{\"@type\":\"EntryPoint\",\"urlTemplate\":\"https:\/\/www.nebily.com\/shop\/?s={search_term_string}\"},\"query-input\":{\"@type\":\"PropertyValueSpecification\",\"valueRequired\":true,\"valueName\":\"search_term_string\"}}],\"inLanguage\":\"de\"}]}<\/script>\n<!-- \/ Yoast SEO plugin. -->","yoast_head_json":{"title":"Chameleon 1x2 Wartungs-Kit | NEBILY Online Shop","description":"Wartungs-Kit f\u00fcr unsere Profi UV-Fluginsekten Fallen der Serie Chameleon. Das Ersatz-Set f\u00fcr 1 Jahr zum Sparpreis.","robots":{"index":"index","follow":"follow","max-snippet":"max-snippet:-1","max-image-preview":"max-image-preview:large","max-video-preview":"max-video-preview:-1"},"canonical":"https:\/\/www.nebily.com\/shop\/zubehoer\/wartungs-kit-chameleon-1x2\/","og_locale":"de_DE","og_type":"article","og_title":"Chameleon 1x2 Wartungs-Kit | NEBILY Online Shop","og_description":"Wartungs-Kit f\u00fcr unsere Profi UV-Fluginsekten Fallen der Serie Chameleon. Das Ersatz-Set f\u00fcr 1 Jahr zum Sparpreis.","og_url":"https:\/\/www.nebily.com\/shop\/zubehoer\/wartungs-kit-chameleon-1x2\/","og_site_name":"NEBILY Ges.m.b.H.","article_publisher":"https:\/\/www.facebook.com\/NebilyGesmbH\/","article_modified_time":"2026-03-09T13:49:29+00:00","og_image":[{"width":800,"height":600,"url":"https:\/\/www.nebily.com\/shop\/wp-content\/uploads\/SET005_Wartungskit.jpg","type":"image\/jpeg"}],"twitter_card":"summary_large_image","twitter_misc":{"Gesch\u00e4tzte Lesezeit":"1\u00a0Minute"},"schema":{"@context":"https:\/\/schema.org","@graph":[{"@type":"WebPage","@id":"https:\/\/www.nebily.com\/shop\/zubehoer\/wartungs-kit-chameleon-1x2\/","url":"https:\/\/www.nebily.com\/shop\/zubehoer\/wartungs-kit-chameleon-1x2\/","name":"Chameleon 1x2 Wartungs-Kit | NEBILY Online Shop","isPartOf":{"@id":"https:\/\/www.nebily.com\/shop\/#website"},"primaryImageOfPage":{"@id":"https:\/\/www.nebily.com\/shop\/zubehoer\/wartungs-kit-chameleon-1x2\/#primaryimage"},"image":{"@id":"https:\/\/www.nebily.com\/shop\/zubehoer\/wartungs-kit-chameleon-1x2\/#primaryimage"},"thumbnailUrl":"https:\/\/www.nebily.com\/shop\/wp-content\/uploads\/SET005_Wartungskit.jpg","datePublished":"2021-06-21T11:20:05+00:00","dateModified":"2026-03-09T13:49:29+00:00","description":"Wartungs-Kit f\u00fcr unsere Profi UV-Fluginsekten Fallen der Serie Chameleon. Das Ersatz-Set f\u00fcr 1 Jahr zum Sparpreis.","breadcrumb":{"@id":"https:\/\/www.nebily.com\/shop\/zubehoer\/wartungs-kit-chameleon-1x2\/#breadcrumb"},"inLanguage":"de","potentialAction":[{"@type":"ReadAction","target":["https:\/\/www.nebily.com\/shop\/zubehoer\/wartungs-kit-chameleon-1x2\/"]}]},{"@type":"ImageObject","inLanguage":"de","@id":"https:\/\/www.nebily.com\/shop\/zubehoer\/wartungs-kit-chameleon-1x2\/#primaryimage","url":"https:\/\/www.nebily.com\/shop\/wp-content\/uploads\/SET005_Wartungskit.jpg","contentUrl":"https:\/\/www.nebily.com\/shop\/wp-content\/uploads\/SET005_Wartungskit.jpg","width":800,"height":600},{"@type":"BreadcrumbList","@id":"https:\/\/www.nebily.com\/shop\/zubehoer\/wartungs-kit-chameleon-1x2\/#breadcrumb","itemListElement":[{"@type":"ListItem","position":1,"name":"Home","item":"https:\/\/www.nebily.com\/shop\/"},{"@type":"ListItem","position":2,"name":"Shop","item":"https:\/\/www.nebily.com\/shop\/"},{"@type":"ListItem","position":3,"name":"Wartungs-Kit &#8211; Chameleon 1&#215;2"}]},{"@type":"WebSite","@id":"https:\/\/www.nebily.com\/shop\/#website","url":"https:\/\/www.nebily.com\/shop\/","name":"NEBILY Ges.m.b.H.","description":"","potentialAction":[{"@type":"SearchAction","target":{"@type":"EntryPoint","urlTemplate":"https:\/\/www.nebily.com\/shop\/?s={search_term_string}"},"query-input":{"@type":"PropertyValueSpecification","valueRequired":true,"valueName":"search_term_string"}}],"inLanguage":"de"}]}},"_links":{"self":[{"href":"https:\/\/www.nebily.com\/shop\/wp-json\/wp\/v2\/product\/7442","targetHints":{"allow":["GET"]}}],"collection":[{"href":"https:\/\/www.nebily.com\/shop\/wp-json\/wp\/v2\/product"}],"about":[{"href":"https:\/\/www.nebily.com\/shop\/wp-json\/wp\/v2\/types\/product"}],"replies":[{"embeddable":true,"href":"https:\/\/www.nebily.com\/shop\/wp-json\/wp\/v2\/comments?post=7442"}],"wp:featuredmedia":[{"embeddable":true,"href":"https:\/\/www.nebily.com\/shop\/wp-json\/wp\/v2\/media\/7443"}],"wp:attachment":[{"href":"https:\/\/www.nebily.com\/shop\/wp-json\/wp\/v2\/media?parent=7442"}],"curies":[{"name":"wp","href":"https:\/\/api.w.org\/{rel}","templated":true}]}}