{"id":718,"date":"2015-08-28T23:04:05","date_gmt":"2015-08-28T21:04:05","guid":{"rendered":"http:\/\/nebily.com.w013807b.kasserver.com\/?post_type=product&#038;p=718"},"modified":"2026-04-26T19:39:07","modified_gmt":"2026-04-26T18:39:07","slug":"giftfreie-schabenfalle","status":"publish","type":"product","link":"https:\/\/www.nebily.com\/shop\/natuerlich-biologisch\/giftfreie-schabenfalle\/","title":{"rendered":"Giftfreie Schabenfalle"},"content":{"rendered":"<h1 data-section-id=\"18e2p43\" data-start=\"101\" data-end=\"167\"><span role=\"text\">NEBILY\u00ae Schabenfalle \u2013 Giftfreie L\u00f6sung zur Schabenkontrolle<\/span><\/h1>\n<p data-start=\"169\" data-end=\"463\">Die <strong data-start=\"173\" data-end=\"197\">NEBILY\u00ae Schabenfalle<\/strong> ist eine effektive, giftfreie L\u00f6sung zur <strong data-start=\"239\" data-end=\"286\">\u00dcberwachung und Reduktion von Schabenbefall<\/strong>. Dank integriertem Lockstoff werden Schaben gezielt angelockt und sicher auf der Klebefl\u00e4che fixiert \u2013 ideal f\u00fcr sensible Bereiche wie K\u00fcche, Gastronomie und Lebensmittellager.<\/p>\n<h2 data-section-id=\"7ag2br\" data-start=\"470\" data-end=\"507\"><span role=\"text\">Ihre Vorteile auf einen Blick:<\/span><\/h2>\n<ul data-start=\"508\" data-end=\"871\">\n<li data-section-id=\"4w0vxx\" data-start=\"508\" data-end=\"569\"><strong>Zuverl\u00e4ssige Anlockung<\/strong> aller g\u00e4ngigen Schabenarten<\/li>\n<li data-section-id=\"1x4llpl\" data-start=\"570\" data-end=\"626\"><strong>Starke Klebefl\u00e4che mit integriertem Lockstoff<\/strong><\/li>\n<li data-section-id=\"qoao9m\" data-start=\"627\" data-end=\"688\"><strong>Giftfrei<\/strong> \u2013 ideal f\u00fcr hygienisch sensible Bereiche<\/li>\n<li data-section-id=\"pnyyvc\" data-start=\"689\" data-end=\"740\">Perfekt zur Fr\u00fcherkennung und Monitoring<\/li>\n<li data-section-id=\"11tka5w\" data-start=\"741\" data-end=\"797\">Optimal f\u00fcr Gastronomie, Betriebe &amp; Haushalte<\/li>\n<li data-section-id=\"1um2icg\" data-start=\"798\" data-end=\"871\"><strong>Attraktive Staffelpreise<\/strong> verf\u00fcgbar (z. B. 30 \/ 60 \/ 100 St\u00fcck)<\/li>\n<\/ul>\n<h3 data-section-id=\"ap8fyj\" data-start=\"878\" data-end=\"900\">Wirkprinzip:<\/h3>\n<p data-start=\"901\" data-end=\"1089\">Die Schaben werden durch den integrierten Lockstoff in die Falle gelockt und bleiben dort auf der Klebefl\u00e4che haften. So kann ein Befall fr\u00fchzeitig erkannt und gezielt kontrolliert werden.<\/p>\n<h3 data-section-id=\"1tmdamf\" data-start=\"1096\" data-end=\"1118\"><span role=\"text\">Geeignet gegen:<\/span><\/h3>\n<ul data-start=\"1119\" data-end=\"1213\">\n<li data-section-id=\"10ipnez\" data-start=\"1119\" data-end=\"1138\">Deutsche Schabe<\/li>\n<li data-section-id=\"eq8fic\" data-start=\"1139\" data-end=\"1163\">Orientalische Schabe<\/li>\n<li data-section-id=\"qrm56c\" data-start=\"1164\" data-end=\"1188\">Amerikanische Schabe<\/li>\n<li data-section-id=\"1077xqh\" data-start=\"1189\" data-end=\"1213\">weitere Schabenarten<\/li>\n<\/ul>\n<h3 data-section-id=\"1q2b6xg\" data-start=\"1220\" data-end=\"1237\"><span role=\"text\">Anwendung:<\/span><\/h3>\n<p data-start=\"1238\" data-end=\"1305\">Die Fallen an typischen Laufwegen und Verstecken platzieren, z. B.:<\/p>\n<ul data-start=\"1306\" data-end=\"1413\">\n<li data-section-id=\"njzyuw\" data-start=\"1306\" data-end=\"1330\">hinter K\u00fcchenger\u00e4ten<\/li>\n<li data-section-id=\"191k03c\" data-start=\"1331\" data-end=\"1371\">entlang von W\u00e4nden und Sockelleisten<\/li>\n<li data-section-id=\"1k9ycoj\" data-start=\"1372\" data-end=\"1413\">in Lagerr\u00e4umen und feuchten Bereichen<\/li>\n<\/ul>\n<p data-start=\"1415\" data-end=\"1477\">\ud83d\udc49 Bei st\u00e4rkerem Befall mehrere Fallen gleichzeitig einsetzen.<\/p>\n<p data-section-id=\"6gi5g5\" data-start=\"1484\" data-end=\"1511\"><span role=\"text\">\u26a0\ufe0f <strong data-start=\"1490\" data-end=\"1511\">Wichtige Hinweise: <\/strong><\/span><\/p>\n<ul>\n<li data-section-id=\"6gi5g5\" data-start=\"1484\" data-end=\"1511\">Die Falle und dient haupts\u00e4chlich der \u00dcberwachung (Monitoring) und Befallsreduktion.<\/li>\n<li data-section-id=\"6gi5g5\" data-start=\"1484\" data-end=\"1511\">Bei starkem Befall empfiehlt sich eine zus\u00e4tzliche Bek\u00e4mpfung mit geeigneten Produkten.<\/li>\n<li data-section-id=\"6gi5g5\" data-start=\"1484\" data-end=\"1511\">Bei st\u00e4rkerem Befall ist zus\u00e4tzlich die Ursachenanalyse (z.B. Zulauf oder Einschleppung) sowie die konsequente Verbesserung der Hygiene erforderlich (z. B. Entfernung von organischen Nahrungsquellen), um einen nachhaltigen Bek\u00e4mpfungserfolg sicherzustellen.<\/li>\n<\/ul>\n<p data-section-id=\"p06e6h\" data-start=\"1733\" data-end=\"1779\"><span role=\"text\"><strong data-start=\"1739\" data-end=\"1779\">\ud83d\udc49 Tipp: <\/strong>Erg\u00e4nzung zur Bek\u00e4mpfung:<\/span><\/p>\n<ul>\n<li><a href=\"https:\/\/www.nebily.com\/shop\/kriechinsekten\/kwizda-nebily-nebelautomat-20g\/\" target=\"_blank\" rel=\"noopener\">NEBILY Nebelautomat<\/a><\/li>\n<li><a href=\"https:\/\/www.nebily.com\/shop\/kriechinsekten\/ungeziefer-spray-longtime\/\" target=\"_blank\" rel=\"noopener\">Ungezieferspray Longtime<\/a><\/li>\n<\/ul>\n<p>Sicherheitsdatenblatt:<\/p>\n\n<!-- Generated using Document Gallery. Get yours here: http:\/\/wordpress.org\/extend\/plugins\/document-gallery -->\n<div id=\"document-gallery-1\" class=\"document-gallery\" data-shortcode='{\"id\":718,\"include\":\"7075\",\"exclude\":\"\",\"columns\":4,\"descriptions\":false,\"fancy\":true,\"order\":\"ASC\",\"orderby\":\"post__in\",\"relation\":\"AND\",\"limit\":-1,\"mime_types\":\"application,video,text,audio,image\",\"new_window\":true,\"post_status\":\"any\",\"post_type\":\"attachment\",\"attachment_pg\":false,\"paginate\":true,\"skip\":0}' data-icon-width='24'>\n<div class='document-icon-row'>\n   <div class=\"document-icon\">\n      <a href=\"https:\/\/www.nebily.com\/shop\/wp-content\/uploads\/SDB_PU400_Lo-Line-Klebefalle-DE_SDB_Feb-2020.pdf\" target=\"_blank\">\n         <img decoding=\"async\" src=\"https:\/\/www.nebily.com\/shop\/wp-content\/uploads\/SDB_PU400_Lo-Line-Klebefalle-DE_SDB_Feb-2020-thumb.png\" title=\"SDB_PU400_Lo-Line Klebefalle DE_SDB_Feb 2020\" alt=\"SDB_PU400_Lo-Line Klebefalle DE_SDB_Feb 2020\" data-ext=\"pdf\"\/>\n         <span class=\"title\">SDB_PU400_Lo-Line Klebefalle DE_SDB_Feb 2020<\/span>\n      <\/a>\n   <\/div>\n\n<\/div>\n<\/div>\n","protected":false},"excerpt":{"rendered":"<p>NEBILY\u00ae Schabenfalle \u2013 Giftfreie L\u00f6sung zur Schabenkontrolle Die NEBILY\u00ae Schabenfalle ist eine effektive, giftfreie L\u00f6sung zur \u00dcberwachung und Reduktion von Schabenbefall. Dank integriertem Lockstoff werden Schaben gezielt angelockt und sicher auf der Klebefl\u00e4che fixiert \u2013 ideal f\u00fcr sensible Bereiche wie K\u00fcche, Gastronomie und Lebensmittellager. Ihre Vorteile auf einen Blick: Zuverl\u00e4ssige Anlockung aller g\u00e4ngigen Schabenarten Starke &hellip; <a href=\"https:\/\/www.nebily.com\/shop\/natuerlich-biologisch\/giftfreie-schabenfalle\/\">Continued<\/a><\/p>\n","protected":false},"featured_media":7433,"comment_status":"closed","ping_status":"closed","template":"","meta":[],"class_list":{"0":"post-718","1":"product","2":"type-product","3":"status-publish","4":"has-post-thumbnail","6":"product_cat-natuerlich-biologisch","7":"product_cat-kriechinsekten","9":"first","10":"instock","11":"taxable","12":"shipping-taxable","13":"product-type-variable","14":"has-default-attributes"},"yoast_head":"<!-- This site is optimized with the Yoast SEO plugin v25.1 - https:\/\/yoast.com\/wordpress\/plugins\/seo\/ -->\n<title>Giftfreie Schabenfalle mit Lockstoff | NEBILY Online Shop<\/title>\n<meta name=\"description\" content=\"NEBILY Schabenfalle \u2013 giftfreie L\u00f6sung zur Kontrolle &amp; Bek\u00e4mpfung. Effektiv gegen alle K\u00fcchenschabenarten, ideal f\u00fcr Gastronomie &amp; Lebensmittelbereiche.\" \/>\n<meta name=\"robots\" content=\"index, follow, max-snippet:-1, max-image-preview:large, max-video-preview:-1\" \/>\n<link rel=\"canonical\" href=\"https:\/\/www.nebily.com\/shop\/natuerlich-biologisch\/giftfreie-schabenfalle\/\" \/>\n<meta property=\"og:locale\" content=\"de_DE\" \/>\n<meta property=\"og:type\" content=\"article\" \/>\n<meta property=\"og:title\" content=\"Giftfreie Schabenfalle mit Lockstoff | NEBILY Online Shop\" \/>\n<meta property=\"og:description\" content=\"NEBILY Schabenfalle \u2013 giftfreie L\u00f6sung zur Kontrolle &amp; Bek\u00e4mpfung. Effektiv gegen alle K\u00fcchenschabenarten, ideal f\u00fcr Gastronomie &amp; Lebensmittelbereiche.\" \/>\n<meta property=\"og:url\" content=\"https:\/\/www.nebily.com\/shop\/natuerlich-biologisch\/giftfreie-schabenfalle\/\" \/>\n<meta property=\"og:site_name\" content=\"NEBILY Ges.m.b.H.\" \/>\n<meta property=\"article:publisher\" content=\"https:\/\/www.facebook.com\/NebilyGesmbH\/\" \/>\n<meta property=\"article:modified_time\" content=\"2026-04-26T18:39:07+00:00\" \/>\n<meta property=\"og:image\" content=\"https:\/\/www.nebily.com\/shop\/wp-content\/uploads\/Produkt-PU400_Falle-Schaben_Katalog-2021.jpg\" \/>\n\t<meta property=\"og:image:width\" content=\"800\" \/>\n\t<meta property=\"og:image:height\" content=\"600\" \/>\n\t<meta property=\"og:image:type\" content=\"image\/jpeg\" \/>\n<meta name=\"twitter:card\" content=\"summary_large_image\" \/>\n<meta name=\"twitter:label1\" content=\"Gesch\u00e4tzte Lesezeit\" \/>\n\t<meta name=\"twitter:data1\" content=\"2\u00a0Minuten\" \/>\n<script type=\"application\/ld+json\" class=\"yoast-schema-graph\">{\"@context\":\"https:\/\/schema.org\",\"@graph\":[{\"@type\":\"WebPage\",\"@id\":\"https:\/\/www.nebily.com\/shop\/natuerlich-biologisch\/giftfreie-schabenfalle\/\",\"url\":\"https:\/\/www.nebily.com\/shop\/natuerlich-biologisch\/giftfreie-schabenfalle\/\",\"name\":\"Giftfreie Schabenfalle mit Lockstoff | NEBILY Online Shop\",\"isPartOf\":{\"@id\":\"https:\/\/www.nebily.com\/shop\/#website\"},\"primaryImageOfPage\":{\"@id\":\"https:\/\/www.nebily.com\/shop\/natuerlich-biologisch\/giftfreie-schabenfalle\/#primaryimage\"},\"image\":{\"@id\":\"https:\/\/www.nebily.com\/shop\/natuerlich-biologisch\/giftfreie-schabenfalle\/#primaryimage\"},\"thumbnailUrl\":\"https:\/\/www.nebily.com\/shop\/wp-content\/uploads\/Produkt-PU400_Falle-Schaben_Katalog-2021.jpg\",\"datePublished\":\"2015-08-28T21:04:05+00:00\",\"dateModified\":\"2026-04-26T18:39:07+00:00\",\"description\":\"NEBILY Schabenfalle \u2013 giftfreie L\u00f6sung zur Kontrolle & Bek\u00e4mpfung. Effektiv gegen alle K\u00fcchenschabenarten, ideal f\u00fcr Gastronomie & Lebensmittelbereiche.\",\"breadcrumb\":{\"@id\":\"https:\/\/www.nebily.com\/shop\/natuerlich-biologisch\/giftfreie-schabenfalle\/#breadcrumb\"},\"inLanguage\":\"de\",\"potentialAction\":[{\"@type\":\"ReadAction\",\"target\":[\"https:\/\/www.nebily.com\/shop\/natuerlich-biologisch\/giftfreie-schabenfalle\/\"]}]},{\"@type\":\"ImageObject\",\"inLanguage\":\"de\",\"@id\":\"https:\/\/www.nebily.com\/shop\/natuerlich-biologisch\/giftfreie-schabenfalle\/#primaryimage\",\"url\":\"https:\/\/www.nebily.com\/shop\/wp-content\/uploads\/Produkt-PU400_Falle-Schaben_Katalog-2021.jpg\",\"contentUrl\":\"https:\/\/www.nebily.com\/shop\/wp-content\/uploads\/Produkt-PU400_Falle-Schaben_Katalog-2021.jpg\",\"width\":800,\"height\":600},{\"@type\":\"BreadcrumbList\",\"@id\":\"https:\/\/www.nebily.com\/shop\/natuerlich-biologisch\/giftfreie-schabenfalle\/#breadcrumb\",\"itemListElement\":[{\"@type\":\"ListItem\",\"position\":1,\"name\":\"Home\",\"item\":\"https:\/\/www.nebily.com\/shop\/\"},{\"@type\":\"ListItem\",\"position\":2,\"name\":\"Shop\",\"item\":\"https:\/\/www.nebily.com\/shop\/\"},{\"@type\":\"ListItem\",\"position\":3,\"name\":\"Giftfreie Schabenfalle\"}]},{\"@type\":\"WebSite\",\"@id\":\"https:\/\/www.nebily.com\/shop\/#website\",\"url\":\"https:\/\/www.nebily.com\/shop\/\",\"name\":\"NEBILY Ges.m.b.H.\",\"description\":\"\",\"potentialAction\":[{\"@type\":\"SearchAction\",\"target\":{\"@type\":\"EntryPoint\",\"urlTemplate\":\"https:\/\/www.nebily.com\/shop\/?s={search_term_string}\"},\"query-input\":{\"@type\":\"PropertyValueSpecification\",\"valueRequired\":true,\"valueName\":\"search_term_string\"}}],\"inLanguage\":\"de\"}]}<\/script>\n<!-- \/ Yoast SEO plugin. -->","yoast_head_json":{"title":"Giftfreie Schabenfalle mit Lockstoff | NEBILY Online Shop","description":"NEBILY Schabenfalle \u2013 giftfreie L\u00f6sung zur Kontrolle & Bek\u00e4mpfung. Effektiv gegen alle K\u00fcchenschabenarten, ideal f\u00fcr Gastronomie & Lebensmittelbereiche.","robots":{"index":"index","follow":"follow","max-snippet":"max-snippet:-1","max-image-preview":"max-image-preview:large","max-video-preview":"max-video-preview:-1"},"canonical":"https:\/\/www.nebily.com\/shop\/natuerlich-biologisch\/giftfreie-schabenfalle\/","og_locale":"de_DE","og_type":"article","og_title":"Giftfreie Schabenfalle mit Lockstoff | NEBILY Online Shop","og_description":"NEBILY Schabenfalle \u2013 giftfreie L\u00f6sung zur Kontrolle & Bek\u00e4mpfung. Effektiv gegen alle K\u00fcchenschabenarten, ideal f\u00fcr Gastronomie & Lebensmittelbereiche.","og_url":"https:\/\/www.nebily.com\/shop\/natuerlich-biologisch\/giftfreie-schabenfalle\/","og_site_name":"NEBILY Ges.m.b.H.","article_publisher":"https:\/\/www.facebook.com\/NebilyGesmbH\/","article_modified_time":"2026-04-26T18:39:07+00:00","og_image":[{"width":800,"height":600,"url":"https:\/\/www.nebily.com\/shop\/wp-content\/uploads\/Produkt-PU400_Falle-Schaben_Katalog-2021.jpg","type":"image\/jpeg"}],"twitter_card":"summary_large_image","twitter_misc":{"Gesch\u00e4tzte Lesezeit":"2\u00a0Minuten"},"schema":{"@context":"https:\/\/schema.org","@graph":[{"@type":"WebPage","@id":"https:\/\/www.nebily.com\/shop\/natuerlich-biologisch\/giftfreie-schabenfalle\/","url":"https:\/\/www.nebily.com\/shop\/natuerlich-biologisch\/giftfreie-schabenfalle\/","name":"Giftfreie Schabenfalle mit Lockstoff | NEBILY Online Shop","isPartOf":{"@id":"https:\/\/www.nebily.com\/shop\/#website"},"primaryImageOfPage":{"@id":"https:\/\/www.nebily.com\/shop\/natuerlich-biologisch\/giftfreie-schabenfalle\/#primaryimage"},"image":{"@id":"https:\/\/www.nebily.com\/shop\/natuerlich-biologisch\/giftfreie-schabenfalle\/#primaryimage"},"thumbnailUrl":"https:\/\/www.nebily.com\/shop\/wp-content\/uploads\/Produkt-PU400_Falle-Schaben_Katalog-2021.jpg","datePublished":"2015-08-28T21:04:05+00:00","dateModified":"2026-04-26T18:39:07+00:00","description":"NEBILY Schabenfalle \u2013 giftfreie L\u00f6sung zur Kontrolle & Bek\u00e4mpfung. Effektiv gegen alle K\u00fcchenschabenarten, ideal f\u00fcr Gastronomie & Lebensmittelbereiche.","breadcrumb":{"@id":"https:\/\/www.nebily.com\/shop\/natuerlich-biologisch\/giftfreie-schabenfalle\/#breadcrumb"},"inLanguage":"de","potentialAction":[{"@type":"ReadAction","target":["https:\/\/www.nebily.com\/shop\/natuerlich-biologisch\/giftfreie-schabenfalle\/"]}]},{"@type":"ImageObject","inLanguage":"de","@id":"https:\/\/www.nebily.com\/shop\/natuerlich-biologisch\/giftfreie-schabenfalle\/#primaryimage","url":"https:\/\/www.nebily.com\/shop\/wp-content\/uploads\/Produkt-PU400_Falle-Schaben_Katalog-2021.jpg","contentUrl":"https:\/\/www.nebily.com\/shop\/wp-content\/uploads\/Produkt-PU400_Falle-Schaben_Katalog-2021.jpg","width":800,"height":600},{"@type":"BreadcrumbList","@id":"https:\/\/www.nebily.com\/shop\/natuerlich-biologisch\/giftfreie-schabenfalle\/#breadcrumb","itemListElement":[{"@type":"ListItem","position":1,"name":"Home","item":"https:\/\/www.nebily.com\/shop\/"},{"@type":"ListItem","position":2,"name":"Shop","item":"https:\/\/www.nebily.com\/shop\/"},{"@type":"ListItem","position":3,"name":"Giftfreie Schabenfalle"}]},{"@type":"WebSite","@id":"https:\/\/www.nebily.com\/shop\/#website","url":"https:\/\/www.nebily.com\/shop\/","name":"NEBILY Ges.m.b.H.","description":"","potentialAction":[{"@type":"SearchAction","target":{"@type":"EntryPoint","urlTemplate":"https:\/\/www.nebily.com\/shop\/?s={search_term_string}"},"query-input":{"@type":"PropertyValueSpecification","valueRequired":true,"valueName":"search_term_string"}}],"inLanguage":"de"}]}},"_links":{"self":[{"href":"https:\/\/www.nebily.com\/shop\/wp-json\/wp\/v2\/product\/718","targetHints":{"allow":["GET"]}}],"collection":[{"href":"https:\/\/www.nebily.com\/shop\/wp-json\/wp\/v2\/product"}],"about":[{"href":"https:\/\/www.nebily.com\/shop\/wp-json\/wp\/v2\/types\/product"}],"replies":[{"embeddable":true,"href":"https:\/\/www.nebily.com\/shop\/wp-json\/wp\/v2\/comments?post=718"}],"wp:featuredmedia":[{"embeddable":true,"href":"https:\/\/www.nebily.com\/shop\/wp-json\/wp\/v2\/media\/7433"}],"wp:attachment":[{"href":"https:\/\/www.nebily.com\/shop\/wp-json\/wp\/v2\/media?parent=718"}],"curies":[{"name":"wp","href":"https:\/\/api.w.org\/{rel}","templated":true}]}}