{"id":669,"date":"2015-08-27T17:06:21","date_gmt":"2015-08-27T16:06:21","guid":{"rendered":"http:\/\/nebily.com.w013807b.kasserver.com\/?post_type=product&#038;p=669"},"modified":"2025-09-04T13:08:11","modified_gmt":"2025-09-04T12:08:11","slug":"detmol-lack-spray","status":"publish","type":"product","link":"https:\/\/www.nebily.com\/shop\/kriechinsekten\/detmol-lack-spray\/","title":{"rendered":"Detmol Lack-Spray gegen Schaben &amp; Insekten"},"content":{"rendered":"<p>Detmol Lack-Spray gegen Schaben und anderes Ungeziefer ist ein gebrauchsfertiger Klarlack.<\/p>\n<p>Klettert Ungeziefer \u00fcber den getrockneten Klarlack, nimmt es den Wirkstoff \u00fcber die Nervenenden an den Beinen auf und verendet. Der gro\u00dfe Vorteil liegt in der extrem anhaltenden Dauerwirkung.<\/p>\n<p>Der Lack kann nicht durch herk\u00f6mmliche Reinigungsmittel weggewaschen werden. Der Klarlack sch\u00fctzt den Wirkstoff vor Verfl\u00fcchtigung. Es kann somit eine Dauerwirkung erzielt werden, die bis zu 12 Monate andauert. Detmol Lack-Spray ist somit ideal um Barrieren gegen Ungeziefer zu errichten!<\/p>\n<p>Die aufgespr\u00fchten Streifen sollten ca. 10 cm breit sein, um bestm\u00f6glich zu wirken.<\/p>\n<p>Wir sind bei hartn\u00e4ckigen F\u00e4llen gerne auch als Sch\u00e4dlingsbek\u00e4mpfer \u00f6sterreichweit f\u00fcr Sie da &#8211; <a href=\"https:\/\/www.nebily.com\/schaedlingsbekaempfung\" target=\"_blank\" rel=\"noopener noreferrer\">hier gehts zu unseren Angeboten<\/a>.<\/p>\n<hr \/>\n<p>Sicherheitsdatenblatt:<\/p>\n\n<!-- Generated using Document Gallery. Get yours here: http:\/\/wordpress.org\/extend\/plugins\/document-gallery -->\n<div id=\"document-gallery-1\" class=\"document-gallery\" data-shortcode='{\"id\":669,\"include\":\"7084\",\"exclude\":\"\",\"columns\":4,\"descriptions\":false,\"fancy\":true,\"order\":\"ASC\",\"orderby\":\"post__in\",\"relation\":\"AND\",\"limit\":-1,\"mime_types\":\"application,video,text,audio,image\",\"new_window\":true,\"post_status\":\"any\",\"post_type\":\"attachment\",\"attachment_pg\":false,\"paginate\":true,\"skip\":0}' data-icon-width='24'>\n<div class='document-icon-row'>\n   <div class=\"document-icon\">\n      <a href=\"https:\/\/www.nebily.com\/shop\/wp-content\/uploads\/SDB_Detmol_Lack_10-2019.pdf\" target=\"_blank\">\n         <img decoding=\"async\" src=\"https:\/\/www.nebily.com\/shop\/wp-content\/uploads\/SDB_Detmol_Lack_10-2019-thumb.png\" title=\"SDB_Detmol_Lack_10-2019\" alt=\"SDB_Detmol_Lack_10-2019\" data-ext=\"pdf\"\/>\n         <span class=\"title\">SDB_Detmol_Lack_10-2019<\/span>\n      <\/a>\n   <\/div>\n\n<\/div>\n<\/div>\n","protected":false},"excerpt":{"rendered":"<p>Detmol Lack-Spray gegen Schaben und anderes Ungeziefer ist ein gebrauchsfertiger Klarlack. Klettert Ungeziefer \u00fcber den getrockneten Klarlack, nimmt es den Wirkstoff \u00fcber die Nervenenden an den Beinen auf und verendet. Der gro\u00dfe Vorteil liegt in der extrem anhaltenden Dauerwirkung. Der Lack kann nicht durch herk\u00f6mmliche Reinigungsmittel weggewaschen werden. Der Klarlack sch\u00fctzt den Wirkstoff vor Verfl\u00fcchtigung. &hellip; <a href=\"https:\/\/www.nebily.com\/shop\/kriechinsekten\/detmol-lack-spray\/\">Continued<\/a><\/p>\n","protected":false},"featured_media":1171,"comment_status":"closed","ping_status":"closed","template":"","meta":[],"class_list":{"0":"post-669","1":"product","2":"type-product","3":"status-publish","4":"has-post-thumbnail","6":"product_cat-fluginsekten","7":"product_cat-kriechinsekten","9":"first","10":"instock","11":"taxable","12":"shipping-taxable","13":"product-type-variable"},"yoast_head":"<!-- This site is optimized with the Yoast SEO plugin v25.1 - https:\/\/yoast.com\/wordpress\/plugins\/seo\/ -->\n<title>Detmol Lack-Spray gegen Schaben &amp; Insekten | NEBILY Online Shop<\/title>\n<meta name=\"description\" content=\"Detmol Lack-Spray gegen Schaben und anderes Ungeziefer ist ein gebrauchsfertiger Klarlack. Der gro\u00dfe Vorteil liegt in der extremen Dauerwirkung.\" \/>\n<meta name=\"robots\" content=\"index, follow, max-snippet:-1, max-image-preview:large, max-video-preview:-1\" \/>\n<link rel=\"canonical\" href=\"https:\/\/www.nebily.com\/shop\/kriechinsekten\/detmol-lack-spray\/\" \/>\n<meta property=\"og:locale\" content=\"de_DE\" \/>\n<meta property=\"og:type\" content=\"article\" \/>\n<meta property=\"og:title\" content=\"Detmol Lack-Spray gegen Schaben &amp; Insekten | NEBILY Online Shop\" \/>\n<meta property=\"og:description\" content=\"Detmol Lack-Spray gegen Schaben und anderes Ungeziefer ist ein gebrauchsfertiger Klarlack. Der gro\u00dfe Vorteil liegt in der extremen Dauerwirkung.\" \/>\n<meta property=\"og:url\" content=\"https:\/\/www.nebily.com\/shop\/kriechinsekten\/detmol-lack-spray\/\" \/>\n<meta property=\"og:site_name\" content=\"NEBILY Ges.m.b.H.\" \/>\n<meta property=\"article:publisher\" content=\"https:\/\/www.facebook.com\/NebilyGesmbH\/\" \/>\n<meta property=\"article:modified_time\" content=\"2025-09-04T12:08:11+00:00\" \/>\n<meta property=\"og:image\" content=\"https:\/\/www.nebily.com\/shop\/wp-content\/uploads\/2015\/08\/Produkt_F300_Detmol-Lack_Spr\u00fchdose.jpg\" \/>\n\t<meta property=\"og:image:width\" content=\"750\" \/>\n\t<meta property=\"og:image:height\" content=\"550\" \/>\n\t<meta property=\"og:image:type\" content=\"image\/jpeg\" \/>\n<meta name=\"twitter:card\" content=\"summary_large_image\" \/>\n<meta name=\"twitter:label1\" content=\"Gesch\u00e4tzte Lesezeit\" \/>\n\t<meta name=\"twitter:data1\" content=\"1\u00a0Minute\" \/>\n<script type=\"application\/ld+json\" class=\"yoast-schema-graph\">{\"@context\":\"https:\/\/schema.org\",\"@graph\":[{\"@type\":\"WebPage\",\"@id\":\"https:\/\/www.nebily.com\/shop\/kriechinsekten\/detmol-lack-spray\/\",\"url\":\"https:\/\/www.nebily.com\/shop\/kriechinsekten\/detmol-lack-spray\/\",\"name\":\"Detmol Lack-Spray gegen Schaben & Insekten | NEBILY Online Shop\",\"isPartOf\":{\"@id\":\"https:\/\/www.nebily.com\/shop\/#website\"},\"primaryImageOfPage\":{\"@id\":\"https:\/\/www.nebily.com\/shop\/kriechinsekten\/detmol-lack-spray\/#primaryimage\"},\"image\":{\"@id\":\"https:\/\/www.nebily.com\/shop\/kriechinsekten\/detmol-lack-spray\/#primaryimage\"},\"thumbnailUrl\":\"https:\/\/www.nebily.com\/shop\/wp-content\/uploads\/2015\/08\/Produkt_F300_Detmol-Lack_Spr\u00fchdose.jpg\",\"datePublished\":\"2015-08-27T16:06:21+00:00\",\"dateModified\":\"2025-09-04T12:08:11+00:00\",\"description\":\"Detmol Lack-Spray gegen Schaben und anderes Ungeziefer ist ein gebrauchsfertiger Klarlack. Der gro\u00dfe Vorteil liegt in der extremen Dauerwirkung.\",\"breadcrumb\":{\"@id\":\"https:\/\/www.nebily.com\/shop\/kriechinsekten\/detmol-lack-spray\/#breadcrumb\"},\"inLanguage\":\"de\",\"potentialAction\":[{\"@type\":\"ReadAction\",\"target\":[\"https:\/\/www.nebily.com\/shop\/kriechinsekten\/detmol-lack-spray\/\"]}]},{\"@type\":\"ImageObject\",\"inLanguage\":\"de\",\"@id\":\"https:\/\/www.nebily.com\/shop\/kriechinsekten\/detmol-lack-spray\/#primaryimage\",\"url\":\"https:\/\/www.nebily.com\/shop\/wp-content\/uploads\/2015\/08\/Produkt_F300_Detmol-Lack_Spr\u00fchdose.jpg\",\"contentUrl\":\"https:\/\/www.nebily.com\/shop\/wp-content\/uploads\/2015\/08\/Produkt_F300_Detmol-Lack_Spr\u00fchdose.jpg\",\"width\":750,\"height\":550},{\"@type\":\"BreadcrumbList\",\"@id\":\"https:\/\/www.nebily.com\/shop\/kriechinsekten\/detmol-lack-spray\/#breadcrumb\",\"itemListElement\":[{\"@type\":\"ListItem\",\"position\":1,\"name\":\"Home\",\"item\":\"https:\/\/www.nebily.com\/shop\/\"},{\"@type\":\"ListItem\",\"position\":2,\"name\":\"Shop\",\"item\":\"https:\/\/www.nebily.com\/shop\/\"},{\"@type\":\"ListItem\",\"position\":3,\"name\":\"Detmol Lack-Spray gegen Schaben &amp; Insekten\"}]},{\"@type\":\"WebSite\",\"@id\":\"https:\/\/www.nebily.com\/shop\/#website\",\"url\":\"https:\/\/www.nebily.com\/shop\/\",\"name\":\"NEBILY Ges.m.b.H.\",\"description\":\"\",\"potentialAction\":[{\"@type\":\"SearchAction\",\"target\":{\"@type\":\"EntryPoint\",\"urlTemplate\":\"https:\/\/www.nebily.com\/shop\/?s={search_term_string}\"},\"query-input\":{\"@type\":\"PropertyValueSpecification\",\"valueRequired\":true,\"valueName\":\"search_term_string\"}}],\"inLanguage\":\"de\"}]}<\/script>\n<!-- \/ Yoast SEO plugin. -->","yoast_head_json":{"title":"Detmol Lack-Spray gegen Schaben & Insekten | NEBILY Online Shop","description":"Detmol Lack-Spray gegen Schaben und anderes Ungeziefer ist ein gebrauchsfertiger Klarlack. Der gro\u00dfe Vorteil liegt in der extremen Dauerwirkung.","robots":{"index":"index","follow":"follow","max-snippet":"max-snippet:-1","max-image-preview":"max-image-preview:large","max-video-preview":"max-video-preview:-1"},"canonical":"https:\/\/www.nebily.com\/shop\/kriechinsekten\/detmol-lack-spray\/","og_locale":"de_DE","og_type":"article","og_title":"Detmol Lack-Spray gegen Schaben & Insekten | NEBILY Online Shop","og_description":"Detmol Lack-Spray gegen Schaben und anderes Ungeziefer ist ein gebrauchsfertiger Klarlack. Der gro\u00dfe Vorteil liegt in der extremen Dauerwirkung.","og_url":"https:\/\/www.nebily.com\/shop\/kriechinsekten\/detmol-lack-spray\/","og_site_name":"NEBILY Ges.m.b.H.","article_publisher":"https:\/\/www.facebook.com\/NebilyGesmbH\/","article_modified_time":"2025-09-04T12:08:11+00:00","og_image":[{"width":750,"height":550,"url":"https:\/\/www.nebily.com\/shop\/wp-content\/uploads\/2015\/08\/Produkt_F300_Detmol-Lack_Spr\u00fchdose.jpg","type":"image\/jpeg"}],"twitter_card":"summary_large_image","twitter_misc":{"Gesch\u00e4tzte Lesezeit":"1\u00a0Minute"},"schema":{"@context":"https:\/\/schema.org","@graph":[{"@type":"WebPage","@id":"https:\/\/www.nebily.com\/shop\/kriechinsekten\/detmol-lack-spray\/","url":"https:\/\/www.nebily.com\/shop\/kriechinsekten\/detmol-lack-spray\/","name":"Detmol Lack-Spray gegen Schaben & Insekten | NEBILY Online Shop","isPartOf":{"@id":"https:\/\/www.nebily.com\/shop\/#website"},"primaryImageOfPage":{"@id":"https:\/\/www.nebily.com\/shop\/kriechinsekten\/detmol-lack-spray\/#primaryimage"},"image":{"@id":"https:\/\/www.nebily.com\/shop\/kriechinsekten\/detmol-lack-spray\/#primaryimage"},"thumbnailUrl":"https:\/\/www.nebily.com\/shop\/wp-content\/uploads\/2015\/08\/Produkt_F300_Detmol-Lack_Spr\u00fchdose.jpg","datePublished":"2015-08-27T16:06:21+00:00","dateModified":"2025-09-04T12:08:11+00:00","description":"Detmol Lack-Spray gegen Schaben und anderes Ungeziefer ist ein gebrauchsfertiger Klarlack. Der gro\u00dfe Vorteil liegt in der extremen Dauerwirkung.","breadcrumb":{"@id":"https:\/\/www.nebily.com\/shop\/kriechinsekten\/detmol-lack-spray\/#breadcrumb"},"inLanguage":"de","potentialAction":[{"@type":"ReadAction","target":["https:\/\/www.nebily.com\/shop\/kriechinsekten\/detmol-lack-spray\/"]}]},{"@type":"ImageObject","inLanguage":"de","@id":"https:\/\/www.nebily.com\/shop\/kriechinsekten\/detmol-lack-spray\/#primaryimage","url":"https:\/\/www.nebily.com\/shop\/wp-content\/uploads\/2015\/08\/Produkt_F300_Detmol-Lack_Spr\u00fchdose.jpg","contentUrl":"https:\/\/www.nebily.com\/shop\/wp-content\/uploads\/2015\/08\/Produkt_F300_Detmol-Lack_Spr\u00fchdose.jpg","width":750,"height":550},{"@type":"BreadcrumbList","@id":"https:\/\/www.nebily.com\/shop\/kriechinsekten\/detmol-lack-spray\/#breadcrumb","itemListElement":[{"@type":"ListItem","position":1,"name":"Home","item":"https:\/\/www.nebily.com\/shop\/"},{"@type":"ListItem","position":2,"name":"Shop","item":"https:\/\/www.nebily.com\/shop\/"},{"@type":"ListItem","position":3,"name":"Detmol Lack-Spray gegen Schaben &amp; Insekten"}]},{"@type":"WebSite","@id":"https:\/\/www.nebily.com\/shop\/#website","url":"https:\/\/www.nebily.com\/shop\/","name":"NEBILY Ges.m.b.H.","description":"","potentialAction":[{"@type":"SearchAction","target":{"@type":"EntryPoint","urlTemplate":"https:\/\/www.nebily.com\/shop\/?s={search_term_string}"},"query-input":{"@type":"PropertyValueSpecification","valueRequired":true,"valueName":"search_term_string"}}],"inLanguage":"de"}]}},"_links":{"self":[{"href":"https:\/\/www.nebily.com\/shop\/wp-json\/wp\/v2\/product\/669","targetHints":{"allow":["GET"]}}],"collection":[{"href":"https:\/\/www.nebily.com\/shop\/wp-json\/wp\/v2\/product"}],"about":[{"href":"https:\/\/www.nebily.com\/shop\/wp-json\/wp\/v2\/types\/product"}],"replies":[{"embeddable":true,"href":"https:\/\/www.nebily.com\/shop\/wp-json\/wp\/v2\/comments?post=669"}],"wp:featuredmedia":[{"embeddable":true,"href":"https:\/\/www.nebily.com\/shop\/wp-json\/wp\/v2\/media\/1171"}],"wp:attachment":[{"href":"https:\/\/www.nebily.com\/shop\/wp-json\/wp\/v2\/media?parent=669"}],"curies":[{"name":"wp","href":"https:\/\/api.w.org\/{rel}","templated":true}]}}