{"id":656,"date":"2015-08-27T16:45:41","date_gmt":"2015-08-27T15:45:41","guid":{"rendered":"http:\/\/nebily.com.w013807b.kasserver.com\/?post_type=product&#038;p=656"},"modified":"2026-04-26T20:04:29","modified_gmt":"2026-04-26T19:04:29","slug":"insektizid-kartusche-piretrin-100-fuer-microsprayer","status":"publish","type":"product","link":"https:\/\/www.nebily.com\/shop\/fluginsekten\/insektizid-kartusche-piretrin-100-fuer-microsprayer\/","title":{"rendered":"Insektizid Kartusche &#8211; Piretrin 100  f\u00fcr Microsprayer Air Free LCD Systems\u00ae"},"content":{"rendered":"<h1 data-section-id=\"dtp68f\" data-start=\"0\" data-end=\"84\">Piretrin 100 f\u00fcr Air Free LCD Microspray System \u2013 kontinuierliche Insektenkontrolle mit Duftwirkung<\/h1>\n<p data-start=\"86\" data-end=\"338\">Piretrin 100 in Kombination mit dem <a href=\"https:\/\/www.nebily.com\/shop\/fluginsekten\/air-free-lcd-microsprayer-gegen-insekten-und-gerueche\/\" target=\"_blank\" rel=\"noopener\">Air Free LCD Microsprayer\u00ae <\/a>sorgt f\u00fcr eine kontinuierliche Insektenbek\u00e4mpfung in gewerblichen Bereichen. Das feine Spray reduziert fliegende Insekten zuverl\u00e4ssig und tr\u00e4gt gleichzeitig zu einer angenehmen Raumluft bei.<\/p>\n<h2 data-section-id=\"16d7haf\" data-start=\"340\" data-end=\"373\">Ihre Vorteile auf einen Blick:<\/h2>\n<ul data-start=\"374\" data-end=\"670\">\n<li data-section-id=\"jn49t6\" data-start=\"374\" data-end=\"422\">24\/7 &#8211; kontinuierliche Insektenkontrolle<\/li>\n<li data-section-id=\"1au7iwr\" data-start=\"423\" data-end=\"482\">Wirksam gegen Fliegen, M\u00fccken, Fruchtfliegen und Gelsen<\/li>\n<li data-section-id=\"1yl6erf\" data-start=\"483\" data-end=\"540\">Gleichzeitige Raumlufterfrischung mit angenehmem Duft<\/li>\n<li data-section-id=\"1khic7q\" data-start=\"541\" data-end=\"605\">Wirtschaftlich sparsam im Verbrauch (ca. 30 Tage Reichweite)<\/li>\n<li data-section-id=\"1vivh0j\" data-start=\"606\" data-end=\"637\">Umweltfreundlich, ohne FCKW<\/li>\n<li data-section-id=\"1lblr9o\" data-start=\"638\" data-end=\"670\">Auf Basis von Naturpyrethrin<\/li>\n<\/ul>\n<h3 data-section-id=\"jn7m65\" data-start=\"672\" data-end=\"692\"><span role=\"text\">Wirkprinzip:<\/span><\/h3>\n<p data-start=\"694\" data-end=\"960\">Das feine Aerosolspray verteilt den Wirkstoff gleichm\u00e4\u00dfig in der Raumluft. Fliegende Insekten werden beim Kontakt mit dem Wirkstoff erfasst und zuverl\u00e4ssig bek\u00e4mpft. Gleichzeitig sorgt die Duftkomponente f\u00fcr eine kontinuierliche Neutralisierung unangenehmer Ger\u00fcche.<\/p>\n<h3 data-section-id=\"ogejnb\" data-start=\"962\" data-end=\"980\"><span role=\"text\">Anwendung:<\/span><\/h3>\n<p data-start=\"982\" data-end=\"1197\">Das System wird mit dem\u00a0<a href=\"https:\/\/www.nebily.com\/shop\/fluginsekten\/air-free-lcd-microsprayer-gegen-insekten-und-gerueche\/\" target=\"_blank\" rel=\"noopener\">Air Free LCD Microsprayer<\/a>\u00ae\u00a0betrieben und gibt in regelm\u00e4\u00dfigen Intervallen kleine Mengen des Wirkstoffs in die Raumluft ab. Dadurch entsteht ein kontinuierlicher Schutz vor fliegenden Insekten.<\/p>\n<p data-start=\"982\" data-end=\"1197\"><strong>Wirkstoff:<\/strong> \u00a03,3 % Pyrethrine, 10,6% PBO<\/p>\n<p data-start=\"1199\" data-end=\"1303\"><strong>Aufwandmenge:<\/strong> Eine F\u00fcllung reicht f\u00fcr ca. 30 Tage Dauerbetrieb (abh\u00e4ngig von Einstellung und Raumgr\u00f6\u00dfe)<\/p>\n<p data-start=\"1305\" data-end=\"1571\">\ud83d\udce6 <strong data-start=\"1308\" data-end=\"1327\">Produktdetails:<\/strong><\/p>\n<ul>\n<li data-start=\"1305\" data-end=\"1571\">Aerosolsystem mit Naturpyrethrin<\/li>\n<li data-start=\"1305\" data-end=\"1571\">Kombinierbar mit <a href=\"https:\/\/www.nebily.com\/shop\/fluginsekten\/air-free-lcd-microsprayer-gegen-insekten-und-gerueche\/\" target=\"_blank\" rel=\"noopener\">Air Free LCD Microsprayer<\/a>\u00ae<\/li>\n<li data-start=\"1305\" data-end=\"1571\">Wirksam gegen fliegende Insekten<\/li>\n<li data-start=\"1305\" data-end=\"1571\">Integrierte Duftkomponente zur Geruchsneutralisation<\/li>\n<li data-start=\"1305\" data-end=\"1571\">FCKW-frei und umweltfreundlich<\/li>\n<li data-start=\"1305\" data-end=\"1571\">F\u00fcr gewerbliche Anwendungen geeignet<\/li>\n<\/ul>\n<p data-start=\"1573\" data-end=\"1743\">\u26a0\ufe0f <strong data-start=\"1576\" data-end=\"1597\">Wichtige Hinweise:<\/strong><\/p>\n<ul>\n<li data-start=\"1573\" data-end=\"1743\">Biozidprodukte vorsichtig verwenden. Vor Gebrauch stets Etikett und Produktinformationen lesen.<\/li>\n<li data-start=\"1573\" data-end=\"1743\">Nur gem\u00e4\u00df den geltenden Vorschriften einsetzen.<\/li>\n<li data-start=\"1573\" data-end=\"1743\"><strong>NICHT<\/strong> direkt im Gastbereich,\u00a0 bei offenen Lebensmittel oder Schlaufr\u00e4umen verwenden!<\/li>\n<\/ul>\n<hr \/>\n<p>Sicherheitsdatenblatt:<\/p>\n","protected":false},"excerpt":{"rendered":"<p>Piretrin 100 f\u00fcr Air Free LCD Microspray System \u2013 kontinuierliche Insektenkontrolle mit Duftwirkung Piretrin 100 in Kombination mit dem Air Free LCD Microsprayer\u00ae sorgt f\u00fcr eine kontinuierliche Insektenbek\u00e4mpfung in gewerblichen Bereichen. Das feine Spray reduziert fliegende Insekten zuverl\u00e4ssig und tr\u00e4gt gleichzeitig zu einer angenehmen Raumluft bei. Ihre Vorteile auf einen Blick: 24\/7 &#8211; kontinuierliche Insektenkontrolle &hellip; <a href=\"https:\/\/www.nebily.com\/shop\/fluginsekten\/insektizid-kartusche-piretrin-100-fuer-microsprayer\/\">Continued<\/a><\/p>\n","protected":false},"featured_media":5196,"comment_status":"closed","ping_status":"closed","template":"","meta":[],"class_list":{"0":"post-656","1":"product","2":"type-product","3":"status-publish","4":"has-post-thumbnail","6":"product_cat-fluginsekten","7":"product_cat-zubehoer","8":"product_tag-fliegen-bekaempfen","9":"product_tag-insekten-in-muellraum","10":"product_tag-kartusche-fuer-sprayer","11":"product_tag-lcd-system-kartusche","13":"first","14":"instock","15":"taxable","16":"shipping-taxable","17":"product-type-variable"},"yoast_head":"<!-- This site is optimized with the Yoast SEO plugin v25.1 - https:\/\/yoast.com\/wordpress\/plugins\/seo\/ -->\n<title>Insektizid Piretrin 100 f\u00fcr Air Free Sprayer | NEBILY Online Shop<\/title>\n<meta name=\"description\" content=\"Piretrin 100 Microspray System zur kontinuierlichen Insektenbek\u00e4mpfung. Wirksam gegen Fliegen, M\u00fccken und Fruchtfliegen mit angenehmer Duftwirkung f\u00fcr Gewerbe.\" \/>\n<meta name=\"robots\" content=\"index, follow, max-snippet:-1, max-image-preview:large, max-video-preview:-1\" \/>\n<link rel=\"canonical\" href=\"https:\/\/www.nebily.com\/shop\/fluginsekten\/insektizid-kartusche-piretrin-100-fuer-microsprayer\/\" \/>\n<meta property=\"og:locale\" content=\"de_DE\" \/>\n<meta property=\"og:type\" content=\"article\" \/>\n<meta property=\"og:title\" content=\"Insektizid Piretrin 100 f\u00fcr Air Free Sprayer | NEBILY Online Shop\" \/>\n<meta property=\"og:description\" content=\"Piretrin 100 Microspray System zur kontinuierlichen Insektenbek\u00e4mpfung. Wirksam gegen Fliegen, M\u00fccken und Fruchtfliegen mit angenehmer Duftwirkung f\u00fcr Gewerbe.\" \/>\n<meta property=\"og:url\" content=\"https:\/\/www.nebily.com\/shop\/fluginsekten\/insektizid-kartusche-piretrin-100-fuer-microsprayer\/\" \/>\n<meta property=\"og:site_name\" content=\"NEBILY Ges.m.b.H.\" \/>\n<meta property=\"article:publisher\" content=\"https:\/\/www.facebook.com\/NebilyGesmbH\/\" \/>\n<meta property=\"article:modified_time\" content=\"2026-04-26T19:04:29+00:00\" \/>\n<meta property=\"og:image\" content=\"https:\/\/www.nebily.com\/shop\/wp-content\/uploads\/Produkt_NBVS027_CleanAir_Piretrin_100.jpg\" \/>\n\t<meta property=\"og:image:width\" content=\"800\" \/>\n\t<meta property=\"og:image:height\" content=\"600\" \/>\n\t<meta property=\"og:image:type\" content=\"image\/jpeg\" \/>\n<meta name=\"twitter:card\" content=\"summary_large_image\" \/>\n<meta name=\"twitter:label1\" content=\"Gesch\u00e4tzte Lesezeit\" \/>\n\t<meta name=\"twitter:data1\" content=\"2\u00a0Minuten\" \/>\n<script type=\"application\/ld+json\" class=\"yoast-schema-graph\">{\"@context\":\"https:\/\/schema.org\",\"@graph\":[{\"@type\":\"WebPage\",\"@id\":\"https:\/\/www.nebily.com\/shop\/fluginsekten\/insektizid-kartusche-piretrin-100-fuer-microsprayer\/\",\"url\":\"https:\/\/www.nebily.com\/shop\/fluginsekten\/insektizid-kartusche-piretrin-100-fuer-microsprayer\/\",\"name\":\"Insektizid Piretrin 100 f\u00fcr Air Free Sprayer | NEBILY Online Shop\",\"isPartOf\":{\"@id\":\"https:\/\/www.nebily.com\/shop\/#website\"},\"primaryImageOfPage\":{\"@id\":\"https:\/\/www.nebily.com\/shop\/fluginsekten\/insektizid-kartusche-piretrin-100-fuer-microsprayer\/#primaryimage\"},\"image\":{\"@id\":\"https:\/\/www.nebily.com\/shop\/fluginsekten\/insektizid-kartusche-piretrin-100-fuer-microsprayer\/#primaryimage\"},\"thumbnailUrl\":\"https:\/\/www.nebily.com\/shop\/wp-content\/uploads\/Produkt_NBVS027_CleanAir_Piretrin_100.jpg\",\"datePublished\":\"2015-08-27T15:45:41+00:00\",\"dateModified\":\"2026-04-26T19:04:29+00:00\",\"description\":\"Piretrin 100 Microspray System zur kontinuierlichen Insektenbek\u00e4mpfung. Wirksam gegen Fliegen, M\u00fccken und Fruchtfliegen mit angenehmer Duftwirkung f\u00fcr Gewerbe.\",\"breadcrumb\":{\"@id\":\"https:\/\/www.nebily.com\/shop\/fluginsekten\/insektizid-kartusche-piretrin-100-fuer-microsprayer\/#breadcrumb\"},\"inLanguage\":\"de\",\"potentialAction\":[{\"@type\":\"ReadAction\",\"target\":[\"https:\/\/www.nebily.com\/shop\/fluginsekten\/insektizid-kartusche-piretrin-100-fuer-microsprayer\/\"]}]},{\"@type\":\"ImageObject\",\"inLanguage\":\"de\",\"@id\":\"https:\/\/www.nebily.com\/shop\/fluginsekten\/insektizid-kartusche-piretrin-100-fuer-microsprayer\/#primaryimage\",\"url\":\"https:\/\/www.nebily.com\/shop\/wp-content\/uploads\/Produkt_NBVS027_CleanAir_Piretrin_100.jpg\",\"contentUrl\":\"https:\/\/www.nebily.com\/shop\/wp-content\/uploads\/Produkt_NBVS027_CleanAir_Piretrin_100.jpg\",\"width\":800,\"height\":600},{\"@type\":\"BreadcrumbList\",\"@id\":\"https:\/\/www.nebily.com\/shop\/fluginsekten\/insektizid-kartusche-piretrin-100-fuer-microsprayer\/#breadcrumb\",\"itemListElement\":[{\"@type\":\"ListItem\",\"position\":1,\"name\":\"Home\",\"item\":\"https:\/\/www.nebily.com\/shop\/\"},{\"@type\":\"ListItem\",\"position\":2,\"name\":\"Shop\",\"item\":\"https:\/\/www.nebily.com\/shop\/\"},{\"@type\":\"ListItem\",\"position\":3,\"name\":\"Insektizid Kartusche &#8211; Piretrin 100 f\u00fcr Microsprayer Air Free LCD Systems\u00ae\"}]},{\"@type\":\"WebSite\",\"@id\":\"https:\/\/www.nebily.com\/shop\/#website\",\"url\":\"https:\/\/www.nebily.com\/shop\/\",\"name\":\"NEBILY Ges.m.b.H.\",\"description\":\"\",\"potentialAction\":[{\"@type\":\"SearchAction\",\"target\":{\"@type\":\"EntryPoint\",\"urlTemplate\":\"https:\/\/www.nebily.com\/shop\/?s={search_term_string}\"},\"query-input\":{\"@type\":\"PropertyValueSpecification\",\"valueRequired\":true,\"valueName\":\"search_term_string\"}}],\"inLanguage\":\"de\"}]}<\/script>\n<!-- \/ Yoast SEO plugin. -->","yoast_head_json":{"title":"Insektizid Piretrin 100 f\u00fcr Air Free Sprayer | NEBILY Online Shop","description":"Piretrin 100 Microspray System zur kontinuierlichen Insektenbek\u00e4mpfung. Wirksam gegen Fliegen, M\u00fccken und Fruchtfliegen mit angenehmer Duftwirkung f\u00fcr Gewerbe.","robots":{"index":"index","follow":"follow","max-snippet":"max-snippet:-1","max-image-preview":"max-image-preview:large","max-video-preview":"max-video-preview:-1"},"canonical":"https:\/\/www.nebily.com\/shop\/fluginsekten\/insektizid-kartusche-piretrin-100-fuer-microsprayer\/","og_locale":"de_DE","og_type":"article","og_title":"Insektizid Piretrin 100 f\u00fcr Air Free Sprayer | NEBILY Online Shop","og_description":"Piretrin 100 Microspray System zur kontinuierlichen Insektenbek\u00e4mpfung. Wirksam gegen Fliegen, M\u00fccken und Fruchtfliegen mit angenehmer Duftwirkung f\u00fcr Gewerbe.","og_url":"https:\/\/www.nebily.com\/shop\/fluginsekten\/insektizid-kartusche-piretrin-100-fuer-microsprayer\/","og_site_name":"NEBILY Ges.m.b.H.","article_publisher":"https:\/\/www.facebook.com\/NebilyGesmbH\/","article_modified_time":"2026-04-26T19:04:29+00:00","og_image":[{"width":800,"height":600,"url":"https:\/\/www.nebily.com\/shop\/wp-content\/uploads\/Produkt_NBVS027_CleanAir_Piretrin_100.jpg","type":"image\/jpeg"}],"twitter_card":"summary_large_image","twitter_misc":{"Gesch\u00e4tzte Lesezeit":"2\u00a0Minuten"},"schema":{"@context":"https:\/\/schema.org","@graph":[{"@type":"WebPage","@id":"https:\/\/www.nebily.com\/shop\/fluginsekten\/insektizid-kartusche-piretrin-100-fuer-microsprayer\/","url":"https:\/\/www.nebily.com\/shop\/fluginsekten\/insektizid-kartusche-piretrin-100-fuer-microsprayer\/","name":"Insektizid Piretrin 100 f\u00fcr Air Free Sprayer | NEBILY Online Shop","isPartOf":{"@id":"https:\/\/www.nebily.com\/shop\/#website"},"primaryImageOfPage":{"@id":"https:\/\/www.nebily.com\/shop\/fluginsekten\/insektizid-kartusche-piretrin-100-fuer-microsprayer\/#primaryimage"},"image":{"@id":"https:\/\/www.nebily.com\/shop\/fluginsekten\/insektizid-kartusche-piretrin-100-fuer-microsprayer\/#primaryimage"},"thumbnailUrl":"https:\/\/www.nebily.com\/shop\/wp-content\/uploads\/Produkt_NBVS027_CleanAir_Piretrin_100.jpg","datePublished":"2015-08-27T15:45:41+00:00","dateModified":"2026-04-26T19:04:29+00:00","description":"Piretrin 100 Microspray System zur kontinuierlichen Insektenbek\u00e4mpfung. Wirksam gegen Fliegen, M\u00fccken und Fruchtfliegen mit angenehmer Duftwirkung f\u00fcr Gewerbe.","breadcrumb":{"@id":"https:\/\/www.nebily.com\/shop\/fluginsekten\/insektizid-kartusche-piretrin-100-fuer-microsprayer\/#breadcrumb"},"inLanguage":"de","potentialAction":[{"@type":"ReadAction","target":["https:\/\/www.nebily.com\/shop\/fluginsekten\/insektizid-kartusche-piretrin-100-fuer-microsprayer\/"]}]},{"@type":"ImageObject","inLanguage":"de","@id":"https:\/\/www.nebily.com\/shop\/fluginsekten\/insektizid-kartusche-piretrin-100-fuer-microsprayer\/#primaryimage","url":"https:\/\/www.nebily.com\/shop\/wp-content\/uploads\/Produkt_NBVS027_CleanAir_Piretrin_100.jpg","contentUrl":"https:\/\/www.nebily.com\/shop\/wp-content\/uploads\/Produkt_NBVS027_CleanAir_Piretrin_100.jpg","width":800,"height":600},{"@type":"BreadcrumbList","@id":"https:\/\/www.nebily.com\/shop\/fluginsekten\/insektizid-kartusche-piretrin-100-fuer-microsprayer\/#breadcrumb","itemListElement":[{"@type":"ListItem","position":1,"name":"Home","item":"https:\/\/www.nebily.com\/shop\/"},{"@type":"ListItem","position":2,"name":"Shop","item":"https:\/\/www.nebily.com\/shop\/"},{"@type":"ListItem","position":3,"name":"Insektizid Kartusche &#8211; Piretrin 100 f\u00fcr Microsprayer Air Free LCD Systems\u00ae"}]},{"@type":"WebSite","@id":"https:\/\/www.nebily.com\/shop\/#website","url":"https:\/\/www.nebily.com\/shop\/","name":"NEBILY Ges.m.b.H.","description":"","potentialAction":[{"@type":"SearchAction","target":{"@type":"EntryPoint","urlTemplate":"https:\/\/www.nebily.com\/shop\/?s={search_term_string}"},"query-input":{"@type":"PropertyValueSpecification","valueRequired":true,"valueName":"search_term_string"}}],"inLanguage":"de"}]}},"_links":{"self":[{"href":"https:\/\/www.nebily.com\/shop\/wp-json\/wp\/v2\/product\/656","targetHints":{"allow":["GET"]}}],"collection":[{"href":"https:\/\/www.nebily.com\/shop\/wp-json\/wp\/v2\/product"}],"about":[{"href":"https:\/\/www.nebily.com\/shop\/wp-json\/wp\/v2\/types\/product"}],"replies":[{"embeddable":true,"href":"https:\/\/www.nebily.com\/shop\/wp-json\/wp\/v2\/comments?post=656"}],"wp:featuredmedia":[{"embeddable":true,"href":"https:\/\/www.nebily.com\/shop\/wp-json\/wp\/v2\/media\/5196"}],"wp:attachment":[{"href":"https:\/\/www.nebily.com\/shop\/wp-json\/wp\/v2\/media?parent=656"}],"curies":[{"name":"wp","href":"https:\/\/api.w.org\/{rel}","templated":true}]}}