{"id":5414,"date":"2019-07-31T12:31:04","date_gmt":"2019-07-31T11:31:04","guid":{"rendered":"https:\/\/www.nebily.com\/?post_type=product&#038;p=5414"},"modified":"2025-05-12T17:06:15","modified_gmt":"2025-05-12T16:06:15","slug":"duftkoeder-snapem-fuer-schlagfalle","status":"publish","type":"product","link":"https:\/\/www.nebily.com\/shop\/neuheiten\/duftkoeder-snapem-fuer-schlagfalle\/","title":{"rendered":"Duftk\u00f6der SnapEM f\u00fcr Schlagfalle &#8211; 5er Pack"},"content":{"rendered":"<p>Die SnapEM-Duftk\u00f6der-Kapseln sind mit einem nicht-toxischen Lockstoff f\u00fcr M\u00e4use und Ratten versehen. Die Kapseln selbst bestehen aus aromatisiertem, witterungsbest\u00e4ndigem Kunststoff und passen perfekt in professionelle Nagerschlagfallen. Das Material ist allergenfrei und damit optimal f\u00fcr den Einsatz im Lebensmittelbereich geeignet.<\/p>\n<p>Die Kapseln sind sowohl im Innen- und Au\u00dfenbereich einsetzbar. Die damit best\u00fcckten Fallen werden am besten in der N\u00e4he des vermuteten Nagerbefalls, oder an kritischen Punkten im Zuge eines Monitoring-Systems positioniert.<\/p>\n<p>Um m\u00f6glichst attraktiv auf Nager zu wirken wird vom Hersteller empfohlen, die Kapseln nach ungef\u00e4hr 4-6 Wochen zu tauschen.<\/p>\n<p>Eine Packung beinhaltet 5 St\u00fcck der Kapseln.<\/p>\n<p>In Kombination mit den folgenden Fallen k\u00f6nnen Sie die SnapEM-Kapseln verwenden:<\/p>\n<ul>\n<li><a href=\"https:\/\/www.nebily.com\/shop\/schaedlingsvorsorge-haccp\/visierbox-mit-mausefalle\/\">Visierboxen mit Mausefallen<\/a><\/li>\n<li><a href=\"https:\/\/www.nebily.com\/shop\/nagetiere\/mechanische-mausefalle\/\">Mechanische Mausefallen<\/a><\/li>\n<li><a href=\"https:\/\/www.nebily.com\/shop\/nagetiere\/hidden-kill-mausefalle\/\">Hidden Kill-Mausefallen<\/a><\/li>\n<\/ul>\n<hr \/>\n<p>Sicherheitsdatenblatt:<\/p>\n\n<!-- Generated using Document Gallery. Get yours here: http:\/\/wordpress.org\/extend\/plugins\/document-gallery -->\n<div id=\"document-gallery-1\" class=\"document-gallery\" data-shortcode='{\"id\":5414,\"include\":\"6946\",\"exclude\":\"\",\"columns\":4,\"descriptions\":true,\"fancy\":true,\"order\":\"ASC\",\"orderby\":\"post__in\",\"relation\":\"AND\",\"limit\":-1,\"mime_types\":\"application,video,text,audio,image\",\"new_window\":true,\"post_status\":\"any\",\"post_type\":\"attachment\",\"attachment_pg\":false,\"paginate\":true,\"skip\":0}'>\n<div class='document-icon-row descriptions'>\n   <div class=\"document-icon\">\n      <a href=\"https:\/\/www.nebily.com\/shop\/wp-content\/uploads\/SDB_SnapEm_tab_Schokolade.pdf\" target=\"_blank\">\n         <img decoding=\"async\" src=\"https:\/\/www.nebily.com\/shop\/wp-content\/uploads\/SDB_SnapEm_tab_Schokolade-thumb.png\" title=\"SDB_SnapEm_tab_Schokolade\" alt=\"SDB_SnapEm_tab_Schokolade\" data-ext=\"pdf\"\/>\n         <span class=\"title\">SDB_SnapEm_tab_Schokolade<\/span>\n      <\/a>\n   <\/div>\n   <p><\/p>\n<\/div>\n<\/div>\n","protected":false},"excerpt":{"rendered":"<p>Die SnapEM-Duftk\u00f6der-Kapseln sind mit einem nicht-toxischen Lockstoff f\u00fcr M\u00e4use und Ratten versehen. Die Kapseln selbst bestehen aus aromatisiertem, witterungsbest\u00e4ndigem Kunststoff und passen perfekt in professionelle Nagerschlagfallen. Das Material ist allergenfrei und damit optimal f\u00fcr den Einsatz im Lebensmittelbereich geeignet. Die Kapseln sind sowohl im Innen- und Au\u00dfenbereich einsetzbar. Die damit best\u00fcckten Fallen werden am besten &hellip; <a href=\"https:\/\/www.nebily.com\/shop\/neuheiten\/duftkoeder-snapem-fuer-schlagfalle\/\">Continued<\/a><\/p>\n","protected":false},"featured_media":5416,"comment_status":"closed","ping_status":"closed","template":"","meta":[],"class_list":{"0":"post-5414","1":"product","2":"type-product","3":"status-publish","4":"has-post-thumbnail","6":"product_cat-neuheiten","7":"product_cat-nagetiere","9":"first","10":"instock","11":"taxable","12":"shipping-taxable","13":"product-type-simple"},"yoast_head":"<!-- This site is optimized with the Yoast SEO plugin v25.1 - https:\/\/yoast.com\/wordpress\/plugins\/seo\/ -->\n<title>Duftk\u00f6der SnapEM f\u00fcr Nager | NEBILY Online Shop<\/title>\n<meta name=\"description\" content=\"SnapEM ist ein non-tox Lockstoff f\u00fcr M\u00e4use und Ratten aus aromatisiertem Kunststoff und optimal f\u00fcr den Einsatz in Schlagfallen geeignet.\" \/>\n<meta name=\"robots\" content=\"index, follow, max-snippet:-1, max-image-preview:large, max-video-preview:-1\" \/>\n<link rel=\"canonical\" href=\"https:\/\/www.nebily.com\/shop\/neuheiten\/duftkoeder-snapem-fuer-schlagfalle\/\" \/>\n<meta property=\"og:locale\" content=\"de_DE\" \/>\n<meta property=\"og:type\" content=\"article\" \/>\n<meta property=\"og:title\" content=\"Duftk\u00f6der SnapEM f\u00fcr Nager | NEBILY Online Shop\" \/>\n<meta property=\"og:description\" content=\"SnapEM ist ein non-tox Lockstoff f\u00fcr M\u00e4use und Ratten aus aromatisiertem Kunststoff und optimal f\u00fcr den Einsatz in Schlagfallen geeignet.\" \/>\n<meta property=\"og:url\" content=\"https:\/\/www.nebily.com\/shop\/neuheiten\/duftkoeder-snapem-fuer-schlagfalle\/\" \/>\n<meta property=\"og:site_name\" content=\"NEBILY Ges.m.b.H.\" \/>\n<meta property=\"article:publisher\" content=\"https:\/\/www.facebook.com\/NebilyGesmbH\/\" \/>\n<meta property=\"article:modified_time\" content=\"2025-05-12T16:06:15+00:00\" \/>\n<meta property=\"og:image\" content=\"https:\/\/www.nebily.com\/shop\/wp-content\/uploads\/Produktbild_NBVS050_Snap_EM_Chocolate-814x570.jpg\" \/>\n\t<meta property=\"og:image:width\" content=\"814\" \/>\n\t<meta property=\"og:image:height\" content=\"570\" \/>\n\t<meta property=\"og:image:type\" content=\"image\/jpeg\" \/>\n<meta name=\"twitter:card\" content=\"summary_large_image\" \/>\n<meta name=\"twitter:label1\" content=\"Gesch\u00e4tzte Lesezeit\" \/>\n\t<meta name=\"twitter:data1\" content=\"1\u00a0Minute\" \/>\n<script type=\"application\/ld+json\" class=\"yoast-schema-graph\">{\"@context\":\"https:\/\/schema.org\",\"@graph\":[{\"@type\":\"WebPage\",\"@id\":\"https:\/\/www.nebily.com\/shop\/neuheiten\/duftkoeder-snapem-fuer-schlagfalle\/\",\"url\":\"https:\/\/www.nebily.com\/shop\/neuheiten\/duftkoeder-snapem-fuer-schlagfalle\/\",\"name\":\"Duftk\u00f6der SnapEM f\u00fcr Nager | NEBILY Online Shop\",\"isPartOf\":{\"@id\":\"https:\/\/www.nebily.com\/shop\/#website\"},\"primaryImageOfPage\":{\"@id\":\"https:\/\/www.nebily.com\/shop\/neuheiten\/duftkoeder-snapem-fuer-schlagfalle\/#primaryimage\"},\"image\":{\"@id\":\"https:\/\/www.nebily.com\/shop\/neuheiten\/duftkoeder-snapem-fuer-schlagfalle\/#primaryimage\"},\"thumbnailUrl\":\"https:\/\/www.nebily.com\/shop\/wp-content\/uploads\/Produktbild_NBVS050_Snap_EM_Chocolate-814x570.jpg\",\"datePublished\":\"2019-07-31T11:31:04+00:00\",\"dateModified\":\"2025-05-12T16:06:15+00:00\",\"description\":\"SnapEM ist ein non-tox Lockstoff f\u00fcr M\u00e4use und Ratten aus aromatisiertem Kunststoff und optimal f\u00fcr den Einsatz in Schlagfallen geeignet.\",\"breadcrumb\":{\"@id\":\"https:\/\/www.nebily.com\/shop\/neuheiten\/duftkoeder-snapem-fuer-schlagfalle\/#breadcrumb\"},\"inLanguage\":\"de\",\"potentialAction\":[{\"@type\":\"ReadAction\",\"target\":[\"https:\/\/www.nebily.com\/shop\/neuheiten\/duftkoeder-snapem-fuer-schlagfalle\/\"]}]},{\"@type\":\"ImageObject\",\"inLanguage\":\"de\",\"@id\":\"https:\/\/www.nebily.com\/shop\/neuheiten\/duftkoeder-snapem-fuer-schlagfalle\/#primaryimage\",\"url\":\"https:\/\/www.nebily.com\/shop\/wp-content\/uploads\/Produktbild_NBVS050_Snap_EM_Chocolate-814x570.jpg\",\"contentUrl\":\"https:\/\/www.nebily.com\/shop\/wp-content\/uploads\/Produktbild_NBVS050_Snap_EM_Chocolate-814x570.jpg\",\"width\":814,\"height\":570},{\"@type\":\"BreadcrumbList\",\"@id\":\"https:\/\/www.nebily.com\/shop\/neuheiten\/duftkoeder-snapem-fuer-schlagfalle\/#breadcrumb\",\"itemListElement\":[{\"@type\":\"ListItem\",\"position\":1,\"name\":\"Home\",\"item\":\"https:\/\/www.nebily.com\/shop\/\"},{\"@type\":\"ListItem\",\"position\":2,\"name\":\"Shop\",\"item\":\"https:\/\/www.nebily.com\/shop\/\"},{\"@type\":\"ListItem\",\"position\":3,\"name\":\"Duftk\u00f6der SnapEM f\u00fcr Schlagfalle &#8211; 5er Pack\"}]},{\"@type\":\"WebSite\",\"@id\":\"https:\/\/www.nebily.com\/shop\/#website\",\"url\":\"https:\/\/www.nebily.com\/shop\/\",\"name\":\"NEBILY Ges.m.b.H.\",\"description\":\"\",\"potentialAction\":[{\"@type\":\"SearchAction\",\"target\":{\"@type\":\"EntryPoint\",\"urlTemplate\":\"https:\/\/www.nebily.com\/shop\/?s={search_term_string}\"},\"query-input\":{\"@type\":\"PropertyValueSpecification\",\"valueRequired\":true,\"valueName\":\"search_term_string\"}}],\"inLanguage\":\"de\"}]}<\/script>\n<!-- \/ Yoast SEO plugin. -->","yoast_head_json":{"title":"Duftk\u00f6der SnapEM f\u00fcr Nager | NEBILY Online Shop","description":"SnapEM ist ein non-tox Lockstoff f\u00fcr M\u00e4use und Ratten aus aromatisiertem Kunststoff und optimal f\u00fcr den Einsatz in Schlagfallen geeignet.","robots":{"index":"index","follow":"follow","max-snippet":"max-snippet:-1","max-image-preview":"max-image-preview:large","max-video-preview":"max-video-preview:-1"},"canonical":"https:\/\/www.nebily.com\/shop\/neuheiten\/duftkoeder-snapem-fuer-schlagfalle\/","og_locale":"de_DE","og_type":"article","og_title":"Duftk\u00f6der SnapEM f\u00fcr Nager | NEBILY Online Shop","og_description":"SnapEM ist ein non-tox Lockstoff f\u00fcr M\u00e4use und Ratten aus aromatisiertem Kunststoff und optimal f\u00fcr den Einsatz in Schlagfallen geeignet.","og_url":"https:\/\/www.nebily.com\/shop\/neuheiten\/duftkoeder-snapem-fuer-schlagfalle\/","og_site_name":"NEBILY Ges.m.b.H.","article_publisher":"https:\/\/www.facebook.com\/NebilyGesmbH\/","article_modified_time":"2025-05-12T16:06:15+00:00","og_image":[{"width":814,"height":570,"url":"https:\/\/www.nebily.com\/shop\/wp-content\/uploads\/Produktbild_NBVS050_Snap_EM_Chocolate-814x570.jpg","type":"image\/jpeg"}],"twitter_card":"summary_large_image","twitter_misc":{"Gesch\u00e4tzte Lesezeit":"1\u00a0Minute"},"schema":{"@context":"https:\/\/schema.org","@graph":[{"@type":"WebPage","@id":"https:\/\/www.nebily.com\/shop\/neuheiten\/duftkoeder-snapem-fuer-schlagfalle\/","url":"https:\/\/www.nebily.com\/shop\/neuheiten\/duftkoeder-snapem-fuer-schlagfalle\/","name":"Duftk\u00f6der SnapEM f\u00fcr Nager | NEBILY Online Shop","isPartOf":{"@id":"https:\/\/www.nebily.com\/shop\/#website"},"primaryImageOfPage":{"@id":"https:\/\/www.nebily.com\/shop\/neuheiten\/duftkoeder-snapem-fuer-schlagfalle\/#primaryimage"},"image":{"@id":"https:\/\/www.nebily.com\/shop\/neuheiten\/duftkoeder-snapem-fuer-schlagfalle\/#primaryimage"},"thumbnailUrl":"https:\/\/www.nebily.com\/shop\/wp-content\/uploads\/Produktbild_NBVS050_Snap_EM_Chocolate-814x570.jpg","datePublished":"2019-07-31T11:31:04+00:00","dateModified":"2025-05-12T16:06:15+00:00","description":"SnapEM ist ein non-tox Lockstoff f\u00fcr M\u00e4use und Ratten aus aromatisiertem Kunststoff und optimal f\u00fcr den Einsatz in Schlagfallen geeignet.","breadcrumb":{"@id":"https:\/\/www.nebily.com\/shop\/neuheiten\/duftkoeder-snapem-fuer-schlagfalle\/#breadcrumb"},"inLanguage":"de","potentialAction":[{"@type":"ReadAction","target":["https:\/\/www.nebily.com\/shop\/neuheiten\/duftkoeder-snapem-fuer-schlagfalle\/"]}]},{"@type":"ImageObject","inLanguage":"de","@id":"https:\/\/www.nebily.com\/shop\/neuheiten\/duftkoeder-snapem-fuer-schlagfalle\/#primaryimage","url":"https:\/\/www.nebily.com\/shop\/wp-content\/uploads\/Produktbild_NBVS050_Snap_EM_Chocolate-814x570.jpg","contentUrl":"https:\/\/www.nebily.com\/shop\/wp-content\/uploads\/Produktbild_NBVS050_Snap_EM_Chocolate-814x570.jpg","width":814,"height":570},{"@type":"BreadcrumbList","@id":"https:\/\/www.nebily.com\/shop\/neuheiten\/duftkoeder-snapem-fuer-schlagfalle\/#breadcrumb","itemListElement":[{"@type":"ListItem","position":1,"name":"Home","item":"https:\/\/www.nebily.com\/shop\/"},{"@type":"ListItem","position":2,"name":"Shop","item":"https:\/\/www.nebily.com\/shop\/"},{"@type":"ListItem","position":3,"name":"Duftk\u00f6der SnapEM f\u00fcr Schlagfalle &#8211; 5er Pack"}]},{"@type":"WebSite","@id":"https:\/\/www.nebily.com\/shop\/#website","url":"https:\/\/www.nebily.com\/shop\/","name":"NEBILY Ges.m.b.H.","description":"","potentialAction":[{"@type":"SearchAction","target":{"@type":"EntryPoint","urlTemplate":"https:\/\/www.nebily.com\/shop\/?s={search_term_string}"},"query-input":{"@type":"PropertyValueSpecification","valueRequired":true,"valueName":"search_term_string"}}],"inLanguage":"de"}]}},"_links":{"self":[{"href":"https:\/\/www.nebily.com\/shop\/wp-json\/wp\/v2\/product\/5414","targetHints":{"allow":["GET"]}}],"collection":[{"href":"https:\/\/www.nebily.com\/shop\/wp-json\/wp\/v2\/product"}],"about":[{"href":"https:\/\/www.nebily.com\/shop\/wp-json\/wp\/v2\/types\/product"}],"replies":[{"embeddable":true,"href":"https:\/\/www.nebily.com\/shop\/wp-json\/wp\/v2\/comments?post=5414"}],"wp:featuredmedia":[{"embeddable":true,"href":"https:\/\/www.nebily.com\/shop\/wp-json\/wp\/v2\/media\/5416"}],"wp:attachment":[{"href":"https:\/\/www.nebily.com\/shop\/wp-json\/wp\/v2\/media?parent=5414"}],"curies":[{"name":"wp","href":"https:\/\/api.w.org\/{rel}","templated":true}]}}