{"id":3891,"date":"2018-05-08T07:04:34","date_gmt":"2018-05-08T06:04:34","guid":{"rendered":"https:\/\/www.nebily.com\/shop\/neuheiten\/hidden-kill-mausefalle\/"},"modified":"2025-05-12T17:11:21","modified_gmt":"2025-05-12T16:11:21","slug":"hidden-kill-mausefalle","status":"publish","type":"product","link":"https:\/\/www.nebily.com\/shop\/nagetiere\/hidden-kill-mausefalle\/","title":{"rendered":"Hidden Kill-Mausefalle"},"content":{"rendered":"<p align=\"LEFT\">Die Hidden Kill-Mausefalle wurde zur diskreten Bek\u00e4mpfung von M\u00e4usen, ohne Blick- &amp; Hautkontakt, entworfen.<\/p>\n<p align=\"LEFT\">Eine angelockte Maus betritt das Innere der Falle, wo sich der K\u00f6der befindet und l\u00f6st dadurch den Fangmechanismus aus, der das Tier unsch\u00e4dlich macht.<\/p>\n<p align=\"LEFT\">Eine herausnehmbare K\u00f6derschale an der Unterseite der Falle erm\u00f6glicht das Einsetzen eines K\u00f6ders. Diese ist f\u00fcr den Einsatz eines Lockstoff-Gels konzipiert, wie dem <a href=\"https:\/\/www.nebily.com\/shop\/zubehoer\/provoke-duftkoeder\/\">Provoke-Duftk\u00f6der<\/a>. Alternativ k\u00f6nnen aber auch die <a href=\"https:\/\/www.nebily.com\/shop\/neuheiten\/duftkoeder-snapem-fuer-schlagfalle\/\">Duftk\u00f6derkapseln SnapEM<\/a> daf\u00fcr verwendet werden.<\/p>\n<p align=\"LEFT\">Sobald die Falle mit einem K\u00f6der versehen wurde, kann der Fangmechanismus gespannt werden. Dazu zieht man den Tunnel, durch den die Maus die Falle betreten kann, heraus. Dieser Tunnel dient gleichzeitig auch der einfachen Kontrolle, ob eine Maus mit der Falle gefangen wurde. Anschlie\u00dfend wird die Falle einfach mit dem Tier entsorgt. Ideal geeignet f\u00fcr Innenbereiche (K\u00fcche, Schank, Gastraum, Zimmer).<\/p>\n<p>&nbsp;<\/p>\n","protected":false},"excerpt":{"rendered":"<p>Die Hidden Kill-Mausefalle wurde zur diskreten Bek\u00e4mpfung von M\u00e4usen, ohne Blick- &amp; Hautkontakt, entworfen. Eine angelockte Maus betritt das Innere der Falle, wo sich der K\u00f6der befindet und l\u00f6st dadurch den Fangmechanismus aus, der das Tier unsch\u00e4dlich macht. Eine herausnehmbare K\u00f6derschale an der Unterseite der Falle erm\u00f6glicht das Einsetzen eines K\u00f6ders. Diese ist f\u00fcr den &hellip; <a href=\"https:\/\/www.nebily.com\/shop\/nagetiere\/hidden-kill-mausefalle\/\">Continued<\/a><\/p>\n","protected":false},"featured_media":3896,"comment_status":"closed","ping_status":"closed","template":"","meta":[],"class_list":{"0":"post-3891","1":"product","2":"type-product","3":"status-publish","4":"has-post-thumbnail","6":"product_cat-neuheiten","7":"product_cat-schaedlingsvorsorge-haccp","8":"product_cat-nagetiere","10":"first","11":"instock","12":"featured","13":"taxable","14":"shipping-taxable","15":"product-type-variable","16":"has-default-attributes"},"yoast_head":"<!-- This site is optimized with the Yoast SEO plugin v25.1 - https:\/\/yoast.com\/wordpress\/plugins\/seo\/ -->\n<title>Hidden Kill - Mausefalle | NEBILY Online Shop<\/title>\n<meta name=\"description\" content=\"Diskrete Bek\u00e4mpfung von M\u00e4usen ohne Blick- &amp; Hautkontakt - Falle zeigt sofort an, wenn die Maus in der geschlossenen Falle gefangen wurde. Einfache Entsorgung der Maus ohne Blickkontakt und Ber\u00fchrung. Ideal geeignet f\u00fcr Innenbereiche (K\u00fcche, Schank, Gastraum, Zimmer).\" \/>\n<meta name=\"robots\" content=\"index, follow, max-snippet:-1, max-image-preview:large, max-video-preview:-1\" \/>\n<link rel=\"canonical\" href=\"https:\/\/www.nebily.com\/shop\/nagetiere\/hidden-kill-mausefalle\/\" \/>\n<meta property=\"og:locale\" content=\"de_DE\" \/>\n<meta property=\"og:type\" content=\"article\" \/>\n<meta property=\"og:title\" content=\"Hidden Kill - Mausefalle | NEBILY Online Shop\" \/>\n<meta property=\"og:description\" content=\"Diskrete Bek\u00e4mpfung von M\u00e4usen ohne Blick- &amp; Hautkontakt - Falle zeigt sofort an, wenn die Maus in der geschlossenen Falle gefangen wurde. Einfache Entsorgung der Maus ohne Blickkontakt und Ber\u00fchrung. Ideal geeignet f\u00fcr Innenbereiche (K\u00fcche, Schank, Gastraum, Zimmer).\" \/>\n<meta property=\"og:url\" content=\"https:\/\/www.nebily.com\/shop\/nagetiere\/hidden-kill-mausefalle\/\" \/>\n<meta property=\"og:site_name\" content=\"NEBILY Ges.m.b.H.\" \/>\n<meta property=\"article:publisher\" content=\"https:\/\/www.facebook.com\/NebilyGesmbH\/\" \/>\n<meta property=\"article:modified_time\" content=\"2025-05-12T16:11:21+00:00\" \/>\n<meta property=\"og:image\" content=\"https:\/\/www.nebily.com\/shop\/wp-content\/uploads\/2018\/05\/PU560_Hidden-Kill.jpg\" \/>\n\t<meta property=\"og:image:width\" content=\"800\" \/>\n\t<meta property=\"og:image:height\" content=\"600\" \/>\n\t<meta property=\"og:image:type\" content=\"image\/jpeg\" \/>\n<meta name=\"twitter:card\" content=\"summary_large_image\" \/>\n<meta name=\"twitter:label1\" content=\"Gesch\u00e4tzte Lesezeit\" \/>\n\t<meta name=\"twitter:data1\" content=\"1\u00a0Minute\" \/>\n<script type=\"application\/ld+json\" class=\"yoast-schema-graph\">{\"@context\":\"https:\/\/schema.org\",\"@graph\":[{\"@type\":\"WebPage\",\"@id\":\"https:\/\/www.nebily.com\/shop\/nagetiere\/hidden-kill-mausefalle\/\",\"url\":\"https:\/\/www.nebily.com\/shop\/nagetiere\/hidden-kill-mausefalle\/\",\"name\":\"Hidden Kill - Mausefalle | NEBILY Online Shop\",\"isPartOf\":{\"@id\":\"https:\/\/www.nebily.com\/shop\/#website\"},\"primaryImageOfPage\":{\"@id\":\"https:\/\/www.nebily.com\/shop\/nagetiere\/hidden-kill-mausefalle\/#primaryimage\"},\"image\":{\"@id\":\"https:\/\/www.nebily.com\/shop\/nagetiere\/hidden-kill-mausefalle\/#primaryimage\"},\"thumbnailUrl\":\"https:\/\/www.nebily.com\/shop\/wp-content\/uploads\/2018\/05\/PU560_Hidden-Kill.jpg\",\"datePublished\":\"2018-05-08T06:04:34+00:00\",\"dateModified\":\"2025-05-12T16:11:21+00:00\",\"description\":\"Diskrete Bek\u00e4mpfung von M\u00e4usen ohne Blick- & Hautkontakt - Falle zeigt sofort an, wenn die Maus in der geschlossenen Falle gefangen wurde. Einfache Entsorgung der Maus ohne Blickkontakt und Ber\u00fchrung. Ideal geeignet f\u00fcr Innenbereiche (K\u00fcche, Schank, Gastraum, Zimmer).\",\"breadcrumb\":{\"@id\":\"https:\/\/www.nebily.com\/shop\/nagetiere\/hidden-kill-mausefalle\/#breadcrumb\"},\"inLanguage\":\"de\",\"potentialAction\":[{\"@type\":\"ReadAction\",\"target\":[\"https:\/\/www.nebily.com\/shop\/nagetiere\/hidden-kill-mausefalle\/\"]}]},{\"@type\":\"ImageObject\",\"inLanguage\":\"de\",\"@id\":\"https:\/\/www.nebily.com\/shop\/nagetiere\/hidden-kill-mausefalle\/#primaryimage\",\"url\":\"https:\/\/www.nebily.com\/shop\/wp-content\/uploads\/2018\/05\/PU560_Hidden-Kill.jpg\",\"contentUrl\":\"https:\/\/www.nebily.com\/shop\/wp-content\/uploads\/2018\/05\/PU560_Hidden-Kill.jpg\",\"width\":800,\"height\":600},{\"@type\":\"BreadcrumbList\",\"@id\":\"https:\/\/www.nebily.com\/shop\/nagetiere\/hidden-kill-mausefalle\/#breadcrumb\",\"itemListElement\":[{\"@type\":\"ListItem\",\"position\":1,\"name\":\"Home\",\"item\":\"https:\/\/www.nebily.com\/shop\/\"},{\"@type\":\"ListItem\",\"position\":2,\"name\":\"Shop\",\"item\":\"https:\/\/www.nebily.com\/shop\/\"},{\"@type\":\"ListItem\",\"position\":3,\"name\":\"Hidden Kill-Mausefalle\"}]},{\"@type\":\"WebSite\",\"@id\":\"https:\/\/www.nebily.com\/shop\/#website\",\"url\":\"https:\/\/www.nebily.com\/shop\/\",\"name\":\"NEBILY Ges.m.b.H.\",\"description\":\"\",\"potentialAction\":[{\"@type\":\"SearchAction\",\"target\":{\"@type\":\"EntryPoint\",\"urlTemplate\":\"https:\/\/www.nebily.com\/shop\/?s={search_term_string}\"},\"query-input\":{\"@type\":\"PropertyValueSpecification\",\"valueRequired\":true,\"valueName\":\"search_term_string\"}}],\"inLanguage\":\"de\"}]}<\/script>\n<!-- \/ Yoast SEO plugin. -->","yoast_head_json":{"title":"Hidden Kill - Mausefalle | NEBILY Online Shop","description":"Diskrete Bek\u00e4mpfung von M\u00e4usen ohne Blick- & Hautkontakt - Falle zeigt sofort an, wenn die Maus in der geschlossenen Falle gefangen wurde. Einfache Entsorgung der Maus ohne Blickkontakt und Ber\u00fchrung. Ideal geeignet f\u00fcr Innenbereiche (K\u00fcche, Schank, Gastraum, Zimmer).","robots":{"index":"index","follow":"follow","max-snippet":"max-snippet:-1","max-image-preview":"max-image-preview:large","max-video-preview":"max-video-preview:-1"},"canonical":"https:\/\/www.nebily.com\/shop\/nagetiere\/hidden-kill-mausefalle\/","og_locale":"de_DE","og_type":"article","og_title":"Hidden Kill - Mausefalle | NEBILY Online Shop","og_description":"Diskrete Bek\u00e4mpfung von M\u00e4usen ohne Blick- & Hautkontakt - Falle zeigt sofort an, wenn die Maus in der geschlossenen Falle gefangen wurde. Einfache Entsorgung der Maus ohne Blickkontakt und Ber\u00fchrung. Ideal geeignet f\u00fcr Innenbereiche (K\u00fcche, Schank, Gastraum, Zimmer).","og_url":"https:\/\/www.nebily.com\/shop\/nagetiere\/hidden-kill-mausefalle\/","og_site_name":"NEBILY Ges.m.b.H.","article_publisher":"https:\/\/www.facebook.com\/NebilyGesmbH\/","article_modified_time":"2025-05-12T16:11:21+00:00","og_image":[{"width":800,"height":600,"url":"https:\/\/www.nebily.com\/shop\/wp-content\/uploads\/2018\/05\/PU560_Hidden-Kill.jpg","type":"image\/jpeg"}],"twitter_card":"summary_large_image","twitter_misc":{"Gesch\u00e4tzte Lesezeit":"1\u00a0Minute"},"schema":{"@context":"https:\/\/schema.org","@graph":[{"@type":"WebPage","@id":"https:\/\/www.nebily.com\/shop\/nagetiere\/hidden-kill-mausefalle\/","url":"https:\/\/www.nebily.com\/shop\/nagetiere\/hidden-kill-mausefalle\/","name":"Hidden Kill - Mausefalle | NEBILY Online Shop","isPartOf":{"@id":"https:\/\/www.nebily.com\/shop\/#website"},"primaryImageOfPage":{"@id":"https:\/\/www.nebily.com\/shop\/nagetiere\/hidden-kill-mausefalle\/#primaryimage"},"image":{"@id":"https:\/\/www.nebily.com\/shop\/nagetiere\/hidden-kill-mausefalle\/#primaryimage"},"thumbnailUrl":"https:\/\/www.nebily.com\/shop\/wp-content\/uploads\/2018\/05\/PU560_Hidden-Kill.jpg","datePublished":"2018-05-08T06:04:34+00:00","dateModified":"2025-05-12T16:11:21+00:00","description":"Diskrete Bek\u00e4mpfung von M\u00e4usen ohne Blick- & Hautkontakt - Falle zeigt sofort an, wenn die Maus in der geschlossenen Falle gefangen wurde. Einfache Entsorgung der Maus ohne Blickkontakt und Ber\u00fchrung. Ideal geeignet f\u00fcr Innenbereiche (K\u00fcche, Schank, Gastraum, Zimmer).","breadcrumb":{"@id":"https:\/\/www.nebily.com\/shop\/nagetiere\/hidden-kill-mausefalle\/#breadcrumb"},"inLanguage":"de","potentialAction":[{"@type":"ReadAction","target":["https:\/\/www.nebily.com\/shop\/nagetiere\/hidden-kill-mausefalle\/"]}]},{"@type":"ImageObject","inLanguage":"de","@id":"https:\/\/www.nebily.com\/shop\/nagetiere\/hidden-kill-mausefalle\/#primaryimage","url":"https:\/\/www.nebily.com\/shop\/wp-content\/uploads\/2018\/05\/PU560_Hidden-Kill.jpg","contentUrl":"https:\/\/www.nebily.com\/shop\/wp-content\/uploads\/2018\/05\/PU560_Hidden-Kill.jpg","width":800,"height":600},{"@type":"BreadcrumbList","@id":"https:\/\/www.nebily.com\/shop\/nagetiere\/hidden-kill-mausefalle\/#breadcrumb","itemListElement":[{"@type":"ListItem","position":1,"name":"Home","item":"https:\/\/www.nebily.com\/shop\/"},{"@type":"ListItem","position":2,"name":"Shop","item":"https:\/\/www.nebily.com\/shop\/"},{"@type":"ListItem","position":3,"name":"Hidden Kill-Mausefalle"}]},{"@type":"WebSite","@id":"https:\/\/www.nebily.com\/shop\/#website","url":"https:\/\/www.nebily.com\/shop\/","name":"NEBILY Ges.m.b.H.","description":"","potentialAction":[{"@type":"SearchAction","target":{"@type":"EntryPoint","urlTemplate":"https:\/\/www.nebily.com\/shop\/?s={search_term_string}"},"query-input":{"@type":"PropertyValueSpecification","valueRequired":true,"valueName":"search_term_string"}}],"inLanguage":"de"}]}},"_links":{"self":[{"href":"https:\/\/www.nebily.com\/shop\/wp-json\/wp\/v2\/product\/3891","targetHints":{"allow":["GET"]}}],"collection":[{"href":"https:\/\/www.nebily.com\/shop\/wp-json\/wp\/v2\/product"}],"about":[{"href":"https:\/\/www.nebily.com\/shop\/wp-json\/wp\/v2\/types\/product"}],"replies":[{"embeddable":true,"href":"https:\/\/www.nebily.com\/shop\/wp-json\/wp\/v2\/comments?post=3891"}],"wp:featuredmedia":[{"embeddable":true,"href":"https:\/\/www.nebily.com\/shop\/wp-json\/wp\/v2\/media\/3896"}],"wp:attachment":[{"href":"https:\/\/www.nebily.com\/shop\/wp-json\/wp\/v2\/media?parent=3891"}],"curies":[{"name":"wp","href":"https:\/\/api.w.org\/{rel}","templated":true}]}}