{"id":3187,"date":"2017-07-24T09:21:40","date_gmt":"2017-07-24T08:21:40","guid":{"rendered":"https:\/\/www.nebily.com\/shop\/fluginsekten\/blue-power-wespenschaum\/"},"modified":"2026-01-02T09:02:13","modified_gmt":"2026-01-02T08:02:13","slug":"wespenschaum-profi-vorteilspack","status":"publish","type":"product","link":"https:\/\/www.nebily.com\/shop\/neuheiten\/wespenschaum-profi-vorteilspack\/","title":{"rendered":"Detia Wespenschaum &#8211; Vorteilspack"},"content":{"rendered":"<div class=\"description\">\n<p><strong>Detia Wespenschaum <\/strong>f\u00fcr die gezielte Bek\u00e4mpfung in Hohlr\u00e4umen, Dehnfugen, Kabelkan\u00e4len. Zur professionellen Bek\u00e4mpfung von Wespen in Nestern und anderen Schadinsekten wie Ameisen, Schaben, K\u00e4fer, Silberfischchen etc. in schwer zug\u00e4nglichen Hohlr\u00e4umen, Fugen, Ritzen, Vert\u00e4felungen, Kabelkan\u00e4len,<br \/>\nRollladenk\u00e4sten, M\u00fclleimern etc.<\/p>\n<p><strong>Inhalt:<\/strong> 300ml<\/p>\n<p>baua Reg-Nr. N-70504<\/p>\n<p><strong>Wespenschaum zur Bek\u00e4mpfung von schwer zug\u00e4nglichen Nestern. <\/strong><\/p>\n<ul>\n<li>Verschlie\u00dft effektiv die Eing\u00e4nge der Nester<\/li>\n<li>Kurzfristige Wirkung auf das Nervensystem<\/li>\n<li>Der Schaum zerf\u00e4llt nach einer gezielten und gr\u00fcndlichen Behandlung<\/li>\n<\/ul>\n<p><strong>Anwendung:<\/strong><br \/>\nAus einer Entfernung von ca. 2-3m das Nest au\u00dfen einspr\u00fchen, bis es v\u00f6llig mit Schaum bedeckt ist. Das Nest nicht sofort entfernen, da Wespen, die w\u00e4hrend der Behandlung nicht anwesend waren, das Nest noch anfliegen k\u00f6nnen. Diese kommen dann ebenfalls mit den Wirkstoffresten in Kontakt.<\/p>\n<p><strong>Aufwandmenge<\/strong>: je nach Gr\u00f6\u00dfe des Nestes, bis zu ca. 3\u20135 sec.<\/p>\n<p>*Biozidprodukte vorsichtig verwenden. Vor Gebrauch stets Etikett und Produktinformationen lesen.<\/p>\n<\/div>\n<p><strong>Achtung-Wichtig: <\/strong>Wespen- und Hornissenbek\u00e4mpfung &#8211; beachten Sie unbedingt Ihre regionalen Artenschutzbestimmungen!<\/p>\n<p>Unter Naturschutz stehende gesch\u00fctzte Wespen-Arten d\u00fcrfen auf keinen Fall bek\u00e4mpft werden. Zudem ist eine Anwendung nur gestattet, wenn in der individuellen Situation von den Wespen eine Gefahr im Sinne des Bundesnaturschutzgesetzes ausgeht.<\/p>\n<p><strong>Wespenbek\u00e4mpfung:<\/strong> Ein Wespenstich ist schmerzhaft und die Folgen k\u00f6nnen unangenehm sein, f\u00fcr Allergiker sogar lebensbedrohlich. Von vielen Menschen werden Wespen als Bedrohung empfunden. Besonders l\u00e4stig sind sie in Gastronomiebetrieben oder in der unmittelbaren N\u00e4he von Wohnung, Haus, Terrasse oder Garten, denn auf der Suche nach Nahrung kann es auch zum Angriff auf Menschen kommen. Nur in solchen F\u00e4llen ist die Bek\u00e4mpfung gerechtfertigt!<\/p>\n<hr \/>\n<p>Sicherheitsdatenblatt:<\/p>\n\n<!-- Generated using Document Gallery. Get yours here: http:\/\/wordpress.org\/extend\/plugins\/document-gallery -->\n<div id=\"document-gallery-1\" class=\"document-gallery\" data-shortcode='{\"id\":3187,\"include\":\"11570\",\"exclude\":\"\",\"columns\":4,\"descriptions\":true,\"fancy\":true,\"order\":\"ASC\",\"orderby\":\"post__in\",\"relation\":\"AND\",\"limit\":-1,\"mime_types\":\"application,video,text,audio,image\",\"new_window\":true,\"post_status\":\"any\",\"post_type\":\"attachment\",\"attachment_pg\":false,\"paginate\":true,\"skip\":0}'>\n<div class='document-icon-row descriptions'>\n   <div class=\"document-icon\">\n      <a href=\"https:\/\/www.nebily.com\/shop\/wp-content\/uploads\/Detia_Wespenschaum_A032579_Sicherheitsdatenblatt-1.pdf\" target=\"_blank\">\n         <img decoding=\"async\" src=\"https:\/\/www.nebily.com\/shop\/wp-content\/uploads\/Detia_Wespenschaum_A032579_Sicherheitsdatenblatt-1-thumb.png\" title=\"SDB_Detia_Wespenschaum\" alt=\"SDB_Detia_Wespenschaum\" data-ext=\"pdf\"\/>\n         <span class=\"title\">SDB_Detia_Wespenschaum<\/span>\n      <\/a>\n   <\/div>\n   <p><\/p>\n<\/div>\n<\/div>\n","protected":false},"excerpt":{"rendered":"<p>Detia Wespenschaum f\u00fcr die gezielte Bek\u00e4mpfung in Hohlr\u00e4umen, Dehnfugen, Kabelkan\u00e4len. Zur professionellen Bek\u00e4mpfung von Wespen in Nestern und anderen Schadinsekten wie Ameisen, Schaben, K\u00e4fer, Silberfischchen etc. in schwer zug\u00e4nglichen Hohlr\u00e4umen, Fugen, Ritzen, Vert\u00e4felungen, Kabelkan\u00e4len, Rollladenk\u00e4sten, M\u00fclleimern etc. Inhalt: 300ml baua Reg-Nr. N-70504 Wespenschaum zur Bek\u00e4mpfung von schwer zug\u00e4nglichen Nestern. Verschlie\u00dft effektiv die Eing\u00e4nge der Nester &hellip; <a href=\"https:\/\/www.nebily.com\/shop\/neuheiten\/wespenschaum-profi-vorteilspack\/\">Continued<\/a><\/p>\n","protected":false},"featured_media":11575,"comment_status":"closed","ping_status":"closed","template":"","meta":[],"class_list":{"0":"post-3187","1":"product","2":"type-product","3":"status-publish","4":"has-post-thumbnail","6":"product_cat-neuheiten","7":"product_cat-fluginsekten","8":"product_cat-feuerwehr-produkte","10":"first","11":"instock","12":"taxable","13":"shipping-taxable","14":"product-type-variable","15":"has-default-attributes"},"yoast_head":"<!-- This site is optimized with the Yoast SEO plugin v25.1 - https:\/\/yoast.com\/wordpress\/plugins\/seo\/ -->\n<title>Wespenschaum Vorteilspack | NEBILY Online Shop<\/title>\n<meta name=\"description\" content=\"Schaumformulierung zur sicheren und zuverl\u00e4ssigen Bek\u00e4mpfung von Wespen mit hohem Wirkstoffanteil und bis zu 8 Stunden formstabil! Vorteilspack f\u00fcr Profis!\" \/>\n<meta name=\"robots\" content=\"index, follow, max-snippet:-1, max-image-preview:large, max-video-preview:-1\" \/>\n<link rel=\"canonical\" href=\"https:\/\/www.nebily.com\/shop\/neuheiten\/wespenschaum-profi-vorteilspack\/\" \/>\n<meta property=\"og:locale\" content=\"de_DE\" \/>\n<meta property=\"og:type\" content=\"article\" \/>\n<meta property=\"og:title\" content=\"Wespenschaum Vorteilspack | NEBILY Online Shop\" \/>\n<meta property=\"og:description\" content=\"Schaumformulierung zur sicheren und zuverl\u00e4ssigen Bek\u00e4mpfung von Wespen mit hohem Wirkstoffanteil und bis zu 8 Stunden formstabil! Vorteilspack f\u00fcr Profis!\" \/>\n<meta property=\"og:url\" content=\"https:\/\/www.nebily.com\/shop\/neuheiten\/wespenschaum-profi-vorteilspack\/\" \/>\n<meta property=\"og:site_name\" content=\"NEBILY Ges.m.b.H.\" \/>\n<meta property=\"article:publisher\" content=\"https:\/\/www.facebook.com\/NebilyGesmbH\/\" \/>\n<meta property=\"article:modified_time\" content=\"2026-01-02T08:02:13+00:00\" \/>\n<meta property=\"og:image\" content=\"https:\/\/www.nebily.com\/shop\/wp-content\/uploads\/Detia-Wespenschaum-V2-scaled.jpg\" \/>\n\t<meta property=\"og:image:width\" content=\"2560\" \/>\n\t<meta property=\"og:image:height\" content=\"1922\" \/>\n\t<meta property=\"og:image:type\" content=\"image\/jpeg\" \/>\n<meta name=\"twitter:card\" content=\"summary_large_image\" \/>\n<meta name=\"twitter:label1\" content=\"Gesch\u00e4tzte Lesezeit\" \/>\n\t<meta name=\"twitter:data1\" content=\"2\u00a0Minuten\" \/>\n<script type=\"application\/ld+json\" class=\"yoast-schema-graph\">{\"@context\":\"https:\/\/schema.org\",\"@graph\":[{\"@type\":\"WebPage\",\"@id\":\"https:\/\/www.nebily.com\/shop\/neuheiten\/wespenschaum-profi-vorteilspack\/\",\"url\":\"https:\/\/www.nebily.com\/shop\/neuheiten\/wespenschaum-profi-vorteilspack\/\",\"name\":\"Wespenschaum Vorteilspack | NEBILY Online Shop\",\"isPartOf\":{\"@id\":\"https:\/\/www.nebily.com\/shop\/#website\"},\"primaryImageOfPage\":{\"@id\":\"https:\/\/www.nebily.com\/shop\/neuheiten\/wespenschaum-profi-vorteilspack\/#primaryimage\"},\"image\":{\"@id\":\"https:\/\/www.nebily.com\/shop\/neuheiten\/wespenschaum-profi-vorteilspack\/#primaryimage\"},\"thumbnailUrl\":\"https:\/\/www.nebily.com\/shop\/wp-content\/uploads\/Detia-Wespenschaum-V2-scaled.jpg\",\"datePublished\":\"2017-07-24T08:21:40+00:00\",\"dateModified\":\"2026-01-02T08:02:13+00:00\",\"description\":\"Schaumformulierung zur sicheren und zuverl\u00e4ssigen Bek\u00e4mpfung von Wespen mit hohem Wirkstoffanteil und bis zu 8 Stunden formstabil! Vorteilspack f\u00fcr Profis!\",\"breadcrumb\":{\"@id\":\"https:\/\/www.nebily.com\/shop\/neuheiten\/wespenschaum-profi-vorteilspack\/#breadcrumb\"},\"inLanguage\":\"de\",\"potentialAction\":[{\"@type\":\"ReadAction\",\"target\":[\"https:\/\/www.nebily.com\/shop\/neuheiten\/wespenschaum-profi-vorteilspack\/\"]}]},{\"@type\":\"ImageObject\",\"inLanguage\":\"de\",\"@id\":\"https:\/\/www.nebily.com\/shop\/neuheiten\/wespenschaum-profi-vorteilspack\/#primaryimage\",\"url\":\"https:\/\/www.nebily.com\/shop\/wp-content\/uploads\/Detia-Wespenschaum-V2-scaled.jpg\",\"contentUrl\":\"https:\/\/www.nebily.com\/shop\/wp-content\/uploads\/Detia-Wespenschaum-V2-scaled.jpg\",\"width\":2560,\"height\":1922},{\"@type\":\"BreadcrumbList\",\"@id\":\"https:\/\/www.nebily.com\/shop\/neuheiten\/wespenschaum-profi-vorteilspack\/#breadcrumb\",\"itemListElement\":[{\"@type\":\"ListItem\",\"position\":1,\"name\":\"Home\",\"item\":\"https:\/\/www.nebily.com\/shop\/\"},{\"@type\":\"ListItem\",\"position\":2,\"name\":\"Shop\",\"item\":\"https:\/\/www.nebily.com\/shop\/\"},{\"@type\":\"ListItem\",\"position\":3,\"name\":\"Detia Wespenschaum &#8211; Vorteilspack\"}]},{\"@type\":\"WebSite\",\"@id\":\"https:\/\/www.nebily.com\/shop\/#website\",\"url\":\"https:\/\/www.nebily.com\/shop\/\",\"name\":\"NEBILY Ges.m.b.H.\",\"description\":\"\",\"potentialAction\":[{\"@type\":\"SearchAction\",\"target\":{\"@type\":\"EntryPoint\",\"urlTemplate\":\"https:\/\/www.nebily.com\/shop\/?s={search_term_string}\"},\"query-input\":{\"@type\":\"PropertyValueSpecification\",\"valueRequired\":true,\"valueName\":\"search_term_string\"}}],\"inLanguage\":\"de\"}]}<\/script>\n<!-- \/ Yoast SEO plugin. -->","yoast_head_json":{"title":"Wespenschaum Vorteilspack | NEBILY Online Shop","description":"Schaumformulierung zur sicheren und zuverl\u00e4ssigen Bek\u00e4mpfung von Wespen mit hohem Wirkstoffanteil und bis zu 8 Stunden formstabil! Vorteilspack f\u00fcr Profis!","robots":{"index":"index","follow":"follow","max-snippet":"max-snippet:-1","max-image-preview":"max-image-preview:large","max-video-preview":"max-video-preview:-1"},"canonical":"https:\/\/www.nebily.com\/shop\/neuheiten\/wespenschaum-profi-vorteilspack\/","og_locale":"de_DE","og_type":"article","og_title":"Wespenschaum Vorteilspack | NEBILY Online Shop","og_description":"Schaumformulierung zur sicheren und zuverl\u00e4ssigen Bek\u00e4mpfung von Wespen mit hohem Wirkstoffanteil und bis zu 8 Stunden formstabil! Vorteilspack f\u00fcr Profis!","og_url":"https:\/\/www.nebily.com\/shop\/neuheiten\/wespenschaum-profi-vorteilspack\/","og_site_name":"NEBILY Ges.m.b.H.","article_publisher":"https:\/\/www.facebook.com\/NebilyGesmbH\/","article_modified_time":"2026-01-02T08:02:13+00:00","og_image":[{"width":2560,"height":1922,"url":"https:\/\/www.nebily.com\/shop\/wp-content\/uploads\/Detia-Wespenschaum-V2-scaled.jpg","type":"image\/jpeg"}],"twitter_card":"summary_large_image","twitter_misc":{"Gesch\u00e4tzte Lesezeit":"2\u00a0Minuten"},"schema":{"@context":"https:\/\/schema.org","@graph":[{"@type":"WebPage","@id":"https:\/\/www.nebily.com\/shop\/neuheiten\/wespenschaum-profi-vorteilspack\/","url":"https:\/\/www.nebily.com\/shop\/neuheiten\/wespenschaum-profi-vorteilspack\/","name":"Wespenschaum Vorteilspack | NEBILY Online Shop","isPartOf":{"@id":"https:\/\/www.nebily.com\/shop\/#website"},"primaryImageOfPage":{"@id":"https:\/\/www.nebily.com\/shop\/neuheiten\/wespenschaum-profi-vorteilspack\/#primaryimage"},"image":{"@id":"https:\/\/www.nebily.com\/shop\/neuheiten\/wespenschaum-profi-vorteilspack\/#primaryimage"},"thumbnailUrl":"https:\/\/www.nebily.com\/shop\/wp-content\/uploads\/Detia-Wespenschaum-V2-scaled.jpg","datePublished":"2017-07-24T08:21:40+00:00","dateModified":"2026-01-02T08:02:13+00:00","description":"Schaumformulierung zur sicheren und zuverl\u00e4ssigen Bek\u00e4mpfung von Wespen mit hohem Wirkstoffanteil und bis zu 8 Stunden formstabil! Vorteilspack f\u00fcr Profis!","breadcrumb":{"@id":"https:\/\/www.nebily.com\/shop\/neuheiten\/wespenschaum-profi-vorteilspack\/#breadcrumb"},"inLanguage":"de","potentialAction":[{"@type":"ReadAction","target":["https:\/\/www.nebily.com\/shop\/neuheiten\/wespenschaum-profi-vorteilspack\/"]}]},{"@type":"ImageObject","inLanguage":"de","@id":"https:\/\/www.nebily.com\/shop\/neuheiten\/wespenschaum-profi-vorteilspack\/#primaryimage","url":"https:\/\/www.nebily.com\/shop\/wp-content\/uploads\/Detia-Wespenschaum-V2-scaled.jpg","contentUrl":"https:\/\/www.nebily.com\/shop\/wp-content\/uploads\/Detia-Wespenschaum-V2-scaled.jpg","width":2560,"height":1922},{"@type":"BreadcrumbList","@id":"https:\/\/www.nebily.com\/shop\/neuheiten\/wespenschaum-profi-vorteilspack\/#breadcrumb","itemListElement":[{"@type":"ListItem","position":1,"name":"Home","item":"https:\/\/www.nebily.com\/shop\/"},{"@type":"ListItem","position":2,"name":"Shop","item":"https:\/\/www.nebily.com\/shop\/"},{"@type":"ListItem","position":3,"name":"Detia Wespenschaum &#8211; Vorteilspack"}]},{"@type":"WebSite","@id":"https:\/\/www.nebily.com\/shop\/#website","url":"https:\/\/www.nebily.com\/shop\/","name":"NEBILY Ges.m.b.H.","description":"","potentialAction":[{"@type":"SearchAction","target":{"@type":"EntryPoint","urlTemplate":"https:\/\/www.nebily.com\/shop\/?s={search_term_string}"},"query-input":{"@type":"PropertyValueSpecification","valueRequired":true,"valueName":"search_term_string"}}],"inLanguage":"de"}]}},"_links":{"self":[{"href":"https:\/\/www.nebily.com\/shop\/wp-json\/wp\/v2\/product\/3187","targetHints":{"allow":["GET"]}}],"collection":[{"href":"https:\/\/www.nebily.com\/shop\/wp-json\/wp\/v2\/product"}],"about":[{"href":"https:\/\/www.nebily.com\/shop\/wp-json\/wp\/v2\/types\/product"}],"replies":[{"embeddable":true,"href":"https:\/\/www.nebily.com\/shop\/wp-json\/wp\/v2\/comments?post=3187"}],"wp:featuredmedia":[{"embeddable":true,"href":"https:\/\/www.nebily.com\/shop\/wp-json\/wp\/v2\/media\/11575"}],"wp:attachment":[{"href":"https:\/\/www.nebily.com\/shop\/wp-json\/wp\/v2\/media?parent=3187"}],"curies":[{"name":"wp","href":"https:\/\/api.w.org\/{rel}","templated":true}]}}