{"id":1888,"date":"2016-04-20T10:23:26","date_gmt":"2016-04-20T09:23:26","guid":{"rendered":"https:\/\/www.nebily.com\/shop\/neuheiten\/gelsenspirale-bio\/"},"modified":"2026-04-25T21:13:23","modified_gmt":"2026-04-25T20:13:23","slug":"gelsenspirale-bio","status":"publish","type":"product","link":"https:\/\/www.nebily.com\/shop\/natuerlich-biologisch\/gelsenspirale-bio\/","title":{"rendered":"Gelsenspirale &#8211; Bio 10er Pack"},"content":{"rendered":"<h1 data-section-id=\"1aiyv2q\" data-start=\"153\" data-end=\"236\"><span role=\"text\">Kwizda Gelsen Spirale \u2013 Effektiver Schutz vor M\u00fccken &amp; Gelsen im Au\u00dfenbereich<\/span><\/h1>\n<p data-start=\"238\" data-end=\"472\">Die <strong data-start=\"242\" data-end=\"267\">Kwizda Gelsen Spirale<\/strong> bietet einen zuverl\u00e4ssigen Schutz vor M\u00fccken und Gelsen im Au\u00dfenbereich. Sie sorgt f\u00fcr entspannte Stunden auf Terrasse, Balkon oder im Garten, indem sie Insekten im direkten Umfeld fernh\u00e4lt und reduziert.<\/p>\n<h2 data-section-id=\"7ag2br\" data-start=\"479\" data-end=\"516\"><span role=\"text\">Ihre Vorteile auf einen Blick:<\/span><\/h2>\n<ul data-start=\"517\" data-end=\"862\">\n<li data-section-id=\"wntokj\" data-start=\"517\" data-end=\"582\">Wirksamer <strong>Schutz vor M\u00fccken und Gelsen im Au\u00dfenbereich<\/strong><\/li>\n<li data-section-id=\"9tiqfn\" data-start=\"583\" data-end=\"634\"><strong>Wirkdauer von ca. 6\u20138 Stunden<\/strong> pro Spirale<\/li>\n<li data-section-id=\"rkptka\" data-start=\"635\" data-end=\"701\">Mit nat\u00fcrlichem Wirkstoff Pyrethrum (aus Chrysanthemen)<\/li>\n<li data-section-id=\"1vtrfh6\" data-start=\"702\" data-end=\"757\">Ideal f\u00fcr Terrasse, Garten, Balkon &amp; Camping<\/li>\n<li data-section-id=\"jqrs1s\" data-start=\"758\" data-end=\"823\">Rauch- und Geruchswirkung zur Insektenabwehr im Umfeld<\/li>\n<li data-section-id=\"16naix6\" data-start=\"824\" data-end=\"862\">Praktischer<strong> 10er Vorteilspack<\/strong><\/li>\n<\/ul>\n<h3 data-section-id=\"drbaou\" data-start=\"869\" data-end=\"888\"><span role=\"text\">Wirkprinzip:<\/span><\/h3>\n<p data-start=\"889\" data-end=\"1181\">Nach dem Anz\u00fcnden erlischt die Flamme nach kurzer Zeit und die Spirale beginnt gleichm\u00e4\u00dfig zu glimmen. Dabei entsteht ein leichter Rauch, der M\u00fccken und Gelsen im Umkreis von bis zu ca. <strong data-start=\"1075\" data-end=\"1087\">4 Metern<\/strong> fernh\u00e4lt und reduziert. Der enthaltene Wirkstoff Pyrethrum wirkt zus\u00e4tzlich auf die Insekten.<\/p>\n<h3 data-section-id=\"1q2b6xg\" data-start=\"1188\" data-end=\"1205\"><span role=\"text\">Anwendung:<\/span><\/h3>\n<p data-start=\"1206\" data-end=\"1391\">Die Spirale im Au\u00dfenbereich auf einer feuerfesten Unterlage platzieren, anz\u00fcnden und kurz brennen lassen. Anschlie\u00dfend die Flamme ausblasen, sodass die Spirale gleichm\u00e4\u00dfig weiterglimmt.<\/p>\n<p data-section-id=\"zpintf\" data-start=\"1398\" data-end=\"1424\"><span role=\"text\">\ud83d\udce6 <strong data-start=\"1404\" data-end=\"1424\">Produktmerkmale:<\/strong><\/span><\/p>\n<ul>\n<li>10 St\u00fcck Packung<\/li>\n<li>Wirkstoff: Pyrethrum (2,5 g\/kg)<\/li>\n<li>Besteht aus Naturmaterialien ohne chemische Zusatzstoffe<\/li>\n<li>Schutzdauer: ca. 6\u20138 Stunden pro Spirale<\/li>\n<li>Wirkradius: bis ca. 4 m<\/li>\n<\/ul>\n<p data-section-id=\"6gi5g5\" data-start=\"1622\" data-end=\"1649\"><span role=\"text\">\u26a0\ufe0f <strong data-start=\"1628\" data-end=\"1649\">Wichtiger Hinweis:\u00a0<\/strong><\/span>Nur im <strong data-start=\"1657\" data-end=\"1683\">Au\u00dfenbereich verwenden<\/strong>. Nicht in geschlossenen R\u00e4umen einsetzen.<\/p>\n<p>&nbsp;<\/p>\n<hr \/>\n<p>Produktinformation und Sicherheitsdatenblatt:<\/p>\n\n<!-- Generated using Document Gallery. Get yours here: http:\/\/wordpress.org\/extend\/plugins\/document-gallery -->\n<div id=\"document-gallery-1\" class=\"document-gallery\" data-shortcode='{\"id\":1888,\"include\":\"6965,4933\",\"exclude\":\"\",\"columns\":4,\"descriptions\":false,\"fancy\":true,\"order\":\"ASC\",\"orderby\":\"post__in\",\"relation\":\"AND\",\"limit\":-1,\"mime_types\":\"application,video,text,audio,image\",\"new_window\":true,\"post_status\":\"any\",\"post_type\":\"attachment\",\"attachment_pg\":false,\"paginate\":true,\"skip\":0}' data-icon-width='24'>\n<div class='document-icon-row'>\n   <div class=\"document-icon\">\n      <a href=\"https:\/\/www.nebily.com\/shop\/wp-content\/uploads\/KWIZDA_Gelsenspirale_Produktblatt.pdf\" target=\"_blank\">\n         <img decoding=\"async\" src=\"https:\/\/www.nebily.com\/shop\/wp-content\/uploads\/KWIZDA_Gelsenspirale_Produktblatt-thumb.png\" title=\"KWIZDA_Gelsenspirale_Produktblatt\" alt=\"KWIZDA_Gelsenspirale_Produktblatt\" data-ext=\"pdf\"\/>\n         <span class=\"title\">KWIZDA_Gelsenspirale_Produktblatt<\/span>\n      <\/a>\n   <\/div>\n   <div class=\"document-icon\">\n      <a href=\"https:\/\/www.nebily.com\/shop\/wp-content\/uploads\/SDB_NBVS022_Naturid_Gelsenspirale_2017.pdf\" target=\"_blank\">\n         <img decoding=\"async\" src=\"https:\/\/www.nebily.com\/shop\/wp-content\/uploads\/SDB_NBVS022_Naturid_Gelsenspirale_2017-thumb.png\" title=\"Sicherheitsdatenblatt\" alt=\"Sicherheitsdatenblatt\" data-ext=\"pdf\"\/>\n         <span class=\"title\">Sicherheitsdatenblatt<\/span>\n      <\/a>\n   <\/div>\n\n<\/div>\n<\/div>\n","protected":false},"excerpt":{"rendered":"<p>Kwizda Gelsen Spirale \u2013 Effektiver Schutz vor M\u00fccken &amp; Gelsen im Au\u00dfenbereich Die Kwizda Gelsen Spirale bietet einen zuverl\u00e4ssigen Schutz vor M\u00fccken und Gelsen im Au\u00dfenbereich. Sie sorgt f\u00fcr entspannte Stunden auf Terrasse, Balkon oder im Garten, indem sie Insekten im direkten Umfeld fernh\u00e4lt und reduziert. Ihre Vorteile auf einen Blick: Wirksamer Schutz vor M\u00fccken &hellip; <a href=\"https:\/\/www.nebily.com\/shop\/natuerlich-biologisch\/gelsenspirale-bio\/\">Continued<\/a><\/p>\n","protected":false},"featured_media":1890,"comment_status":"closed","ping_status":"closed","template":"","meta":[],"class_list":{"0":"post-1888","1":"product","2":"type-product","3":"status-publish","4":"has-post-thumbnail","6":"product_cat-neuheiten","7":"product_cat-natuerlich-biologisch","8":"product_cat-fluginsekten","10":"first","11":"instock","12":"sale","13":"taxable","14":"shipping-taxable","15":"product-type-simple"},"yoast_head":"<!-- This site is optimized with the Yoast SEO plugin v25.1 - https:\/\/yoast.com\/wordpress\/plugins\/seo\/ -->\n<title>Gelsenspirale - Bio 10er Pack | NEBILY Online Shop<\/title>\n<meta name=\"description\" content=\"Kwizda Gelsen Spirale im 10er Pack. Nat\u00fcrlicher Schutz vor M\u00fccken und Gelsen mit Pyrethrum \u2013 ideal f\u00fcr Terrasse, Garten und Outdoor-Bereiche.\" \/>\n<meta name=\"robots\" content=\"index, follow, max-snippet:-1, max-image-preview:large, max-video-preview:-1\" \/>\n<link rel=\"canonical\" href=\"https:\/\/www.nebily.com\/shop\/natuerlich-biologisch\/gelsenspirale-bio\/\" \/>\n<meta property=\"og:locale\" content=\"de_DE\" \/>\n<meta property=\"og:type\" content=\"article\" \/>\n<meta property=\"og:title\" content=\"Gelsenspirale - Bio 10er Pack | NEBILY Online Shop\" \/>\n<meta property=\"og:description\" content=\"Kwizda Gelsen Spirale im 10er Pack. Nat\u00fcrlicher Schutz vor M\u00fccken und Gelsen mit Pyrethrum \u2013 ideal f\u00fcr Terrasse, Garten und Outdoor-Bereiche.\" \/>\n<meta property=\"og:url\" content=\"https:\/\/www.nebily.com\/shop\/natuerlich-biologisch\/gelsenspirale-bio\/\" \/>\n<meta property=\"og:site_name\" content=\"NEBILY Ges.m.b.H.\" \/>\n<meta property=\"article:publisher\" content=\"https:\/\/www.facebook.com\/NebilyGesmbH\/\" \/>\n<meta property=\"article:modified_time\" content=\"2026-04-25T20:13:23+00:00\" \/>\n<meta property=\"og:image\" content=\"https:\/\/www.nebily.com\/shop\/wp-content\/uploads\/2016\/04\/Produkt_NBVS022_NaturidGelsenspirale2.jpg\" \/>\n\t<meta property=\"og:image:width\" content=\"800\" \/>\n\t<meta property=\"og:image:height\" content=\"600\" \/>\n\t<meta property=\"og:image:type\" content=\"image\/jpeg\" \/>\n<meta name=\"twitter:card\" content=\"summary_large_image\" \/>\n<meta name=\"twitter:label1\" content=\"Gesch\u00e4tzte Lesezeit\" \/>\n\t<meta name=\"twitter:data1\" content=\"2\u00a0Minuten\" \/>\n<script type=\"application\/ld+json\" class=\"yoast-schema-graph\">{\"@context\":\"https:\/\/schema.org\",\"@graph\":[{\"@type\":\"WebPage\",\"@id\":\"https:\/\/www.nebily.com\/shop\/natuerlich-biologisch\/gelsenspirale-bio\/\",\"url\":\"https:\/\/www.nebily.com\/shop\/natuerlich-biologisch\/gelsenspirale-bio\/\",\"name\":\"Gelsenspirale - Bio 10er Pack | NEBILY Online Shop\",\"isPartOf\":{\"@id\":\"https:\/\/www.nebily.com\/shop\/#website\"},\"primaryImageOfPage\":{\"@id\":\"https:\/\/www.nebily.com\/shop\/natuerlich-biologisch\/gelsenspirale-bio\/#primaryimage\"},\"image\":{\"@id\":\"https:\/\/www.nebily.com\/shop\/natuerlich-biologisch\/gelsenspirale-bio\/#primaryimage\"},\"thumbnailUrl\":\"https:\/\/www.nebily.com\/shop\/wp-content\/uploads\/2016\/04\/Produkt_NBVS022_NaturidGelsenspirale2.jpg\",\"datePublished\":\"2016-04-20T09:23:26+00:00\",\"dateModified\":\"2026-04-25T20:13:23+00:00\",\"description\":\"Kwizda Gelsen Spirale im 10er Pack. Nat\u00fcrlicher Schutz vor M\u00fccken und Gelsen mit Pyrethrum \u2013 ideal f\u00fcr Terrasse, Garten und Outdoor-Bereiche.\",\"breadcrumb\":{\"@id\":\"https:\/\/www.nebily.com\/shop\/natuerlich-biologisch\/gelsenspirale-bio\/#breadcrumb\"},\"inLanguage\":\"de\",\"potentialAction\":[{\"@type\":\"ReadAction\",\"target\":[\"https:\/\/www.nebily.com\/shop\/natuerlich-biologisch\/gelsenspirale-bio\/\"]}]},{\"@type\":\"ImageObject\",\"inLanguage\":\"de\",\"@id\":\"https:\/\/www.nebily.com\/shop\/natuerlich-biologisch\/gelsenspirale-bio\/#primaryimage\",\"url\":\"https:\/\/www.nebily.com\/shop\/wp-content\/uploads\/2016\/04\/Produkt_NBVS022_NaturidGelsenspirale2.jpg\",\"contentUrl\":\"https:\/\/www.nebily.com\/shop\/wp-content\/uploads\/2016\/04\/Produkt_NBVS022_NaturidGelsenspirale2.jpg\",\"width\":800,\"height\":600},{\"@type\":\"BreadcrumbList\",\"@id\":\"https:\/\/www.nebily.com\/shop\/natuerlich-biologisch\/gelsenspirale-bio\/#breadcrumb\",\"itemListElement\":[{\"@type\":\"ListItem\",\"position\":1,\"name\":\"Home\",\"item\":\"https:\/\/www.nebily.com\/shop\/\"},{\"@type\":\"ListItem\",\"position\":2,\"name\":\"Shop\",\"item\":\"https:\/\/www.nebily.com\/shop\/\"},{\"@type\":\"ListItem\",\"position\":3,\"name\":\"Gelsenspirale &#8211; Bio 10er Pack\"}]},{\"@type\":\"WebSite\",\"@id\":\"https:\/\/www.nebily.com\/shop\/#website\",\"url\":\"https:\/\/www.nebily.com\/shop\/\",\"name\":\"NEBILY Ges.m.b.H.\",\"description\":\"\",\"potentialAction\":[{\"@type\":\"SearchAction\",\"target\":{\"@type\":\"EntryPoint\",\"urlTemplate\":\"https:\/\/www.nebily.com\/shop\/?s={search_term_string}\"},\"query-input\":{\"@type\":\"PropertyValueSpecification\",\"valueRequired\":true,\"valueName\":\"search_term_string\"}}],\"inLanguage\":\"de\"}]}<\/script>\n<!-- \/ Yoast SEO plugin. -->","yoast_head_json":{"title":"Gelsenspirale - Bio 10er Pack | NEBILY Online Shop","description":"Kwizda Gelsen Spirale im 10er Pack. Nat\u00fcrlicher Schutz vor M\u00fccken und Gelsen mit Pyrethrum \u2013 ideal f\u00fcr Terrasse, Garten und Outdoor-Bereiche.","robots":{"index":"index","follow":"follow","max-snippet":"max-snippet:-1","max-image-preview":"max-image-preview:large","max-video-preview":"max-video-preview:-1"},"canonical":"https:\/\/www.nebily.com\/shop\/natuerlich-biologisch\/gelsenspirale-bio\/","og_locale":"de_DE","og_type":"article","og_title":"Gelsenspirale - Bio 10er Pack | NEBILY Online Shop","og_description":"Kwizda Gelsen Spirale im 10er Pack. Nat\u00fcrlicher Schutz vor M\u00fccken und Gelsen mit Pyrethrum \u2013 ideal f\u00fcr Terrasse, Garten und Outdoor-Bereiche.","og_url":"https:\/\/www.nebily.com\/shop\/natuerlich-biologisch\/gelsenspirale-bio\/","og_site_name":"NEBILY Ges.m.b.H.","article_publisher":"https:\/\/www.facebook.com\/NebilyGesmbH\/","article_modified_time":"2026-04-25T20:13:23+00:00","og_image":[{"width":800,"height":600,"url":"https:\/\/www.nebily.com\/shop\/wp-content\/uploads\/2016\/04\/Produkt_NBVS022_NaturidGelsenspirale2.jpg","type":"image\/jpeg"}],"twitter_card":"summary_large_image","twitter_misc":{"Gesch\u00e4tzte Lesezeit":"2\u00a0Minuten"},"schema":{"@context":"https:\/\/schema.org","@graph":[{"@type":"WebPage","@id":"https:\/\/www.nebily.com\/shop\/natuerlich-biologisch\/gelsenspirale-bio\/","url":"https:\/\/www.nebily.com\/shop\/natuerlich-biologisch\/gelsenspirale-bio\/","name":"Gelsenspirale - Bio 10er Pack | NEBILY Online Shop","isPartOf":{"@id":"https:\/\/www.nebily.com\/shop\/#website"},"primaryImageOfPage":{"@id":"https:\/\/www.nebily.com\/shop\/natuerlich-biologisch\/gelsenspirale-bio\/#primaryimage"},"image":{"@id":"https:\/\/www.nebily.com\/shop\/natuerlich-biologisch\/gelsenspirale-bio\/#primaryimage"},"thumbnailUrl":"https:\/\/www.nebily.com\/shop\/wp-content\/uploads\/2016\/04\/Produkt_NBVS022_NaturidGelsenspirale2.jpg","datePublished":"2016-04-20T09:23:26+00:00","dateModified":"2026-04-25T20:13:23+00:00","description":"Kwizda Gelsen Spirale im 10er Pack. Nat\u00fcrlicher Schutz vor M\u00fccken und Gelsen mit Pyrethrum \u2013 ideal f\u00fcr Terrasse, Garten und Outdoor-Bereiche.","breadcrumb":{"@id":"https:\/\/www.nebily.com\/shop\/natuerlich-biologisch\/gelsenspirale-bio\/#breadcrumb"},"inLanguage":"de","potentialAction":[{"@type":"ReadAction","target":["https:\/\/www.nebily.com\/shop\/natuerlich-biologisch\/gelsenspirale-bio\/"]}]},{"@type":"ImageObject","inLanguage":"de","@id":"https:\/\/www.nebily.com\/shop\/natuerlich-biologisch\/gelsenspirale-bio\/#primaryimage","url":"https:\/\/www.nebily.com\/shop\/wp-content\/uploads\/2016\/04\/Produkt_NBVS022_NaturidGelsenspirale2.jpg","contentUrl":"https:\/\/www.nebily.com\/shop\/wp-content\/uploads\/2016\/04\/Produkt_NBVS022_NaturidGelsenspirale2.jpg","width":800,"height":600},{"@type":"BreadcrumbList","@id":"https:\/\/www.nebily.com\/shop\/natuerlich-biologisch\/gelsenspirale-bio\/#breadcrumb","itemListElement":[{"@type":"ListItem","position":1,"name":"Home","item":"https:\/\/www.nebily.com\/shop\/"},{"@type":"ListItem","position":2,"name":"Shop","item":"https:\/\/www.nebily.com\/shop\/"},{"@type":"ListItem","position":3,"name":"Gelsenspirale &#8211; Bio 10er Pack"}]},{"@type":"WebSite","@id":"https:\/\/www.nebily.com\/shop\/#website","url":"https:\/\/www.nebily.com\/shop\/","name":"NEBILY Ges.m.b.H.","description":"","potentialAction":[{"@type":"SearchAction","target":{"@type":"EntryPoint","urlTemplate":"https:\/\/www.nebily.com\/shop\/?s={search_term_string}"},"query-input":{"@type":"PropertyValueSpecification","valueRequired":true,"valueName":"search_term_string"}}],"inLanguage":"de"}]}},"_links":{"self":[{"href":"https:\/\/www.nebily.com\/shop\/wp-json\/wp\/v2\/product\/1888","targetHints":{"allow":["GET"]}}],"collection":[{"href":"https:\/\/www.nebily.com\/shop\/wp-json\/wp\/v2\/product"}],"about":[{"href":"https:\/\/www.nebily.com\/shop\/wp-json\/wp\/v2\/types\/product"}],"replies":[{"embeddable":true,"href":"https:\/\/www.nebily.com\/shop\/wp-json\/wp\/v2\/comments?post=1888"}],"wp:featuredmedia":[{"embeddable":true,"href":"https:\/\/www.nebily.com\/shop\/wp-json\/wp\/v2\/media\/1890"}],"wp:attachment":[{"href":"https:\/\/www.nebily.com\/shop\/wp-json\/wp\/v2\/media?parent=1888"}],"curies":[{"name":"wp","href":"https:\/\/api.w.org\/{rel}","templated":true}]}}