{"id":1440,"date":"2015-10-12T10:48:35","date_gmt":"2015-10-12T09:48:35","guid":{"rendered":"https:\/\/www.nebily.com\/?post_type=product&#038;p=1440"},"modified":"2025-09-04T13:01:19","modified_gmt":"2025-09-04T12:01:19","slug":"natur-nebelautomat-biologisch","status":"publish","type":"product","link":"https:\/\/www.nebily.com\/shop\/natuerlich-biologisch\/natur-nebelautomat-biologisch\/","title":{"rendered":"Kwizda Naturid Nebelautomat &#8211; biologisch"},"content":{"rendered":"<p>Der Kwizda Naturid Nebelautomat ist besonders wirkungsstark und enth\u00e4lt das in der Natur vorkommende Naturpyrethrum. Der gro\u00dfe Vorteil ist ganz klar der rasche Wirkstoffabbau, d.h. keine Langzeitbelastung in behandelten R\u00e4umen.<\/p>\n<ul>\n<li>rascher Wirkstoffabbau, d.h. keine Langzeitbelastung in behandelten R\u00e4umen<\/li>\n<li>schnelle Sofortwirkung<\/li>\n<li>auf Basis eines nat\u00fcrlichen Wirkstoffs<\/li>\n<\/ul>\n<p>Pyrethrum wirkt gegen alle Insektenarten gleicherma\u00dfen, der Naturid Nebelautomat kann also universell eingesetzt werden!<\/p>\n<p><strong>Anwendung<br \/>\n<\/strong>Vor der Vernebelung R\u00e4ume s\u00e4ubern und die Sch\u00e4dlingsverstecke m\u00f6glichst freilegen. Dose in Raummitte erh\u00f6ht aufstellen. Spr\u00fchkopf arretieren. Raum verlassen. Dose spr\u00fcht in ca. 2 Minuten leer. Mittel mindestens 3 Stunden einwirken lassen.<\/p>\n<p>Eine Dose reicht f\u00fcr 50 m<sup>3<\/sup> bei kriechenden und 250 m<sup>3<\/sup> bei fliegenden Insekten.<\/p>\n<p><strong>Wirkstoff \/ Reg.Nr.: N-85825<\/strong><br \/>\nPyrethrum 28 g\/kg (Pyrethrum-Extrakt 25 %ig)<\/p>\n<hr \/>\n<p>Produktinformation und Sicherheitsdatenblatt:<\/p>\n\n<!-- Generated using Document Gallery. Get yours here: http:\/\/wordpress.org\/extend\/plugins\/document-gallery -->\n<div id=\"document-gallery-1\" class=\"document-gallery\" data-shortcode='{\"id\":1440,\"include\":\"6967,6968\",\"exclude\":\"\",\"columns\":4,\"descriptions\":false,\"fancy\":true,\"order\":\"ASC\",\"orderby\":\"post__in\",\"relation\":\"AND\",\"limit\":-1,\"mime_types\":\"application,video,text,audio,image\",\"new_window\":true,\"post_status\":\"any\",\"post_type\":\"attachment\",\"attachment_pg\":false,\"paginate\":true,\"skip\":0}' data-icon-width='24'>\n<div class='document-icon-row'>\n   <div class=\"document-icon\">\n      <a href=\"https:\/\/www.nebily.com\/shop\/wp-content\/uploads\/KWIZDA_Produktblatt_Naturid_Nebelautomat.pdf\" target=\"_blank\">\n         <img decoding=\"async\" src=\"https:\/\/www.nebily.com\/shop\/wp-content\/uploads\/KWIZDA_Produktblatt_Naturid_Nebelautomat-thumb.png\" title=\"Produktblatt_Naturid_Nebelautomat\" alt=\"Produktblatt_Naturid_Nebelautomat\" data-ext=\"pdf\"\/>\n         <span class=\"title\">Produktblatt_Naturid_Nebelautomat<\/span>\n      <\/a>\n   <\/div>\n   <div class=\"document-icon\">\n      <a href=\"https:\/\/www.nebily.com\/shop\/wp-content\/uploads\/SDB_Naturid_Nebelautomat.pdf\" target=\"_blank\">\n         <img decoding=\"async\" src=\"https:\/\/www.nebily.com\/shop\/wp-content\/uploads\/SDB_Naturid_Nebelautomat-thumb.png\" title=\"SDB_Naturid_Nebelautomat\" alt=\"SDB_Naturid_Nebelautomat\" data-ext=\"pdf\"\/>\n         <span class=\"title\">SDB_Naturid_Nebelautomat<\/span>\n      <\/a>\n   <\/div>\n\n<\/div>\n<\/div>\n","protected":false},"excerpt":{"rendered":"<p>Der Kwizda Naturid Nebelautomat ist besonders wirkungsstark und enth\u00e4lt das in der Natur vorkommende Naturpyrethrum. Der gro\u00dfe Vorteil ist ganz klar der rasche Wirkstoffabbau, d.h. keine Langzeitbelastung in behandelten R\u00e4umen. rascher Wirkstoffabbau, d.h. keine Langzeitbelastung in behandelten R\u00e4umen schnelle Sofortwirkung auf Basis eines nat\u00fcrlichen Wirkstoffs Pyrethrum wirkt gegen alle Insektenarten gleicherma\u00dfen, der Naturid Nebelautomat kann &hellip; <a href=\"https:\/\/www.nebily.com\/shop\/natuerlich-biologisch\/natur-nebelautomat-biologisch\/\">Continued<\/a><\/p>\n","protected":false},"featured_media":1441,"comment_status":"closed","ping_status":"closed","template":"","meta":[],"class_list":{"0":"post-1440","1":"product","2":"type-product","3":"status-publish","4":"has-post-thumbnail","6":"product_cat-neuheiten","7":"product_cat-natuerlich-biologisch","8":"product_cat-fluginsekten","9":"product_cat-kriechinsekten","11":"first","12":"instock","13":"sale","14":"taxable","15":"shipping-taxable","16":"product-type-variable"},"yoast_head":"<!-- This site is optimized with the Yoast SEO plugin v25.1 - https:\/\/yoast.com\/wordpress\/plugins\/seo\/ -->\n<title>Kwizda Naturid Nebelautomat - biologisch | NEBILY Ges.m.b.H.<\/title>\n<meta name=\"description\" content=\"Nat\u00fcrliches Nebelpr\u00e4parat zur Bek\u00e4mpfung von Insekten mit sehr schneller Sofortwirkung. Reines Naturprodukt - speziell f\u00fcr sehr sensible Bereiche anwendbar.\" \/>\n<meta name=\"robots\" content=\"index, follow, max-snippet:-1, max-image-preview:large, max-video-preview:-1\" \/>\n<link rel=\"canonical\" href=\"https:\/\/www.nebily.com\/shop\/natuerlich-biologisch\/natur-nebelautomat-biologisch\/\" \/>\n<meta property=\"og:locale\" content=\"de_DE\" \/>\n<meta property=\"og:type\" content=\"article\" \/>\n<meta property=\"og:title\" content=\"Kwizda Naturid Nebelautomat - biologisch | NEBILY Ges.m.b.H.\" \/>\n<meta property=\"og:description\" content=\"Nat\u00fcrliches Nebelpr\u00e4parat zur Bek\u00e4mpfung von Insekten mit sehr schneller Sofortwirkung. Reines Naturprodukt - speziell f\u00fcr sehr sensible Bereiche anwendbar.\" \/>\n<meta property=\"og:url\" content=\"https:\/\/www.nebily.com\/shop\/natuerlich-biologisch\/natur-nebelautomat-biologisch\/\" \/>\n<meta property=\"og:site_name\" content=\"NEBILY Ges.m.b.H.\" \/>\n<meta property=\"article:publisher\" content=\"https:\/\/www.facebook.com\/NebilyGesmbH\/\" \/>\n<meta property=\"article:modified_time\" content=\"2025-09-04T12:01:19+00:00\" \/>\n<meta property=\"og:image\" content=\"https:\/\/www.nebily.com\/shop\/wp-content\/uploads\/2015\/10\/Produkt_NBVS020_NaturidNebel.jpg\" \/>\n\t<meta property=\"og:image:width\" content=\"800\" \/>\n\t<meta property=\"og:image:height\" content=\"600\" \/>\n\t<meta property=\"og:image:type\" content=\"image\/jpeg\" \/>\n<meta name=\"twitter:card\" content=\"summary_large_image\" \/>\n<meta name=\"twitter:label1\" content=\"Gesch\u00e4tzte Lesezeit\" \/>\n\t<meta name=\"twitter:data1\" content=\"1\u00a0Minute\" \/>\n<script type=\"application\/ld+json\" class=\"yoast-schema-graph\">{\"@context\":\"https:\/\/schema.org\",\"@graph\":[{\"@type\":\"WebPage\",\"@id\":\"https:\/\/www.nebily.com\/shop\/natuerlich-biologisch\/natur-nebelautomat-biologisch\/\",\"url\":\"https:\/\/www.nebily.com\/shop\/natuerlich-biologisch\/natur-nebelautomat-biologisch\/\",\"name\":\"Kwizda Naturid Nebelautomat - biologisch | NEBILY Ges.m.b.H.\",\"isPartOf\":{\"@id\":\"https:\/\/www.nebily.com\/shop\/#website\"},\"primaryImageOfPage\":{\"@id\":\"https:\/\/www.nebily.com\/shop\/natuerlich-biologisch\/natur-nebelautomat-biologisch\/#primaryimage\"},\"image\":{\"@id\":\"https:\/\/www.nebily.com\/shop\/natuerlich-biologisch\/natur-nebelautomat-biologisch\/#primaryimage\"},\"thumbnailUrl\":\"https:\/\/www.nebily.com\/shop\/wp-content\/uploads\/2015\/10\/Produkt_NBVS020_NaturidNebel.jpg\",\"datePublished\":\"2015-10-12T09:48:35+00:00\",\"dateModified\":\"2025-09-04T12:01:19+00:00\",\"description\":\"Nat\u00fcrliches Nebelpr\u00e4parat zur Bek\u00e4mpfung von Insekten mit sehr schneller Sofortwirkung. Reines Naturprodukt - speziell f\u00fcr sehr sensible Bereiche anwendbar.\",\"breadcrumb\":{\"@id\":\"https:\/\/www.nebily.com\/shop\/natuerlich-biologisch\/natur-nebelautomat-biologisch\/#breadcrumb\"},\"inLanguage\":\"de\",\"potentialAction\":[{\"@type\":\"ReadAction\",\"target\":[\"https:\/\/www.nebily.com\/shop\/natuerlich-biologisch\/natur-nebelautomat-biologisch\/\"]}]},{\"@type\":\"ImageObject\",\"inLanguage\":\"de\",\"@id\":\"https:\/\/www.nebily.com\/shop\/natuerlich-biologisch\/natur-nebelautomat-biologisch\/#primaryimage\",\"url\":\"https:\/\/www.nebily.com\/shop\/wp-content\/uploads\/2015\/10\/Produkt_NBVS020_NaturidNebel.jpg\",\"contentUrl\":\"https:\/\/www.nebily.com\/shop\/wp-content\/uploads\/2015\/10\/Produkt_NBVS020_NaturidNebel.jpg\",\"width\":800,\"height\":600},{\"@type\":\"BreadcrumbList\",\"@id\":\"https:\/\/www.nebily.com\/shop\/natuerlich-biologisch\/natur-nebelautomat-biologisch\/#breadcrumb\",\"itemListElement\":[{\"@type\":\"ListItem\",\"position\":1,\"name\":\"Home\",\"item\":\"https:\/\/www.nebily.com\/shop\/\"},{\"@type\":\"ListItem\",\"position\":2,\"name\":\"Shop\",\"item\":\"https:\/\/www.nebily.com\/shop\/\"},{\"@type\":\"ListItem\",\"position\":3,\"name\":\"Kwizda Naturid Nebelautomat &#8211; biologisch\"}]},{\"@type\":\"WebSite\",\"@id\":\"https:\/\/www.nebily.com\/shop\/#website\",\"url\":\"https:\/\/www.nebily.com\/shop\/\",\"name\":\"NEBILY Ges.m.b.H.\",\"description\":\"\",\"potentialAction\":[{\"@type\":\"SearchAction\",\"target\":{\"@type\":\"EntryPoint\",\"urlTemplate\":\"https:\/\/www.nebily.com\/shop\/?s={search_term_string}\"},\"query-input\":{\"@type\":\"PropertyValueSpecification\",\"valueRequired\":true,\"valueName\":\"search_term_string\"}}],\"inLanguage\":\"de\"}]}<\/script>\n<!-- \/ Yoast SEO plugin. -->","yoast_head_json":{"title":"Kwizda Naturid Nebelautomat - biologisch | NEBILY Ges.m.b.H.","description":"Nat\u00fcrliches Nebelpr\u00e4parat zur Bek\u00e4mpfung von Insekten mit sehr schneller Sofortwirkung. Reines Naturprodukt - speziell f\u00fcr sehr sensible Bereiche anwendbar.","robots":{"index":"index","follow":"follow","max-snippet":"max-snippet:-1","max-image-preview":"max-image-preview:large","max-video-preview":"max-video-preview:-1"},"canonical":"https:\/\/www.nebily.com\/shop\/natuerlich-biologisch\/natur-nebelautomat-biologisch\/","og_locale":"de_DE","og_type":"article","og_title":"Kwizda Naturid Nebelautomat - biologisch | NEBILY Ges.m.b.H.","og_description":"Nat\u00fcrliches Nebelpr\u00e4parat zur Bek\u00e4mpfung von Insekten mit sehr schneller Sofortwirkung. Reines Naturprodukt - speziell f\u00fcr sehr sensible Bereiche anwendbar.","og_url":"https:\/\/www.nebily.com\/shop\/natuerlich-biologisch\/natur-nebelautomat-biologisch\/","og_site_name":"NEBILY Ges.m.b.H.","article_publisher":"https:\/\/www.facebook.com\/NebilyGesmbH\/","article_modified_time":"2025-09-04T12:01:19+00:00","og_image":[{"width":800,"height":600,"url":"https:\/\/www.nebily.com\/shop\/wp-content\/uploads\/2015\/10\/Produkt_NBVS020_NaturidNebel.jpg","type":"image\/jpeg"}],"twitter_card":"summary_large_image","twitter_misc":{"Gesch\u00e4tzte Lesezeit":"1\u00a0Minute"},"schema":{"@context":"https:\/\/schema.org","@graph":[{"@type":"WebPage","@id":"https:\/\/www.nebily.com\/shop\/natuerlich-biologisch\/natur-nebelautomat-biologisch\/","url":"https:\/\/www.nebily.com\/shop\/natuerlich-biologisch\/natur-nebelautomat-biologisch\/","name":"Kwizda Naturid Nebelautomat - biologisch | NEBILY Ges.m.b.H.","isPartOf":{"@id":"https:\/\/www.nebily.com\/shop\/#website"},"primaryImageOfPage":{"@id":"https:\/\/www.nebily.com\/shop\/natuerlich-biologisch\/natur-nebelautomat-biologisch\/#primaryimage"},"image":{"@id":"https:\/\/www.nebily.com\/shop\/natuerlich-biologisch\/natur-nebelautomat-biologisch\/#primaryimage"},"thumbnailUrl":"https:\/\/www.nebily.com\/shop\/wp-content\/uploads\/2015\/10\/Produkt_NBVS020_NaturidNebel.jpg","datePublished":"2015-10-12T09:48:35+00:00","dateModified":"2025-09-04T12:01:19+00:00","description":"Nat\u00fcrliches Nebelpr\u00e4parat zur Bek\u00e4mpfung von Insekten mit sehr schneller Sofortwirkung. Reines Naturprodukt - speziell f\u00fcr sehr sensible Bereiche anwendbar.","breadcrumb":{"@id":"https:\/\/www.nebily.com\/shop\/natuerlich-biologisch\/natur-nebelautomat-biologisch\/#breadcrumb"},"inLanguage":"de","potentialAction":[{"@type":"ReadAction","target":["https:\/\/www.nebily.com\/shop\/natuerlich-biologisch\/natur-nebelautomat-biologisch\/"]}]},{"@type":"ImageObject","inLanguage":"de","@id":"https:\/\/www.nebily.com\/shop\/natuerlich-biologisch\/natur-nebelautomat-biologisch\/#primaryimage","url":"https:\/\/www.nebily.com\/shop\/wp-content\/uploads\/2015\/10\/Produkt_NBVS020_NaturidNebel.jpg","contentUrl":"https:\/\/www.nebily.com\/shop\/wp-content\/uploads\/2015\/10\/Produkt_NBVS020_NaturidNebel.jpg","width":800,"height":600},{"@type":"BreadcrumbList","@id":"https:\/\/www.nebily.com\/shop\/natuerlich-biologisch\/natur-nebelautomat-biologisch\/#breadcrumb","itemListElement":[{"@type":"ListItem","position":1,"name":"Home","item":"https:\/\/www.nebily.com\/shop\/"},{"@type":"ListItem","position":2,"name":"Shop","item":"https:\/\/www.nebily.com\/shop\/"},{"@type":"ListItem","position":3,"name":"Kwizda Naturid Nebelautomat &#8211; biologisch"}]},{"@type":"WebSite","@id":"https:\/\/www.nebily.com\/shop\/#website","url":"https:\/\/www.nebily.com\/shop\/","name":"NEBILY Ges.m.b.H.","description":"","potentialAction":[{"@type":"SearchAction","target":{"@type":"EntryPoint","urlTemplate":"https:\/\/www.nebily.com\/shop\/?s={search_term_string}"},"query-input":{"@type":"PropertyValueSpecification","valueRequired":true,"valueName":"search_term_string"}}],"inLanguage":"de"}]}},"_links":{"self":[{"href":"https:\/\/www.nebily.com\/shop\/wp-json\/wp\/v2\/product\/1440","targetHints":{"allow":["GET"]}}],"collection":[{"href":"https:\/\/www.nebily.com\/shop\/wp-json\/wp\/v2\/product"}],"about":[{"href":"https:\/\/www.nebily.com\/shop\/wp-json\/wp\/v2\/types\/product"}],"replies":[{"embeddable":true,"href":"https:\/\/www.nebily.com\/shop\/wp-json\/wp\/v2\/comments?post=1440"}],"wp:featuredmedia":[{"embeddable":true,"href":"https:\/\/www.nebily.com\/shop\/wp-json\/wp\/v2\/media\/1441"}],"wp:attachment":[{"href":"https:\/\/www.nebily.com\/shop\/wp-json\/wp\/v2\/media?parent=1440"}],"curies":[{"name":"wp","href":"https:\/\/api.w.org\/{rel}","templated":true}]}}