{"id":1437,"date":"2015-10-12T10:38:58","date_gmt":"2015-10-12T09:38:58","guid":{"rendered":"https:\/\/www.nebily.com\/?post_type=product&#038;p=1437"},"modified":"2026-04-25T21:16:06","modified_gmt":"2026-04-25T20:16:06","slug":"natur-aktivstaub-biologisch","status":"publish","type":"product","link":"https:\/\/www.nebily.com\/shop\/natuerlich-biologisch\/natur-aktivstaub-biologisch\/","title":{"rendered":"Naturid Aktivstaub &#8211; biologisch"},"content":{"rendered":"<h1 data-section-id=\"1hzsb8k\" data-start=\"169\" data-end=\"247\"><span role=\"text\">Kwizda Naturid Aktivstaub \u2013 Nat\u00fcrliches Pulver gegen kriechende Insekten<\/span><\/h1>\n<p data-start=\"249\" data-end=\"531\">Der <strong data-start=\"253\" data-end=\"275\">Naturid Aktivstaub<\/strong> ist ein nat\u00fcrliches, trocken anzuwendendes Pulverpr\u00e4parat zur Bek\u00e4mpfung von kriechenden Insekten im Innen- und gesch\u00fctzten Au\u00dfenbereich. Er besteht zu 100 % aus <strong data-start=\"438\" data-end=\"474\">Diatomeenerde (Kieselalgen-Erde)<\/strong> und wirkt rein physikalisch \u2013 ohne chemische Wirkstoffe.<\/p>\n<h2 data-section-id=\"7ag2br\" data-start=\"538\" data-end=\"575\"><span role=\"text\">Ihre Vorteile auf einen Blick:<\/span><\/h2>\n<ul data-start=\"576\" data-end=\"974\">\n<li data-section-id=\"19qt2zn\" data-start=\"576\" data-end=\"617\">100 % nat\u00fcrliche Diatomeenerde<\/li>\n<li data-section-id=\"g55k70\" data-start=\"618\" data-end=\"678\">Physikalische Wirkung \u2013 kein chemischer Wirkstoff<\/li>\n<li data-section-id=\"1li1c8t\" data-start=\"679\" data-end=\"779\">Wirksam gegen kriechende Insekten wie Ameisen, Silberfischchen, Asseln, Staubl\u00e4use &amp; mehr<\/li>\n<li data-section-id=\"1kq3m8c\" data-start=\"780\" data-end=\"846\">Auch unterst\u00fctzend bei Bettwanzenbek\u00e4mpfung einsetzbar<\/li>\n<li data-section-id=\"kh8tz9\" data-start=\"847\" data-end=\"918\">Vielseitig anwendbar in Haushalt, Keller, K\u00fcche &amp; Wohnr\u00e4umen<\/li>\n<li data-section-id=\"1lzb7c3\" data-start=\"919\" data-end=\"974\">Lang anhaltende Wirkung an behandelten Fl\u00e4chen<\/li>\n<\/ul>\n<h3 data-section-id=\"drbaou\" data-start=\"981\" data-end=\"1000\"><span role=\"text\">Wirkprinzip:<\/span><\/h3>\n<p data-start=\"1001\" data-end=\"1247\">Die feine Struktur der Diatomeenerde wirkt auf Insekten mechanisch:<br data-start=\"1068\" data-end=\"1071\" \/>Sie besch\u00e4digt die \u00e4u\u00dfere Schutzschicht, wodurch die Insekten Fl\u00fcssigkeit verlieren und austrocknen. Dadurch wird eine effektive Bek\u00e4mpfung ohne chemische Belastung erm\u00f6glicht.<\/p>\n<h3 data-section-id=\"1q2b6xg\" data-start=\"1254\" data-end=\"1271\"><span role=\"text\">Anwendung:<\/span><\/h3>\n<p data-start=\"1272\" data-end=\"1365\">Der Aktivstaub wird gezielt dort ausgebracht, wo sich Insekten aufhalten oder bewegen, z. B.:<\/p>\n<ul data-start=\"1367\" data-end=\"1565\">\n<li data-section-id=\"1rkqpbp\" data-start=\"1367\" data-end=\"1396\">entlang von Sockelleisten<\/li>\n<li data-section-id=\"bokelt\" data-start=\"1397\" data-end=\"1420\">in Ritzen und Fugen<\/li>\n<li data-section-id=\"e622k0\" data-start=\"1421\" data-end=\"1460\">unter Fensterb\u00e4nken und Waschbecken<\/li>\n<li data-section-id=\"1giiwjp\" data-start=\"1461\" data-end=\"1492\">hinter M\u00f6beln und Schr\u00e4nken<\/li>\n<li data-section-id=\"zfhxl\" data-start=\"1493\" data-end=\"1531\">in Kellern, Garagen und Wohnr\u00e4umen<\/li>\n<li data-section-id=\"1m7ymav\" data-start=\"1532\" data-end=\"1565\">in Tierbereichen (z. B. K\u00e4fige)<\/li>\n<\/ul>\n<p data-start=\"1567\" data-end=\"1635\">\ud83d\udc49 <strong>Richtwert:<\/strong><br data-start=\"1580\" data-end=\"1583\" \/>ca. <strong data-start=\"1587\" data-end=\"1605\">30\u201350 g pro m\u00b2<\/strong> oder <strong data-start=\"1611\" data-end=\"1635\">5\u201310 g pro Laufmeter<\/strong><\/p>\n<p data-section-id=\"1tmdamf\" data-start=\"1642\" data-end=\"1664\"><span role=\"text\"><strong data-start=\"1645\" data-end=\"1664\">Geeignet gegen:<\/strong><\/span><\/p>\n<ul>\n<li>Ameisen<\/li>\n<li>Silberfischchen<\/li>\n<li>Asseln &amp; Tausendf\u00fc\u00dfer<\/li>\n<li>Staubl\u00e4use<\/li>\n<li>Fl\u00f6he, Federlinge &amp; Milben<\/li>\n<li>unterst\u00fctzend bei Bettwanzenbehandlung<\/li>\n<\/ul>\n<p data-section-id=\"6gi5g5\" data-start=\"1818\" data-end=\"1845\"><span role=\"text\">\u26a0\ufe0f <strong data-start=\"1824\" data-end=\"1845\">Wichtige Hinweise: <\/strong><\/span>Nur trocken anwenden. Staub nicht einatmen. Biozidprodukte bzw. Sch\u00e4dlingsbek\u00e4mpfungsmittel vorsichtig verwenden. Vor Gebrauch stets Etikett und Produktinformationen lesen.<\/p>\n<hr \/>\n<div class=\"cnt_img_wrapper\">Produktblatt und Sicherheitsdatenblatt:<\/div>\n<div class=\"cnt_img_wrapper\">\n\n<!-- Generated using Document Gallery. Get yours here: http:\/\/wordpress.org\/extend\/plugins\/document-gallery -->\n<div id=\"document-gallery-1\" class=\"document-gallery\" data-shortcode='{\"id\":1437,\"include\":\"6970,6971\",\"exclude\":\"\",\"columns\":4,\"descriptions\":false,\"fancy\":true,\"order\":\"ASC\",\"orderby\":\"post__in\",\"relation\":\"AND\",\"limit\":-1,\"mime_types\":\"application,video,text,audio,image\",\"new_window\":true,\"post_status\":\"any\",\"post_type\":\"attachment\",\"attachment_pg\":false,\"paginate\":true,\"skip\":0}' data-icon-width='24'>\n<div class='document-icon-row'>\n   <div class=\"document-icon\">\n      <a href=\"https:\/\/www.nebily.com\/shop\/wp-content\/uploads\/KWIZDA_Produktblatt_Naturid_Aktivstaub.pdf\" target=\"_blank\">\n         <img decoding=\"async\" src=\"https:\/\/www.nebily.com\/shop\/wp-content\/uploads\/KWIZDA_Produktblatt_Naturid_Aktivstaub-thumb.png\" title=\"KWIZDA_Produktblatt_Naturid_Aktivstaub\" alt=\"KWIZDA_Produktblatt_Naturid_Aktivstaub\" data-ext=\"pdf\"\/>\n         <span class=\"title\">KWIZDA_Produktblatt_Naturid_Aktivstaub<\/span>\n      <\/a>\n   <\/div>\n   <div class=\"document-icon\">\n      <a href=\"https:\/\/www.nebily.com\/shop\/wp-content\/uploads\/SDB_Naturid_Aktivstaub_AT_02-2019.pdf\" target=\"_blank\">\n         <img decoding=\"async\" src=\"https:\/\/www.nebily.com\/shop\/wp-content\/uploads\/SDB_Naturid_Aktivstaub_AT_02-2019-thumb.png\" title=\"SDB_Naturid_Aktivstaub_AT_02-2019\" alt=\"SDB_Naturid_Aktivstaub_AT_02-2019\" data-ext=\"pdf\"\/>\n         <span class=\"title\">SDB_Naturid_Aktivstaub_AT_02-2019<\/span>\n      <\/a>\n   <\/div>\n\n<\/div>\n<\/div>\n<\/div>\n","protected":false},"excerpt":{"rendered":"<p>Kwizda Naturid Aktivstaub \u2013 Nat\u00fcrliches Pulver gegen kriechende Insekten Der Naturid Aktivstaub ist ein nat\u00fcrliches, trocken anzuwendendes Pulverpr\u00e4parat zur Bek\u00e4mpfung von kriechenden Insekten im Innen- und gesch\u00fctzten Au\u00dfenbereich. Er besteht zu 100 % aus Diatomeenerde (Kieselalgen-Erde) und wirkt rein physikalisch \u2013 ohne chemische Wirkstoffe. Ihre Vorteile auf einen Blick: 100 % nat\u00fcrliche Diatomeenerde Physikalische Wirkung &hellip; <a href=\"https:\/\/www.nebily.com\/shop\/natuerlich-biologisch\/natur-aktivstaub-biologisch\/\">Continued<\/a><\/p>\n","protected":false},"featured_media":1439,"comment_status":"closed","ping_status":"closed","template":"","meta":[],"class_list":{"0":"post-1437","1":"product","2":"type-product","3":"status-publish","4":"has-post-thumbnail","6":"product_cat-neuheiten","7":"product_cat-natuerlich-biologisch","8":"product_cat-kriechinsekten","10":"first","11":"instock","12":"taxable","13":"shipping-taxable","14":"product-type-simple"},"yoast_head":"<!-- This site is optimized with the Yoast SEO plugin v25.1 - https:\/\/yoast.com\/wordpress\/plugins\/seo\/ -->\n<title>Naturid Aktivstaub - biologisch | NEBILY Online Shop<\/title>\n<meta name=\"description\" content=\"Kwizda Naturid Aktivstaub aus 100 % Diatomeenerde. Nat\u00fcrliches Pulver gegen kriechende Insekten wie Bettwanzen, Silberfischchen und Schaben \u2013 chemiefrei &amp; effektiv.\" \/>\n<meta name=\"robots\" content=\"index, follow, max-snippet:-1, max-image-preview:large, max-video-preview:-1\" \/>\n<link rel=\"canonical\" href=\"https:\/\/www.nebily.com\/shop\/natuerlich-biologisch\/natur-aktivstaub-biologisch\/\" \/>\n<meta property=\"og:locale\" content=\"de_DE\" \/>\n<meta property=\"og:type\" content=\"article\" \/>\n<meta property=\"og:title\" content=\"Naturid Aktivstaub - biologisch | NEBILY Online Shop\" \/>\n<meta property=\"og:description\" content=\"Kwizda Naturid Aktivstaub aus 100 % Diatomeenerde. Nat\u00fcrliches Pulver gegen kriechende Insekten wie Bettwanzen, Silberfischchen und Schaben \u2013 chemiefrei &amp; effektiv.\" \/>\n<meta property=\"og:url\" content=\"https:\/\/www.nebily.com\/shop\/natuerlich-biologisch\/natur-aktivstaub-biologisch\/\" \/>\n<meta property=\"og:site_name\" content=\"NEBILY Ges.m.b.H.\" \/>\n<meta property=\"article:publisher\" content=\"https:\/\/www.facebook.com\/NebilyGesmbH\/\" \/>\n<meta property=\"article:modified_time\" content=\"2026-04-25T20:16:06+00:00\" \/>\n<meta property=\"og:image\" content=\"https:\/\/www.nebily.com\/shop\/wp-content\/uploads\/2015\/10\/Produkt_NBVS019_NaturidAktivstaub1.jpg\" \/>\n\t<meta property=\"og:image:width\" content=\"800\" \/>\n\t<meta property=\"og:image:height\" content=\"600\" \/>\n\t<meta property=\"og:image:type\" content=\"image\/jpeg\" \/>\n<meta name=\"twitter:card\" content=\"summary_large_image\" \/>\n<meta name=\"twitter:label1\" content=\"Gesch\u00e4tzte Lesezeit\" \/>\n\t<meta name=\"twitter:data1\" content=\"2\u00a0Minuten\" \/>\n<script type=\"application\/ld+json\" class=\"yoast-schema-graph\">{\"@context\":\"https:\/\/schema.org\",\"@graph\":[{\"@type\":\"WebPage\",\"@id\":\"https:\/\/www.nebily.com\/shop\/natuerlich-biologisch\/natur-aktivstaub-biologisch\/\",\"url\":\"https:\/\/www.nebily.com\/shop\/natuerlich-biologisch\/natur-aktivstaub-biologisch\/\",\"name\":\"Naturid Aktivstaub - biologisch | NEBILY Online Shop\",\"isPartOf\":{\"@id\":\"https:\/\/www.nebily.com\/shop\/#website\"},\"primaryImageOfPage\":{\"@id\":\"https:\/\/www.nebily.com\/shop\/natuerlich-biologisch\/natur-aktivstaub-biologisch\/#primaryimage\"},\"image\":{\"@id\":\"https:\/\/www.nebily.com\/shop\/natuerlich-biologisch\/natur-aktivstaub-biologisch\/#primaryimage\"},\"thumbnailUrl\":\"https:\/\/www.nebily.com\/shop\/wp-content\/uploads\/2015\/10\/Produkt_NBVS019_NaturidAktivstaub1.jpg\",\"datePublished\":\"2015-10-12T09:38:58+00:00\",\"dateModified\":\"2026-04-25T20:16:06+00:00\",\"description\":\"Kwizda Naturid Aktivstaub aus 100 % Diatomeenerde. Nat\u00fcrliches Pulver gegen kriechende Insekten wie Bettwanzen, Silberfischchen und Schaben \u2013 chemiefrei & effektiv.\",\"breadcrumb\":{\"@id\":\"https:\/\/www.nebily.com\/shop\/natuerlich-biologisch\/natur-aktivstaub-biologisch\/#breadcrumb\"},\"inLanguage\":\"de\",\"potentialAction\":[{\"@type\":\"ReadAction\",\"target\":[\"https:\/\/www.nebily.com\/shop\/natuerlich-biologisch\/natur-aktivstaub-biologisch\/\"]}]},{\"@type\":\"ImageObject\",\"inLanguage\":\"de\",\"@id\":\"https:\/\/www.nebily.com\/shop\/natuerlich-biologisch\/natur-aktivstaub-biologisch\/#primaryimage\",\"url\":\"https:\/\/www.nebily.com\/shop\/wp-content\/uploads\/2015\/10\/Produkt_NBVS019_NaturidAktivstaub1.jpg\",\"contentUrl\":\"https:\/\/www.nebily.com\/shop\/wp-content\/uploads\/2015\/10\/Produkt_NBVS019_NaturidAktivstaub1.jpg\",\"width\":800,\"height\":600},{\"@type\":\"BreadcrumbList\",\"@id\":\"https:\/\/www.nebily.com\/shop\/natuerlich-biologisch\/natur-aktivstaub-biologisch\/#breadcrumb\",\"itemListElement\":[{\"@type\":\"ListItem\",\"position\":1,\"name\":\"Home\",\"item\":\"https:\/\/www.nebily.com\/shop\/\"},{\"@type\":\"ListItem\",\"position\":2,\"name\":\"Shop\",\"item\":\"https:\/\/www.nebily.com\/shop\/\"},{\"@type\":\"ListItem\",\"position\":3,\"name\":\"Naturid Aktivstaub &#8211; biologisch\"}]},{\"@type\":\"WebSite\",\"@id\":\"https:\/\/www.nebily.com\/shop\/#website\",\"url\":\"https:\/\/www.nebily.com\/shop\/\",\"name\":\"NEBILY Ges.m.b.H.\",\"description\":\"\",\"potentialAction\":[{\"@type\":\"SearchAction\",\"target\":{\"@type\":\"EntryPoint\",\"urlTemplate\":\"https:\/\/www.nebily.com\/shop\/?s={search_term_string}\"},\"query-input\":{\"@type\":\"PropertyValueSpecification\",\"valueRequired\":true,\"valueName\":\"search_term_string\"}}],\"inLanguage\":\"de\"}]}<\/script>\n<!-- \/ Yoast SEO plugin. -->","yoast_head_json":{"title":"Naturid Aktivstaub - biologisch | NEBILY Online Shop","description":"Kwizda Naturid Aktivstaub aus 100 % Diatomeenerde. Nat\u00fcrliches Pulver gegen kriechende Insekten wie Bettwanzen, Silberfischchen und Schaben \u2013 chemiefrei & effektiv.","robots":{"index":"index","follow":"follow","max-snippet":"max-snippet:-1","max-image-preview":"max-image-preview:large","max-video-preview":"max-video-preview:-1"},"canonical":"https:\/\/www.nebily.com\/shop\/natuerlich-biologisch\/natur-aktivstaub-biologisch\/","og_locale":"de_DE","og_type":"article","og_title":"Naturid Aktivstaub - biologisch | NEBILY Online Shop","og_description":"Kwizda Naturid Aktivstaub aus 100 % Diatomeenerde. Nat\u00fcrliches Pulver gegen kriechende Insekten wie Bettwanzen, Silberfischchen und Schaben \u2013 chemiefrei & effektiv.","og_url":"https:\/\/www.nebily.com\/shop\/natuerlich-biologisch\/natur-aktivstaub-biologisch\/","og_site_name":"NEBILY Ges.m.b.H.","article_publisher":"https:\/\/www.facebook.com\/NebilyGesmbH\/","article_modified_time":"2026-04-25T20:16:06+00:00","og_image":[{"width":800,"height":600,"url":"https:\/\/www.nebily.com\/shop\/wp-content\/uploads\/2015\/10\/Produkt_NBVS019_NaturidAktivstaub1.jpg","type":"image\/jpeg"}],"twitter_card":"summary_large_image","twitter_misc":{"Gesch\u00e4tzte Lesezeit":"2\u00a0Minuten"},"schema":{"@context":"https:\/\/schema.org","@graph":[{"@type":"WebPage","@id":"https:\/\/www.nebily.com\/shop\/natuerlich-biologisch\/natur-aktivstaub-biologisch\/","url":"https:\/\/www.nebily.com\/shop\/natuerlich-biologisch\/natur-aktivstaub-biologisch\/","name":"Naturid Aktivstaub - biologisch | NEBILY Online Shop","isPartOf":{"@id":"https:\/\/www.nebily.com\/shop\/#website"},"primaryImageOfPage":{"@id":"https:\/\/www.nebily.com\/shop\/natuerlich-biologisch\/natur-aktivstaub-biologisch\/#primaryimage"},"image":{"@id":"https:\/\/www.nebily.com\/shop\/natuerlich-biologisch\/natur-aktivstaub-biologisch\/#primaryimage"},"thumbnailUrl":"https:\/\/www.nebily.com\/shop\/wp-content\/uploads\/2015\/10\/Produkt_NBVS019_NaturidAktivstaub1.jpg","datePublished":"2015-10-12T09:38:58+00:00","dateModified":"2026-04-25T20:16:06+00:00","description":"Kwizda Naturid Aktivstaub aus 100 % Diatomeenerde. Nat\u00fcrliches Pulver gegen kriechende Insekten wie Bettwanzen, Silberfischchen und Schaben \u2013 chemiefrei & effektiv.","breadcrumb":{"@id":"https:\/\/www.nebily.com\/shop\/natuerlich-biologisch\/natur-aktivstaub-biologisch\/#breadcrumb"},"inLanguage":"de","potentialAction":[{"@type":"ReadAction","target":["https:\/\/www.nebily.com\/shop\/natuerlich-biologisch\/natur-aktivstaub-biologisch\/"]}]},{"@type":"ImageObject","inLanguage":"de","@id":"https:\/\/www.nebily.com\/shop\/natuerlich-biologisch\/natur-aktivstaub-biologisch\/#primaryimage","url":"https:\/\/www.nebily.com\/shop\/wp-content\/uploads\/2015\/10\/Produkt_NBVS019_NaturidAktivstaub1.jpg","contentUrl":"https:\/\/www.nebily.com\/shop\/wp-content\/uploads\/2015\/10\/Produkt_NBVS019_NaturidAktivstaub1.jpg","width":800,"height":600},{"@type":"BreadcrumbList","@id":"https:\/\/www.nebily.com\/shop\/natuerlich-biologisch\/natur-aktivstaub-biologisch\/#breadcrumb","itemListElement":[{"@type":"ListItem","position":1,"name":"Home","item":"https:\/\/www.nebily.com\/shop\/"},{"@type":"ListItem","position":2,"name":"Shop","item":"https:\/\/www.nebily.com\/shop\/"},{"@type":"ListItem","position":3,"name":"Naturid Aktivstaub &#8211; biologisch"}]},{"@type":"WebSite","@id":"https:\/\/www.nebily.com\/shop\/#website","url":"https:\/\/www.nebily.com\/shop\/","name":"NEBILY Ges.m.b.H.","description":"","potentialAction":[{"@type":"SearchAction","target":{"@type":"EntryPoint","urlTemplate":"https:\/\/www.nebily.com\/shop\/?s={search_term_string}"},"query-input":{"@type":"PropertyValueSpecification","valueRequired":true,"valueName":"search_term_string"}}],"inLanguage":"de"}]}},"_links":{"self":[{"href":"https:\/\/www.nebily.com\/shop\/wp-json\/wp\/v2\/product\/1437","targetHints":{"allow":["GET"]}}],"collection":[{"href":"https:\/\/www.nebily.com\/shop\/wp-json\/wp\/v2\/product"}],"about":[{"href":"https:\/\/www.nebily.com\/shop\/wp-json\/wp\/v2\/types\/product"}],"replies":[{"embeddable":true,"href":"https:\/\/www.nebily.com\/shop\/wp-json\/wp\/v2\/comments?post=1437"}],"wp:featuredmedia":[{"embeddable":true,"href":"https:\/\/www.nebily.com\/shop\/wp-json\/wp\/v2\/media\/1439"}],"wp:attachment":[{"href":"https:\/\/www.nebily.com\/shop\/wp-json\/wp\/v2\/media?parent=1437"}],"curies":[{"name":"wp","href":"https:\/\/api.w.org\/{rel}","templated":true}]}}