{"id":11909,"date":"2025-08-29T11:38:57","date_gmt":"2025-08-29T10:38:57","guid":{"rendered":"https:\/\/www.nebily.com\/?post_type=product&#038;p=11909"},"modified":"2026-04-25T20:36:16","modified_gmt":"2026-04-25T19:36:16","slug":"chameleon-stellaris-uv-led-lichtfalle-mit-klebeflaechen-gegen-fluginsekten","status":"publish","type":"product","link":"https:\/\/www.nebily.com\/shop\/uv-insektenfallen\/chameleon-stellaris-uv-led-lichtfalle-mit-klebeflaechen-gegen-fluginsekten\/","title":{"rendered":"CHAMELEON STELLARIS UV-LED Lichtfalle mit Klebefl\u00e4chen gegen Fluginsekten"},"content":{"rendered":"<div class=\"page container_24\">\n<div class=\"content grid_22 push_1\">\n<div class=\"product-leftrow\">\n<h1 data-start=\"431\" data-end=\"522\">Chameleon\u00ae Stellaris \u2013 360\u00b0 LED-Insektenvernichtung f\u00fcr gro\u00dffl\u00e4chige Hygienebereiche<\/h1>\n<h2 data-section-id=\"1b5qtvc\" data-start=\"293\" data-end=\"327\">Ihre Vorteile auf einen Blick:<\/h2>\n<ul>\n<li data-start=\"1046\" data-end=\"1224\"><strong data-start=\"1046\" data-end=\"1101\">360\u00b0 Lichtverteilung dank Quantum\u00ae X LED-Filamenten: <\/strong>\u00a0deutlich effektiver als herk\u00f6mmliche LEDs<\/li>\n<li><strong data-start=\"1368\" data-end=\"1398\">Weiches, blendfreies Licht &#8211; <\/strong>st\u00f6rungsfrei f\u00fcr die Arbeitsumgebung<\/li>\n<li data-start=\"1528\" data-end=\"1661\"><strong data-start=\"1528\" data-end=\"1570\">Flimmerfreies Licht mit hoher Frequenz &#8211; <\/strong>kein Flackern, effektiver beim Fang.<\/li>\n<li data-start=\"1665\" data-end=\"1789\"><strong data-start=\"1665\" data-end=\"1692\">Doppelseitige Abdeckung &#8211; <\/strong>ausgestattet mit <strong data-start=\"1716\" data-end=\"1743\">2 Quantum\u00ae X LED-R\u00f6hren<\/strong>, f\u00fcr optimale Reichweite<\/li>\n<li data-start=\"1793\" data-end=\"1924\"><strong data-start=\"1793\" data-end=\"1821\">Enorme Energieeinsparung &#8211; <\/strong>verbraucht bis zu <strong data-start=\"1846\" data-end=\"1868\">6x weniger Energie<\/strong> (13,5\u202fW vs. 80\u202fW).<\/li>\n<li><strong data-start=\"1928\" data-end=\"1961\">Nachhaltiges, robustes Design- <\/strong>komplett aus Metall (Sonderbestellung auch in Edelstahl, G\u00fctegrad 304).<\/li>\n<li data-start=\"2058\" data-end=\"2158\"><strong data-start=\"2058\" data-end=\"2078\">Einfache Wartung <\/strong>&#8211; Klebefl\u00e4chen lassen sich seitlich und werkzeuglos einlegen und entnehmen.<\/li>\n<li data-start=\"2162\" data-end=\"2329\"><strong data-start=\"2162\" data-end=\"2190\">H\u00f6chste Hygienestandards <\/strong>\u2013 ideal f\u00fcr IFS\/HACCP-konforme Bereiche \u2013 bruchsichere R\u00f6hren, zertifiziert<\/li>\n<li><strong data-start=\"1445\" data-end=\"1483\">Quecksilberfrei &amp; umweltfreundlich<\/strong> \u2013 mit einer <strong data-start=\"1496\" data-end=\"1535\">LED-R\u00f6hren Lebensdauer von bis zu 3 Jahren<\/strong><\/li>\n<\/ul>\n<h3 data-start=\"1716\" data-end=\"1744\">Technische Daten:<\/h3>\n<ul>\n<li data-start=\"2414\" data-end=\"2463\"><strong data-start=\"2414\" data-end=\"2430\">Abmessungen:<\/strong> H: 42\u202fcm | B: 59\u202fcm | T: 16\u202fcm<\/li>\n<li data-start=\"2466\" data-end=\"2487\"><strong data-start=\"2466\" data-end=\"2478\">Gewicht:<\/strong> 5,7\u202fkg<\/li>\n<li data-start=\"2490\" data-end=\"2578\"><strong data-start=\"2490\" data-end=\"2503\">Material:<\/strong> Wei\u00df beschichteter Zintec-Stahl oder rostfreier Edelstahl (G\u00fctegrad 304)<\/li>\n<li data-start=\"2581\" data-end=\"2597\"><strong data-start=\"2581\" data-end=\"2595\">Abdeckung:<\/strong>\n<ul>\n<li data-start=\"2602\" data-end=\"2627\">Freih\u00e4ngend: 180\u2013220\u202fm\u00b2<\/li>\n<\/ul>\n<\/li>\n<li data-start=\"2630\" data-end=\"2643\"><strong data-start=\"2630\" data-end=\"2641\">R\u00f6hren Lebensdauer von bis zu 3 Jahren<\/strong>\n<ul>\n<li data-start=\"2648\" data-end=\"2674\"><a href=\"https:\/\/www.nebily.com\/shop\/zubehoer\/ersatzroehre-quantum-x-fuer-uv-led-lichtfallen\/\" target=\"_blank\" rel=\"noopener\">2\u00d7 Quantum\u00ae X LED-R\u00f6hren<\/a><\/li>\n<li data-start=\"2679\" data-end=\"2715\">Bruchsicher durch FEP-Beschichtung<\/li>\n<li data-start=\"2720\" data-end=\"2759\">Mit LED-Treiber der neuesten Generation<\/li>\n<\/ul>\n<\/li>\n<li data-start=\"2029\" data-end=\"2071\"><strong>Klebefl\u00e4chen:<\/strong>\n<ul>\n<li><a href=\"https:\/\/www.nebily.com\/shop\/zubehoer\/klebeflaechen-fuer-uv-lichtfallen-der-chameleon-serie\/\" target=\"_blank\" rel=\"noopener\">2 x Spezifische Klebefl\u00e4che f\u00fcr die LED-Serie<\/a><\/li>\n<li>Angepasster Klebstoff, da geringere bzw. kaum Erw\u00e4rmung durch die R\u00f6hren stattfindet<\/li>\n<li>+12% gr\u00f6\u00dfer als die Standard Chameleon-Klebefl\u00e4che<\/li>\n<\/ul>\n<\/li>\n<\/ul>\n<p><strong data-start=\"2084\" data-end=\"2098\">Ideal f\u00fcr:<\/strong><\/p>\n<ul>\n<li data-start=\"2790\" data-end=\"2824\">Gro\u00dffl\u00e4chige Produktionsbereiche<\/li>\n<li data-start=\"2827\" data-end=\"2860\">Offene Lebensmittelverarbeitung<\/li>\n<li data-start=\"2863\" data-end=\"2887\">Glasfreie Hygienezonen<\/li>\n<li data-start=\"2890\" data-end=\"2929\">Energiesparbewusste Industrieumgebungen<\/li>\n<\/ul>\n<p><strong>Produktinformationen:<\/strong><\/p>\n<\/div>\n<\/div>\n<\/div>\n<ul>\n<li><a href=\"https:\/\/www.nebily.com\/shop\/wp-content\/uploads\/Chameleon_Stellaris_Leaflet.pdf\" target=\"_blank\" rel=\"noopener\">Produktbeschreibung Chameleon STELLARIS_DE<\/a><\/li>\n<li><a href=\"https:\/\/www.nebily.com\/shop\/wp-content\/uploads\/Platzierungsguide-UV-Gerate.pdf\" target=\"_blank\" rel=\"noopener\">Platzierungsguide Chameleon STELLARIS_DE<\/a><\/li>\n<li><a href=\"https:\/\/www.nebily.com\/shop\/wp-content\/uploads\/Chameleon_Stellaris_Technisches_Datenblatt_Nov_2023.pdf\" target=\"_blank\" rel=\"noopener\">Technische Daten Chameleon STELLARIS_DE<\/a><\/li>\n<\/ul>\n","protected":false},"excerpt":{"rendered":"<p data-start=\"524\" data-end=\"977\"><strong data-start=\"528\" data-end=\"552\">Chameleon\u00ae Stellaris<\/strong> ist die neueste Generation professioneller Fluginsektenvernichtung \u2013 entwickelt f\u00fcr <strong data-start=\"637\" data-end=\"718\">gro\u00dffl\u00e4chige Produktions- und Verarbeitungsbereiche der Lebensmittelindustrie<\/strong>. Mit einem <strong data-start=\"730\" data-end=\"764\">zum Patent angemeldeten Design<\/strong>, der <strong data-start=\"770\" data-end=\"820\">innovativen Quantum\u00ae X LED-Filamenttechnologie<\/strong> und einem <strong data-start=\"831\" data-end=\"862\">rundum metallischen Geh\u00e4use<\/strong> bietet das Stellaris eine leistungsstarke, energieeffiziente und hygienische L\u00f6sung f\u00fcr anspruchsvolle Umgebungen.<\/p>\n","protected":false},"featured_media":11913,"comment_status":"closed","ping_status":"closed","template":"","meta":[],"class_list":{"0":"post-11909","1":"product","2":"type-product","3":"status-publish","4":"has-post-thumbnail","6":"product_cat-neuheiten","7":"product_cat-fluginsekten","8":"product_cat-uv-insektenfallen","9":"product_cat-zubehoer","10":"product_cat-ipm-fuer-museen","11":"product_tag-falle","12":"product_tag-fangfalle","13":"product_tag-fliegen","14":"product_tag-fluginsekten","15":"product_tag-fruchtfliegen","16":"product_tag-insekten","17":"product_tag-insektenfalle","19":"first","20":"instock","21":"taxable","22":"shipping-taxable","23":"product-type-simple"},"yoast_head":"<!-- This site is optimized with the Yoast SEO plugin v25.1 - https:\/\/yoast.com\/wordpress\/plugins\/seo\/ -->\n<title>Chameleon Qualis UV-LED Insektenfalle | NEBILY Online Shop<\/title>\n<meta name=\"description\" content=\"Chameleon Qualis der UV-LED-Insektenvernichter mit bruchgesch\u00fctzten R\u00f6hren \u2013 hygienisch, energieeffizient &amp; ideal f\u00fcr lebensmittelnahe Industrieumgebungen.\" \/>\n<meta name=\"robots\" content=\"index, follow, max-snippet:-1, max-image-preview:large, max-video-preview:-1\" \/>\n<link rel=\"canonical\" href=\"https:\/\/www.nebily.com\/shop\/uv-insektenfallen\/chameleon-stellaris-uv-led-lichtfalle-mit-klebeflaechen-gegen-fluginsekten\/\" \/>\n<meta property=\"og:locale\" content=\"de_DE\" \/>\n<meta property=\"og:type\" content=\"article\" \/>\n<meta property=\"og:title\" content=\"Chameleon Qualis UV-LED Insektenfalle | NEBILY Online Shop\" \/>\n<meta property=\"og:description\" content=\"Chameleon Qualis der UV-LED-Insektenvernichter mit bruchgesch\u00fctzten R\u00f6hren \u2013 hygienisch, energieeffizient &amp; ideal f\u00fcr lebensmittelnahe Industrieumgebungen.\" \/>\n<meta property=\"og:url\" content=\"https:\/\/www.nebily.com\/shop\/uv-insektenfallen\/chameleon-stellaris-uv-led-lichtfalle-mit-klebeflaechen-gegen-fluginsekten\/\" \/>\n<meta property=\"og:site_name\" content=\"NEBILY Ges.m.b.H.\" \/>\n<meta property=\"article:publisher\" content=\"https:\/\/www.facebook.com\/NebilyGesmbH\/\" \/>\n<meta property=\"article:modified_time\" content=\"2026-04-25T19:36:16+00:00\" \/>\n<meta property=\"og:image\" content=\"https:\/\/www.nebily.com\/shop\/wp-content\/uploads\/G1106_chameleon-stellaris_white_1.jpg\" \/>\n\t<meta property=\"og:image:width\" content=\"800\" \/>\n\t<meta property=\"og:image:height\" content=\"600\" \/>\n\t<meta property=\"og:image:type\" content=\"image\/jpeg\" \/>\n<meta name=\"twitter:card\" content=\"summary_large_image\" \/>\n<meta name=\"twitter:label1\" content=\"Gesch\u00e4tzte Lesezeit\" \/>\n\t<meta name=\"twitter:data1\" content=\"2\u00a0Minuten\" \/>\n<script type=\"application\/ld+json\" class=\"yoast-schema-graph\">{\"@context\":\"https:\/\/schema.org\",\"@graph\":[{\"@type\":\"WebPage\",\"@id\":\"https:\/\/www.nebily.com\/shop\/uv-insektenfallen\/chameleon-stellaris-uv-led-lichtfalle-mit-klebeflaechen-gegen-fluginsekten\/\",\"url\":\"https:\/\/www.nebily.com\/shop\/uv-insektenfallen\/chameleon-stellaris-uv-led-lichtfalle-mit-klebeflaechen-gegen-fluginsekten\/\",\"name\":\"Chameleon Qualis UV-LED Insektenfalle | NEBILY Online Shop\",\"isPartOf\":{\"@id\":\"https:\/\/www.nebily.com\/shop\/#website\"},\"primaryImageOfPage\":{\"@id\":\"https:\/\/www.nebily.com\/shop\/uv-insektenfallen\/chameleon-stellaris-uv-led-lichtfalle-mit-klebeflaechen-gegen-fluginsekten\/#primaryimage\"},\"image\":{\"@id\":\"https:\/\/www.nebily.com\/shop\/uv-insektenfallen\/chameleon-stellaris-uv-led-lichtfalle-mit-klebeflaechen-gegen-fluginsekten\/#primaryimage\"},\"thumbnailUrl\":\"https:\/\/www.nebily.com\/shop\/wp-content\/uploads\/G1106_chameleon-stellaris_white_1.jpg\",\"datePublished\":\"2025-08-29T10:38:57+00:00\",\"dateModified\":\"2026-04-25T19:36:16+00:00\",\"description\":\"Chameleon Qualis der UV-LED-Insektenvernichter mit bruchgesch\u00fctzten R\u00f6hren \u2013 hygienisch, energieeffizient & ideal f\u00fcr lebensmittelnahe Industrieumgebungen.\",\"breadcrumb\":{\"@id\":\"https:\/\/www.nebily.com\/shop\/uv-insektenfallen\/chameleon-stellaris-uv-led-lichtfalle-mit-klebeflaechen-gegen-fluginsekten\/#breadcrumb\"},\"inLanguage\":\"de\",\"potentialAction\":[{\"@type\":\"ReadAction\",\"target\":[\"https:\/\/www.nebily.com\/shop\/uv-insektenfallen\/chameleon-stellaris-uv-led-lichtfalle-mit-klebeflaechen-gegen-fluginsekten\/\"]}]},{\"@type\":\"ImageObject\",\"inLanguage\":\"de\",\"@id\":\"https:\/\/www.nebily.com\/shop\/uv-insektenfallen\/chameleon-stellaris-uv-led-lichtfalle-mit-klebeflaechen-gegen-fluginsekten\/#primaryimage\",\"url\":\"https:\/\/www.nebily.com\/shop\/wp-content\/uploads\/G1106_chameleon-stellaris_white_1.jpg\",\"contentUrl\":\"https:\/\/www.nebily.com\/shop\/wp-content\/uploads\/G1106_chameleon-stellaris_white_1.jpg\",\"width\":800,\"height\":600,\"caption\":\"CREATOR: gd-jpeg v1.0 (using IJG JPEG v62), quality = 80\"},{\"@type\":\"BreadcrumbList\",\"@id\":\"https:\/\/www.nebily.com\/shop\/uv-insektenfallen\/chameleon-stellaris-uv-led-lichtfalle-mit-klebeflaechen-gegen-fluginsekten\/#breadcrumb\",\"itemListElement\":[{\"@type\":\"ListItem\",\"position\":1,\"name\":\"Home\",\"item\":\"https:\/\/www.nebily.com\/shop\/\"},{\"@type\":\"ListItem\",\"position\":2,\"name\":\"Shop\",\"item\":\"https:\/\/www.nebily.com\/shop\/\"},{\"@type\":\"ListItem\",\"position\":3,\"name\":\"CHAMELEON STELLARIS UV-LED Lichtfalle mit Klebefl\u00e4chen gegen Fluginsekten\"}]},{\"@type\":\"WebSite\",\"@id\":\"https:\/\/www.nebily.com\/shop\/#website\",\"url\":\"https:\/\/www.nebily.com\/shop\/\",\"name\":\"NEBILY Ges.m.b.H.\",\"description\":\"\",\"potentialAction\":[{\"@type\":\"SearchAction\",\"target\":{\"@type\":\"EntryPoint\",\"urlTemplate\":\"https:\/\/www.nebily.com\/shop\/?s={search_term_string}\"},\"query-input\":{\"@type\":\"PropertyValueSpecification\",\"valueRequired\":true,\"valueName\":\"search_term_string\"}}],\"inLanguage\":\"de\"}]}<\/script>\n<!-- \/ Yoast SEO plugin. -->","yoast_head_json":{"title":"Chameleon Qualis UV-LED Insektenfalle | NEBILY Online Shop","description":"Chameleon Qualis der UV-LED-Insektenvernichter mit bruchgesch\u00fctzten R\u00f6hren \u2013 hygienisch, energieeffizient & ideal f\u00fcr lebensmittelnahe Industrieumgebungen.","robots":{"index":"index","follow":"follow","max-snippet":"max-snippet:-1","max-image-preview":"max-image-preview:large","max-video-preview":"max-video-preview:-1"},"canonical":"https:\/\/www.nebily.com\/shop\/uv-insektenfallen\/chameleon-stellaris-uv-led-lichtfalle-mit-klebeflaechen-gegen-fluginsekten\/","og_locale":"de_DE","og_type":"article","og_title":"Chameleon Qualis UV-LED Insektenfalle | NEBILY Online Shop","og_description":"Chameleon Qualis der UV-LED-Insektenvernichter mit bruchgesch\u00fctzten R\u00f6hren \u2013 hygienisch, energieeffizient & ideal f\u00fcr lebensmittelnahe Industrieumgebungen.","og_url":"https:\/\/www.nebily.com\/shop\/uv-insektenfallen\/chameleon-stellaris-uv-led-lichtfalle-mit-klebeflaechen-gegen-fluginsekten\/","og_site_name":"NEBILY Ges.m.b.H.","article_publisher":"https:\/\/www.facebook.com\/NebilyGesmbH\/","article_modified_time":"2026-04-25T19:36:16+00:00","og_image":[{"width":800,"height":600,"url":"https:\/\/www.nebily.com\/shop\/wp-content\/uploads\/G1106_chameleon-stellaris_white_1.jpg","type":"image\/jpeg"}],"twitter_card":"summary_large_image","twitter_misc":{"Gesch\u00e4tzte Lesezeit":"2\u00a0Minuten"},"schema":{"@context":"https:\/\/schema.org","@graph":[{"@type":"WebPage","@id":"https:\/\/www.nebily.com\/shop\/uv-insektenfallen\/chameleon-stellaris-uv-led-lichtfalle-mit-klebeflaechen-gegen-fluginsekten\/","url":"https:\/\/www.nebily.com\/shop\/uv-insektenfallen\/chameleon-stellaris-uv-led-lichtfalle-mit-klebeflaechen-gegen-fluginsekten\/","name":"Chameleon Qualis UV-LED Insektenfalle | NEBILY Online Shop","isPartOf":{"@id":"https:\/\/www.nebily.com\/shop\/#website"},"primaryImageOfPage":{"@id":"https:\/\/www.nebily.com\/shop\/uv-insektenfallen\/chameleon-stellaris-uv-led-lichtfalle-mit-klebeflaechen-gegen-fluginsekten\/#primaryimage"},"image":{"@id":"https:\/\/www.nebily.com\/shop\/uv-insektenfallen\/chameleon-stellaris-uv-led-lichtfalle-mit-klebeflaechen-gegen-fluginsekten\/#primaryimage"},"thumbnailUrl":"https:\/\/www.nebily.com\/shop\/wp-content\/uploads\/G1106_chameleon-stellaris_white_1.jpg","datePublished":"2025-08-29T10:38:57+00:00","dateModified":"2026-04-25T19:36:16+00:00","description":"Chameleon Qualis der UV-LED-Insektenvernichter mit bruchgesch\u00fctzten R\u00f6hren \u2013 hygienisch, energieeffizient & ideal f\u00fcr lebensmittelnahe Industrieumgebungen.","breadcrumb":{"@id":"https:\/\/www.nebily.com\/shop\/uv-insektenfallen\/chameleon-stellaris-uv-led-lichtfalle-mit-klebeflaechen-gegen-fluginsekten\/#breadcrumb"},"inLanguage":"de","potentialAction":[{"@type":"ReadAction","target":["https:\/\/www.nebily.com\/shop\/uv-insektenfallen\/chameleon-stellaris-uv-led-lichtfalle-mit-klebeflaechen-gegen-fluginsekten\/"]}]},{"@type":"ImageObject","inLanguage":"de","@id":"https:\/\/www.nebily.com\/shop\/uv-insektenfallen\/chameleon-stellaris-uv-led-lichtfalle-mit-klebeflaechen-gegen-fluginsekten\/#primaryimage","url":"https:\/\/www.nebily.com\/shop\/wp-content\/uploads\/G1106_chameleon-stellaris_white_1.jpg","contentUrl":"https:\/\/www.nebily.com\/shop\/wp-content\/uploads\/G1106_chameleon-stellaris_white_1.jpg","width":800,"height":600,"caption":"CREATOR: gd-jpeg v1.0 (using IJG JPEG v62), quality = 80"},{"@type":"BreadcrumbList","@id":"https:\/\/www.nebily.com\/shop\/uv-insektenfallen\/chameleon-stellaris-uv-led-lichtfalle-mit-klebeflaechen-gegen-fluginsekten\/#breadcrumb","itemListElement":[{"@type":"ListItem","position":1,"name":"Home","item":"https:\/\/www.nebily.com\/shop\/"},{"@type":"ListItem","position":2,"name":"Shop","item":"https:\/\/www.nebily.com\/shop\/"},{"@type":"ListItem","position":3,"name":"CHAMELEON STELLARIS UV-LED Lichtfalle mit Klebefl\u00e4chen gegen Fluginsekten"}]},{"@type":"WebSite","@id":"https:\/\/www.nebily.com\/shop\/#website","url":"https:\/\/www.nebily.com\/shop\/","name":"NEBILY Ges.m.b.H.","description":"","potentialAction":[{"@type":"SearchAction","target":{"@type":"EntryPoint","urlTemplate":"https:\/\/www.nebily.com\/shop\/?s={search_term_string}"},"query-input":{"@type":"PropertyValueSpecification","valueRequired":true,"valueName":"search_term_string"}}],"inLanguage":"de"}]}},"_links":{"self":[{"href":"https:\/\/www.nebily.com\/shop\/wp-json\/wp\/v2\/product\/11909","targetHints":{"allow":["GET"]}}],"collection":[{"href":"https:\/\/www.nebily.com\/shop\/wp-json\/wp\/v2\/product"}],"about":[{"href":"https:\/\/www.nebily.com\/shop\/wp-json\/wp\/v2\/types\/product"}],"replies":[{"embeddable":true,"href":"https:\/\/www.nebily.com\/shop\/wp-json\/wp\/v2\/comments?post=11909"}],"wp:featuredmedia":[{"embeddable":true,"href":"https:\/\/www.nebily.com\/shop\/wp-json\/wp\/v2\/media\/11913"}],"wp:attachment":[{"href":"https:\/\/www.nebily.com\/shop\/wp-json\/wp\/v2\/media?parent=11909"}],"curies":[{"name":"wp","href":"https:\/\/api.w.org\/{rel}","templated":true}]}}