{"id":11901,"date":"2025-08-29T11:07:30","date_gmt":"2025-08-29T10:07:30","guid":{"rendered":"https:\/\/www.nebily.com\/?post_type=product&#038;p=11901"},"modified":"2026-04-26T20:17:15","modified_gmt":"2026-04-26T19:17:15","slug":"chameleon-qualis-uv-led-lichtfalle-mit-klebeflaechen-gegen-fluginsekten","status":"publish","type":"product","link":"https:\/\/www.nebily.com\/shop\/uv-insektenfallen\/chameleon-qualis-uv-led-lichtfalle-mit-klebeflaechen-gegen-fluginsekten\/","title":{"rendered":"CHAMELEON QUALIS UV-LED Lichtfalle mit Klebefl\u00e4chen gegen Fluginsekten"},"content":{"rendered":"<div class=\"page container_24\">\n<div class=\"content grid_22 push_1\">\n<div class=\"product-leftrow\">\n<h1 data-start=\"325\" data-end=\"422\">Chameleon\u00ae QUALIS \u2013 Hygienische UV-LED Fluginsektenkontrolle f\u00fcr lebensmittelnahe Bereiche<\/h1>\n<h2 data-section-id=\"1b5qtvc\" data-start=\"293\" data-end=\"327\">Ihre Vorteile auf einen Blick:<\/h2>\n<ul>\n<li data-start=\"904\" data-end=\"1117\"><strong data-start=\"904\" data-end=\"956\">Einsatz in lebensmittelverarbeitenden Bereichen<\/strong><\/li>\n<li data-start=\"904\" data-end=\"1117\">Standardm\u00e4\u00dfig mit <strong data-start=\"979\" data-end=\"1021\">bruchgesch\u00fctzten Quantum\u00ae X LED-R\u00f6hren<\/strong> ausgestattet (FEP-ummantelt)<\/li>\n<li data-start=\"1123\" data-end=\"1305\"><strong data-start=\"1123\" data-end=\"1152\">360\u00b0 LED-Lichtverteilung: <\/strong>Quantum\u00ae X-Technologie rundum \u2013 f\u00fcr maximale Anziehung von Fluginsekten.<\/li>\n<li data-start=\"1311\" data-end=\"1442\"><strong data-start=\"1311\" data-end=\"1340\">Modernes, flaches Design: <\/strong>Passt sich dezent in jede Umgebung ein \u2013 mit hochwertigem Geh\u00e4use in <strong data-start=\"1414\" data-end=\"1422\">Wei\u00df<\/strong><\/li>\n<li data-start=\"1446\" data-end=\"1581\"><strong data-start=\"1446\" data-end=\"1472\">Hohe Energieeffizienz: <\/strong>Bis zu <strong data-start=\"1484\" data-end=\"1515\">35\u202f% weniger Stromverbrauch<\/strong> im Vergleich zu klassischen LED-Systemen<\/li>\n<li data-start=\"1585\" data-end=\"1709\"><strong data-start=\"1585\" data-end=\"1618\">Geeignet f\u00fcr glasfreie Zonen: <\/strong>Dank splittergesch\u00fctzter R\u00f6hren \u2013 ideal f\u00fcr Hygienebereiche<\/li>\n<li><strong data-start=\"1445\" data-end=\"1483\">Quecksilberfrei &amp; umweltfreundlich<\/strong> \u2013 mit einer <strong data-start=\"1496\" data-end=\"1535\">LED-R\u00f6hren Lebensdauer von bis zu 3 Jahren<\/strong><\/li>\n<\/ul>\n<p>\ud83d\udc49 Setzen Sie mit dem <strong data-start=\"2243\" data-end=\"2264\">Chameleon\u00ae Qualis<\/strong> auf moderne LED-Technologie, maximale Fangleistung und kompromisslose Hygiene \u2013 f\u00fcr sichere und nachhaltige Sch\u00e4dlingskontrolle in professionellen Umgebungen.<\/p>\n<h3>\ud83d\udce6 Produktdetails:<\/h3>\n<ul>\n<li data-start=\"1748\" data-end=\"1798\"><strong data-start=\"1748\" data-end=\"1764\">Abmessungen:<\/strong> H: 30\u202fcm | B: 57,5\u202fcm | T: 4\u202fcm<\/li>\n<li data-start=\"1801\" data-end=\"1822\"><strong data-start=\"1801\" data-end=\"1813\">Gewicht:<\/strong> 3,1\u202fkg<\/li>\n<li data-start=\"1825\" data-end=\"1854\"><strong data-start=\"1825\" data-end=\"1840\">Montageart:<\/strong> Wandmontage<\/li>\n<li data-start=\"1857\" data-end=\"1889\"><strong data-start=\"1857\" data-end=\"1877\">Wirkungsbereich:<\/strong> 90\u2013120\u202fm\u00b2<\/li>\n<li data-start=\"1892\" data-end=\"1929\"><strong data-start=\"1892\" data-end=\"1907\">Ausf\u00fchrung:<\/strong> Wei\u00df oder Edelstahl (nur auf Anfrage)<\/li>\n<li data-start=\"1932\" data-end=\"1951\"><strong data-start=\"1496\" data-end=\"1535\">Leuchtmittel Lebensdauer von bis zu 3 Jahren<\/strong>\n<ul>\n<li data-start=\"1956\" data-end=\"1985\">2\u00d7 Quantum\u00ae X UV-LED-R\u00f6hren<\/li>\n<li data-start=\"1990\" data-end=\"2024\">FEP-beschichtet (bruchgesch\u00fctzt)<\/li>\n<li data-start=\"2029\" data-end=\"2071\">Mit energieeffizientem Spezial-LED-Treiber<\/li>\n<\/ul>\n<\/li>\n<li data-start=\"2029\" data-end=\"2071\"><strong>Klebefl\u00e4chen:<\/strong>\n<ul>\n<li>Spezifische Klebefl\u00e4che f\u00fcr die LED-Serie<\/li>\n<li>Angepasster Klebstoff, da geringere bzw. kaum Erw\u00e4rmung durch die R\u00f6hren stattfindet<\/li>\n<li>+12% gr\u00f6\u00dfer als die Standard Chameleon-Klebefl\u00e4che<\/li>\n<\/ul>\n<\/li>\n<\/ul>\n<p data-start=\"2078\" data-end=\"2098\"><strong>Ideal f\u00fcr:<\/strong><\/p>\n<ul>\n<li data-start=\"2101\" data-end=\"2113\">Gro\u00dfk\u00fcchen<\/li>\n<li data-start=\"2116\" data-end=\"2142\">Lebensmittelverarbeitung<\/li>\n<li data-start=\"2145\" data-end=\"2192\">Produktionsbereiche mit offenen Lebensmitteln<\/li>\n<li data-start=\"2195\" data-end=\"2222\">Glasfreie Hygienebereiche<\/li>\n<\/ul>\n<hr \/>\n<p>Produktbeschreibung:<\/p>\n<\/div>\n<\/div>\n<\/div>\n<ul>\n<li><a href=\"https:\/\/www.nebily.com\/shop\/wp-content\/uploads\/Qualis_Leaflet_2023.pdf\" target=\"_blank\" rel=\"noopener\">Produktbeschreibung Chameleon QUALIS_DE<\/a><\/li>\n<li><a href=\"https:\/\/www.nebily.com\/shop\/wp-content\/uploads\/Platzierungsguide-UV-Gerate.pdf\" target=\"_blank\" rel=\"noopener\">Gebrauchsanweisung Chameleon QUALIS_DE<\/a><\/li>\n<li><a href=\"https:\/\/www.nebily.com\/shop\/wp-content\/uploads\/Chameleon_Qualis_IP_Technisches_Datenblatt_Mai_2023.pdf\" target=\"_blank\" rel=\"noopener\">Technische Daten Chameleon QUALIS_DE<\/a><\/li>\n<\/ul>\n","protected":false},"excerpt":{"rendered":"<p><strong data-start=\"428\" data-end=\"449\">Chameleon\u00ae QUALIS<\/strong>\u00a0bietet eine moderne, nachhaltige und besonders hygienische L\u00f6sung zur Fluginsektenbek\u00e4mpfung in sensiblen Bereichen wie <strong data-start=\"570\" data-end=\"584\">Gro\u00dfk\u00fcchen<\/strong>, <strong data-start=\"586\" data-end=\"614\">Lebensmittelverarbeitung<\/strong> oder <strong data-start=\"620\" data-end=\"654\">glasfreien Zonen der Industrie<\/strong>. Mit seinem klaren Design, hoher Energieeffizienz und innovativer Quantum\u00ae X LED-Technologie erf\u00fcllt es h\u00f6chste Anforderungen an Hygiene und Leistung durch\u00a0 Klebefl\u00e4chenfang \u2013 bei gleichzeitig reduziertem Energieverbrauch.<\/p>\n","protected":false},"featured_media":11902,"comment_status":"closed","ping_status":"closed","template":"","meta":[],"class_list":{"0":"post-11901","1":"product","2":"type-product","3":"status-publish","4":"has-post-thumbnail","6":"product_cat-neuheiten","7":"product_cat-fluginsekten","8":"product_cat-uv-insektenfallen","9":"product_cat-zubehoer","10":"product_cat-ipm-fuer-museen","12":"first","13":"instock","14":"taxable","15":"shipping-taxable","16":"product-type-simple"},"yoast_head":"<!-- This site is optimized with the Yoast SEO plugin v25.1 - https:\/\/yoast.com\/wordpress\/plugins\/seo\/ -->\n<title>Chameleon Qualis UV-LED Insektenfalle | NEBILY Online Shop<\/title>\n<meta name=\"description\" content=\"Chameleon Qualis der UV-LED-Insektenvernichter mit bruchgesch\u00fctzten R\u00f6hren \u2013 hygienisch, energieeffizient &amp; ideal f\u00fcr lebensmittelnahe Industrieumgebungen.\" \/>\n<meta name=\"robots\" content=\"index, follow, max-snippet:-1, max-image-preview:large, max-video-preview:-1\" \/>\n<link rel=\"canonical\" href=\"https:\/\/www.nebily.com\/shop\/uv-insektenfallen\/chameleon-qualis-uv-led-lichtfalle-mit-klebeflaechen-gegen-fluginsekten\/\" \/>\n<meta property=\"og:locale\" content=\"de_DE\" \/>\n<meta property=\"og:type\" content=\"article\" \/>\n<meta property=\"og:title\" content=\"Chameleon Qualis UV-LED Insektenfalle | NEBILY Online Shop\" \/>\n<meta property=\"og:description\" content=\"Chameleon Qualis der UV-LED-Insektenvernichter mit bruchgesch\u00fctzten R\u00f6hren \u2013 hygienisch, energieeffizient &amp; ideal f\u00fcr lebensmittelnahe Industrieumgebungen.\" \/>\n<meta property=\"og:url\" content=\"https:\/\/www.nebily.com\/shop\/uv-insektenfallen\/chameleon-qualis-uv-led-lichtfalle-mit-klebeflaechen-gegen-fluginsekten\/\" \/>\n<meta property=\"og:site_name\" content=\"NEBILY Ges.m.b.H.\" \/>\n<meta property=\"article:publisher\" content=\"https:\/\/www.facebook.com\/NebilyGesmbH\/\" \/>\n<meta property=\"article:modified_time\" content=\"2026-04-26T19:17:15+00:00\" \/>\n<meta property=\"og:image\" content=\"https:\/\/www.nebily.com\/shop\/wp-content\/uploads\/G1105_qualis_white_web_front.jpg\" \/>\n\t<meta property=\"og:image:width\" content=\"800\" \/>\n\t<meta property=\"og:image:height\" content=\"600\" \/>\n\t<meta property=\"og:image:type\" content=\"image\/jpeg\" \/>\n<meta name=\"twitter:card\" content=\"summary_large_image\" \/>\n<meta name=\"twitter:label1\" content=\"Gesch\u00e4tzte Lesezeit\" \/>\n\t<meta name=\"twitter:data1\" content=\"2\u00a0Minuten\" \/>\n<script type=\"application\/ld+json\" class=\"yoast-schema-graph\">{\"@context\":\"https:\/\/schema.org\",\"@graph\":[{\"@type\":\"WebPage\",\"@id\":\"https:\/\/www.nebily.com\/shop\/uv-insektenfallen\/chameleon-qualis-uv-led-lichtfalle-mit-klebeflaechen-gegen-fluginsekten\/\",\"url\":\"https:\/\/www.nebily.com\/shop\/uv-insektenfallen\/chameleon-qualis-uv-led-lichtfalle-mit-klebeflaechen-gegen-fluginsekten\/\",\"name\":\"Chameleon Qualis UV-LED Insektenfalle | NEBILY Online Shop\",\"isPartOf\":{\"@id\":\"https:\/\/www.nebily.com\/shop\/#website\"},\"primaryImageOfPage\":{\"@id\":\"https:\/\/www.nebily.com\/shop\/uv-insektenfallen\/chameleon-qualis-uv-led-lichtfalle-mit-klebeflaechen-gegen-fluginsekten\/#primaryimage\"},\"image\":{\"@id\":\"https:\/\/www.nebily.com\/shop\/uv-insektenfallen\/chameleon-qualis-uv-led-lichtfalle-mit-klebeflaechen-gegen-fluginsekten\/#primaryimage\"},\"thumbnailUrl\":\"https:\/\/www.nebily.com\/shop\/wp-content\/uploads\/G1105_qualis_white_web_front.jpg\",\"datePublished\":\"2025-08-29T10:07:30+00:00\",\"dateModified\":\"2026-04-26T19:17:15+00:00\",\"description\":\"Chameleon Qualis der UV-LED-Insektenvernichter mit bruchgesch\u00fctzten R\u00f6hren \u2013 hygienisch, energieeffizient & ideal f\u00fcr lebensmittelnahe Industrieumgebungen.\",\"breadcrumb\":{\"@id\":\"https:\/\/www.nebily.com\/shop\/uv-insektenfallen\/chameleon-qualis-uv-led-lichtfalle-mit-klebeflaechen-gegen-fluginsekten\/#breadcrumb\"},\"inLanguage\":\"de\",\"potentialAction\":[{\"@type\":\"ReadAction\",\"target\":[\"https:\/\/www.nebily.com\/shop\/uv-insektenfallen\/chameleon-qualis-uv-led-lichtfalle-mit-klebeflaechen-gegen-fluginsekten\/\"]}]},{\"@type\":\"ImageObject\",\"inLanguage\":\"de\",\"@id\":\"https:\/\/www.nebily.com\/shop\/uv-insektenfallen\/chameleon-qualis-uv-led-lichtfalle-mit-klebeflaechen-gegen-fluginsekten\/#primaryimage\",\"url\":\"https:\/\/www.nebily.com\/shop\/wp-content\/uploads\/G1105_qualis_white_web_front.jpg\",\"contentUrl\":\"https:\/\/www.nebily.com\/shop\/wp-content\/uploads\/G1105_qualis_white_web_front.jpg\",\"width\":800,\"height\":600,\"caption\":\"CREATOR: gd-jpeg v1.0 (using IJG JPEG v62), quality = 80\"},{\"@type\":\"BreadcrumbList\",\"@id\":\"https:\/\/www.nebily.com\/shop\/uv-insektenfallen\/chameleon-qualis-uv-led-lichtfalle-mit-klebeflaechen-gegen-fluginsekten\/#breadcrumb\",\"itemListElement\":[{\"@type\":\"ListItem\",\"position\":1,\"name\":\"Home\",\"item\":\"https:\/\/www.nebily.com\/shop\/\"},{\"@type\":\"ListItem\",\"position\":2,\"name\":\"Shop\",\"item\":\"https:\/\/www.nebily.com\/shop\/\"},{\"@type\":\"ListItem\",\"position\":3,\"name\":\"CHAMELEON QUALIS UV-LED Lichtfalle mit Klebefl\u00e4chen gegen Fluginsekten\"}]},{\"@type\":\"WebSite\",\"@id\":\"https:\/\/www.nebily.com\/shop\/#website\",\"url\":\"https:\/\/www.nebily.com\/shop\/\",\"name\":\"NEBILY Ges.m.b.H.\",\"description\":\"\",\"potentialAction\":[{\"@type\":\"SearchAction\",\"target\":{\"@type\":\"EntryPoint\",\"urlTemplate\":\"https:\/\/www.nebily.com\/shop\/?s={search_term_string}\"},\"query-input\":{\"@type\":\"PropertyValueSpecification\",\"valueRequired\":true,\"valueName\":\"search_term_string\"}}],\"inLanguage\":\"de\"}]}<\/script>\n<!-- \/ Yoast SEO plugin. -->","yoast_head_json":{"title":"Chameleon Qualis UV-LED Insektenfalle | NEBILY Online Shop","description":"Chameleon Qualis der UV-LED-Insektenvernichter mit bruchgesch\u00fctzten R\u00f6hren \u2013 hygienisch, energieeffizient & ideal f\u00fcr lebensmittelnahe Industrieumgebungen.","robots":{"index":"index","follow":"follow","max-snippet":"max-snippet:-1","max-image-preview":"max-image-preview:large","max-video-preview":"max-video-preview:-1"},"canonical":"https:\/\/www.nebily.com\/shop\/uv-insektenfallen\/chameleon-qualis-uv-led-lichtfalle-mit-klebeflaechen-gegen-fluginsekten\/","og_locale":"de_DE","og_type":"article","og_title":"Chameleon Qualis UV-LED Insektenfalle | NEBILY Online Shop","og_description":"Chameleon Qualis der UV-LED-Insektenvernichter mit bruchgesch\u00fctzten R\u00f6hren \u2013 hygienisch, energieeffizient & ideal f\u00fcr lebensmittelnahe Industrieumgebungen.","og_url":"https:\/\/www.nebily.com\/shop\/uv-insektenfallen\/chameleon-qualis-uv-led-lichtfalle-mit-klebeflaechen-gegen-fluginsekten\/","og_site_name":"NEBILY Ges.m.b.H.","article_publisher":"https:\/\/www.facebook.com\/NebilyGesmbH\/","article_modified_time":"2026-04-26T19:17:15+00:00","og_image":[{"width":800,"height":600,"url":"https:\/\/www.nebily.com\/shop\/wp-content\/uploads\/G1105_qualis_white_web_front.jpg","type":"image\/jpeg"}],"twitter_card":"summary_large_image","twitter_misc":{"Gesch\u00e4tzte Lesezeit":"2\u00a0Minuten"},"schema":{"@context":"https:\/\/schema.org","@graph":[{"@type":"WebPage","@id":"https:\/\/www.nebily.com\/shop\/uv-insektenfallen\/chameleon-qualis-uv-led-lichtfalle-mit-klebeflaechen-gegen-fluginsekten\/","url":"https:\/\/www.nebily.com\/shop\/uv-insektenfallen\/chameleon-qualis-uv-led-lichtfalle-mit-klebeflaechen-gegen-fluginsekten\/","name":"Chameleon Qualis UV-LED Insektenfalle | NEBILY Online Shop","isPartOf":{"@id":"https:\/\/www.nebily.com\/shop\/#website"},"primaryImageOfPage":{"@id":"https:\/\/www.nebily.com\/shop\/uv-insektenfallen\/chameleon-qualis-uv-led-lichtfalle-mit-klebeflaechen-gegen-fluginsekten\/#primaryimage"},"image":{"@id":"https:\/\/www.nebily.com\/shop\/uv-insektenfallen\/chameleon-qualis-uv-led-lichtfalle-mit-klebeflaechen-gegen-fluginsekten\/#primaryimage"},"thumbnailUrl":"https:\/\/www.nebily.com\/shop\/wp-content\/uploads\/G1105_qualis_white_web_front.jpg","datePublished":"2025-08-29T10:07:30+00:00","dateModified":"2026-04-26T19:17:15+00:00","description":"Chameleon Qualis der UV-LED-Insektenvernichter mit bruchgesch\u00fctzten R\u00f6hren \u2013 hygienisch, energieeffizient & ideal f\u00fcr lebensmittelnahe Industrieumgebungen.","breadcrumb":{"@id":"https:\/\/www.nebily.com\/shop\/uv-insektenfallen\/chameleon-qualis-uv-led-lichtfalle-mit-klebeflaechen-gegen-fluginsekten\/#breadcrumb"},"inLanguage":"de","potentialAction":[{"@type":"ReadAction","target":["https:\/\/www.nebily.com\/shop\/uv-insektenfallen\/chameleon-qualis-uv-led-lichtfalle-mit-klebeflaechen-gegen-fluginsekten\/"]}]},{"@type":"ImageObject","inLanguage":"de","@id":"https:\/\/www.nebily.com\/shop\/uv-insektenfallen\/chameleon-qualis-uv-led-lichtfalle-mit-klebeflaechen-gegen-fluginsekten\/#primaryimage","url":"https:\/\/www.nebily.com\/shop\/wp-content\/uploads\/G1105_qualis_white_web_front.jpg","contentUrl":"https:\/\/www.nebily.com\/shop\/wp-content\/uploads\/G1105_qualis_white_web_front.jpg","width":800,"height":600,"caption":"CREATOR: gd-jpeg v1.0 (using IJG JPEG v62), quality = 80"},{"@type":"BreadcrumbList","@id":"https:\/\/www.nebily.com\/shop\/uv-insektenfallen\/chameleon-qualis-uv-led-lichtfalle-mit-klebeflaechen-gegen-fluginsekten\/#breadcrumb","itemListElement":[{"@type":"ListItem","position":1,"name":"Home","item":"https:\/\/www.nebily.com\/shop\/"},{"@type":"ListItem","position":2,"name":"Shop","item":"https:\/\/www.nebily.com\/shop\/"},{"@type":"ListItem","position":3,"name":"CHAMELEON QUALIS UV-LED Lichtfalle mit Klebefl\u00e4chen gegen Fluginsekten"}]},{"@type":"WebSite","@id":"https:\/\/www.nebily.com\/shop\/#website","url":"https:\/\/www.nebily.com\/shop\/","name":"NEBILY Ges.m.b.H.","description":"","potentialAction":[{"@type":"SearchAction","target":{"@type":"EntryPoint","urlTemplate":"https:\/\/www.nebily.com\/shop\/?s={search_term_string}"},"query-input":{"@type":"PropertyValueSpecification","valueRequired":true,"valueName":"search_term_string"}}],"inLanguage":"de"}]}},"_links":{"self":[{"href":"https:\/\/www.nebily.com\/shop\/wp-json\/wp\/v2\/product\/11901","targetHints":{"allow":["GET"]}}],"collection":[{"href":"https:\/\/www.nebily.com\/shop\/wp-json\/wp\/v2\/product"}],"about":[{"href":"https:\/\/www.nebily.com\/shop\/wp-json\/wp\/v2\/types\/product"}],"replies":[{"embeddable":true,"href":"https:\/\/www.nebily.com\/shop\/wp-json\/wp\/v2\/comments?post=11901"}],"wp:featuredmedia":[{"embeddable":true,"href":"https:\/\/www.nebily.com\/shop\/wp-json\/wp\/v2\/media\/11902"}],"wp:attachment":[{"href":"https:\/\/www.nebily.com\/shop\/wp-json\/wp\/v2\/media?parent=11901"}],"curies":[{"name":"wp","href":"https:\/\/api.w.org\/{rel}","templated":true}]}}