{"id":1151,"date":"2015-09-23T14:18:11","date_gmt":"2015-09-23T13:18:11","guid":{"rendered":"http:\/\/nebily.com.w013807b.kasserver.com\/shop\/fluginsekten\/insektenstift\/"},"modified":"2026-04-25T13:20:45","modified_gmt":"2026-04-25T12:20:45","slug":"insektenstift-gegen-laestlinge-und-insekten","status":"publish","type":"product","link":"https:\/\/www.nebily.com\/shop\/fluginsekten\/insektenstift-gegen-laestlinge-und-insekten\/","title":{"rendered":"Insektenstift gegen L\u00e4stlinge und Insekten"},"content":{"rendered":"<h1 data-section-id=\"uizrcr\" data-start=\"186\" data-end=\"261\">Insektenstift \u2013 Diskrete Bek\u00e4mpfung von kriechenden &amp; fliegenden Insekten<\/h1>\n<p data-start=\"263\" data-end=\"525\">Der Insektenstift ist eine praktische L\u00f6sung zur gezielten Bek\u00e4mpfung von kriechenden und fliegenden Insekten im Innenbereich. Er eignet sich ideal f\u00fcr den Einsatz in B\u00fcros und im Haushalt und erm\u00f6glicht eine unauff\u00e4llige Anwendung ohne Spr\u00fchen oder Klebefallen.<\/p>\n<h2 data-section-id=\"16d7haf\" data-start=\"527\" data-end=\"560\">Ihre Vorteile auf einen Blick:<\/h2>\n<ul>\n<li>Einfache und saubere Anwendung<\/li>\n<li>Universell einsetzbar im Innenbereich<\/li>\n<li>Unauff\u00e4llige Bek\u00e4mpfung ohne sichtbare R\u00fcckst\u00e4nde<\/li>\n<li>Kein Festkleben von Insekten<\/li>\n<li>Wirkstoff wird nicht an die Raumluft abgegeben<\/li>\n<\/ul>\n<h3 data-section-id=\"1qwfske\" data-start=\"767\" data-end=\"782\">Wirkprinzip:<\/h3>\n<p data-start=\"784\" data-end=\"947\">Die Wirkung erfolgt durch Kontakt der Insekten mit dem behandelten Belag. Nach Ber\u00fchrung nehmen die Insekten den Wirkstoff auf, wodurch sie rasch abget\u00f6tet werden.<\/p>\n<h3 data-section-id=\"plfs5w\" data-start=\"949\" data-end=\"962\">Anwendung:<\/h3>\n<p data-start=\"964\" data-end=\"1051\">Der Insektenstift wird gezielt auf stark frequentierte Bereiche aufgetragen, wie z. B.:<\/p>\n<ul>\n<li data-start=\"1053\" data-end=\"1157\">Fensterrahmen<br data-start=\"1066\" data-end=\"1069\" \/>Gesimse<br data-start=\"1076\" data-end=\"1079\" \/>Sockelleisten<br data-start=\"1092\" data-end=\"1095\" \/>T\u00fcrrahmen<br data-start=\"1104\" data-end=\"1107\" \/>andere Lauf- und Aufenthaltsfl\u00e4chen von Insekten<\/li>\n<li data-start=\"1159\" data-end=\"1251\">Die Zielfl\u00e4che wird mit einem satten Strich befeuchtet und anschlie\u00dfend antrocknen gelassen.<\/li>\n<\/ul>\n<p data-start=\"1253\" data-end=\"1361\"><strong>Aufwandmenge:<\/strong> ca. 50\u201370 ml\/m\u00b2<br data-start=\"1282\" data-end=\"1285\" \/><strong>Reichweite:<\/strong> ca. 40\u201350 Laufmeter (abh\u00e4ngig von der Oberfl\u00e4chenbeschaffenheit)<\/p>\n<p data-start=\"1363\" data-end=\"1434\">\ud83d\udce6 <strong>Produktdetails:<\/strong><br data-start=\"1381\" data-end=\"1384\" \/>Wirkstoffe: Permethrin 5 g\/l, Tetramethrin 2 g\/l<\/p>\n<p data-start=\"1436\" data-end=\"1601\">\u26a0\ufe0f <strong>Wichtige Hinweise: <\/strong>Biozidprodukte vorsichtig verwenden. Vor Gebrauch stets Etikett und Produktinformationen lesen. Nur gem\u00e4\u00df den geltenden Vorschriften anwenden.<\/p>\n<p>&nbsp;<\/p>\n<hr \/>\n<p>Produktblatt und Sicherheitsdatenblatt:<\/p>\n\n<!-- Generated using Document Gallery. Get yours here: http:\/\/wordpress.org\/extend\/plugins\/document-gallery -->\n<div id=\"document-gallery-1\" class=\"document-gallery\" data-shortcode='{\"id\":1151,\"include\":\"6975,6976\",\"exclude\":\"\",\"columns\":4,\"descriptions\":true,\"fancy\":true,\"order\":\"ASC\",\"orderby\":\"post__in\",\"relation\":\"AND\",\"limit\":-1,\"mime_types\":\"application,video,text,audio,image\",\"new_window\":true,\"post_status\":\"any\",\"post_type\":\"attachment\",\"attachment_pg\":false,\"paginate\":true,\"skip\":0}'>\n<div class='document-icon-row descriptions'>\n   <div class=\"document-icon\">\n      <a href=\"https:\/\/www.nebily.com\/shop\/wp-content\/uploads\/SDB_swirr_Insektenstift_05-2015.pdf\" target=\"_blank\">\n         <img decoding=\"async\" src=\"https:\/\/www.nebily.com\/shop\/wp-content\/uploads\/SDB_swirr_Insektenstift_05-2015-thumb.png\" title=\"SDB_swirr_Insektenstift_05-2015\" alt=\"SDB_swirr_Insektenstift_05-2015\" data-ext=\"pdf\"\/>\n         <span class=\"title\">SDB_swirr_Insektenstift_05-2015<\/span>\n      <\/a>\n   <\/div>\n   <p><\/p>\n<\/div>\n<\/div>\n","protected":false},"excerpt":{"rendered":"<p>Insektenstift \u2013 Diskrete Bek\u00e4mpfung von kriechenden &amp; fliegenden Insekten Der Insektenstift ist eine praktische L\u00f6sung zur gezielten Bek\u00e4mpfung von kriechenden und fliegenden Insekten im Innenbereich. Er eignet sich ideal f\u00fcr den Einsatz in B\u00fcros und im Haushalt und erm\u00f6glicht eine unauff\u00e4llige Anwendung ohne Spr\u00fchen oder Klebefallen. Ihre Vorteile auf einen Blick: Einfache und saubere Anwendung &hellip; <a href=\"https:\/\/www.nebily.com\/shop\/fluginsekten\/insektenstift-gegen-laestlinge-und-insekten\/\">Continued<\/a><\/p>\n","protected":false},"featured_media":1219,"comment_status":"closed","ping_status":"closed","template":"","meta":[],"class_list":{"0":"post-1151","1":"product","2":"type-product","3":"status-publish","4":"has-post-thumbnail","6":"product_cat-neuheiten","7":"product_cat-fluginsekten","8":"product_cat-kriechinsekten","9":"product_tag-fliegende-insekten","10":"product_tag-fluginsekten","11":"product_tag-insekten","12":"product_tag-insekten-stift","13":"product_tag-insektenstift","14":"product_tag-kriechinsekten","15":"product_tag-laestlinge","17":"first","18":"instock","19":"taxable","20":"shipping-taxable","21":"product-type-simple"},"yoast_head":"<!-- This site is optimized with the Yoast SEO plugin v25.1 - https:\/\/yoast.com\/wordpress\/plugins\/seo\/ -->\n<title>Insektenstift | NEBILY Online Shop<\/title>\n<meta name=\"description\" content=\"Insektenstift zur diskreten Bek\u00e4mpfung von kriechenden und fliegenden Insekten. Einfache Anwendung ohne Spr\u00fchen \u2013 ideal f\u00fcr Haushalt und B\u00fcro.\" \/>\n<meta name=\"robots\" content=\"index, follow, max-snippet:-1, max-image-preview:large, max-video-preview:-1\" \/>\n<link rel=\"canonical\" href=\"https:\/\/www.nebily.com\/shop\/fluginsekten\/insektenstift-gegen-laestlinge-und-insekten\/\" \/>\n<meta property=\"og:locale\" content=\"de_DE\" \/>\n<meta property=\"og:type\" content=\"article\" \/>\n<meta property=\"og:title\" content=\"Insektenstift | NEBILY Online Shop\" \/>\n<meta property=\"og:description\" content=\"Insektenstift zur diskreten Bek\u00e4mpfung von kriechenden und fliegenden Insekten. Einfache Anwendung ohne Spr\u00fchen \u2013 ideal f\u00fcr Haushalt und B\u00fcro.\" \/>\n<meta property=\"og:url\" content=\"https:\/\/www.nebily.com\/shop\/fluginsekten\/insektenstift-gegen-laestlinge-und-insekten\/\" \/>\n<meta property=\"og:site_name\" content=\"NEBILY Ges.m.b.H.\" \/>\n<meta property=\"article:publisher\" content=\"https:\/\/www.facebook.com\/NebilyGesmbH\/\" \/>\n<meta property=\"article:modified_time\" content=\"2026-04-25T12:20:45+00:00\" \/>\n<meta property=\"og:image\" content=\"https:\/\/www.nebily.com\/shop\/wp-content\/uploads\/2015\/09\/Produkt_NBVS018_Insektenstift.jpg\" \/>\n\t<meta property=\"og:image:width\" content=\"800\" \/>\n\t<meta property=\"og:image:height\" content=\"600\" \/>\n\t<meta property=\"og:image:type\" content=\"image\/jpeg\" \/>\n<meta name=\"twitter:card\" content=\"summary_large_image\" \/>\n<meta name=\"twitter:label1\" content=\"Gesch\u00e4tzte Lesezeit\" \/>\n\t<meta name=\"twitter:data1\" content=\"2\u00a0Minuten\" \/>\n<script type=\"application\/ld+json\" class=\"yoast-schema-graph\">{\"@context\":\"https:\/\/schema.org\",\"@graph\":[{\"@type\":\"WebPage\",\"@id\":\"https:\/\/www.nebily.com\/shop\/fluginsekten\/insektenstift-gegen-laestlinge-und-insekten\/\",\"url\":\"https:\/\/www.nebily.com\/shop\/fluginsekten\/insektenstift-gegen-laestlinge-und-insekten\/\",\"name\":\"Insektenstift | NEBILY Online Shop\",\"isPartOf\":{\"@id\":\"https:\/\/www.nebily.com\/shop\/#website\"},\"primaryImageOfPage\":{\"@id\":\"https:\/\/www.nebily.com\/shop\/fluginsekten\/insektenstift-gegen-laestlinge-und-insekten\/#primaryimage\"},\"image\":{\"@id\":\"https:\/\/www.nebily.com\/shop\/fluginsekten\/insektenstift-gegen-laestlinge-und-insekten\/#primaryimage\"},\"thumbnailUrl\":\"https:\/\/www.nebily.com\/shop\/wp-content\/uploads\/2015\/09\/Produkt_NBVS018_Insektenstift.jpg\",\"datePublished\":\"2015-09-23T13:18:11+00:00\",\"dateModified\":\"2026-04-25T12:20:45+00:00\",\"description\":\"Insektenstift zur diskreten Bek\u00e4mpfung von kriechenden und fliegenden Insekten. Einfache Anwendung ohne Spr\u00fchen \u2013 ideal f\u00fcr Haushalt und B\u00fcro.\",\"breadcrumb\":{\"@id\":\"https:\/\/www.nebily.com\/shop\/fluginsekten\/insektenstift-gegen-laestlinge-und-insekten\/#breadcrumb\"},\"inLanguage\":\"de\",\"potentialAction\":[{\"@type\":\"ReadAction\",\"target\":[\"https:\/\/www.nebily.com\/shop\/fluginsekten\/insektenstift-gegen-laestlinge-und-insekten\/\"]}]},{\"@type\":\"ImageObject\",\"inLanguage\":\"de\",\"@id\":\"https:\/\/www.nebily.com\/shop\/fluginsekten\/insektenstift-gegen-laestlinge-und-insekten\/#primaryimage\",\"url\":\"https:\/\/www.nebily.com\/shop\/wp-content\/uploads\/2015\/09\/Produkt_NBVS018_Insektenstift.jpg\",\"contentUrl\":\"https:\/\/www.nebily.com\/shop\/wp-content\/uploads\/2015\/09\/Produkt_NBVS018_Insektenstift.jpg\",\"width\":800,\"height\":600},{\"@type\":\"BreadcrumbList\",\"@id\":\"https:\/\/www.nebily.com\/shop\/fluginsekten\/insektenstift-gegen-laestlinge-und-insekten\/#breadcrumb\",\"itemListElement\":[{\"@type\":\"ListItem\",\"position\":1,\"name\":\"Home\",\"item\":\"https:\/\/www.nebily.com\/shop\/\"},{\"@type\":\"ListItem\",\"position\":2,\"name\":\"Shop\",\"item\":\"https:\/\/www.nebily.com\/shop\/\"},{\"@type\":\"ListItem\",\"position\":3,\"name\":\"Insektenstift gegen L\u00e4stlinge und Insekten\"}]},{\"@type\":\"WebSite\",\"@id\":\"https:\/\/www.nebily.com\/shop\/#website\",\"url\":\"https:\/\/www.nebily.com\/shop\/\",\"name\":\"NEBILY Ges.m.b.H.\",\"description\":\"\",\"potentialAction\":[{\"@type\":\"SearchAction\",\"target\":{\"@type\":\"EntryPoint\",\"urlTemplate\":\"https:\/\/www.nebily.com\/shop\/?s={search_term_string}\"},\"query-input\":{\"@type\":\"PropertyValueSpecification\",\"valueRequired\":true,\"valueName\":\"search_term_string\"}}],\"inLanguage\":\"de\"}]}<\/script>\n<!-- \/ Yoast SEO plugin. -->","yoast_head_json":{"title":"Insektenstift | NEBILY Online Shop","description":"Insektenstift zur diskreten Bek\u00e4mpfung von kriechenden und fliegenden Insekten. Einfache Anwendung ohne Spr\u00fchen \u2013 ideal f\u00fcr Haushalt und B\u00fcro.","robots":{"index":"index","follow":"follow","max-snippet":"max-snippet:-1","max-image-preview":"max-image-preview:large","max-video-preview":"max-video-preview:-1"},"canonical":"https:\/\/www.nebily.com\/shop\/fluginsekten\/insektenstift-gegen-laestlinge-und-insekten\/","og_locale":"de_DE","og_type":"article","og_title":"Insektenstift | NEBILY Online Shop","og_description":"Insektenstift zur diskreten Bek\u00e4mpfung von kriechenden und fliegenden Insekten. Einfache Anwendung ohne Spr\u00fchen \u2013 ideal f\u00fcr Haushalt und B\u00fcro.","og_url":"https:\/\/www.nebily.com\/shop\/fluginsekten\/insektenstift-gegen-laestlinge-und-insekten\/","og_site_name":"NEBILY Ges.m.b.H.","article_publisher":"https:\/\/www.facebook.com\/NebilyGesmbH\/","article_modified_time":"2026-04-25T12:20:45+00:00","og_image":[{"width":800,"height":600,"url":"https:\/\/www.nebily.com\/shop\/wp-content\/uploads\/2015\/09\/Produkt_NBVS018_Insektenstift.jpg","type":"image\/jpeg"}],"twitter_card":"summary_large_image","twitter_misc":{"Gesch\u00e4tzte Lesezeit":"2\u00a0Minuten"},"schema":{"@context":"https:\/\/schema.org","@graph":[{"@type":"WebPage","@id":"https:\/\/www.nebily.com\/shop\/fluginsekten\/insektenstift-gegen-laestlinge-und-insekten\/","url":"https:\/\/www.nebily.com\/shop\/fluginsekten\/insektenstift-gegen-laestlinge-und-insekten\/","name":"Insektenstift | NEBILY Online Shop","isPartOf":{"@id":"https:\/\/www.nebily.com\/shop\/#website"},"primaryImageOfPage":{"@id":"https:\/\/www.nebily.com\/shop\/fluginsekten\/insektenstift-gegen-laestlinge-und-insekten\/#primaryimage"},"image":{"@id":"https:\/\/www.nebily.com\/shop\/fluginsekten\/insektenstift-gegen-laestlinge-und-insekten\/#primaryimage"},"thumbnailUrl":"https:\/\/www.nebily.com\/shop\/wp-content\/uploads\/2015\/09\/Produkt_NBVS018_Insektenstift.jpg","datePublished":"2015-09-23T13:18:11+00:00","dateModified":"2026-04-25T12:20:45+00:00","description":"Insektenstift zur diskreten Bek\u00e4mpfung von kriechenden und fliegenden Insekten. Einfache Anwendung ohne Spr\u00fchen \u2013 ideal f\u00fcr Haushalt und B\u00fcro.","breadcrumb":{"@id":"https:\/\/www.nebily.com\/shop\/fluginsekten\/insektenstift-gegen-laestlinge-und-insekten\/#breadcrumb"},"inLanguage":"de","potentialAction":[{"@type":"ReadAction","target":["https:\/\/www.nebily.com\/shop\/fluginsekten\/insektenstift-gegen-laestlinge-und-insekten\/"]}]},{"@type":"ImageObject","inLanguage":"de","@id":"https:\/\/www.nebily.com\/shop\/fluginsekten\/insektenstift-gegen-laestlinge-und-insekten\/#primaryimage","url":"https:\/\/www.nebily.com\/shop\/wp-content\/uploads\/2015\/09\/Produkt_NBVS018_Insektenstift.jpg","contentUrl":"https:\/\/www.nebily.com\/shop\/wp-content\/uploads\/2015\/09\/Produkt_NBVS018_Insektenstift.jpg","width":800,"height":600},{"@type":"BreadcrumbList","@id":"https:\/\/www.nebily.com\/shop\/fluginsekten\/insektenstift-gegen-laestlinge-und-insekten\/#breadcrumb","itemListElement":[{"@type":"ListItem","position":1,"name":"Home","item":"https:\/\/www.nebily.com\/shop\/"},{"@type":"ListItem","position":2,"name":"Shop","item":"https:\/\/www.nebily.com\/shop\/"},{"@type":"ListItem","position":3,"name":"Insektenstift gegen L\u00e4stlinge und Insekten"}]},{"@type":"WebSite","@id":"https:\/\/www.nebily.com\/shop\/#website","url":"https:\/\/www.nebily.com\/shop\/","name":"NEBILY Ges.m.b.H.","description":"","potentialAction":[{"@type":"SearchAction","target":{"@type":"EntryPoint","urlTemplate":"https:\/\/www.nebily.com\/shop\/?s={search_term_string}"},"query-input":{"@type":"PropertyValueSpecification","valueRequired":true,"valueName":"search_term_string"}}],"inLanguage":"de"}]}},"_links":{"self":[{"href":"https:\/\/www.nebily.com\/shop\/wp-json\/wp\/v2\/product\/1151","targetHints":{"allow":["GET"]}}],"collection":[{"href":"https:\/\/www.nebily.com\/shop\/wp-json\/wp\/v2\/product"}],"about":[{"href":"https:\/\/www.nebily.com\/shop\/wp-json\/wp\/v2\/types\/product"}],"replies":[{"embeddable":true,"href":"https:\/\/www.nebily.com\/shop\/wp-json\/wp\/v2\/comments?post=1151"}],"wp:featuredmedia":[{"embeddable":true,"href":"https:\/\/www.nebily.com\/shop\/wp-json\/wp\/v2\/media\/1219"}],"wp:attachment":[{"href":"https:\/\/www.nebily.com\/shop\/wp-json\/wp\/v2\/media?parent=1151"}],"curies":[{"name":"wp","href":"https:\/\/api.w.org\/{rel}","templated":true}]}}