{"id":11456,"date":"2025-03-14T16:38:20","date_gmt":"2025-03-14T15:38:20","guid":{"rendered":"https:\/\/www.nebily.com\/?post_type=product&#038;p=11456"},"modified":"2026-04-26T20:32:28","modified_gmt":"2026-04-26T19:32:28","slug":"wespen-und-hornissen-schutzanzug-wespenschtzanzug-mit-stichschutz","status":"publish","type":"product","link":"https:\/\/www.nebily.com\/shop\/feuerwehr-produkte\/wespen-und-hornissen-schutzanzug-wespenschtzanzug-mit-stichschutz\/","title":{"rendered":"Wespen- und Hornissen Schutzanzug &#8211; Wespenschutzanzug mit Stichschutz"},"content":{"rendered":"<h1 data-section-id=\"y2sxpe\" data-start=\"146\" data-end=\"238\"><span role=\"text\">Wespenschutz- &amp; Hornissenschutzanzug PROFI -Schutz auch gegen die Asiatische Hornisse<\/span><\/h1>\n<p data-start=\"240\" data-end=\"540\">Der hochwertige Wespenschutz- und Hornissenschutzanzug wurde speziell f\u00fcr den professionellen Einsatz entwickelt und bietet zuverl\u00e4ssigen Schutz bei Arbeiten in der N\u00e4he von Wespen-, Hornissen- und Nestern der Asiatischen Hornisse. Ideal f\u00fcr Sch\u00e4dlingsbek\u00e4mpfer, Feuerwehr und geschulte Fachanwender.<\/p>\n<h2 data-section-id=\"7ag2br\" data-start=\"547\" data-end=\"584\"><span role=\"text\">Ihre Vorteile auf einen Blick:<\/span><\/h2>\n<ul data-start=\"585\" data-end=\"1172\">\n<li data-section-id=\"1i5uqn7\" data-start=\"585\" data-end=\"652\"><strong data-start=\"591\" data-end=\"612\">Hoher Stichschutz<\/strong> f\u00fcr Arbeiten mit Wespen und Hornissen<\/li>\n<li data-section-id=\"1ouwlwq\" data-start=\"653\" data-end=\"707\"><strong data-start=\"658\" data-end=\"705\">Auch geeignet gegen die Asiatische Hornisse<\/strong><\/li>\n<li data-section-id=\"1y4gnlz\" data-start=\"708\" data-end=\"767\"><strong data-start=\"713\" data-end=\"740\">Angenehmer Tragekomfort<\/strong> durch leichte Polsterung<\/li>\n<li data-section-id=\"w725wu\" data-start=\"768\" data-end=\"842\"><strong data-start=\"774\" data-end=\"796\">Optimale Bel\u00fcftung<\/strong> durch Ventilations\u00f6ffnungen unter den Armen<\/li>\n<li data-section-id=\"jakdmo\" data-start=\"843\" data-end=\"909\"><strong data-start=\"848\" data-end=\"875\">Durchdachte Ausstattung<\/strong> f\u00fcr den professionellen Einsatz<\/li>\n<li data-section-id=\"1xww4pg\" data-start=\"910\" data-end=\"986\"><strong data-start=\"916\" data-end=\"941\">Sicheres Sichtfenster<\/strong> aus Drahtgeflecht f\u00fcr klare Sicht &amp; Schutz<\/li>\n<li data-section-id=\"1vj7by0\" data-start=\"987\" data-end=\"1048\"><strong data-start=\"992\" data-end=\"1020\">Praktische Seitentaschen<\/strong> f\u00fcr Werkzeuge und Zubeh\u00f6r<\/li>\n<li data-section-id=\"7dad3l\" data-start=\"1049\" data-end=\"1120\"><strong data-start=\"1054\" data-end=\"1090\">Integrierter, verstellbarer Helm<\/strong> f\u00fcr zus\u00e4tzlichen Kopfschutz<\/li>\n<li data-section-id=\"10kvpoa\" data-start=\"1121\" data-end=\"1172\"><strong data-start=\"1126\" data-end=\"1146\">Abnehmbare Haube<\/strong> f\u00fcr flexible Handhabung<\/li>\n<\/ul>\n<p data-section-id=\"8xzav2\" data-start=\"1179\" data-end=\"1201\"><strong>\ud83d\udce6 Produktdetails:<\/strong><\/p>\n<ul data-start=\"1202\" data-end=\"1387\">\n<li data-section-id=\"55ix8b\" data-start=\"1202\" data-end=\"1259\">Einheitsgr\u00f6\u00dfe: <strong data-start=\"1219\" data-end=\"1226\">XXL<\/strong> (bitte Gr\u00f6\u00dfentabelle beachten)<\/li>\n<li data-section-id=\"3pb598\" data-start=\"1260\" data-end=\"1302\">Zertifiziert: <strong data-start=\"1276\" data-end=\"1300\">AITEX Nr. 2015EP2047<\/strong><\/li>\n<li data-section-id=\"1jg5sh9\" data-start=\"1303\" data-end=\"1326\">Patentiertes Modell<\/li>\n<li data-section-id=\"ke3jhj\" data-start=\"1327\" data-end=\"1387\">Hinweis: Kopfteil nur <strong data-start=\"1351\" data-end=\"1387\">vorsichtig und h\u00e4ndisch reinigen<\/strong><\/li>\n<\/ul>\n<p data-section-id=\"ih3dco\" data-start=\"1394\" data-end=\"1414\"><strong><span role=\"text\">Lieferumfang:\u00a0<\/span><\/strong>Der Schutzanzug wird <strong data-start=\"1436\" data-end=\"1485\">ohne Gummistiefel, Lederhandschuhe und Sprays<\/strong> geliefert.<\/p>\n<p data-section-id=\"glt6xw\" data-start=\"1503\" data-end=\"1541\"><span role=\"text\">\ud83d\udc49\u00a0<strong>Tipp:\u00a0<\/strong><\/span>F\u00fcr maximale Sicherheit empfehlen wir die Kombination mit unseren Lederhandschuhen mit Baumwollstulpe, speziell entwickelt f\u00fcr Arbeiten im Bereich Wespen- und Bienenschutz. <a href=\"https:\/\/www.nebily.com\/shop\/feuerwehr-produkte\/schutz-handschuhe\/\">Schutzhandschuhe zur Wespenbek\u00e4mpfung<\/a><\/p>\n<p data-section-id=\"ggis4j\" data-start=\"1725\" data-end=\"1766\"><span role=\"text\">\u26a0\ufe0f <strong data-start=\"1731\" data-end=\"1766\">Wichtige Hinweise<\/strong><\/span><\/p>\n<ul>\n<li data-section-id=\"ggis4j\" data-start=\"1725\" data-end=\"1766\">Dieses Produkt ist f\u00fcr den professionellen bzw. sachkundigen Einsatz bestimmt.<\/li>\n<li data-section-id=\"ggis4j\" data-start=\"1725\" data-end=\"1766\">Es ersetzt keine fachgerechte Ausbildung im Umgang mit gef\u00e4hrlichen Insekten.<\/li>\n<\/ul>\n<p data-section-id=\"sv8w7p\" data-start=\"1930\" data-end=\"1964\"><span role=\"text\"><strong data-start=\"1936\" data-end=\"1964\">Artenschutz &amp; Sicherheit:\u00a0<\/strong><\/span>Bitte beachten Sie die geltenden gesetzlichen Bestimmungen zum Artenschutz in \u00d6sterreich. Viele Wespen- und Hornissenarten stehen unter Schutz und d\u00fcrfen nur unter bestimmten Voraussetzungen entfernt werden.<\/p>\n<p><!--more--><\/p>\n<hr \/>\n<h2><strong>Details vom Hersteller:<\/strong><\/h2>\n<ul>\n<li>Doppellagiges, weiches Polyestergewebe<\/li>\n<li>Fluoriszierendes rotes Obermaterial aus 50% Polyester und 50% Baumwolle, Fl\u00e4chengewicht 250 g\/m\u00b2<\/li>\n<li>Wattierung aus 100% Polyester, 200 g\/m\u00b2<\/li>\n<li>Innengewebe aus 65% Polyester und 35% Baumwolle, 240 g\/m\u00b2<\/li>\n<li>Schutzhaube mit 3&#215;3 Glasgitterstreifen, 180\u00b0 Sicht<\/li>\n<li>Gepolsterter Schutz vom Nacken bis zu den Ohren<\/li>\n<li>Zertifizierter Helm (EN397) mit Drehring und Kinnriemen zum Einstellen, mit Polycarbonat-Visier (EN 166 1B 3) mit an den Helm angepasster Aluminiumverst\u00e4rkung und Bel\u00fcftungsl\u00f6chern<\/li>\n<li>Rei\u00dfverschluss aus Nylon, der die Schutzhaube schlie\u00dft Tasche f\u00fcr Adrenalin am linken Arm<\/li>\n<li>2-Wege-Frontrei\u00dfverschluss aus Nylon<\/li>\n<li>Vollst\u00e4ndige Rei\u00dfverschlussabdeckung mit Klettverschluss<\/li>\n<li>Zwei Spray-Halterungen: eine feste auf dem R\u00fccken, die von zwei elastischen Gummib\u00e4ndern gehalten wird und eine weitere, die frei am G\u00fcrtel h\u00e4ngt, um die erforderliche Beweglichkeit beim Treppensteigen zu erleichtern<\/li>\n<li>Verstellbarer G\u00fcrtel mit Schnellverschluss-Schnalle aus Nylon<\/li>\n<li>Vier Karabinerringe am G\u00fcrtel<\/li>\n<li>Zwei untere Fronttaschen mit Nylon-Rei\u00dfverschluss<\/li>\n<li>Gummizug-Manschetten an den \u00c4rmeln<\/li>\n<li>Verst\u00e4rkt mit Knie-, Ges\u00e4\u00df- und Ellbogenpolstern<\/li>\n<li>Rei\u00dfverschl\u00fcsse an den Unterschenkeln f\u00fcr einfaches Anziehen und verstellbarer Klettverschlussstreifen<\/li>\n<\/ul>\n","protected":false},"excerpt":{"rendered":"<p>Stichsicherer Wespenschutz- &amp; Hornissenschutzanzug f\u00fcr Profis wie Feuerwehrkr\u00e4fte. Wattiert, mit Helm, L\u00fcftung und praktischen Taschen \u2013 ideal f\u00fcr sichere Wespeneins\u00e4tze.<\/p>\n","protected":false},"featured_media":11458,"comment_status":"closed","ping_status":"closed","template":"","meta":[],"class_list":{"0":"post-11456","1":"product","2":"type-product","3":"status-publish","4":"has-post-thumbnail","6":"product_cat-feuerwehr-produkte","7":"product_tag-asiatische-hornisse","8":"product_tag-hornissen","9":"product_tag-imker","10":"product_tag-insekten","11":"product_tag-psa","12":"product_tag-schutzanzug","13":"product_tag-schutzausruestung","14":"product_tag-schutzbekleidung","15":"product_tag-wespen","16":"product_tag-wespenbekaempfung","17":"product_tag-wespenschutz","19":"first","20":"instock","21":"taxable","22":"shipping-taxable","23":"product-type-simple"},"yoast_head":"<!-- This site is optimized with the Yoast SEO plugin v25.1 - https:\/\/yoast.com\/wordpress\/plugins\/seo\/ -->\n<title>Wespenschutzanzug | NEBILY Online Shop<\/title>\n<meta name=\"description\" content=\"Professioneller Wespenschutz- &amp; Hornissenschutzanzug f\u00fcr Profis bei Wespeneins\u00e4tzen. Stichsicher, wattiert, mit Helm &amp; L\u00fcftung. Ideal f\u00fcr Profi-Anwender.\" \/>\n<meta name=\"robots\" content=\"index, follow, max-snippet:-1, max-image-preview:large, max-video-preview:-1\" \/>\n<link rel=\"canonical\" href=\"https:\/\/www.nebily.com\/shop\/feuerwehr-produkte\/wespen-und-hornissen-schutzanzug-wespenschtzanzug-mit-stichschutz\/\" \/>\n<meta property=\"og:locale\" content=\"de_DE\" \/>\n<meta property=\"og:type\" content=\"article\" \/>\n<meta property=\"og:title\" content=\"Wespenschutzanzug | NEBILY Online Shop\" \/>\n<meta property=\"og:description\" content=\"Professioneller Wespenschutz- &amp; Hornissenschutzanzug f\u00fcr Profis bei Wespeneins\u00e4tzen. Stichsicher, wattiert, mit Helm &amp; L\u00fcftung. Ideal f\u00fcr Profi-Anwender.\" \/>\n<meta property=\"og:url\" content=\"https:\/\/www.nebily.com\/shop\/feuerwehr-produkte\/wespen-und-hornissen-schutzanzug-wespenschtzanzug-mit-stichschutz\/\" \/>\n<meta property=\"og:site_name\" content=\"NEBILY Ges.m.b.H.\" \/>\n<meta property=\"article:publisher\" content=\"https:\/\/www.facebook.com\/NebilyGesmbH\/\" \/>\n<meta property=\"article:modified_time\" content=\"2026-04-26T19:32:28+00:00\" \/>\n<meta property=\"og:image\" content=\"https:\/\/www.nebily.com\/shop\/wp-content\/uploads\/KGIM002_XORSA_800x600_front.jpg\" \/>\n\t<meta property=\"og:image:width\" content=\"800\" \/>\n\t<meta property=\"og:image:height\" content=\"600\" \/>\n\t<meta property=\"og:image:type\" content=\"image\/jpeg\" \/>\n<meta name=\"twitter:card\" content=\"summary_large_image\" \/>\n<meta name=\"twitter:label1\" content=\"Gesch\u00e4tzte Lesezeit\" \/>\n\t<meta name=\"twitter:data1\" content=\"3\u00a0Minuten\" \/>\n<script type=\"application\/ld+json\" class=\"yoast-schema-graph\">{\"@context\":\"https:\/\/schema.org\",\"@graph\":[{\"@type\":\"WebPage\",\"@id\":\"https:\/\/www.nebily.com\/shop\/feuerwehr-produkte\/wespen-und-hornissen-schutzanzug-wespenschtzanzug-mit-stichschutz\/\",\"url\":\"https:\/\/www.nebily.com\/shop\/feuerwehr-produkte\/wespen-und-hornissen-schutzanzug-wespenschtzanzug-mit-stichschutz\/\",\"name\":\"Wespenschutzanzug | NEBILY Online Shop\",\"isPartOf\":{\"@id\":\"https:\/\/www.nebily.com\/shop\/#website\"},\"primaryImageOfPage\":{\"@id\":\"https:\/\/www.nebily.com\/shop\/feuerwehr-produkte\/wespen-und-hornissen-schutzanzug-wespenschtzanzug-mit-stichschutz\/#primaryimage\"},\"image\":{\"@id\":\"https:\/\/www.nebily.com\/shop\/feuerwehr-produkte\/wespen-und-hornissen-schutzanzug-wespenschtzanzug-mit-stichschutz\/#primaryimage\"},\"thumbnailUrl\":\"https:\/\/www.nebily.com\/shop\/wp-content\/uploads\/KGIM002_XORSA_800x600_front.jpg\",\"datePublished\":\"2025-03-14T15:38:20+00:00\",\"dateModified\":\"2026-04-26T19:32:28+00:00\",\"description\":\"Professioneller Wespenschutz- & Hornissenschutzanzug f\u00fcr Profis bei Wespeneins\u00e4tzen. Stichsicher, wattiert, mit Helm & L\u00fcftung. Ideal f\u00fcr Profi-Anwender.\",\"breadcrumb\":{\"@id\":\"https:\/\/www.nebily.com\/shop\/feuerwehr-produkte\/wespen-und-hornissen-schutzanzug-wespenschtzanzug-mit-stichschutz\/#breadcrumb\"},\"inLanguage\":\"de\",\"potentialAction\":[{\"@type\":\"ReadAction\",\"target\":[\"https:\/\/www.nebily.com\/shop\/feuerwehr-produkte\/wespen-und-hornissen-schutzanzug-wespenschtzanzug-mit-stichschutz\/\"]}]},{\"@type\":\"ImageObject\",\"inLanguage\":\"de\",\"@id\":\"https:\/\/www.nebily.com\/shop\/feuerwehr-produkte\/wespen-und-hornissen-schutzanzug-wespenschtzanzug-mit-stichschutz\/#primaryimage\",\"url\":\"https:\/\/www.nebily.com\/shop\/wp-content\/uploads\/KGIM002_XORSA_800x600_front.jpg\",\"contentUrl\":\"https:\/\/www.nebily.com\/shop\/wp-content\/uploads\/KGIM002_XORSA_800x600_front.jpg\",\"width\":800,\"height\":600},{\"@type\":\"BreadcrumbList\",\"@id\":\"https:\/\/www.nebily.com\/shop\/feuerwehr-produkte\/wespen-und-hornissen-schutzanzug-wespenschtzanzug-mit-stichschutz\/#breadcrumb\",\"itemListElement\":[{\"@type\":\"ListItem\",\"position\":1,\"name\":\"Home\",\"item\":\"https:\/\/www.nebily.com\/shop\/\"},{\"@type\":\"ListItem\",\"position\":2,\"name\":\"Shop\",\"item\":\"https:\/\/www.nebily.com\/shop\/\"},{\"@type\":\"ListItem\",\"position\":3,\"name\":\"Wespen- und Hornissen Schutzanzug &#8211; Wespenschutzanzug mit Stichschutz\"}]},{\"@type\":\"WebSite\",\"@id\":\"https:\/\/www.nebily.com\/shop\/#website\",\"url\":\"https:\/\/www.nebily.com\/shop\/\",\"name\":\"NEBILY Ges.m.b.H.\",\"description\":\"\",\"potentialAction\":[{\"@type\":\"SearchAction\",\"target\":{\"@type\":\"EntryPoint\",\"urlTemplate\":\"https:\/\/www.nebily.com\/shop\/?s={search_term_string}\"},\"query-input\":{\"@type\":\"PropertyValueSpecification\",\"valueRequired\":true,\"valueName\":\"search_term_string\"}}],\"inLanguage\":\"de\"}]}<\/script>\n<!-- \/ Yoast SEO plugin. -->","yoast_head_json":{"title":"Wespenschutzanzug | NEBILY Online Shop","description":"Professioneller Wespenschutz- & Hornissenschutzanzug f\u00fcr Profis bei Wespeneins\u00e4tzen. Stichsicher, wattiert, mit Helm & L\u00fcftung. Ideal f\u00fcr Profi-Anwender.","robots":{"index":"index","follow":"follow","max-snippet":"max-snippet:-1","max-image-preview":"max-image-preview:large","max-video-preview":"max-video-preview:-1"},"canonical":"https:\/\/www.nebily.com\/shop\/feuerwehr-produkte\/wespen-und-hornissen-schutzanzug-wespenschtzanzug-mit-stichschutz\/","og_locale":"de_DE","og_type":"article","og_title":"Wespenschutzanzug | NEBILY Online Shop","og_description":"Professioneller Wespenschutz- & Hornissenschutzanzug f\u00fcr Profis bei Wespeneins\u00e4tzen. Stichsicher, wattiert, mit Helm & L\u00fcftung. Ideal f\u00fcr Profi-Anwender.","og_url":"https:\/\/www.nebily.com\/shop\/feuerwehr-produkte\/wespen-und-hornissen-schutzanzug-wespenschtzanzug-mit-stichschutz\/","og_site_name":"NEBILY Ges.m.b.H.","article_publisher":"https:\/\/www.facebook.com\/NebilyGesmbH\/","article_modified_time":"2026-04-26T19:32:28+00:00","og_image":[{"width":800,"height":600,"url":"https:\/\/www.nebily.com\/shop\/wp-content\/uploads\/KGIM002_XORSA_800x600_front.jpg","type":"image\/jpeg"}],"twitter_card":"summary_large_image","twitter_misc":{"Gesch\u00e4tzte Lesezeit":"3\u00a0Minuten"},"schema":{"@context":"https:\/\/schema.org","@graph":[{"@type":"WebPage","@id":"https:\/\/www.nebily.com\/shop\/feuerwehr-produkte\/wespen-und-hornissen-schutzanzug-wespenschtzanzug-mit-stichschutz\/","url":"https:\/\/www.nebily.com\/shop\/feuerwehr-produkte\/wespen-und-hornissen-schutzanzug-wespenschtzanzug-mit-stichschutz\/","name":"Wespenschutzanzug | NEBILY Online Shop","isPartOf":{"@id":"https:\/\/www.nebily.com\/shop\/#website"},"primaryImageOfPage":{"@id":"https:\/\/www.nebily.com\/shop\/feuerwehr-produkte\/wespen-und-hornissen-schutzanzug-wespenschtzanzug-mit-stichschutz\/#primaryimage"},"image":{"@id":"https:\/\/www.nebily.com\/shop\/feuerwehr-produkte\/wespen-und-hornissen-schutzanzug-wespenschtzanzug-mit-stichschutz\/#primaryimage"},"thumbnailUrl":"https:\/\/www.nebily.com\/shop\/wp-content\/uploads\/KGIM002_XORSA_800x600_front.jpg","datePublished":"2025-03-14T15:38:20+00:00","dateModified":"2026-04-26T19:32:28+00:00","description":"Professioneller Wespenschutz- & Hornissenschutzanzug f\u00fcr Profis bei Wespeneins\u00e4tzen. Stichsicher, wattiert, mit Helm & L\u00fcftung. Ideal f\u00fcr Profi-Anwender.","breadcrumb":{"@id":"https:\/\/www.nebily.com\/shop\/feuerwehr-produkte\/wespen-und-hornissen-schutzanzug-wespenschtzanzug-mit-stichschutz\/#breadcrumb"},"inLanguage":"de","potentialAction":[{"@type":"ReadAction","target":["https:\/\/www.nebily.com\/shop\/feuerwehr-produkte\/wespen-und-hornissen-schutzanzug-wespenschtzanzug-mit-stichschutz\/"]}]},{"@type":"ImageObject","inLanguage":"de","@id":"https:\/\/www.nebily.com\/shop\/feuerwehr-produkte\/wespen-und-hornissen-schutzanzug-wespenschtzanzug-mit-stichschutz\/#primaryimage","url":"https:\/\/www.nebily.com\/shop\/wp-content\/uploads\/KGIM002_XORSA_800x600_front.jpg","contentUrl":"https:\/\/www.nebily.com\/shop\/wp-content\/uploads\/KGIM002_XORSA_800x600_front.jpg","width":800,"height":600},{"@type":"BreadcrumbList","@id":"https:\/\/www.nebily.com\/shop\/feuerwehr-produkte\/wespen-und-hornissen-schutzanzug-wespenschtzanzug-mit-stichschutz\/#breadcrumb","itemListElement":[{"@type":"ListItem","position":1,"name":"Home","item":"https:\/\/www.nebily.com\/shop\/"},{"@type":"ListItem","position":2,"name":"Shop","item":"https:\/\/www.nebily.com\/shop\/"},{"@type":"ListItem","position":3,"name":"Wespen- und Hornissen Schutzanzug &#8211; Wespenschutzanzug mit Stichschutz"}]},{"@type":"WebSite","@id":"https:\/\/www.nebily.com\/shop\/#website","url":"https:\/\/www.nebily.com\/shop\/","name":"NEBILY Ges.m.b.H.","description":"","potentialAction":[{"@type":"SearchAction","target":{"@type":"EntryPoint","urlTemplate":"https:\/\/www.nebily.com\/shop\/?s={search_term_string}"},"query-input":{"@type":"PropertyValueSpecification","valueRequired":true,"valueName":"search_term_string"}}],"inLanguage":"de"}]}},"_links":{"self":[{"href":"https:\/\/www.nebily.com\/shop\/wp-json\/wp\/v2\/product\/11456","targetHints":{"allow":["GET"]}}],"collection":[{"href":"https:\/\/www.nebily.com\/shop\/wp-json\/wp\/v2\/product"}],"about":[{"href":"https:\/\/www.nebily.com\/shop\/wp-json\/wp\/v2\/types\/product"}],"replies":[{"embeddable":true,"href":"https:\/\/www.nebily.com\/shop\/wp-json\/wp\/v2\/comments?post=11456"}],"wp:featuredmedia":[{"embeddable":true,"href":"https:\/\/www.nebily.com\/shop\/wp-json\/wp\/v2\/media\/11458"}],"wp:attachment":[{"href":"https:\/\/www.nebily.com\/shop\/wp-json\/wp\/v2\/media?parent=11456"}],"curies":[{"name":"wp","href":"https:\/\/api.w.org\/{rel}","templated":true}]}}