{"id":1051,"date":"2015-09-18T20:02:25","date_gmt":"2015-09-18T19:02:25","guid":{"rendered":"http:\/\/nebily.com.w013807b.kasserver.com\/?post_type=product&#038;p=1051"},"modified":"2025-09-04T13:03:25","modified_gmt":"2025-09-04T12:03:25","slug":"wuehlmaus-raeucherpatronen","status":"publish","type":"product","link":"https:\/\/www.nebily.com\/shop\/nagetiere\/wuehlmaus-raeucherpatronen\/","title":{"rendered":"Matox W\u00fchlmausFrei &#8211; 9er Pack R\u00e4ucherpatronen"},"content":{"rendered":"<p>Matox-Gaspatronen sind zur Bek\u00e4mpfung von Feldm\u00e4usen (Microtus arvalis) und W\u00fchlm\u00e4usen (Arvicola terrestris) im Obst-, Wein-, Gem\u00fcse- und Zierpflanzenbau (inkl. Rasen) f\u00fcr Privatanwender sowie zus\u00e4tzlich im Gr\u00fcnland und Ackerbau f\u00fcr berufliche Verwender.<\/p>\n<p>Die Matoxpatrone ist ein gaserzeugendes Produkt. Die Wirkpulverkomponente Schwefel verbrennt nach dem Anz\u00fcnden sehr langsam, erzeugt aber im M\u00e4useloch aufgrund des geringen Sauerstoffangebots keine Flamme, sondern nur das f\u00fcr die M\u00e4use giftige Gas. Dies ist schwerer als Luft und dringt daher auch in tiefere G\u00e4nge vor. Die Gase, die entstehen, sind u.a. Stickoxyde, Schwefeloxyde und Kohlenmonoxid.<\/p>\n<ul>\n<li>einfache und sichere Anwendung<\/li>\n<li>dringt gut in tiefere G\u00e4nge vor<\/li>\n<\/ul>\n<p><strong>Nicht gegen Maulw\u00fcrfe einsetzen<\/strong>. Diese Tiere stehen unter Schutz!<\/p>\n<p>&nbsp;<\/p>\n<p><em><span style=\"color: #ff0000\"><strong>Wichtiger Hinweis:<\/strong><\/span><\/em> Aufgrund der gesetzlichen Vorschriften, ist der <span style=\"color: #ff0000\"><strong>Versand NUR IN \u00d6STERREICH<\/strong><\/span> m\u00f6glich!<\/p>\n<p>Bestellungen aus anderen L\u00e4ndern k\u00f6nnen wir leider nicht abwickeln bzw. annehmen.<\/p>\n<p>&nbsp;<\/p>\n<hr \/>\n<p>Produktinformation und Sicherheitsdatenblatt:<\/p>\n\n<!-- Generated using Document Gallery. Get yours here: http:\/\/wordpress.org\/extend\/plugins\/document-gallery -->\n<div id=\"document-gallery-1\" class=\"document-gallery\" data-shortcode='{\"id\":1051,\"include\":\"4928,4929\",\"exclude\":\"\",\"columns\":4,\"descriptions\":false,\"fancy\":true,\"order\":\"ASC\",\"orderby\":\"post__in\",\"relation\":\"AND\",\"limit\":-1,\"mime_types\":\"application,video,text,audio,image\",\"new_window\":true,\"post_status\":\"any\",\"post_type\":\"attachment\",\"attachment_pg\":false,\"paginate\":true,\"skip\":0}' data-icon-width='24'>\n<div class='document-icon-row'>\n   <div class=\"document-icon\">\n      <a href=\"https:\/\/www.nebily.com\/shop\/wp-content\/uploads\/Produktblatt_Matox.pdf\" target=\"_blank\">\n         <img decoding=\"async\" src=\"https:\/\/www.nebily.com\/shop\/wp-content\/uploads\/Produktblatt_Matox-thumb.png\" title=\"Produktblatt\" alt=\"Produktblatt\" data-ext=\"pdf\"\/>\n         <span class=\"title\">Produktblatt<\/span>\n      <\/a>\n   <\/div>\n   <div class=\"document-icon\">\n      <a href=\"https:\/\/www.nebily.com\/shop\/wp-content\/uploads\/SDB_JOZK2113_Matox_2018.pdf\" target=\"_blank\">\n         <img decoding=\"async\" src=\"https:\/\/www.nebily.com\/shop\/wp-content\/uploads\/SDB_JOZK2113_Matox_2018-thumb.png\" title=\"Sicherheitsdatenblatt\" alt=\"Sicherheitsdatenblatt\" data-ext=\"pdf\"\/>\n         <span class=\"title\">Sicherheitsdatenblatt<\/span>\n      <\/a>\n   <\/div>\n\n<\/div>\n<\/div>\n","protected":false},"excerpt":{"rendered":"<p>Matox-Gaspatronen sind zur Bek\u00e4mpfung von Feldm\u00e4usen (Microtus arvalis) und W\u00fchlm\u00e4usen (Arvicola terrestris) im Obst-, Wein-, Gem\u00fcse- und Zierpflanzenbau (inkl. Rasen) f\u00fcr Privatanwender sowie zus\u00e4tzlich im Gr\u00fcnland und Ackerbau f\u00fcr berufliche Verwender. Die Matoxpatrone ist ein gaserzeugendes Produkt. Die Wirkpulverkomponente Schwefel verbrennt nach dem Anz\u00fcnden sehr langsam, erzeugt aber im M\u00e4useloch aufgrund des geringen Sauerstoffangebots keine &hellip; <a href=\"https:\/\/www.nebily.com\/shop\/nagetiere\/wuehlmaus-raeucherpatronen\/\">Continued<\/a><\/p>\n","protected":false},"featured_media":1177,"comment_status":"closed","ping_status":"closed","template":"","meta":[],"class_list":{"0":"post-1051","1":"product","2":"type-product","3":"status-publish","4":"has-post-thumbnail","6":"product_cat-nagetiere","8":"first","9":"instock","10":"taxable","11":"shipping-taxable","12":"product-type-simple"},"yoast_head":"<!-- This site is optimized with the Yoast SEO plugin v25.1 - https:\/\/yoast.com\/wordpress\/plugins\/seo\/ -->\n<title>W\u00fchlmaus-R\u00e4ucherpatronen | NEBILY Online Shop<\/title>\n<meta name=\"description\" content=\"Matox W\u00fchlmausfrei - ein gaserzeugendes Produkt welches auch in tiefere G\u00e4nge vordringt. Einfache und sichere Anwendung zur Bek\u00e4mpfung von W\u00fchl- &amp; Feldm\u00e4usen\" \/>\n<meta name=\"robots\" content=\"index, follow, max-snippet:-1, max-image-preview:large, max-video-preview:-1\" \/>\n<link rel=\"canonical\" href=\"https:\/\/www.nebily.com\/shop\/nagetiere\/wuehlmaus-raeucherpatronen\/\" \/>\n<meta property=\"og:locale\" content=\"de_DE\" \/>\n<meta property=\"og:type\" content=\"article\" \/>\n<meta property=\"og:title\" content=\"W\u00fchlmaus-R\u00e4ucherpatronen | NEBILY Online Shop\" \/>\n<meta property=\"og:description\" content=\"Matox W\u00fchlmausfrei - ein gaserzeugendes Produkt welches auch in tiefere G\u00e4nge vordringt. Einfache und sichere Anwendung zur Bek\u00e4mpfung von W\u00fchl- &amp; Feldm\u00e4usen\" \/>\n<meta property=\"og:url\" content=\"https:\/\/www.nebily.com\/shop\/nagetiere\/wuehlmaus-raeucherpatronen\/\" \/>\n<meta property=\"og:site_name\" content=\"NEBILY Ges.m.b.H.\" \/>\n<meta property=\"article:publisher\" content=\"https:\/\/www.facebook.com\/NebilyGesmbH\/\" \/>\n<meta property=\"article:modified_time\" content=\"2025-09-04T12:03:25+00:00\" \/>\n<meta property=\"og:image\" content=\"https:\/\/www.nebily.com\/shop\/wp-content\/uploads\/2015\/09\/Produkt_JOZK2113_MatoxPatronen.jpg\" \/>\n\t<meta property=\"og:image:width\" content=\"800\" \/>\n\t<meta property=\"og:image:height\" content=\"600\" \/>\n\t<meta property=\"og:image:type\" content=\"image\/jpeg\" \/>\n<meta name=\"twitter:card\" content=\"summary_large_image\" \/>\n<meta name=\"twitter:label1\" content=\"Gesch\u00e4tzte Lesezeit\" \/>\n\t<meta name=\"twitter:data1\" content=\"1\u00a0Minute\" \/>\n<script type=\"application\/ld+json\" class=\"yoast-schema-graph\">{\"@context\":\"https:\/\/schema.org\",\"@graph\":[{\"@type\":\"WebPage\",\"@id\":\"https:\/\/www.nebily.com\/shop\/nagetiere\/wuehlmaus-raeucherpatronen\/\",\"url\":\"https:\/\/www.nebily.com\/shop\/nagetiere\/wuehlmaus-raeucherpatronen\/\",\"name\":\"W\u00fchlmaus-R\u00e4ucherpatronen | NEBILY Online Shop\",\"isPartOf\":{\"@id\":\"https:\/\/www.nebily.com\/shop\/#website\"},\"primaryImageOfPage\":{\"@id\":\"https:\/\/www.nebily.com\/shop\/nagetiere\/wuehlmaus-raeucherpatronen\/#primaryimage\"},\"image\":{\"@id\":\"https:\/\/www.nebily.com\/shop\/nagetiere\/wuehlmaus-raeucherpatronen\/#primaryimage\"},\"thumbnailUrl\":\"https:\/\/www.nebily.com\/shop\/wp-content\/uploads\/2015\/09\/Produkt_JOZK2113_MatoxPatronen.jpg\",\"datePublished\":\"2015-09-18T19:02:25+00:00\",\"dateModified\":\"2025-09-04T12:03:25+00:00\",\"description\":\"Matox W\u00fchlmausfrei - ein gaserzeugendes Produkt welches auch in tiefere G\u00e4nge vordringt. Einfache und sichere Anwendung zur Bek\u00e4mpfung von W\u00fchl- & Feldm\u00e4usen\",\"breadcrumb\":{\"@id\":\"https:\/\/www.nebily.com\/shop\/nagetiere\/wuehlmaus-raeucherpatronen\/#breadcrumb\"},\"inLanguage\":\"de\",\"potentialAction\":[{\"@type\":\"ReadAction\",\"target\":[\"https:\/\/www.nebily.com\/shop\/nagetiere\/wuehlmaus-raeucherpatronen\/\"]}]},{\"@type\":\"ImageObject\",\"inLanguage\":\"de\",\"@id\":\"https:\/\/www.nebily.com\/shop\/nagetiere\/wuehlmaus-raeucherpatronen\/#primaryimage\",\"url\":\"https:\/\/www.nebily.com\/shop\/wp-content\/uploads\/2015\/09\/Produkt_JOZK2113_MatoxPatronen.jpg\",\"contentUrl\":\"https:\/\/www.nebily.com\/shop\/wp-content\/uploads\/2015\/09\/Produkt_JOZK2113_MatoxPatronen.jpg\",\"width\":800,\"height\":600},{\"@type\":\"BreadcrumbList\",\"@id\":\"https:\/\/www.nebily.com\/shop\/nagetiere\/wuehlmaus-raeucherpatronen\/#breadcrumb\",\"itemListElement\":[{\"@type\":\"ListItem\",\"position\":1,\"name\":\"Home\",\"item\":\"https:\/\/www.nebily.com\/shop\/\"},{\"@type\":\"ListItem\",\"position\":2,\"name\":\"Shop\",\"item\":\"https:\/\/www.nebily.com\/shop\/\"},{\"@type\":\"ListItem\",\"position\":3,\"name\":\"Matox W\u00fchlmausFrei &#8211; 9er Pack R\u00e4ucherpatronen\"}]},{\"@type\":\"WebSite\",\"@id\":\"https:\/\/www.nebily.com\/shop\/#website\",\"url\":\"https:\/\/www.nebily.com\/shop\/\",\"name\":\"NEBILY Ges.m.b.H.\",\"description\":\"\",\"potentialAction\":[{\"@type\":\"SearchAction\",\"target\":{\"@type\":\"EntryPoint\",\"urlTemplate\":\"https:\/\/www.nebily.com\/shop\/?s={search_term_string}\"},\"query-input\":{\"@type\":\"PropertyValueSpecification\",\"valueRequired\":true,\"valueName\":\"search_term_string\"}}],\"inLanguage\":\"de\"}]}<\/script>\n<!-- \/ Yoast SEO plugin. -->","yoast_head_json":{"title":"W\u00fchlmaus-R\u00e4ucherpatronen | NEBILY Online Shop","description":"Matox W\u00fchlmausfrei - ein gaserzeugendes Produkt welches auch in tiefere G\u00e4nge vordringt. Einfache und sichere Anwendung zur Bek\u00e4mpfung von W\u00fchl- & Feldm\u00e4usen","robots":{"index":"index","follow":"follow","max-snippet":"max-snippet:-1","max-image-preview":"max-image-preview:large","max-video-preview":"max-video-preview:-1"},"canonical":"https:\/\/www.nebily.com\/shop\/nagetiere\/wuehlmaus-raeucherpatronen\/","og_locale":"de_DE","og_type":"article","og_title":"W\u00fchlmaus-R\u00e4ucherpatronen | NEBILY Online Shop","og_description":"Matox W\u00fchlmausfrei - ein gaserzeugendes Produkt welches auch in tiefere G\u00e4nge vordringt. Einfache und sichere Anwendung zur Bek\u00e4mpfung von W\u00fchl- & Feldm\u00e4usen","og_url":"https:\/\/www.nebily.com\/shop\/nagetiere\/wuehlmaus-raeucherpatronen\/","og_site_name":"NEBILY Ges.m.b.H.","article_publisher":"https:\/\/www.facebook.com\/NebilyGesmbH\/","article_modified_time":"2025-09-04T12:03:25+00:00","og_image":[{"width":800,"height":600,"url":"https:\/\/www.nebily.com\/shop\/wp-content\/uploads\/2015\/09\/Produkt_JOZK2113_MatoxPatronen.jpg","type":"image\/jpeg"}],"twitter_card":"summary_large_image","twitter_misc":{"Gesch\u00e4tzte Lesezeit":"1\u00a0Minute"},"schema":{"@context":"https:\/\/schema.org","@graph":[{"@type":"WebPage","@id":"https:\/\/www.nebily.com\/shop\/nagetiere\/wuehlmaus-raeucherpatronen\/","url":"https:\/\/www.nebily.com\/shop\/nagetiere\/wuehlmaus-raeucherpatronen\/","name":"W\u00fchlmaus-R\u00e4ucherpatronen | NEBILY Online Shop","isPartOf":{"@id":"https:\/\/www.nebily.com\/shop\/#website"},"primaryImageOfPage":{"@id":"https:\/\/www.nebily.com\/shop\/nagetiere\/wuehlmaus-raeucherpatronen\/#primaryimage"},"image":{"@id":"https:\/\/www.nebily.com\/shop\/nagetiere\/wuehlmaus-raeucherpatronen\/#primaryimage"},"thumbnailUrl":"https:\/\/www.nebily.com\/shop\/wp-content\/uploads\/2015\/09\/Produkt_JOZK2113_MatoxPatronen.jpg","datePublished":"2015-09-18T19:02:25+00:00","dateModified":"2025-09-04T12:03:25+00:00","description":"Matox W\u00fchlmausfrei - ein gaserzeugendes Produkt welches auch in tiefere G\u00e4nge vordringt. Einfache und sichere Anwendung zur Bek\u00e4mpfung von W\u00fchl- & Feldm\u00e4usen","breadcrumb":{"@id":"https:\/\/www.nebily.com\/shop\/nagetiere\/wuehlmaus-raeucherpatronen\/#breadcrumb"},"inLanguage":"de","potentialAction":[{"@type":"ReadAction","target":["https:\/\/www.nebily.com\/shop\/nagetiere\/wuehlmaus-raeucherpatronen\/"]}]},{"@type":"ImageObject","inLanguage":"de","@id":"https:\/\/www.nebily.com\/shop\/nagetiere\/wuehlmaus-raeucherpatronen\/#primaryimage","url":"https:\/\/www.nebily.com\/shop\/wp-content\/uploads\/2015\/09\/Produkt_JOZK2113_MatoxPatronen.jpg","contentUrl":"https:\/\/www.nebily.com\/shop\/wp-content\/uploads\/2015\/09\/Produkt_JOZK2113_MatoxPatronen.jpg","width":800,"height":600},{"@type":"BreadcrumbList","@id":"https:\/\/www.nebily.com\/shop\/nagetiere\/wuehlmaus-raeucherpatronen\/#breadcrumb","itemListElement":[{"@type":"ListItem","position":1,"name":"Home","item":"https:\/\/www.nebily.com\/shop\/"},{"@type":"ListItem","position":2,"name":"Shop","item":"https:\/\/www.nebily.com\/shop\/"},{"@type":"ListItem","position":3,"name":"Matox W\u00fchlmausFrei &#8211; 9er Pack R\u00e4ucherpatronen"}]},{"@type":"WebSite","@id":"https:\/\/www.nebily.com\/shop\/#website","url":"https:\/\/www.nebily.com\/shop\/","name":"NEBILY Ges.m.b.H.","description":"","potentialAction":[{"@type":"SearchAction","target":{"@type":"EntryPoint","urlTemplate":"https:\/\/www.nebily.com\/shop\/?s={search_term_string}"},"query-input":{"@type":"PropertyValueSpecification","valueRequired":true,"valueName":"search_term_string"}}],"inLanguage":"de"}]}},"_links":{"self":[{"href":"https:\/\/www.nebily.com\/shop\/wp-json\/wp\/v2\/product\/1051","targetHints":{"allow":["GET"]}}],"collection":[{"href":"https:\/\/www.nebily.com\/shop\/wp-json\/wp\/v2\/product"}],"about":[{"href":"https:\/\/www.nebily.com\/shop\/wp-json\/wp\/v2\/types\/product"}],"replies":[{"embeddable":true,"href":"https:\/\/www.nebily.com\/shop\/wp-json\/wp\/v2\/comments?post=1051"}],"wp:featuredmedia":[{"embeddable":true,"href":"https:\/\/www.nebily.com\/shop\/wp-json\/wp\/v2\/media\/1177"}],"wp:attachment":[{"href":"https:\/\/www.nebily.com\/shop\/wp-json\/wp\/v2\/media?parent=1051"}],"curies":[{"name":"wp","href":"https:\/\/api.w.org\/{rel}","templated":true}]}}