{"id":1050,"date":"2015-09-18T20:00:26","date_gmt":"2015-09-18T19:00:26","guid":{"rendered":"http:\/\/nebily.com.w013807b.kasserver.com\/?post_type=product&#038;p=1050"},"modified":"2026-01-02T09:03:45","modified_gmt":"2026-01-02T08:03:45","slug":"wespenspray-plus-mit-spruehrohr","status":"publish","type":"product","link":"https:\/\/www.nebily.com\/shop\/feuerwehr-produkte\/wespenspray-plus-mit-spruehrohr\/","title":{"rendered":"Wespenspray Plus &#8211; 6er Pack"},"content":{"rendered":"<p>Der Aco.Wespen Spray PLUS &#8211; mit Sofortwirkung zur gezielten Nest Bek\u00e4mpfung &#8211; kann auch gegen Fliegen, Schaben und andere K\u00e4fer eingesetzt werden.<\/p>\n<ul>\n<li>mit Spr\u00fchrohr zur gezielten Ausbringung<\/li>\n<li>Sofort einsetzende Wirkung<\/li>\n<li>au\u00dferdem Langzeitwirkung des Spr\u00fchbelages<\/li>\n<li>hoher Spr\u00fchdruck &#8211; \u00dcberkopf Spr\u00fchen m\u00f6glich (Kugelventil)<\/li>\n<\/ul>\n<p>Angewendet wird der Aco Wespenspray plus in kurzen Spr\u00fchst\u00f6\u00dfen.<\/p>\n<p><strong>Wespenbek\u00e4mpfung:<\/strong> Ein Wespenstich ist schmerzhaft und die Folgen k\u00f6nnen unangenehm sein, f\u00fcr Allergiker sogar lebensbedrohlich. Von vielen Menschen werden Wespen als Bedrohung empfunden. Besonders l\u00e4stig sind sie in Gastronomiebetrieben oder in der unmittelbaren N\u00e4he von Wohnung, Haus, Terrasse oder Garten, denn auf der Suche nach Nahrung kann es auch zum Angriff auf Menschen kommen. Nur in solchen F\u00e4llen ist die Bek\u00e4mpfung gerechtfertigt!<\/p>\n<p><strong>Achtung:<\/strong> Unter Naturschutz stehende gesch\u00fctzte Wespen-Arten d\u00fcrfen auf keinen Fall bek\u00e4mpft werden. Zudem ist eine Anwendung nur gestattet, wenn in der individuellen Situation von den Wespen eine Gefahr im Sinne des Bundesnaturschutzgesetzes ausgeht.<\/p>\n<hr \/>\n<p>Sicherheitsdatenblatt:<\/p>\n\n<!-- Generated using Document Gallery. Get yours here: http:\/\/wordpress.org\/extend\/plugins\/document-gallery -->\n<div id=\"document-gallery-1\" class=\"document-gallery\" data-shortcode='{\"id\":1050,\"include\":\"8081\",\"exclude\":\"\",\"columns\":4,\"descriptions\":true,\"fancy\":true,\"order\":\"ASC\",\"orderby\":\"post__in\",\"relation\":\"AND\",\"limit\":-1,\"mime_types\":\"application,video,text,audio,image\",\"new_window\":true,\"post_status\":\"any\",\"post_type\":\"attachment\",\"attachment_pg\":false,\"paginate\":true,\"skip\":0}'>\n<div class='document-icon-row descriptions'>\n   <div class=\"document-icon\">\n      <a href=\"https:\/\/www.nebily.com\/shop\/wp-content\/uploads\/SDB_Aco.spray-Wespen-PLUS_April-2021.pdf\" target=\"_blank\">\n         <img decoding=\"async\" src=\"https:\/\/www.nebily.com\/shop\/wp-content\/uploads\/SDB_Aco-spray-Wespen-PLUS_April-2021-thumb.png\" title=\"SDB_Aco.spray Wespen PLUS_April 2021\" alt=\"SDB_Aco.spray Wespen PLUS_April 2021\" data-ext=\"pdf\"\/>\n         <span class=\"title\">SDB_Aco.spray Wespen PLUS_April 2021<\/span>\n      <\/a>\n   <\/div>\n   <p><\/p>\n<\/div>\n<\/div>\n","protected":false},"excerpt":{"rendered":"<p>Der Aco.Wespen Spray PLUS &#8211; mit Sofortwirkung zur gezielten Nest Bek\u00e4mpfung &#8211; kann auch gegen Fliegen, Schaben und andere K\u00e4fer eingesetzt werden. mit Spr\u00fchrohr zur gezielten Ausbringung Sofort einsetzende Wirkung au\u00dferdem Langzeitwirkung des Spr\u00fchbelages hoher Spr\u00fchdruck &#8211; \u00dcberkopf Spr\u00fchen m\u00f6glich (Kugelventil) Angewendet wird der Aco Wespenspray plus in kurzen Spr\u00fchst\u00f6\u00dfen. Wespenbek\u00e4mpfung: Ein Wespenstich ist schmerzhaft &hellip; <a href=\"https:\/\/www.nebily.com\/shop\/feuerwehr-produkte\/wespenspray-plus-mit-spruehrohr\/\">Continued<\/a><\/p>\n","protected":false},"featured_media":9312,"comment_status":"closed","ping_status":"closed","template":"","meta":[],"class_list":{"0":"post-1050","1":"product","2":"type-product","3":"status-publish","4":"has-post-thumbnail","6":"product_cat-feuerwehr-produkte","8":"first","9":"instock","10":"taxable","11":"shipping-taxable","12":"product-type-simple"},"yoast_head":"<!-- This site is optimized with the Yoast SEO plugin v25.1 - https:\/\/yoast.com\/wordpress\/plugins\/seo\/ -->\n<title>Wespenspray Plus | NEBILY Online Shop<\/title>\n<meta name=\"description\" content=\"Wespenspray mit schneller Sofortwirkung und Spr\u00fchrohr zur gezielten Nest Bek\u00e4mpfung. Langzeitwirkung eine Neubesiedelung zu verhindern.\" \/>\n<meta name=\"robots\" content=\"index, follow, max-snippet:-1, max-image-preview:large, max-video-preview:-1\" \/>\n<link rel=\"canonical\" href=\"https:\/\/www.nebily.com\/shop\/feuerwehr-produkte\/wespenspray-plus-mit-spruehrohr\/\" \/>\n<meta property=\"og:locale\" content=\"de_DE\" \/>\n<meta property=\"og:type\" content=\"article\" \/>\n<meta property=\"og:title\" content=\"Wespenspray Plus | NEBILY Online Shop\" \/>\n<meta property=\"og:description\" content=\"Wespenspray mit schneller Sofortwirkung und Spr\u00fchrohr zur gezielten Nest Bek\u00e4mpfung. Langzeitwirkung eine Neubesiedelung zu verhindern.\" \/>\n<meta property=\"og:url\" content=\"https:\/\/www.nebily.com\/shop\/feuerwehr-produkte\/wespenspray-plus-mit-spruehrohr\/\" \/>\n<meta property=\"og:site_name\" content=\"NEBILY Ges.m.b.H.\" \/>\n<meta property=\"article:publisher\" content=\"https:\/\/www.facebook.com\/NebilyGesmbH\/\" \/>\n<meta property=\"article:modified_time\" content=\"2026-01-02T08:03:45+00:00\" \/>\n<meta property=\"og:image\" content=\"https:\/\/www.nebily.com\/shop\/wp-content\/uploads\/Aco.spray-Wespen-PLUS-800-x-600.jpg\" \/>\n\t<meta property=\"og:image:width\" content=\"800\" \/>\n\t<meta property=\"og:image:height\" content=\"600\" \/>\n\t<meta property=\"og:image:type\" content=\"image\/jpeg\" \/>\n<meta name=\"twitter:card\" content=\"summary_large_image\" \/>\n<meta name=\"twitter:label1\" content=\"Gesch\u00e4tzte Lesezeit\" \/>\n\t<meta name=\"twitter:data1\" content=\"2\u00a0Minuten\" \/>\n<script type=\"application\/ld+json\" class=\"yoast-schema-graph\">{\"@context\":\"https:\/\/schema.org\",\"@graph\":[{\"@type\":\"WebPage\",\"@id\":\"https:\/\/www.nebily.com\/shop\/feuerwehr-produkte\/wespenspray-plus-mit-spruehrohr\/\",\"url\":\"https:\/\/www.nebily.com\/shop\/feuerwehr-produkte\/wespenspray-plus-mit-spruehrohr\/\",\"name\":\"Wespenspray Plus | NEBILY Online Shop\",\"isPartOf\":{\"@id\":\"https:\/\/www.nebily.com\/shop\/#website\"},\"primaryImageOfPage\":{\"@id\":\"https:\/\/www.nebily.com\/shop\/feuerwehr-produkte\/wespenspray-plus-mit-spruehrohr\/#primaryimage\"},\"image\":{\"@id\":\"https:\/\/www.nebily.com\/shop\/feuerwehr-produkte\/wespenspray-plus-mit-spruehrohr\/#primaryimage\"},\"thumbnailUrl\":\"https:\/\/www.nebily.com\/shop\/wp-content\/uploads\/Aco.spray-Wespen-PLUS-800-x-600.jpg\",\"datePublished\":\"2015-09-18T19:00:26+00:00\",\"dateModified\":\"2026-01-02T08:03:45+00:00\",\"description\":\"Wespenspray mit schneller Sofortwirkung und Spr\u00fchrohr zur gezielten Nest Bek\u00e4mpfung. Langzeitwirkung eine Neubesiedelung zu verhindern.\",\"breadcrumb\":{\"@id\":\"https:\/\/www.nebily.com\/shop\/feuerwehr-produkte\/wespenspray-plus-mit-spruehrohr\/#breadcrumb\"},\"inLanguage\":\"de\",\"potentialAction\":[{\"@type\":\"ReadAction\",\"target\":[\"https:\/\/www.nebily.com\/shop\/feuerwehr-produkte\/wespenspray-plus-mit-spruehrohr\/\"]}]},{\"@type\":\"ImageObject\",\"inLanguage\":\"de\",\"@id\":\"https:\/\/www.nebily.com\/shop\/feuerwehr-produkte\/wespenspray-plus-mit-spruehrohr\/#primaryimage\",\"url\":\"https:\/\/www.nebily.com\/shop\/wp-content\/uploads\/Aco.spray-Wespen-PLUS-800-x-600.jpg\",\"contentUrl\":\"https:\/\/www.nebily.com\/shop\/wp-content\/uploads\/Aco.spray-Wespen-PLUS-800-x-600.jpg\",\"width\":800,\"height\":600},{\"@type\":\"BreadcrumbList\",\"@id\":\"https:\/\/www.nebily.com\/shop\/feuerwehr-produkte\/wespenspray-plus-mit-spruehrohr\/#breadcrumb\",\"itemListElement\":[{\"@type\":\"ListItem\",\"position\":1,\"name\":\"Home\",\"item\":\"https:\/\/www.nebily.com\/shop\/\"},{\"@type\":\"ListItem\",\"position\":2,\"name\":\"Shop\",\"item\":\"https:\/\/www.nebily.com\/shop\/\"},{\"@type\":\"ListItem\",\"position\":3,\"name\":\"Wespenspray Plus &#8211; 6er Pack\"}]},{\"@type\":\"WebSite\",\"@id\":\"https:\/\/www.nebily.com\/shop\/#website\",\"url\":\"https:\/\/www.nebily.com\/shop\/\",\"name\":\"NEBILY Ges.m.b.H.\",\"description\":\"\",\"potentialAction\":[{\"@type\":\"SearchAction\",\"target\":{\"@type\":\"EntryPoint\",\"urlTemplate\":\"https:\/\/www.nebily.com\/shop\/?s={search_term_string}\"},\"query-input\":{\"@type\":\"PropertyValueSpecification\",\"valueRequired\":true,\"valueName\":\"search_term_string\"}}],\"inLanguage\":\"de\"}]}<\/script>\n<!-- \/ Yoast SEO plugin. -->","yoast_head_json":{"title":"Wespenspray Plus | NEBILY Online Shop","description":"Wespenspray mit schneller Sofortwirkung und Spr\u00fchrohr zur gezielten Nest Bek\u00e4mpfung. Langzeitwirkung eine Neubesiedelung zu verhindern.","robots":{"index":"index","follow":"follow","max-snippet":"max-snippet:-1","max-image-preview":"max-image-preview:large","max-video-preview":"max-video-preview:-1"},"canonical":"https:\/\/www.nebily.com\/shop\/feuerwehr-produkte\/wespenspray-plus-mit-spruehrohr\/","og_locale":"de_DE","og_type":"article","og_title":"Wespenspray Plus | NEBILY Online Shop","og_description":"Wespenspray mit schneller Sofortwirkung und Spr\u00fchrohr zur gezielten Nest Bek\u00e4mpfung. Langzeitwirkung eine Neubesiedelung zu verhindern.","og_url":"https:\/\/www.nebily.com\/shop\/feuerwehr-produkte\/wespenspray-plus-mit-spruehrohr\/","og_site_name":"NEBILY Ges.m.b.H.","article_publisher":"https:\/\/www.facebook.com\/NebilyGesmbH\/","article_modified_time":"2026-01-02T08:03:45+00:00","og_image":[{"width":800,"height":600,"url":"https:\/\/www.nebily.com\/shop\/wp-content\/uploads\/Aco.spray-Wespen-PLUS-800-x-600.jpg","type":"image\/jpeg"}],"twitter_card":"summary_large_image","twitter_misc":{"Gesch\u00e4tzte Lesezeit":"2\u00a0Minuten"},"schema":{"@context":"https:\/\/schema.org","@graph":[{"@type":"WebPage","@id":"https:\/\/www.nebily.com\/shop\/feuerwehr-produkte\/wespenspray-plus-mit-spruehrohr\/","url":"https:\/\/www.nebily.com\/shop\/feuerwehr-produkte\/wespenspray-plus-mit-spruehrohr\/","name":"Wespenspray Plus | NEBILY Online Shop","isPartOf":{"@id":"https:\/\/www.nebily.com\/shop\/#website"},"primaryImageOfPage":{"@id":"https:\/\/www.nebily.com\/shop\/feuerwehr-produkte\/wespenspray-plus-mit-spruehrohr\/#primaryimage"},"image":{"@id":"https:\/\/www.nebily.com\/shop\/feuerwehr-produkte\/wespenspray-plus-mit-spruehrohr\/#primaryimage"},"thumbnailUrl":"https:\/\/www.nebily.com\/shop\/wp-content\/uploads\/Aco.spray-Wespen-PLUS-800-x-600.jpg","datePublished":"2015-09-18T19:00:26+00:00","dateModified":"2026-01-02T08:03:45+00:00","description":"Wespenspray mit schneller Sofortwirkung und Spr\u00fchrohr zur gezielten Nest Bek\u00e4mpfung. Langzeitwirkung eine Neubesiedelung zu verhindern.","breadcrumb":{"@id":"https:\/\/www.nebily.com\/shop\/feuerwehr-produkte\/wespenspray-plus-mit-spruehrohr\/#breadcrumb"},"inLanguage":"de","potentialAction":[{"@type":"ReadAction","target":["https:\/\/www.nebily.com\/shop\/feuerwehr-produkte\/wespenspray-plus-mit-spruehrohr\/"]}]},{"@type":"ImageObject","inLanguage":"de","@id":"https:\/\/www.nebily.com\/shop\/feuerwehr-produkte\/wespenspray-plus-mit-spruehrohr\/#primaryimage","url":"https:\/\/www.nebily.com\/shop\/wp-content\/uploads\/Aco.spray-Wespen-PLUS-800-x-600.jpg","contentUrl":"https:\/\/www.nebily.com\/shop\/wp-content\/uploads\/Aco.spray-Wespen-PLUS-800-x-600.jpg","width":800,"height":600},{"@type":"BreadcrumbList","@id":"https:\/\/www.nebily.com\/shop\/feuerwehr-produkte\/wespenspray-plus-mit-spruehrohr\/#breadcrumb","itemListElement":[{"@type":"ListItem","position":1,"name":"Home","item":"https:\/\/www.nebily.com\/shop\/"},{"@type":"ListItem","position":2,"name":"Shop","item":"https:\/\/www.nebily.com\/shop\/"},{"@type":"ListItem","position":3,"name":"Wespenspray Plus &#8211; 6er Pack"}]},{"@type":"WebSite","@id":"https:\/\/www.nebily.com\/shop\/#website","url":"https:\/\/www.nebily.com\/shop\/","name":"NEBILY Ges.m.b.H.","description":"","potentialAction":[{"@type":"SearchAction","target":{"@type":"EntryPoint","urlTemplate":"https:\/\/www.nebily.com\/shop\/?s={search_term_string}"},"query-input":{"@type":"PropertyValueSpecification","valueRequired":true,"valueName":"search_term_string"}}],"inLanguage":"de"}]}},"_links":{"self":[{"href":"https:\/\/www.nebily.com\/shop\/wp-json\/wp\/v2\/product\/1050","targetHints":{"allow":["GET"]}}],"collection":[{"href":"https:\/\/www.nebily.com\/shop\/wp-json\/wp\/v2\/product"}],"about":[{"href":"https:\/\/www.nebily.com\/shop\/wp-json\/wp\/v2\/types\/product"}],"replies":[{"embeddable":true,"href":"https:\/\/www.nebily.com\/shop\/wp-json\/wp\/v2\/comments?post=1050"}],"wp:featuredmedia":[{"embeddable":true,"href":"https:\/\/www.nebily.com\/shop\/wp-json\/wp\/v2\/media\/9312"}],"wp:attachment":[{"href":"https:\/\/www.nebily.com\/shop\/wp-json\/wp\/v2\/media?parent=1050"}],"curies":[{"name":"wp","href":"https:\/\/api.w.org\/{rel}","templated":true}]}}