{"id":1047,"date":"2015-09-18T19:49:31","date_gmt":"2015-09-18T18:49:31","guid":{"rendered":"http:\/\/nebily.com.w013807b.kasserver.com\/?post_type=product&#038;p=1047"},"modified":"2025-05-12T17:19:12","modified_gmt":"2025-05-12T16:19:12","slug":"wespenfalle-profi","status":"publish","type":"product","link":"https:\/\/www.nebily.com\/shop\/natuerlich-biologisch\/wespenfalle-profi\/","title":{"rendered":"Wespenfalle Profi \/ Fliegenfalle Profi"},"content":{"rendered":"<p>Kwizda Wespenfalle Profi\u00a0 bzw. SWIRR Wespenfalle f\u00fcr Terasse, Garten und Gastgarten.<\/p>\n<p>Ein Wespenstich ist schmerzhaft und die Folgen k\u00f6nnen unangenehm sein, f\u00fcr Allergiker sogar lebensbedrohlich. Von vielen Menschen werden Wespen als Bedrohung empfunden. Besonders l\u00e4stig sind sie in Gastronomiebetrieben oder in der unmittelbaren N\u00e4he von Wohnung, Haus, Terrasse oder Garten, denn auf der Suche nach Nahrung kann es auch zum Angriff auf Menschen kommen.<\/p>\n<p>F\u00fcr solche F\u00e4lle steht die stabile Kunststoff-Falle Profi zum Fangen von Wespen zur Verf\u00fcgung. Der Lockstoff lockt Wespen in den Fangbeh\u00e4lter, lockt aber <strong>keine<\/strong> Bienen an. Der Lockstoff basiert auf Nahrungsmittelaromen und ist daher biologisch abbaubar.<\/p>\n<p>Nach 3-4 Wochen, oder wenn die Falle voll ist, tauscht man den Lockstoff aus.<\/p>\n<ul>\n<li>inkl. 1\u00a0Lockstoff-F\u00fcllung<\/li>\n<li>einfache Handhabung<\/li>\n<li>wiederverwendbar<\/li>\n<li><span style=\"line-height: 1.5;\">spezieller Lockstoff\u00a0&#8211; keine\u00a0Lockwirkung auf Nutzinsekten<\/span><\/li>\n<li>Lockradius 5 &#8211; 6 Meter, ca. 3 &#8211; 4 Wochen einsatzbereit<\/li>\n<li>im Innen- und Au\u00dfenbereich einsetzbar<\/li>\n<\/ul>\n<p>Die geeigneten Nachf\u00fcllungen sind separat erh\u00e4ltlich:<\/p>\n<ul>\n<li><a href=\"https:\/\/www.nebily.com\/shop\/natuerlich-biologisch\/nachfuellung-lockstoff-1-liter-fuer-wespenfalle-fliegenfalle-profi\/\">1 Liter Nachf\u00fcllung &#8211; wiederverschlie\u00dfbar<\/a><\/li>\n<li>400 ml Beutel<\/li>\n<\/ul>\n<hr \/>\n<p>Produktinformation und Sicherheitsdatenblatt:<\/p>\n\n<!-- Generated using Document Gallery. Get yours here: http:\/\/wordpress.org\/extend\/plugins\/document-gallery -->\n<div id=\"document-gallery-1\" class=\"document-gallery\" data-shortcode='{\"id\":1047,\"include\":\"6992,6993\",\"exclude\":\"\",\"columns\":4,\"descriptions\":false,\"fancy\":true,\"order\":\"ASC\",\"orderby\":\"post__in\",\"relation\":\"AND\",\"limit\":-1,\"mime_types\":\"application,video,text,audio,image\",\"new_window\":true,\"post_status\":\"any\",\"post_type\":\"attachment\",\"attachment_pg\":false,\"paginate\":true,\"skip\":0}' data-icon-width='24'>\n<div class='document-icon-row'>\n   <div class=\"document-icon\">\n      <a href=\"https:\/\/www.nebily.com\/shop\/wp-content\/uploads\/Wespen-_und_Fliegenfalle_Profi.pdf\" target=\"_blank\">\n         <img decoding=\"async\" src=\"https:\/\/www.nebily.com\/shop\/wp-content\/uploads\/Wespen-_und_Fliegenfalle_Profi-thumb.png\" title=\"Wespen-_und_Fliegenfalle_Profi\" alt=\"Wespen-_und_Fliegenfalle_Profi\" data-ext=\"pdf\"\/>\n         <span class=\"title\">Wespen-_und_Fliegenfalle_Profi<\/span>\n      <\/a>\n   <\/div>\n   <div class=\"document-icon\">\n      <a href=\"https:\/\/www.nebily.com\/shop\/wp-content\/uploads\/SDB_Wespen-und_Fliegenfalle_07-2019.pdf\" target=\"_blank\">\n         <img decoding=\"async\" src=\"https:\/\/www.nebily.com\/shop\/wp-content\/uploads\/SDB_Wespen-und_Fliegenfalle_07-2019-thumb.png\" title=\"SDB_Wespen-und_Fliegenfalle_07-2019\" alt=\"SDB_Wespen-und_Fliegenfalle_07-2019\" data-ext=\"pdf\"\/>\n         <span class=\"title\">SDB_Wespen-und_Fliegenfalle_07-2019<\/span>\n      <\/a>\n   <\/div>\n\n<\/div>\n<\/div>\n<p>&nbsp;<\/p>\n","protected":false},"excerpt":{"rendered":"<p>Kwizda Wespenfalle Profi\u00a0 bzw. SWIRR Wespenfalle f\u00fcr Terasse, Garten und Gastgarten. Ein Wespenstich ist schmerzhaft und die Folgen k\u00f6nnen unangenehm sein, f\u00fcr Allergiker sogar lebensbedrohlich. Von vielen Menschen werden Wespen als Bedrohung empfunden. Besonders l\u00e4stig sind sie in Gastronomiebetrieben oder in der unmittelbaren N\u00e4he von Wohnung, Haus, Terrasse oder Garten, denn auf der Suche nach &hellip; <a href=\"https:\/\/www.nebily.com\/shop\/natuerlich-biologisch\/wespenfalle-profi\/\">Continued<\/a><\/p>\n","protected":false},"featured_media":1203,"comment_status":"closed","ping_status":"closed","template":"","meta":[],"class_list":{"0":"post-1047","1":"product","2":"type-product","3":"status-publish","4":"has-post-thumbnail","6":"product_cat-natuerlich-biologisch","7":"product_cat-schaedlingsvorsorge-haccp","8":"product_cat-fluginsekten","10":"first","11":"instock","12":"sale","13":"featured","14":"taxable","15":"shipping-taxable","16":"product-type-variable"},"yoast_head":"<!-- This site is optimized with the Yoast SEO plugin v25.1 - https:\/\/yoast.com\/wordpress\/plugins\/seo\/ -->\n<title>Wespen- &amp; Fliegenfalle Profi | NEBILY Online Shop<\/title>\n<meta name=\"description\" content=\"Stabile Kunststoff-Falle zum Fangen von Wespen und Fliegen. Der Lockstoff basiert auf Nahrungsmittelaromen und ist daher biologisch abbaubar.\" \/>\n<meta name=\"robots\" content=\"index, follow, max-snippet:-1, max-image-preview:large, max-video-preview:-1\" \/>\n<link rel=\"canonical\" href=\"https:\/\/www.nebily.com\/shop\/natuerlich-biologisch\/wespenfalle-profi\/\" \/>\n<meta property=\"og:locale\" content=\"de_DE\" \/>\n<meta property=\"og:type\" content=\"article\" \/>\n<meta property=\"og:title\" content=\"Wespen- &amp; Fliegenfalle Profi | NEBILY Online Shop\" \/>\n<meta property=\"og:description\" content=\"Stabile Kunststoff-Falle zum Fangen von Wespen und Fliegen. Der Lockstoff basiert auf Nahrungsmittelaromen und ist daher biologisch abbaubar.\" \/>\n<meta property=\"og:url\" content=\"https:\/\/www.nebily.com\/shop\/natuerlich-biologisch\/wespenfalle-profi\/\" \/>\n<meta property=\"og:site_name\" content=\"NEBILY Ges.m.b.H.\" \/>\n<meta property=\"article:publisher\" content=\"https:\/\/www.facebook.com\/NebilyGesmbH\/\" \/>\n<meta property=\"article:modified_time\" content=\"2025-05-12T16:19:12+00:00\" \/>\n<meta property=\"og:image\" content=\"https:\/\/www.nebily.com\/shop\/wp-content\/uploads\/2015\/09\/Produkt_NBVS001_wespenfall-wespe.jpg\" \/>\n\t<meta property=\"og:image:width\" content=\"800\" \/>\n\t<meta property=\"og:image:height\" content=\"600\" \/>\n\t<meta property=\"og:image:type\" content=\"image\/jpeg\" \/>\n<meta name=\"twitter:card\" content=\"summary_large_image\" \/>\n<meta name=\"twitter:label1\" content=\"Gesch\u00e4tzte Lesezeit\" \/>\n\t<meta name=\"twitter:data1\" content=\"2\u00a0Minuten\" \/>\n<script type=\"application\/ld+json\" class=\"yoast-schema-graph\">{\"@context\":\"https:\/\/schema.org\",\"@graph\":[{\"@type\":\"WebPage\",\"@id\":\"https:\/\/www.nebily.com\/shop\/natuerlich-biologisch\/wespenfalle-profi\/\",\"url\":\"https:\/\/www.nebily.com\/shop\/natuerlich-biologisch\/wespenfalle-profi\/\",\"name\":\"Wespen- & Fliegenfalle Profi | NEBILY Online Shop\",\"isPartOf\":{\"@id\":\"https:\/\/www.nebily.com\/shop\/#website\"},\"primaryImageOfPage\":{\"@id\":\"https:\/\/www.nebily.com\/shop\/natuerlich-biologisch\/wespenfalle-profi\/#primaryimage\"},\"image\":{\"@id\":\"https:\/\/www.nebily.com\/shop\/natuerlich-biologisch\/wespenfalle-profi\/#primaryimage\"},\"thumbnailUrl\":\"https:\/\/www.nebily.com\/shop\/wp-content\/uploads\/2015\/09\/Produkt_NBVS001_wespenfall-wespe.jpg\",\"datePublished\":\"2015-09-18T18:49:31+00:00\",\"dateModified\":\"2025-05-12T16:19:12+00:00\",\"description\":\"Stabile Kunststoff-Falle zum Fangen von Wespen und Fliegen. Der Lockstoff basiert auf Nahrungsmittelaromen und ist daher biologisch abbaubar.\",\"breadcrumb\":{\"@id\":\"https:\/\/www.nebily.com\/shop\/natuerlich-biologisch\/wespenfalle-profi\/#breadcrumb\"},\"inLanguage\":\"de\",\"potentialAction\":[{\"@type\":\"ReadAction\",\"target\":[\"https:\/\/www.nebily.com\/shop\/natuerlich-biologisch\/wespenfalle-profi\/\"]}]},{\"@type\":\"ImageObject\",\"inLanguage\":\"de\",\"@id\":\"https:\/\/www.nebily.com\/shop\/natuerlich-biologisch\/wespenfalle-profi\/#primaryimage\",\"url\":\"https:\/\/www.nebily.com\/shop\/wp-content\/uploads\/2015\/09\/Produkt_NBVS001_wespenfall-wespe.jpg\",\"contentUrl\":\"https:\/\/www.nebily.com\/shop\/wp-content\/uploads\/2015\/09\/Produkt_NBVS001_wespenfall-wespe.jpg\",\"width\":800,\"height\":600},{\"@type\":\"BreadcrumbList\",\"@id\":\"https:\/\/www.nebily.com\/shop\/natuerlich-biologisch\/wespenfalle-profi\/#breadcrumb\",\"itemListElement\":[{\"@type\":\"ListItem\",\"position\":1,\"name\":\"Home\",\"item\":\"https:\/\/www.nebily.com\/shop\/\"},{\"@type\":\"ListItem\",\"position\":2,\"name\":\"Shop\",\"item\":\"https:\/\/www.nebily.com\/shop\/\"},{\"@type\":\"ListItem\",\"position\":3,\"name\":\"Wespenfalle Profi \/ Fliegenfalle Profi\"}]},{\"@type\":\"WebSite\",\"@id\":\"https:\/\/www.nebily.com\/shop\/#website\",\"url\":\"https:\/\/www.nebily.com\/shop\/\",\"name\":\"NEBILY Ges.m.b.H.\",\"description\":\"\",\"potentialAction\":[{\"@type\":\"SearchAction\",\"target\":{\"@type\":\"EntryPoint\",\"urlTemplate\":\"https:\/\/www.nebily.com\/shop\/?s={search_term_string}\"},\"query-input\":{\"@type\":\"PropertyValueSpecification\",\"valueRequired\":true,\"valueName\":\"search_term_string\"}}],\"inLanguage\":\"de\"}]}<\/script>\n<!-- \/ Yoast SEO plugin. -->","yoast_head_json":{"title":"Wespen- & Fliegenfalle Profi | NEBILY Online Shop","description":"Stabile Kunststoff-Falle zum Fangen von Wespen und Fliegen. Der Lockstoff basiert auf Nahrungsmittelaromen und ist daher biologisch abbaubar.","robots":{"index":"index","follow":"follow","max-snippet":"max-snippet:-1","max-image-preview":"max-image-preview:large","max-video-preview":"max-video-preview:-1"},"canonical":"https:\/\/www.nebily.com\/shop\/natuerlich-biologisch\/wespenfalle-profi\/","og_locale":"de_DE","og_type":"article","og_title":"Wespen- & Fliegenfalle Profi | NEBILY Online Shop","og_description":"Stabile Kunststoff-Falle zum Fangen von Wespen und Fliegen. Der Lockstoff basiert auf Nahrungsmittelaromen und ist daher biologisch abbaubar.","og_url":"https:\/\/www.nebily.com\/shop\/natuerlich-biologisch\/wespenfalle-profi\/","og_site_name":"NEBILY Ges.m.b.H.","article_publisher":"https:\/\/www.facebook.com\/NebilyGesmbH\/","article_modified_time":"2025-05-12T16:19:12+00:00","og_image":[{"width":800,"height":600,"url":"https:\/\/www.nebily.com\/shop\/wp-content\/uploads\/2015\/09\/Produkt_NBVS001_wespenfall-wespe.jpg","type":"image\/jpeg"}],"twitter_card":"summary_large_image","twitter_misc":{"Gesch\u00e4tzte Lesezeit":"2\u00a0Minuten"},"schema":{"@context":"https:\/\/schema.org","@graph":[{"@type":"WebPage","@id":"https:\/\/www.nebily.com\/shop\/natuerlich-biologisch\/wespenfalle-profi\/","url":"https:\/\/www.nebily.com\/shop\/natuerlich-biologisch\/wespenfalle-profi\/","name":"Wespen- & Fliegenfalle Profi | NEBILY Online Shop","isPartOf":{"@id":"https:\/\/www.nebily.com\/shop\/#website"},"primaryImageOfPage":{"@id":"https:\/\/www.nebily.com\/shop\/natuerlich-biologisch\/wespenfalle-profi\/#primaryimage"},"image":{"@id":"https:\/\/www.nebily.com\/shop\/natuerlich-biologisch\/wespenfalle-profi\/#primaryimage"},"thumbnailUrl":"https:\/\/www.nebily.com\/shop\/wp-content\/uploads\/2015\/09\/Produkt_NBVS001_wespenfall-wespe.jpg","datePublished":"2015-09-18T18:49:31+00:00","dateModified":"2025-05-12T16:19:12+00:00","description":"Stabile Kunststoff-Falle zum Fangen von Wespen und Fliegen. Der Lockstoff basiert auf Nahrungsmittelaromen und ist daher biologisch abbaubar.","breadcrumb":{"@id":"https:\/\/www.nebily.com\/shop\/natuerlich-biologisch\/wespenfalle-profi\/#breadcrumb"},"inLanguage":"de","potentialAction":[{"@type":"ReadAction","target":["https:\/\/www.nebily.com\/shop\/natuerlich-biologisch\/wespenfalle-profi\/"]}]},{"@type":"ImageObject","inLanguage":"de","@id":"https:\/\/www.nebily.com\/shop\/natuerlich-biologisch\/wespenfalle-profi\/#primaryimage","url":"https:\/\/www.nebily.com\/shop\/wp-content\/uploads\/2015\/09\/Produkt_NBVS001_wespenfall-wespe.jpg","contentUrl":"https:\/\/www.nebily.com\/shop\/wp-content\/uploads\/2015\/09\/Produkt_NBVS001_wespenfall-wespe.jpg","width":800,"height":600},{"@type":"BreadcrumbList","@id":"https:\/\/www.nebily.com\/shop\/natuerlich-biologisch\/wespenfalle-profi\/#breadcrumb","itemListElement":[{"@type":"ListItem","position":1,"name":"Home","item":"https:\/\/www.nebily.com\/shop\/"},{"@type":"ListItem","position":2,"name":"Shop","item":"https:\/\/www.nebily.com\/shop\/"},{"@type":"ListItem","position":3,"name":"Wespenfalle Profi \/ Fliegenfalle Profi"}]},{"@type":"WebSite","@id":"https:\/\/www.nebily.com\/shop\/#website","url":"https:\/\/www.nebily.com\/shop\/","name":"NEBILY Ges.m.b.H.","description":"","potentialAction":[{"@type":"SearchAction","target":{"@type":"EntryPoint","urlTemplate":"https:\/\/www.nebily.com\/shop\/?s={search_term_string}"},"query-input":{"@type":"PropertyValueSpecification","valueRequired":true,"valueName":"search_term_string"}}],"inLanguage":"de"}]}},"_links":{"self":[{"href":"https:\/\/www.nebily.com\/shop\/wp-json\/wp\/v2\/product\/1047","targetHints":{"allow":["GET"]}}],"collection":[{"href":"https:\/\/www.nebily.com\/shop\/wp-json\/wp\/v2\/product"}],"about":[{"href":"https:\/\/www.nebily.com\/shop\/wp-json\/wp\/v2\/types\/product"}],"replies":[{"embeddable":true,"href":"https:\/\/www.nebily.com\/shop\/wp-json\/wp\/v2\/comments?post=1047"}],"wp:featuredmedia":[{"embeddable":true,"href":"https:\/\/www.nebily.com\/shop\/wp-json\/wp\/v2\/media\/1203"}],"wp:attachment":[{"href":"https:\/\/www.nebily.com\/shop\/wp-json\/wp\/v2\/media?parent=1047"}],"curies":[{"name":"wp","href":"https:\/\/api.w.org\/{rel}","templated":true}]}}