{"id":1038,"date":"2015-09-18T19:19:06","date_gmt":"2015-09-18T17:19:06","guid":{"rendered":"http:\/\/nebily.com.w013807b.kasserver.com\/?post_type=product&#038;p=1038"},"modified":"2026-03-27T09:27:54","modified_gmt":"2026-03-27T08:27:54","slug":"etisso-ungeziefer-koederdose","status":"publish","type":"product","link":"https:\/\/www.nebily.com\/shop\/kriechinsekten\/etisso-ungeziefer-koederdose\/","title":{"rendered":"Etisso Ungeziefer K\u00f6derdose 2er-Pack"},"content":{"rendered":"<p>Diese anwendungsfertige K\u00f6derdose eignet sich hervorragend zur akuten und vorbeugenden Bek\u00e4mpfung von Ungeziefer.<\/p>\n<p>Die Kombination der verwendeten Wirkstoffe ist kriechenden Insekten gegen\u00fcber sehr effizient! Ganz besonders Silberfische, Kellerasseln oder Schaben werden davon angezogen. Die Wirk- und Lockstoffe befinden sich in einer Tablette, die in der Dose befestigt ist. So ist sie f\u00fcr Kinder und Haustiere au\u00dfer Reichweite und kann direkt in den befallenen R\u00e4umen platziert werden.<\/p>\n<p>Die K\u00f6derdose l\u00e4sst sich durch einen einfachen Drehmechanismus \u00f6ffnen und wieder verschlie\u00dfen. Au\u00dferdem befindet sich ein Klebestreifen an der Unterseite der Dose, um sie zB. auch an W\u00e4nden zu befestigen.<\/p>\n<p><strong>Anwendungshinweise:<\/strong><\/p>\n<p>Direkt bei den Laufstra\u00dfen der Insekten und in den befallenen R\u00e4umen aufstellen. Pro 5m\u00b2 sollte 1 Dose verwendet werden, bei starkem Befall jedoch mehr. Die K\u00f6derdosen so lange erneuern bis keine K\u00f6derannahme mehr stattfindet.<\/p>\n<hr \/>\n<p>Produktinformation und Sicherheitsdatenblatt:<\/p>\n\n<!-- Generated using Document Gallery. Get yours here: http:\/\/wordpress.org\/extend\/plugins\/document-gallery -->\n<div id=\"document-gallery-1\" class=\"document-gallery\" data-shortcode='{\"id\":1038,\"include\":\"7006,7007\",\"exclude\":\"\",\"columns\":4,\"descriptions\":false,\"fancy\":true,\"order\":\"ASC\",\"orderby\":\"post__in\",\"relation\":\"AND\",\"limit\":-1,\"mime_types\":\"application,video,text,audio,image\",\"new_window\":true,\"post_status\":\"any\",\"post_type\":\"attachment\",\"attachment_pg\":false,\"paginate\":true,\"skip\":0}' data-icon-width='24'>\n<div class='document-icon-row'>\n   <div class=\"document-icon\">\n      <a href=\"https:\/\/www.nebily.com\/shop\/wp-content\/uploads\/ETISSO_Ungeziefer-Koeder_Produktinformation.pdf\" target=\"_blank\">\n         <img decoding=\"async\" src=\"https:\/\/www.nebily.com\/shop\/wp-content\/uploads\/ETISSO_Ungeziefer-Koeder_Produktinformation-thumb.png\" title=\"ETISSO_Ungeziefer-Koeder_Produktinformation\" alt=\"ETISSO_Ungeziefer-Koeder_Produktinformation\" data-ext=\"pdf\"\/>\n         <span class=\"title\">ETISSO_Ungeziefer-Koeder_Produktinformation<\/span>\n      <\/a>\n   <\/div>\n   <div class=\"document-icon\">\n      <a href=\"https:\/\/www.nebily.com\/shop\/wp-content\/uploads\/SDB_Etisso-Ungeziefer-K\u00f6derdose_02-2020.pdf\" target=\"_blank\">\n         <img decoding=\"async\" src=\"https:\/\/www.nebily.com\/shop\/wp-content\/uploads\/SDB_Etisso-Ungeziefer-K\u00f6derdose_02-2020-thumb.png\" title=\"SDB_Etisso Ungeziefer-K\u00f6derdose_02-2020\" alt=\"SDB_Etisso Ungeziefer-K\u00f6derdose_02-2020\" data-ext=\"pdf\"\/>\n         <span class=\"title\">SDB_Etisso Ungeziefer-K\u00f6derdose_02-2020<\/span>\n      <\/a>\n   <\/div>\n\n<\/div>\n<\/div>\n","protected":false},"excerpt":{"rendered":"<p>Diese anwendungsfertige K\u00f6derdose eignet sich hervorragend zur akuten und vorbeugenden Bek\u00e4mpfung von Ungeziefer. Die Kombination der verwendeten Wirkstoffe ist kriechenden Insekten gegen\u00fcber sehr effizient! Ganz besonders Silberfische, Kellerasseln oder Schaben werden davon angezogen. Die Wirk- und Lockstoffe befinden sich in einer Tablette, die in der Dose befestigt ist. So ist sie f\u00fcr Kinder und Haustiere &hellip; <a href=\"https:\/\/www.nebily.com\/shop\/kriechinsekten\/etisso-ungeziefer-koederdose\/\">Continued<\/a><\/p>\n","protected":false},"featured_media":4911,"comment_status":"closed","ping_status":"closed","template":"","meta":[],"class_list":{"0":"post-1038","1":"product","2":"type-product","3":"status-publish","4":"has-post-thumbnail","6":"product_cat-kriechinsekten","8":"first","9":"outofstock","10":"taxable","11":"shipping-taxable","12":"product-type-simple"},"yoast_head":"<!-- This site is optimized with the Yoast SEO plugin v25.1 - https:\/\/yoast.com\/wordpress\/plugins\/seo\/ -->\n<title>Etisso Ungeziefer-K\u00f6derdose | NEBILY Online Shop<\/title>\n<meta name=\"description\" content=\"Diese anwendungsfertige K\u00f6derdose ist hervorragend f\u00fcr die akute und vorbeugende Bek\u00e4mpfung von kriechenden Insekten - sicher &amp; effizient!\" \/>\n<meta name=\"robots\" content=\"index, follow, max-snippet:-1, max-image-preview:large, max-video-preview:-1\" \/>\n<link rel=\"canonical\" href=\"https:\/\/www.nebily.com\/shop\/kriechinsekten\/etisso-ungeziefer-koederdose\/\" \/>\n<meta property=\"og:locale\" content=\"de_DE\" \/>\n<meta property=\"og:type\" content=\"article\" \/>\n<meta property=\"og:title\" content=\"Etisso Ungeziefer-K\u00f6derdose | NEBILY Online Shop\" \/>\n<meta property=\"og:description\" content=\"Diese anwendungsfertige K\u00f6derdose ist hervorragend f\u00fcr die akute und vorbeugende Bek\u00e4mpfung von kriechenden Insekten - sicher &amp; effizient!\" \/>\n<meta property=\"og:url\" content=\"https:\/\/www.nebily.com\/shop\/kriechinsekten\/etisso-ungeziefer-koederdose\/\" \/>\n<meta property=\"og:site_name\" content=\"NEBILY Ges.m.b.H.\" \/>\n<meta property=\"article:publisher\" content=\"https:\/\/www.facebook.com\/NebilyGesmbH\/\" \/>\n<meta property=\"article:modified_time\" content=\"2026-03-27T08:27:54+00:00\" \/>\n<meta property=\"og:image\" content=\"https:\/\/www.nebily.com\/shop\/wp-content\/uploads\/Produkt_JOZF00025_K\u00f6derdoseinsects.jpg\" \/>\n\t<meta property=\"og:image:width\" content=\"800\" \/>\n\t<meta property=\"og:image:height\" content=\"600\" \/>\n\t<meta property=\"og:image:type\" content=\"image\/jpeg\" \/>\n<meta name=\"twitter:card\" content=\"summary_large_image\" \/>\n<meta name=\"twitter:label1\" content=\"Gesch\u00e4tzte Lesezeit\" \/>\n\t<meta name=\"twitter:data1\" content=\"1\u00a0Minute\" \/>\n<script type=\"application\/ld+json\" class=\"yoast-schema-graph\">{\"@context\":\"https:\/\/schema.org\",\"@graph\":[{\"@type\":\"WebPage\",\"@id\":\"https:\/\/www.nebily.com\/shop\/kriechinsekten\/etisso-ungeziefer-koederdose\/\",\"url\":\"https:\/\/www.nebily.com\/shop\/kriechinsekten\/etisso-ungeziefer-koederdose\/\",\"name\":\"Etisso Ungeziefer-K\u00f6derdose | NEBILY Online Shop\",\"isPartOf\":{\"@id\":\"https:\/\/www.nebily.com\/shop\/#website\"},\"primaryImageOfPage\":{\"@id\":\"https:\/\/www.nebily.com\/shop\/kriechinsekten\/etisso-ungeziefer-koederdose\/#primaryimage\"},\"image\":{\"@id\":\"https:\/\/www.nebily.com\/shop\/kriechinsekten\/etisso-ungeziefer-koederdose\/#primaryimage\"},\"thumbnailUrl\":\"https:\/\/www.nebily.com\/shop\/wp-content\/uploads\/Produkt_JOZF00025_K\u00f6derdoseinsects.jpg\",\"datePublished\":\"2015-09-18T17:19:06+00:00\",\"dateModified\":\"2026-03-27T08:27:54+00:00\",\"description\":\"Diese anwendungsfertige K\u00f6derdose ist hervorragend f\u00fcr die akute und vorbeugende Bek\u00e4mpfung von kriechenden Insekten - sicher & effizient!\",\"breadcrumb\":{\"@id\":\"https:\/\/www.nebily.com\/shop\/kriechinsekten\/etisso-ungeziefer-koederdose\/#breadcrumb\"},\"inLanguage\":\"de\",\"potentialAction\":[{\"@type\":\"ReadAction\",\"target\":[\"https:\/\/www.nebily.com\/shop\/kriechinsekten\/etisso-ungeziefer-koederdose\/\"]}]},{\"@type\":\"ImageObject\",\"inLanguage\":\"de\",\"@id\":\"https:\/\/www.nebily.com\/shop\/kriechinsekten\/etisso-ungeziefer-koederdose\/#primaryimage\",\"url\":\"https:\/\/www.nebily.com\/shop\/wp-content\/uploads\/Produkt_JOZF00025_K\u00f6derdoseinsects.jpg\",\"contentUrl\":\"https:\/\/www.nebily.com\/shop\/wp-content\/uploads\/Produkt_JOZF00025_K\u00f6derdoseinsects.jpg\",\"width\":800,\"height\":600},{\"@type\":\"BreadcrumbList\",\"@id\":\"https:\/\/www.nebily.com\/shop\/kriechinsekten\/etisso-ungeziefer-koederdose\/#breadcrumb\",\"itemListElement\":[{\"@type\":\"ListItem\",\"position\":1,\"name\":\"Home\",\"item\":\"https:\/\/www.nebily.com\/shop\/\"},{\"@type\":\"ListItem\",\"position\":2,\"name\":\"Shop\",\"item\":\"https:\/\/www.nebily.com\/shop\/\"},{\"@type\":\"ListItem\",\"position\":3,\"name\":\"Etisso Ungeziefer K\u00f6derdose 2er-Pack\"}]},{\"@type\":\"WebSite\",\"@id\":\"https:\/\/www.nebily.com\/shop\/#website\",\"url\":\"https:\/\/www.nebily.com\/shop\/\",\"name\":\"NEBILY Ges.m.b.H.\",\"description\":\"\",\"potentialAction\":[{\"@type\":\"SearchAction\",\"target\":{\"@type\":\"EntryPoint\",\"urlTemplate\":\"https:\/\/www.nebily.com\/shop\/?s={search_term_string}\"},\"query-input\":{\"@type\":\"PropertyValueSpecification\",\"valueRequired\":true,\"valueName\":\"search_term_string\"}}],\"inLanguage\":\"de\"}]}<\/script>\n<!-- \/ Yoast SEO plugin. -->","yoast_head_json":{"title":"Etisso Ungeziefer-K\u00f6derdose | NEBILY Online Shop","description":"Diese anwendungsfertige K\u00f6derdose ist hervorragend f\u00fcr die akute und vorbeugende Bek\u00e4mpfung von kriechenden Insekten - sicher & effizient!","robots":{"index":"index","follow":"follow","max-snippet":"max-snippet:-1","max-image-preview":"max-image-preview:large","max-video-preview":"max-video-preview:-1"},"canonical":"https:\/\/www.nebily.com\/shop\/kriechinsekten\/etisso-ungeziefer-koederdose\/","og_locale":"de_DE","og_type":"article","og_title":"Etisso Ungeziefer-K\u00f6derdose | NEBILY Online Shop","og_description":"Diese anwendungsfertige K\u00f6derdose ist hervorragend f\u00fcr die akute und vorbeugende Bek\u00e4mpfung von kriechenden Insekten - sicher & effizient!","og_url":"https:\/\/www.nebily.com\/shop\/kriechinsekten\/etisso-ungeziefer-koederdose\/","og_site_name":"NEBILY Ges.m.b.H.","article_publisher":"https:\/\/www.facebook.com\/NebilyGesmbH\/","article_modified_time":"2026-03-27T08:27:54+00:00","og_image":[{"width":800,"height":600,"url":"https:\/\/www.nebily.com\/shop\/wp-content\/uploads\/Produkt_JOZF00025_K\u00f6derdoseinsects.jpg","type":"image\/jpeg"}],"twitter_card":"summary_large_image","twitter_misc":{"Gesch\u00e4tzte Lesezeit":"1\u00a0Minute"},"schema":{"@context":"https:\/\/schema.org","@graph":[{"@type":"WebPage","@id":"https:\/\/www.nebily.com\/shop\/kriechinsekten\/etisso-ungeziefer-koederdose\/","url":"https:\/\/www.nebily.com\/shop\/kriechinsekten\/etisso-ungeziefer-koederdose\/","name":"Etisso Ungeziefer-K\u00f6derdose | NEBILY Online Shop","isPartOf":{"@id":"https:\/\/www.nebily.com\/shop\/#website"},"primaryImageOfPage":{"@id":"https:\/\/www.nebily.com\/shop\/kriechinsekten\/etisso-ungeziefer-koederdose\/#primaryimage"},"image":{"@id":"https:\/\/www.nebily.com\/shop\/kriechinsekten\/etisso-ungeziefer-koederdose\/#primaryimage"},"thumbnailUrl":"https:\/\/www.nebily.com\/shop\/wp-content\/uploads\/Produkt_JOZF00025_K\u00f6derdoseinsects.jpg","datePublished":"2015-09-18T17:19:06+00:00","dateModified":"2026-03-27T08:27:54+00:00","description":"Diese anwendungsfertige K\u00f6derdose ist hervorragend f\u00fcr die akute und vorbeugende Bek\u00e4mpfung von kriechenden Insekten - sicher & effizient!","breadcrumb":{"@id":"https:\/\/www.nebily.com\/shop\/kriechinsekten\/etisso-ungeziefer-koederdose\/#breadcrumb"},"inLanguage":"de","potentialAction":[{"@type":"ReadAction","target":["https:\/\/www.nebily.com\/shop\/kriechinsekten\/etisso-ungeziefer-koederdose\/"]}]},{"@type":"ImageObject","inLanguage":"de","@id":"https:\/\/www.nebily.com\/shop\/kriechinsekten\/etisso-ungeziefer-koederdose\/#primaryimage","url":"https:\/\/www.nebily.com\/shop\/wp-content\/uploads\/Produkt_JOZF00025_K\u00f6derdoseinsects.jpg","contentUrl":"https:\/\/www.nebily.com\/shop\/wp-content\/uploads\/Produkt_JOZF00025_K\u00f6derdoseinsects.jpg","width":800,"height":600},{"@type":"BreadcrumbList","@id":"https:\/\/www.nebily.com\/shop\/kriechinsekten\/etisso-ungeziefer-koederdose\/#breadcrumb","itemListElement":[{"@type":"ListItem","position":1,"name":"Home","item":"https:\/\/www.nebily.com\/shop\/"},{"@type":"ListItem","position":2,"name":"Shop","item":"https:\/\/www.nebily.com\/shop\/"},{"@type":"ListItem","position":3,"name":"Etisso Ungeziefer K\u00f6derdose 2er-Pack"}]},{"@type":"WebSite","@id":"https:\/\/www.nebily.com\/shop\/#website","url":"https:\/\/www.nebily.com\/shop\/","name":"NEBILY Ges.m.b.H.","description":"","potentialAction":[{"@type":"SearchAction","target":{"@type":"EntryPoint","urlTemplate":"https:\/\/www.nebily.com\/shop\/?s={search_term_string}"},"query-input":{"@type":"PropertyValueSpecification","valueRequired":true,"valueName":"search_term_string"}}],"inLanguage":"de"}]}},"_links":{"self":[{"href":"https:\/\/www.nebily.com\/shop\/wp-json\/wp\/v2\/product\/1038","targetHints":{"allow":["GET"]}}],"collection":[{"href":"https:\/\/www.nebily.com\/shop\/wp-json\/wp\/v2\/product"}],"about":[{"href":"https:\/\/www.nebily.com\/shop\/wp-json\/wp\/v2\/types\/product"}],"replies":[{"embeddable":true,"href":"https:\/\/www.nebily.com\/shop\/wp-json\/wp\/v2\/comments?post=1038"}],"wp:featuredmedia":[{"embeddable":true,"href":"https:\/\/www.nebily.com\/shop\/wp-json\/wp\/v2\/media\/4911"}],"wp:attachment":[{"href":"https:\/\/www.nebily.com\/shop\/wp-json\/wp\/v2\/media?parent=1038"}],"curies":[{"name":"wp","href":"https:\/\/api.w.org\/{rel}","templated":true}]}}