{"id":1020,"date":"2015-09-18T17:41:23","date_gmt":"2015-09-18T15:41:23","guid":{"rendered":"http:\/\/nebily.com.w013807b.kasserver.com\/?post_type=product&#038;p=1020"},"modified":"2025-05-08T13:19:03","modified_gmt":"2025-05-08T12:19:03","slug":"maeusekoederbox","status":"publish","type":"product","link":"https:\/\/www.nebily.com\/shop\/nagetiere\/maeusekoederbox\/","title":{"rendered":"M\u00e4usek\u00f6derbox"},"content":{"rendered":"<p>Diese K\u00f6derboxen sind ein unverzichtbarer Bestandteil f\u00fcr jede betriebliche Sch\u00e4dlingsvorsorge!<\/p>\n<p>Die Lebensmittelhygieneverordnung sieht vor, dass jeder Betrieb im Lebensmittelbereich ein HACCP- oder IFS-Konzept erstellt. Dieses soll sicherstellen, dass eine laufende \u00dcberpr\u00fcfung auf Sch\u00e4dlinge garantiert ist. Zu diesen Sch\u00e4dlingen z\u00e4hlen u.a. M\u00e4use, Ratten, Schaben und Motten.<\/p>\n<p>Die M\u00e4usek\u00f6derboxen aus Hartplastik sind zugriffs- und manipulationssicher. \u00d6ffnen und schlie\u00dfen lassen sie sich nur mit dem mitgelieferten Schl\u00fcssel. Die Boxen erlauben das Ausbringen von Kontroll-Fra\u00dfk\u00f6dern, auch in sensiblen Bereichen.<\/p>\n<p>Passende K\u00f6der sind separat im Shop erh\u00e4ltlich: <a href=\"https:\/\/www.nebily.com\/shop\/schaedlingsvorsorge-haccp\/nontox-monitoring-koeder\/\">Nontox-Monitoringk\u00f6der<\/a>.<\/p>\n<hr \/>\n<p><strong>INFO:<\/strong> Aufgrund der aktuellen Zulassungen von <em>wirkstoffhaltigen<\/em> K\u00f6dern (K\u00f6der mit Bioziden) sind diese nicht mehr f\u00fcr Verbraucher verf\u00fcgbar. K\u00f6der ohne Wirkstoff, die der Befallskontrolle dienen, sind nach wie vor erh\u00e4ltlich.<\/p>\n<p>Alternativ k\u00f6nnen zur M\u00e4usebek\u00e4mpfung auch <a href=\"https:\/\/www.nebily.com\/shop\/schaedlingsvorsorge-haccp\/visierbox-mit-mausefalle\/\" target=\"_blank\" rel=\"noopener noreferrer\">Visierboxen mit Schlagfallen<\/a> eingesetzt werden.<\/p>\n<p>Bei Befallsfeststellung stehen wir Ihnen \u00f6sterreichweit selbstverst\u00e4ndlich auch als Sch\u00e4dlingsbek\u00e4mpfer mit unserer Dienstleistung, sehr gerne zu Verf\u00fcgung <a href=\"https:\/\/www.nebily.com\/schaedlingsbekaempfung\" target=\"_blank\" rel=\"noopener noreferrer\">&#8211; hier gehts zu unseren Angeboten<\/a><\/p>\n","protected":false},"excerpt":{"rendered":"<p>Diese K\u00f6derboxen sind ein unverzichtbarer Bestandteil f\u00fcr jede betriebliche Sch\u00e4dlingsvorsorge! Die Lebensmittelhygieneverordnung sieht vor, dass jeder Betrieb im Lebensmittelbereich ein HACCP- oder IFS-Konzept erstellt. Dieses soll sicherstellen, dass eine laufende \u00dcberpr\u00fcfung auf Sch\u00e4dlinge garantiert ist. Zu diesen Sch\u00e4dlingen z\u00e4hlen u.a. M\u00e4use, Ratten, Schaben und Motten. Die M\u00e4usek\u00f6derboxen aus Hartplastik sind zugriffs- und manipulationssicher. \u00d6ffnen und &hellip; <a href=\"https:\/\/www.nebily.com\/shop\/nagetiere\/maeusekoederbox\/\">Continued<\/a><\/p>\n","protected":false},"featured_media":1062,"comment_status":"closed","ping_status":"closed","template":"","meta":[],"class_list":{"0":"post-1020","1":"product","2":"type-product","3":"status-publish","4":"has-post-thumbnail","6":"product_cat-schaedlingsvorsorge-haccp","7":"product_cat-nagetiere","9":"first","10":"instock","11":"featured","12":"taxable","13":"shipping-taxable","14":"product-type-variable","15":"has-default-attributes"},"yoast_head":"<!-- This site is optimized with the Yoast SEO plugin v25.1 - https:\/\/yoast.com\/wordpress\/plugins\/seo\/ -->\n<title>M\u00e4usek\u00f6derbox | NEBILY Online Shop<\/title>\n<meta name=\"description\" content=\"Die M\u00e4usek\u00f6derboxen aus Hartplastik sind zugriffs- und manipulationssicher. Sie erlauben das Ausbringen von Kontroll-Fra\u00dfk\u00f6dern.\" \/>\n<meta name=\"robots\" content=\"index, follow, max-snippet:-1, max-image-preview:large, max-video-preview:-1\" \/>\n<link rel=\"canonical\" href=\"https:\/\/www.nebily.com\/shop\/nagetiere\/maeusekoederbox\/\" \/>\n<meta property=\"og:locale\" content=\"de_DE\" \/>\n<meta property=\"og:type\" content=\"article\" \/>\n<meta property=\"og:title\" content=\"M\u00e4usek\u00f6derbox | NEBILY Online Shop\" \/>\n<meta property=\"og:description\" content=\"Die M\u00e4usek\u00f6derboxen aus Hartplastik sind zugriffs- und manipulationssicher. Sie erlauben das Ausbringen von Kontroll-Fra\u00dfk\u00f6dern.\" \/>\n<meta property=\"og:url\" content=\"https:\/\/www.nebily.com\/shop\/nagetiere\/maeusekoederbox\/\" \/>\n<meta property=\"og:site_name\" content=\"NEBILY Ges.m.b.H.\" \/>\n<meta property=\"article:publisher\" content=\"https:\/\/www.facebook.com\/NebilyGesmbH\/\" \/>\n<meta property=\"article:modified_time\" content=\"2025-05-08T12:19:03+00:00\" \/>\n<meta property=\"og:image\" content=\"https:\/\/www.nebily.com\/shop\/wp-content\/uploads\/2015\/09\/produkt_JOZP0002_maesekoeder.jpg\" \/>\n\t<meta property=\"og:image:width\" content=\"800\" \/>\n\t<meta property=\"og:image:height\" content=\"600\" \/>\n\t<meta property=\"og:image:type\" content=\"image\/jpeg\" \/>\n<meta name=\"twitter:card\" content=\"summary_large_image\" \/>\n<meta name=\"twitter:label1\" content=\"Gesch\u00e4tzte Lesezeit\" \/>\n\t<meta name=\"twitter:data1\" content=\"1\u00a0Minute\" \/>\n<script type=\"application\/ld+json\" class=\"yoast-schema-graph\">{\"@context\":\"https:\/\/schema.org\",\"@graph\":[{\"@type\":\"WebPage\",\"@id\":\"https:\/\/www.nebily.com\/shop\/nagetiere\/maeusekoederbox\/\",\"url\":\"https:\/\/www.nebily.com\/shop\/nagetiere\/maeusekoederbox\/\",\"name\":\"M\u00e4usek\u00f6derbox | NEBILY Online Shop\",\"isPartOf\":{\"@id\":\"https:\/\/www.nebily.com\/shop\/#website\"},\"primaryImageOfPage\":{\"@id\":\"https:\/\/www.nebily.com\/shop\/nagetiere\/maeusekoederbox\/#primaryimage\"},\"image\":{\"@id\":\"https:\/\/www.nebily.com\/shop\/nagetiere\/maeusekoederbox\/#primaryimage\"},\"thumbnailUrl\":\"https:\/\/www.nebily.com\/shop\/wp-content\/uploads\/2015\/09\/produkt_JOZP0002_maesekoeder.jpg\",\"datePublished\":\"2015-09-18T15:41:23+00:00\",\"dateModified\":\"2025-05-08T12:19:03+00:00\",\"description\":\"Die M\u00e4usek\u00f6derboxen aus Hartplastik sind zugriffs- und manipulationssicher. Sie erlauben das Ausbringen von Kontroll-Fra\u00dfk\u00f6dern.\",\"breadcrumb\":{\"@id\":\"https:\/\/www.nebily.com\/shop\/nagetiere\/maeusekoederbox\/#breadcrumb\"},\"inLanguage\":\"de\",\"potentialAction\":[{\"@type\":\"ReadAction\",\"target\":[\"https:\/\/www.nebily.com\/shop\/nagetiere\/maeusekoederbox\/\"]}]},{\"@type\":\"ImageObject\",\"inLanguage\":\"de\",\"@id\":\"https:\/\/www.nebily.com\/shop\/nagetiere\/maeusekoederbox\/#primaryimage\",\"url\":\"https:\/\/www.nebily.com\/shop\/wp-content\/uploads\/2015\/09\/produkt_JOZP0002_maesekoeder.jpg\",\"contentUrl\":\"https:\/\/www.nebily.com\/shop\/wp-content\/uploads\/2015\/09\/produkt_JOZP0002_maesekoeder.jpg\",\"width\":800,\"height\":600},{\"@type\":\"BreadcrumbList\",\"@id\":\"https:\/\/www.nebily.com\/shop\/nagetiere\/maeusekoederbox\/#breadcrumb\",\"itemListElement\":[{\"@type\":\"ListItem\",\"position\":1,\"name\":\"Home\",\"item\":\"https:\/\/www.nebily.com\/shop\/\"},{\"@type\":\"ListItem\",\"position\":2,\"name\":\"Shop\",\"item\":\"https:\/\/www.nebily.com\/shop\/\"},{\"@type\":\"ListItem\",\"position\":3,\"name\":\"M\u00e4usek\u00f6derbox\"}]},{\"@type\":\"WebSite\",\"@id\":\"https:\/\/www.nebily.com\/shop\/#website\",\"url\":\"https:\/\/www.nebily.com\/shop\/\",\"name\":\"NEBILY Ges.m.b.H.\",\"description\":\"\",\"potentialAction\":[{\"@type\":\"SearchAction\",\"target\":{\"@type\":\"EntryPoint\",\"urlTemplate\":\"https:\/\/www.nebily.com\/shop\/?s={search_term_string}\"},\"query-input\":{\"@type\":\"PropertyValueSpecification\",\"valueRequired\":true,\"valueName\":\"search_term_string\"}}],\"inLanguage\":\"de\"}]}<\/script>\n<!-- \/ Yoast SEO plugin. -->","yoast_head_json":{"title":"M\u00e4usek\u00f6derbox | NEBILY Online Shop","description":"Die M\u00e4usek\u00f6derboxen aus Hartplastik sind zugriffs- und manipulationssicher. Sie erlauben das Ausbringen von Kontroll-Fra\u00dfk\u00f6dern.","robots":{"index":"index","follow":"follow","max-snippet":"max-snippet:-1","max-image-preview":"max-image-preview:large","max-video-preview":"max-video-preview:-1"},"canonical":"https:\/\/www.nebily.com\/shop\/nagetiere\/maeusekoederbox\/","og_locale":"de_DE","og_type":"article","og_title":"M\u00e4usek\u00f6derbox | NEBILY Online Shop","og_description":"Die M\u00e4usek\u00f6derboxen aus Hartplastik sind zugriffs- und manipulationssicher. Sie erlauben das Ausbringen von Kontroll-Fra\u00dfk\u00f6dern.","og_url":"https:\/\/www.nebily.com\/shop\/nagetiere\/maeusekoederbox\/","og_site_name":"NEBILY Ges.m.b.H.","article_publisher":"https:\/\/www.facebook.com\/NebilyGesmbH\/","article_modified_time":"2025-05-08T12:19:03+00:00","og_image":[{"width":800,"height":600,"url":"https:\/\/www.nebily.com\/shop\/wp-content\/uploads\/2015\/09\/produkt_JOZP0002_maesekoeder.jpg","type":"image\/jpeg"}],"twitter_card":"summary_large_image","twitter_misc":{"Gesch\u00e4tzte Lesezeit":"1\u00a0Minute"},"schema":{"@context":"https:\/\/schema.org","@graph":[{"@type":"WebPage","@id":"https:\/\/www.nebily.com\/shop\/nagetiere\/maeusekoederbox\/","url":"https:\/\/www.nebily.com\/shop\/nagetiere\/maeusekoederbox\/","name":"M\u00e4usek\u00f6derbox | NEBILY Online Shop","isPartOf":{"@id":"https:\/\/www.nebily.com\/shop\/#website"},"primaryImageOfPage":{"@id":"https:\/\/www.nebily.com\/shop\/nagetiere\/maeusekoederbox\/#primaryimage"},"image":{"@id":"https:\/\/www.nebily.com\/shop\/nagetiere\/maeusekoederbox\/#primaryimage"},"thumbnailUrl":"https:\/\/www.nebily.com\/shop\/wp-content\/uploads\/2015\/09\/produkt_JOZP0002_maesekoeder.jpg","datePublished":"2015-09-18T15:41:23+00:00","dateModified":"2025-05-08T12:19:03+00:00","description":"Die M\u00e4usek\u00f6derboxen aus Hartplastik sind zugriffs- und manipulationssicher. Sie erlauben das Ausbringen von Kontroll-Fra\u00dfk\u00f6dern.","breadcrumb":{"@id":"https:\/\/www.nebily.com\/shop\/nagetiere\/maeusekoederbox\/#breadcrumb"},"inLanguage":"de","potentialAction":[{"@type":"ReadAction","target":["https:\/\/www.nebily.com\/shop\/nagetiere\/maeusekoederbox\/"]}]},{"@type":"ImageObject","inLanguage":"de","@id":"https:\/\/www.nebily.com\/shop\/nagetiere\/maeusekoederbox\/#primaryimage","url":"https:\/\/www.nebily.com\/shop\/wp-content\/uploads\/2015\/09\/produkt_JOZP0002_maesekoeder.jpg","contentUrl":"https:\/\/www.nebily.com\/shop\/wp-content\/uploads\/2015\/09\/produkt_JOZP0002_maesekoeder.jpg","width":800,"height":600},{"@type":"BreadcrumbList","@id":"https:\/\/www.nebily.com\/shop\/nagetiere\/maeusekoederbox\/#breadcrumb","itemListElement":[{"@type":"ListItem","position":1,"name":"Home","item":"https:\/\/www.nebily.com\/shop\/"},{"@type":"ListItem","position":2,"name":"Shop","item":"https:\/\/www.nebily.com\/shop\/"},{"@type":"ListItem","position":3,"name":"M\u00e4usek\u00f6derbox"}]},{"@type":"WebSite","@id":"https:\/\/www.nebily.com\/shop\/#website","url":"https:\/\/www.nebily.com\/shop\/","name":"NEBILY Ges.m.b.H.","description":"","potentialAction":[{"@type":"SearchAction","target":{"@type":"EntryPoint","urlTemplate":"https:\/\/www.nebily.com\/shop\/?s={search_term_string}"},"query-input":{"@type":"PropertyValueSpecification","valueRequired":true,"valueName":"search_term_string"}}],"inLanguage":"de"}]}},"_links":{"self":[{"href":"https:\/\/www.nebily.com\/shop\/wp-json\/wp\/v2\/product\/1020","targetHints":{"allow":["GET"]}}],"collection":[{"href":"https:\/\/www.nebily.com\/shop\/wp-json\/wp\/v2\/product"}],"about":[{"href":"https:\/\/www.nebily.com\/shop\/wp-json\/wp\/v2\/types\/product"}],"replies":[{"embeddable":true,"href":"https:\/\/www.nebily.com\/shop\/wp-json\/wp\/v2\/comments?post=1020"}],"wp:featuredmedia":[{"embeddable":true,"href":"https:\/\/www.nebily.com\/shop\/wp-json\/wp\/v2\/media\/1062"}],"wp:attachment":[{"href":"https:\/\/www.nebily.com\/shop\/wp-json\/wp\/v2\/media?parent=1020"}],"curies":[{"name":"wp","href":"https:\/\/api.w.org\/{rel}","templated":true}]}}