{"id":420,"date":"2015-08-23T00:20:00","date_gmt":"2015-08-23T00:20:00","guid":{"rendered":"http:\/\/nebily.com.w013807b.kasserver.com\/datenschutzbelehrung\/"},"modified":"2016-09-14T09:31:15","modified_gmt":"2016-09-14T08:31:15","slug":"datenschutz-widerruf","status":"publish","type":"page","link":"https:\/\/www.nebily.com\/shop\/datenschutz-widerruf\/","title":{"rendered":"Datenschutz &#038; Widerruf"},"content":{"rendered":"<h2>Datenschutz<\/h2>\n<p>Der Schutz und die Sicherheit Ihrer pers\u00f6nlichen Daten ist uns ein wichtiges Anliegen. NEBILY Ges.m.b.H. speichert und verarbeitet diese Daten ausschlie\u00dflich im Sinne des \u00f6sterreichischen Datenschutzgesetzes 2000 und erstellt keine personenbezogene Nutzerprofile. Sie als Nutzer stimmen der Datenverarbeitung im Sinne dieser Erkl\u00e4rung zu.<\/p>\n<p>S\u00e4mtliche Daten, die \u00fcber diese Website erfasst werden, dienen der internen Nutzung durch NEBILY Ges.m.b.H. und werden ausschlie\u00dflich unternehmensspezifisch verwendet bzw. speichert und nutzt die vom Nutzer eingegeben und \u00fcbermittelten Daten ausschlie\u00dflich im hier genannten Umfang. Mit L\u00f6schung des Nutzers werden s\u00e4mtliche personenbezogenen Daten des Nutzers gel\u00f6scht. NEBILY Ges.m.b.H. verpflichtet sich zur Absicherung der Daten gegen unberechtigten Zugriff gem\u00e4\u00df dem Datenschutzgesetz 2000 (DSG).<\/p>\n<h3><strong>Bestellungen<\/strong><\/h3>\n<p>Falls Sie Bestellungen \u00fcber unseren Shop t\u00e4tigen, werden Ihre eingegebenen Daten manuell mit dem vorhandenen Daten auf G\u00fcltigkeit und Aktualit\u00e4t \u00fcberpr\u00fcft und ggf. abgeglichen. Es kann notwendig sein, dass unsere MitarbeiterInnen mit Ihnen telefonisch oder per E-Mail Kontakt aufnehmen. Ihre eingegebenen Daten werden ausschlie\u00dflich f\u00fcr die Abwicklung der Bestellung verwendet. Es erfolgt keine Weitergabe der Daten an Dritte.<\/p>\n<p>Ihre Daten werden gel\u00f6scht, sobald der jeweilige Vertrag erf\u00fcllt ist und keine gesetzliche Pflicht zur Speicherung der Daten mehr besteht.<\/p>\n<h3><strong>Newsletter<\/strong><\/h3>\n<p>F\u00fcr die Anmeldung bei unserem Newsletter, ben\u00f6tigen wir zumindest Ihre E-Mail-Adresse, an die der Newsletter versendet werden soll. Wir verwenden f\u00fcr den Newsletterversand das Double Opt-In-Verfahren, somit sendet NEBILY Ges.m.b.H. erst dann einen Newsletter, wenn Ihre Anmeldung durch Eingabe Ihrer E-Mail-Adresse \u00fcber eine zugesendete E-Mail und den darin enthaltenen Link best\u00e4tigt wird. Damit stellt das System sicher, dass nur Sie selbst sich mit der angegebenen E-Mail-Adresse anmelden haben.<\/p>\n<p>Bis zu einer Best\u00e4tigung, nimmt der Dienst keine weiteren Anmeldungen unter dieser E-Mail-Adresse entgegen und Sie k\u00f6nnen einen bei uns abonnierten Newsletter jederzeit abbestellen. Entweder senden Sie uns eine E-Mail oder nehmen die Stornierung \u00fcber einen Link am Ende des Newsletters vor. Zur Nutzung unserer Newsletter werden zur Optimierung statistische Daten erfasst.<\/p>\n<h3><b>Serverlogs<\/b><\/h3>\n<p>Die IP-Adresse des anfragenden Computers, gemeinsam mit Datum, Uhrzeit, welche Datei angefordert wurde (URL), eine Meldung, ob die Anfrage erfolgreich war, Daten des verwendeten Browsers &amp; des verwendeten Betriebssystems, sowie die Website, von der der Zugriff erfolgte (falls der Zugriff \u00fcber einen Link erfolgen). Diese Serverlogs werden gespeichert, um die Systemsicherheit pr\u00fcfen zu k\u00f6nnen, die Website technisch administrieren, sowie das Angebot f\u00fcr unsere Kunden optimieren zu k\u00f6nnen. Diese Daten werden \u2013 sofern es es einen Hackangriff gegeben hat \u2013 an die Strafverfolgungsbeh\u00f6rden weitergeben. Eine dar\u00fcberhinausgehende Weitergabe an Dritte erfolgt nicht. Diese Serverlogs werden f\u00fcr maximal 30 Tage gespeichert.<\/p>\n<h3><b>Cookies<\/b><\/h3>\n<p>Cookies sind Textdateien, welche auf dem Computer des Nutzers gespeichert werden, um diesen wiederzuerkennen. Die in den Cookies enthaltenen Informationen der Sitzungssteuerung. Cookies erleichtern die Benutzung unsere Website, diese gew\u00e4hrleisten unter anderem, dass Sie Ihren Login oder Ihre Anschrift bei einer Bestellung nur einmal eingeben m\u00fcssen. Dadurch wird ein hohes Ma\u00df an Benutzerfreundlichkeit auf unserer Website erm\u00f6glicht. Bei den meisten Browsern werden Cookies automatisch akzeptiert. Durch \u00c4nderung der Einstellungen Ihres Browsers kann dies vermeiden. Sie k\u00f6nnen auf Ihrem PC gespeicherte Cookies jederzeit durch L\u00f6schen der tempor\u00e4ren Internetdateien entfernen oder die Do-Not-Track-Funktion (DNT) aktivieren.<\/p>\n<h3><strong>Piwik<\/strong><\/h3>\n<p>Unsere Website benutzt <a href=\"http:\/\/piwik.org\/\">Piwik<\/a>, eine Open-Source-Software zur statistischen Auswertung der Besucherzugriffe. Piwik verwendet sog. \u201eCookies\u201c,\u00a0 welche auf Ihrem Computer gespeichert werden, welche uns eine Analyse der Benutzung der Website durch Sie erm\u00f6glicht. Die durch die Cookies erzeugten Informationen \u00fcber Ihre Benutzung unseres Internetangebotes werden auf einem Server in Deutschland gespeichert. Die IP-Adresse wird sofort nach der Verarbeitung und vor deren Speicherung anonymisiert. Sie k\u00f6nnen die Installation der Cookies durch eine entsprechende Einstellung Ihrer Browser-Software verhindern; wir weisen Sie jedoch darauf hin, dass Sie in diesem Fall gegebenenfalls nicht s\u00e4mtliche Funktionen dieser Website komplett nutzen k\u00f6nnen.<\/p>\n<iframe loading=\"lazy\" frameborder=\"no\" width=\"100%\" height=\"200px\" src=\"https:\/\/analytics.nebily.com\/index.php?module=CoreAdminHome&action=optOut&language=de\"><\/iframe>\n<h2>Widerrufsbelehrung<\/h2>\n<p>Nicht versandte Bestellungen k\u00f6nnen ohne Angabe von Gr\u00fcnden vom K\u00e4ufer widerrufen werden. Retourwaren bzw. Gr\u00fcnde hierf\u00fcr m\u00fcssen immer schriftlich oder telefonisch angek\u00fcndigt werden. Es muss die Lieferschein- bzw. Rechnungsnummer des die Retourware betreffenden Gesch\u00e4ftsfalles angegeben werden. Besteht f\u00fcr eine Retourware ein Verschulden des K\u00e4ufers, so kann der Verk\u00e4ufer 15% Manipulationsspesen in Rechnung stellen. Der Widerruf kann per Post, Telefon oder eMail eingereicht werden.<\/p>\n<h3>Info zum Versand<\/h3>\n<p>Alle Preise verstehen sich zzgl. MwSt. und Versandkosten.<br \/>\nWir beliefern ausschlie\u00dflich gewerbliche Abnehmer und keine Verbraucher.<\/p>\n<h3>Versand-Weg &amp; -Art<\/h3>\n<p>Wir behalten uns die Wahl des Versandweges und der Versandart vor und versuchen, einen m\u00f6glichst komfortablen und schnellen Versand zu Ihnen zu erm\u00f6glichen.<\/p>\n<h3>Versandkosten<\/h3>\n<p>Die Versandkosten betragen pauschal 6,90\u20ac, Dies gilt f\u00fcr den Versand nach \u00d6sterreich und Deutschland.<\/p>\n","protected":false},"excerpt":{"rendered":"<p>Datenschutz Der Schutz und die Sicherheit Ihrer pers\u00f6nlichen Daten ist uns ein wichtiges Anliegen. NEBILY Ges.m.b.H. speichert und verarbeitet diese Daten ausschlie\u00dflich im Sinne des \u00f6sterreichischen Datenschutzgesetzes 2000 und erstellt keine personenbezogene Nutzerprofile. Sie als Nutzer stimmen der Datenverarbeitung im Sinne dieser Erkl\u00e4rung zu. S\u00e4mtliche Daten, die \u00fcber diese Website erfasst werden, dienen der internen &hellip; <a href=\"https:\/\/www.nebily.com\/shop\/datenschutz-widerruf\/\">Continued<\/a><\/p>\n","protected":false},"author":36,"featured_media":0,"parent":0,"menu_order":0,"comment_status":"closed","ping_status":"closed","template":"","meta":{"footnotes":""},"class_list":["post-420","page","type-page","status-publish","hentry"],"yoast_head":"<!-- This site is optimized with the Yoast SEO plugin v25.1 - https:\/\/yoast.com\/wordpress\/plugins\/seo\/ -->\n<title>Informationen zu Datenschutz &amp; Widerruf<\/title>\n<meta name=\"robots\" content=\"index, follow, max-snippet:-1, max-image-preview:large, max-video-preview:-1\" \/>\n<link rel=\"canonical\" href=\"https:\/\/www.nebily.com\/shop\/datenschutz-widerruf\/\" \/>\n<meta property=\"og:locale\" content=\"de_DE\" \/>\n<meta property=\"og:type\" content=\"article\" \/>\n<meta property=\"og:title\" content=\"Informationen zu Datenschutz &amp; Widerruf\" \/>\n<meta property=\"og:description\" content=\"Datenschutz Der Schutz und die Sicherheit Ihrer pers\u00f6nlichen Daten ist uns ein wichtiges Anliegen. NEBILY Ges.m.b.H. speichert und verarbeitet diese Daten ausschlie\u00dflich im Sinne des \u00f6sterreichischen Datenschutzgesetzes 2000 und erstellt keine personenbezogene Nutzerprofile. Sie als Nutzer stimmen der Datenverarbeitung im Sinne dieser Erkl\u00e4rung zu. S\u00e4mtliche Daten, die \u00fcber diese Website erfasst werden, dienen der internen &hellip; Continued\" \/>\n<meta property=\"og:url\" content=\"https:\/\/www.nebily.com\/shop\/datenschutz-widerruf\/\" \/>\n<meta property=\"og:site_name\" content=\"NEBILY Ges.m.b.H.\" \/>\n<meta property=\"article:publisher\" content=\"https:\/\/www.facebook.com\/NebilyGesmbH\/\" \/>\n<meta property=\"article:modified_time\" content=\"2016-09-14T08:31:15+00:00\" \/>\n<meta name=\"twitter:card\" content=\"summary_large_image\" \/>\n<meta name=\"twitter:label1\" content=\"Gesch\u00e4tzte Lesezeit\" \/>\n\t<meta name=\"twitter:data1\" content=\"4\u00a0Minuten\" \/>\n<script type=\"application\/ld+json\" class=\"yoast-schema-graph\">{\"@context\":\"https:\/\/schema.org\",\"@graph\":[{\"@type\":\"WebPage\",\"@id\":\"https:\/\/www.nebily.com\/shop\/datenschutz-widerruf\/\",\"url\":\"https:\/\/www.nebily.com\/shop\/datenschutz-widerruf\/\",\"name\":\"Informationen zu Datenschutz & Widerruf\",\"isPartOf\":{\"@id\":\"https:\/\/www.nebily.com\/shop\/#website\"},\"datePublished\":\"2015-08-23T00:20:00+00:00\",\"dateModified\":\"2016-09-14T08:31:15+00:00\",\"breadcrumb\":{\"@id\":\"https:\/\/www.nebily.com\/shop\/datenschutz-widerruf\/#breadcrumb\"},\"inLanguage\":\"de\",\"potentialAction\":[{\"@type\":\"ReadAction\",\"target\":[\"https:\/\/www.nebily.com\/shop\/datenschutz-widerruf\/\"]}]},{\"@type\":\"BreadcrumbList\",\"@id\":\"https:\/\/www.nebily.com\/shop\/datenschutz-widerruf\/#breadcrumb\",\"itemListElement\":[{\"@type\":\"ListItem\",\"position\":1,\"name\":\"Home\",\"item\":\"https:\/\/www.nebily.com\/shop\/\"},{\"@type\":\"ListItem\",\"position\":2,\"name\":\"Datenschutz &#038; Widerruf\"}]},{\"@type\":\"WebSite\",\"@id\":\"https:\/\/www.nebily.com\/shop\/#website\",\"url\":\"https:\/\/www.nebily.com\/shop\/\",\"name\":\"NEBILY Ges.m.b.H.\",\"description\":\"\",\"potentialAction\":[{\"@type\":\"SearchAction\",\"target\":{\"@type\":\"EntryPoint\",\"urlTemplate\":\"https:\/\/www.nebily.com\/shop\/?s={search_term_string}\"},\"query-input\":{\"@type\":\"PropertyValueSpecification\",\"valueRequired\":true,\"valueName\":\"search_term_string\"}}],\"inLanguage\":\"de\"}]}<\/script>\n<!-- \/ Yoast SEO plugin. -->","yoast_head_json":{"title":"Informationen zu Datenschutz & Widerruf","robots":{"index":"index","follow":"follow","max-snippet":"max-snippet:-1","max-image-preview":"max-image-preview:large","max-video-preview":"max-video-preview:-1"},"canonical":"https:\/\/www.nebily.com\/shop\/datenschutz-widerruf\/","og_locale":"de_DE","og_type":"article","og_title":"Informationen zu Datenschutz & Widerruf","og_description":"Datenschutz Der Schutz und die Sicherheit Ihrer pers\u00f6nlichen Daten ist uns ein wichtiges Anliegen. NEBILY Ges.m.b.H. speichert und verarbeitet diese Daten ausschlie\u00dflich im Sinne des \u00f6sterreichischen Datenschutzgesetzes 2000 und erstellt keine personenbezogene Nutzerprofile. Sie als Nutzer stimmen der Datenverarbeitung im Sinne dieser Erkl\u00e4rung zu. S\u00e4mtliche Daten, die \u00fcber diese Website erfasst werden, dienen der internen &hellip; Continued","og_url":"https:\/\/www.nebily.com\/shop\/datenschutz-widerruf\/","og_site_name":"NEBILY Ges.m.b.H.","article_publisher":"https:\/\/www.facebook.com\/NebilyGesmbH\/","article_modified_time":"2016-09-14T08:31:15+00:00","twitter_card":"summary_large_image","twitter_misc":{"Gesch\u00e4tzte Lesezeit":"4\u00a0Minuten"},"schema":{"@context":"https:\/\/schema.org","@graph":[{"@type":"WebPage","@id":"https:\/\/www.nebily.com\/shop\/datenschutz-widerruf\/","url":"https:\/\/www.nebily.com\/shop\/datenschutz-widerruf\/","name":"Informationen zu Datenschutz & Widerruf","isPartOf":{"@id":"https:\/\/www.nebily.com\/shop\/#website"},"datePublished":"2015-08-23T00:20:00+00:00","dateModified":"2016-09-14T08:31:15+00:00","breadcrumb":{"@id":"https:\/\/www.nebily.com\/shop\/datenschutz-widerruf\/#breadcrumb"},"inLanguage":"de","potentialAction":[{"@type":"ReadAction","target":["https:\/\/www.nebily.com\/shop\/datenschutz-widerruf\/"]}]},{"@type":"BreadcrumbList","@id":"https:\/\/www.nebily.com\/shop\/datenschutz-widerruf\/#breadcrumb","itemListElement":[{"@type":"ListItem","position":1,"name":"Home","item":"https:\/\/www.nebily.com\/shop\/"},{"@type":"ListItem","position":2,"name":"Datenschutz &#038; Widerruf"}]},{"@type":"WebSite","@id":"https:\/\/www.nebily.com\/shop\/#website","url":"https:\/\/www.nebily.com\/shop\/","name":"NEBILY Ges.m.b.H.","description":"","potentialAction":[{"@type":"SearchAction","target":{"@type":"EntryPoint","urlTemplate":"https:\/\/www.nebily.com\/shop\/?s={search_term_string}"},"query-input":{"@type":"PropertyValueSpecification","valueRequired":true,"valueName":"search_term_string"}}],"inLanguage":"de"}]}},"_links":{"self":[{"href":"https:\/\/www.nebily.com\/shop\/wp-json\/wp\/v2\/pages\/420","targetHints":{"allow":["GET"]}}],"collection":[{"href":"https:\/\/www.nebily.com\/shop\/wp-json\/wp\/v2\/pages"}],"about":[{"href":"https:\/\/www.nebily.com\/shop\/wp-json\/wp\/v2\/types\/page"}],"author":[{"embeddable":true,"href":"https:\/\/www.nebily.com\/shop\/wp-json\/wp\/v2\/users\/36"}],"replies":[{"embeddable":true,"href":"https:\/\/www.nebily.com\/shop\/wp-json\/wp\/v2\/comments?post=420"}],"version-history":[{"count":13,"href":"https:\/\/www.nebily.com\/shop\/wp-json\/wp\/v2\/pages\/420\/revisions"}],"predecessor-version":[{"id":1936,"href":"https:\/\/www.nebily.com\/shop\/wp-json\/wp\/v2\/pages\/420\/revisions\/1936"}],"wp:attachment":[{"href":"https:\/\/www.nebily.com\/shop\/wp-json\/wp\/v2\/media?parent=420"}],"curies":[{"name":"wp","href":"https:\/\/api.w.org\/{rel}","templated":true}]}}